{"id":515,"date":"2024-09-26T12:59:15","date_gmt":"2024-09-26T10:59:15","guid":{"rendered":"https:\/\/nettsteder.regjeringen.no\/jobbidepartementene\/?page_id=515"},"modified":"2024-09-26T13:01:13","modified_gmt":"2024-09-26T11:01:13","slug":"thea-kristine","status":"publish","type":"page","link":"https:\/\/teststeder.regjeringen.no\/jobbidepartementene\/mot-ansatte-i-departementene\/thea-kristine\/","title":{"rendered":"Thea Kristine"},"content":{"rendered":"\n<div class=\"wp-block-media-text alignwide is-stacked-on-mobile is-image-fill has-background\" style=\"background-color:#dae3e8\"><figure class=\"wp-block-media-text__media\" style=\"background-image:url(https:\/\/files.teststeder.regjeringen.no\/wpuploads01\/sites\/556\/2024\/09\/Thea-Kristine-jobb-i-departementene-788x1024.jpeg);background-position:59% 52%\"><img loading=\"lazy\" decoding=\"async\" width=\"788\" height=\"1024\" src=\"https:\/\/files.teststeder.regjeringen.no\/wpuploads01\/sites\/556\/2024\/09\/Thea-Kristine-jobb-i-departementene-788x1024.jpeg\" alt=\"\" class=\"wp-image-516 size-full\" srcset=\"https:\/\/files.teststeder.regjeringen.no\/wpuploads01\/sites\/556\/2024\/09\/Thea-Kristine-jobb-i-departementene-788x1024.jpeg 788w, https:\/\/files.teststeder.regjeringen.no\/wpuploads01\/sites\/556\/2024\/09\/Thea-Kristine-jobb-i-departementene-231x300.jpeg 231w, https:\/\/files.teststeder.regjeringen.no\/wpuploads01\/sites\/556\/2024\/09\/Thea-Kristine-jobb-i-departementene-768x998.jpeg 768w, https:\/\/files.teststeder.regjeringen.no\/wpuploads01\/sites\/556\/2024\/09\/Thea-Kristine-jobb-i-departementene.jpeg 828w\" sizes=\"auto, (max-width: 788px) 100vw, 788px\" \/><\/figure><div class=\"wp-block-media-text__content\">\n<h2 class=\"wp-block-heading has-black-color has-text-color\">Thea Kristine  <\/h2>\n\n\n\n<div class=\"wp-block-columns is-layout-flex wp-container-core-columns-is-layout-9d6595d7 wp-block-columns-is-layout-flex\">\n<div class=\"wp-block-column is-layout-flow wp-block-column-is-layout-flow\" style=\"flex-basis:66.66%\"><p class=\"t2-ingress wp-block-t2-ingress\">Jurist <\/p>\n\n\n<h4 class=\"wp-block-heading\">Klima- og milj\u00f8departementet <\/h4>\n<\/div>\n\n\n\n<div class=\"wp-block-column is-layout-flow wp-block-column-is-layout-flow\" style=\"flex-basis:33.33%\"><\/div>\n<\/div>\n\n\n\n<div class=\"wp-block-buttons is-layout-flex wp-block-buttons-is-layout-flex\">\n<div class=\"wp-block-button\"><a class=\"wp-block-button__link has-background wp-element-button\" href=\"https:\/\/teststeder.regjeringen.no\/jobbidepartementene\/mot-ansatte-i-departementene\/\" style=\"--border-color:#2b658c;border-radius:15px;background-color:#2b658c\">Les om andre ansatte<\/a><\/div>\n<\/div>\n\n\n\n<p><\/p>\n<\/div><\/div>\n\n\n\n<h3 class=\"wp-block-heading\">Bakgrunn <\/h3>\n\n\n\n<p>Jeg er utdannet jurist fra Universitet i Bergen, og kom til Klima- og milj\u00f8departementet rett fra studiet. Gjennom studiet har jeg s\u00e6rlig likt der rettsomr\u00e5dene har et grensesnitt til milj\u00f8regulering, og fagomr\u00e5der der utviklingen skjer i samspill mellom lovgivning, rettspraksis og EU-rettslig p\u00e5virkning. For min del har det v\u00e6rt viktig \u00e5 se hvordan ulike rettsomr\u00e5der p\u00e5 ulike m\u00e5ter kan hensynta milj\u00f8 og bidra til det gr\u00f8nne skiftet. Dette preget b\u00e5de tema for masteroppgaven min, fagmilj\u00f8et jeg deltok i og engasjement utenfor lesesalen. Samtidig har jeg hatt en \u00f8kt nysgjerrighet for samspillet mellom politikk og juss, og en jobb i departementet dekker alle disse interessene.<\/p>\n\n\n\n<h3 class=\"wp-block-heading\">Min arbeidshverdag<\/h3>\n\n\n\n<p>er f\u00f8rst og fremst veldig variert! Jeg har en god blanding av arbeidsoppgaver som g\u00e5r over lengre tid, kortere frister og ting som m\u00e5 svares ut fortl\u00f8pende. Ofte blir arbeidsdagen en helt annen enn hva man forventet. Samtidig er det alltid noe spennende som faller p\u00e5 bordet og lav terskel for \u00e5 sp\u00f8rre og involvere andre. Selv i en travel hverdag opplever jeg et fellesskap rundt b\u00e5de oppgaver og m\u00e5l vi jobber for, og jeg er veldig takknemlig for engasjerte og kunnskapsrike kollegaer som tar seg tid. Mer generelt jobber jeg med alt fra forberedelse av faglige r\u00e5d til politisk ledelse, oppf\u00f8lging av b\u00e5de nasjonalt og internasjonalt regelverk, og saksbehandling i tilknytning til klagesaker. Jeg deltar ogs\u00e5 i ulike m\u00f8ter internt i departementet, i samarbeidsgrupper med andre departement, underordnede organer, politisk ledelse eller eksterne. En sentral del av arbeidshverdagen er ogs\u00e5 fleksibiliteten til \u00e5 trene i arbeidstiden og i stor grad styre min egen arbeidshverdag, i tillegg til de sosiale m\u00f8teplassene og arrangementene. Vi har blant annet organiserte treningsgrupper, skidag, egen revy og jevnlige lunsjforedrag og erfaringsutvekslinger p\u00e5 huset i tillegg til \u00e5pne arrangementer.<\/p>\n\n\n\n<h3 class=\"wp-block-heading\">Bruk av faglig bakgrunn <\/h3>\n\n\n\n<p>Den juridiske bakgrunnen min er innfallsvinkelen min til omtrent alt jeg gj\u00f8r. Noen ganger g\u00e5r det p\u00e5 rene juridiske sp\u00f8rsm\u00e5l og vurderinger, eller \u00e5 tilpasse fagvurderinger inn i eksisterende regelverk eller for mulige endringer. Andre ganger kan det v\u00e6re \u00e5 fremstille det juridiske p\u00e5 en enkel og forst\u00e5elig m\u00e5te, gjerne for noen uten samme fagbakgrunn. Jeg sitter ogs\u00e5 med mye EU-regelverk, og f\u00e5r s\u00e6rlig fordypet meg i den siden av jussen. Departementet er tverrfaglig samtidig som det er et sterkt juristmilj\u00f8.<\/p>\n","protected":false},"excerpt":{"rendered":"<p>Bakgrunn Jeg er utdannet jurist fra Universitet i Bergen, og kom til Klima- og milj\u00f8departementet rett fra studiet. Gjennom studiet har jeg s\u00e6rlig likt der rettsomr\u00e5dene har et grensesnitt til milj\u00f8regulering, og fagomr\u00e5der der utviklingen skjer i samspill mellom lovgivning, rettspraksis og EU-rettslig p\u00e5virkning. For min del har det v\u00e6rt viktig \u00e5 se hvordan ulike\u2026<\/p>\n","protected":false},"author":3352,"featured_media":516,"parent":37,"menu_order":0,"comment_status":"closed","ping_status":"closed","template":"","meta":{"dss_simple_post_excerpt":"Jurist | Klima- og milj\u00f8departementet","dss_show_featured_image":false,"dss_show_title":true,"footnotes":""},"class_list":["post-515","page","type-page","status-publish","has-post-thumbnail","hentry"],"language":"nb-NO","_links":{"self":[{"href":"https:\/\/teststeder.regjeringen.no\/jobbidepartementene\/wp-json\/wp\/v2\/pages\/515","targetHints":{"allow":["GET"]}}],"collection":[{"href":"https:\/\/teststeder.regjeringen.no\/jobbidepartementene\/wp-json\/wp\/v2\/pages"}],"about":[{"href":"https:\/\/teststeder.regjeringen.no\/jobbidepartementene\/wp-json\/wp\/v2\/types\/page"}],"author":[{"embeddable":true,"href":"https:\/\/teststeder.regjeringen.no\/jobbidepartementene\/wp-json\/wp\/v2\/users\/3352"}],"replies":[{"embeddable":true,"href":"https:\/\/teststeder.regjeringen.no\/jobbidepartementene\/wp-json\/wp\/v2\/comments?post=515"}],"version-history":[{"count":3,"href":"https:\/\/teststeder.regjeringen.no\/jobbidepartementene\/wp-json\/wp\/v2\/pages\/515\/revisions"}],"predecessor-version":[{"id":522,"href":"https:\/\/teststeder.regjeringen.no\/jobbidepartementene\/wp-json\/wp\/v2\/pages\/515\/revisions\/522"}],"up":[{"embeddable":true,"href":"https:\/\/teststeder.regjeringen.no\/jobbidepartementene\/wp-json\/wp\/v2\/pages\/37"}],"wp:featuredmedia":[{"embeddable":true,"href":"https:\/\/teststeder.regjeringen.no\/jobbidepartementene\/wp-json\/wp\/v2\/media\/516"}],"wp:attachment":[{"href":"https:\/\/teststeder.regjeringen.no\/jobbidepartementene\/wp-json\/wp\/v2\/media?parent=515"}],"curies":[{"name":"wp","href":"https:\/\/api.w.org\/{rel}","templated":true}]}}