{"id":8,"date":"2023-11-13T13:42:52","date_gmt":"2023-11-13T12:42:52","guid":{"rendered":"https:\/\/nettsteder.regjeringen.no\/jobbidepartementene\/?page_id=8"},"modified":"2024-01-19T15:20:58","modified_gmt":"2024-01-19T14:20:58","slug":"forside","status":"publish","type":"page","link":"https:\/\/teststeder.regjeringen.no\/jobbidepartementene\/","title":{"rendered":"Forside"},"content":{"rendered":"\n<div class=\"wp-block-cover alignfull is-light\" style=\"min-height:441px;aspect-ratio:unset;\"><span aria-hidden=\"true\" class=\"wp-block-cover__background has-background-dim-20 has-background-dim\"><\/span><img loading=\"lazy\" decoding=\"async\" width=\"2560\" height=\"1709\" class=\"wp-block-cover__image-background wp-image-23\" alt=\"\" src=\"https:\/\/files.teststeder.regjeringen.no\/wpuploads01\/sites\/556\/2023\/11\/COLOURBOX61630658-scaled.jpg\" style=\"object-position:63% 23%\" data-object-fit=\"cover\" data-object-position=\"63% 23%\" srcset=\"https:\/\/files.teststeder.regjeringen.no\/wpuploads01\/sites\/556\/2023\/11\/COLOURBOX61630658-scaled.jpg 2560w, https:\/\/files.teststeder.regjeringen.no\/wpuploads01\/sites\/556\/2023\/11\/COLOURBOX61630658-300x200.jpg 300w, https:\/\/files.teststeder.regjeringen.no\/wpuploads01\/sites\/556\/2023\/11\/COLOURBOX61630658-1024x683.jpg 1024w, https:\/\/files.teststeder.regjeringen.no\/wpuploads01\/sites\/556\/2023\/11\/COLOURBOX61630658-768x513.jpg 768w, https:\/\/files.teststeder.regjeringen.no\/wpuploads01\/sites\/556\/2023\/11\/COLOURBOX61630658-1536x1025.jpg 1536w, https:\/\/files.teststeder.regjeringen.no\/wpuploads01\/sites\/556\/2023\/11\/COLOURBOX61630658-2048x1367.jpg 2048w\" sizes=\"auto, (max-width: 2560px) 100vw, 2560px\" \/><div class=\"wp-block-cover__inner-container is-layout-flow wp-block-cover-is-layout-flow\">\n<div style=\"height:193px\" aria-hidden=\"true\" class=\"wp-block-spacer\"><\/div>\n\n\n\n<p class=\"has-text-align-left has-white-color has-text-color\" style=\"font-size:clamp(15.197px, 0.95rem + ((1vw - 3.2px) * 0.963), 23px);\">Er du student eller nyutdannet?<\/p>\n\n\n\n<h2 class=\"wp-block-heading has-text-align-center has-white-color has-text-color\" style=\"font-size:clamp(35.2px, 2.2rem + ((1vw - 3.2px) * 3.556), 64px);\">Bli med \u00e5 forme fremtiden<\/h2>\n<\/div><span class=\"t2-image-credit\">\n\t\t\t\t<button type=\"button\" class=\"t2-image-credit-toggle\" aria-expanded=\"false\" aria-controls=\"image-credit\" aria-label=\"Toggle image credit\"><svg xmlns=\"http:\/\/www.w3.org\/2000\/svg\" viewBox=\"0 0 24 24\" height=\"24\" width=\"24\" class=\"t2-icon t2-icon-info\" aria-hidden=\"true\" focusable=\"false\"><path d=\"M12 17c.3 0 .5-.1.7-.3s.3-.4.3-.7v-4c0-.3-.1-.5-.3-.7-.2-.2-.4-.3-.7-.3s-.5.1-.7.3c-.2.2-.3.4-.3.7v4c0 .3.1.5.3.7s.4.3.7.3zm0-8c.3 0 .5-.1.7-.3.2-.2.3-.4.3-.7 0-.3-.1-.5-.3-.7-.2-.2-.4-.3-.7-.3s-.5.1-.7.3c-.2.2-.3.4-.3.7 0 .3.1.5.3.7.2.2.4.3.7.3zm0 13c-1.4 0-2.7-.3-3.9-.8-1.2-.5-2.3-1.2-3.2-2.1s-1.6-2-2.1-3.2S2 13.4 2 12s.3-2.7.8-3.9S4 5.8 4.9 4.9s2-1.6 3.2-2.1S10.6 2 12 2s2.7.3 3.9.8 2.3 1.2 3.2 2.1 1.6 2 2.1 3.2c.5 1.2.8 2.5.8 3.9s-.3 2.7-.8 3.9c-.5 1.2-1.2 2.3-2.1 3.2s-2 1.6-3.2 2.1c-1.2.5-2.5.8-3.9.8z\" fill=\"currentColor\" \/><\/svg><\/button>\n\t\t\t\t<span class=\"t2-image-credit-text wp-element-caption\" id=\"image-credit\" hidden>Foto: Yuri Arcurs Peoplelmages.com<\/span>\n\t\t\t<\/span><\/div>\n\n\n\n<div class=\"wp-block-buttons is-content-justification-center is-layout-flex wp-container-core-buttons-is-layout-16018d1d wp-block-buttons-is-layout-flex\">\n<div class=\"wp-block-button is-style-default\"><a class=\"wp-block-button__link has-white-color has-text-color has-background has-text-align-center wp-element-button\" href=\"https:\/\/teststeder.regjeringen.no\/jobbidepartementene\/ledige-stillinger\/\" style=\"--border-color:#2b658c;border-radius:15px;background-color:#2b658c\">LEDIGE STILLINGER<\/a><\/div>\n<\/div>\n\n\n<ul class=\"is-style-flex alignwide wp-block-dss-simple-posts\">\n<li class=\"wp-block-dss-simple-post\"><a href=\"https:\/\/teststeder.regjeringen.no\/jobbidepartementene\/rekrutteringsprosessen\/\" class=\"wp-block-dss-simple-post__link\"><div class=\"wp-block-dss-simple-post__image-wrapper\"><div class=\"wp-block-dss-simple-post__image\"><img loading=\"lazy\" decoding=\"async\" width=\"768\" height=\"451\" src=\"https:\/\/files.teststeder.regjeringen.no\/wpuploads01\/sites\/556\/2023\/11\/GettyImages-1347652268-768x451.jpg\" class=\"attachment-medium_large size-medium_large wp-post-image\" alt=\"\" srcset=\"https:\/\/files.teststeder.regjeringen.no\/wpuploads01\/sites\/556\/2023\/11\/GettyImages-1347652268-768x451.jpg 768w, https:\/\/files.teststeder.regjeringen.no\/wpuploads01\/sites\/556\/2023\/11\/GettyImages-1347652268-300x176.jpg 300w, https:\/\/files.teststeder.regjeringen.no\/wpuploads01\/sites\/556\/2023\/11\/GettyImages-1347652268-1024x601.jpg 1024w, https:\/\/files.teststeder.regjeringen.no\/wpuploads01\/sites\/556\/2023\/11\/GettyImages-1347652268-1536x901.jpg 1536w, https:\/\/files.teststeder.regjeringen.no\/wpuploads01\/sites\/556\/2023\/11\/GettyImages-1347652268-2048x1202.jpg 2048w\" sizes=\"auto, (max-width: 768px) 100vw, 768px\" \/><\/div><span class=\"t2-image-credit\">\n\t\t\t\t<button type=\"button\" class=\"t2-image-credit-toggle\" aria-expanded=\"false\" aria-controls=\"image-credit-1\" aria-label=\"Toggle image credit\"><svg xmlns=\"http:\/\/www.w3.org\/2000\/svg\" viewBox=\"0 0 24 24\" height=\"24\" width=\"24\" class=\"t2-icon t2-icon-info\" aria-hidden=\"true\" focusable=\"false\"><path d=\"M12 17c.3 0 .5-.1.7-.3s.3-.4.3-.7v-4c0-.3-.1-.5-.3-.7-.2-.2-.4-.3-.7-.3s-.5.1-.7.3c-.2.2-.3.4-.3.7v4c0 .3.1.5.3.7s.4.3.7.3zm0-8c.3 0 .5-.1.7-.3.2-.2.3-.4.3-.7 0-.3-.1-.5-.3-.7-.2-.2-.4-.3-.7-.3s-.5.1-.7.3c-.2.2-.3.4-.3.7 0 .3.1.5.3.7.2.2.4.3.7.3zm0 13c-1.4 0-2.7-.3-3.9-.8-1.2-.5-2.3-1.2-3.2-2.1s-1.6-2-2.1-3.2S2 13.4 2 12s.3-2.7.8-3.9S4 5.8 4.9 4.9s2-1.6 3.2-2.1S10.6 2 12 2s2.7.3 3.9.8 2.3 1.2 3.2 2.1 1.6 2 2.1 3.2c.5 1.2.8 2.5.8 3.9s-.3 2.7-.8 3.9c-.5 1.2-1.2 2.3-2.1 3.2s-2 1.6-3.2 2.1c-1.2.5-2.5.8-3.9.8z\" fill=\"currentColor\" \/><\/svg><\/button>\n\t\t\t\t<span class=\"t2-image-credit-text wp-element-caption\" id=\"image-credit-1\" hidden>Foto: Getty Images<\/span>\n\t\t\t<\/span><\/div><div class=\"wp-block-dss-simple-post__content\"><h2>Rekrutteringsprosessen<\/h2><p class=\"wp-block-dss-simple-post__excerpt\">F\u00e5 oversikt over de ulike fasene av rekrutteringsprosessen fra s\u00f8knad til velkomst.<\/p><\/div><\/a><\/li>\n\n<li class=\"wp-block-dss-simple-post\"><a href=\"https:\/\/teststeder.regjeringen.no\/jobbidepartementene\/vi-tilbyr\/\" class=\"wp-block-dss-simple-post__link\"><div class=\"wp-block-dss-simple-post__image-wrapper\"><div class=\"wp-block-dss-simple-post__image\"><img loading=\"lazy\" decoding=\"async\" width=\"768\" height=\"256\" src=\"https:\/\/files.teststeder.regjeringen.no\/wpuploads01\/sites\/556\/2023\/11\/COLOURBOX49124304-768x256.jpg\" class=\"attachment-medium_large size-medium_large wp-post-image\" alt=\"\" srcset=\"https:\/\/files.teststeder.regjeringen.no\/wpuploads01\/sites\/556\/2023\/11\/COLOURBOX49124304-768x256.jpg 768w, https:\/\/files.teststeder.regjeringen.no\/wpuploads01\/sites\/556\/2023\/11\/COLOURBOX49124304-300x100.jpg 300w, https:\/\/files.teststeder.regjeringen.no\/wpuploads01\/sites\/556\/2023\/11\/COLOURBOX49124304-1024x341.jpg 1024w, https:\/\/files.teststeder.regjeringen.no\/wpuploads01\/sites\/556\/2023\/11\/COLOURBOX49124304-1536x512.jpg 1536w, https:\/\/files.teststeder.regjeringen.no\/wpuploads01\/sites\/556\/2023\/11\/COLOURBOX49124304-2048x683.jpg 2048w\" sizes=\"auto, (max-width: 768px) 100vw, 768px\" \/><\/div><span class=\"t2-image-credit\">\n\t\t\t\t<button type=\"button\" class=\"t2-image-credit-toggle\" aria-expanded=\"false\" aria-controls=\"image-credit-2\" aria-label=\"Toggle image credit\"><svg xmlns=\"http:\/\/www.w3.org\/2000\/svg\" viewBox=\"0 0 24 24\" height=\"24\" width=\"24\" class=\"t2-icon t2-icon-info\" aria-hidden=\"true\" focusable=\"false\"><path d=\"M12 17c.3 0 .5-.1.7-.3s.3-.4.3-.7v-4c0-.3-.1-.5-.3-.7-.2-.2-.4-.3-.7-.3s-.5.1-.7.3c-.2.2-.3.4-.3.7v4c0 .3.1.5.3.7s.4.3.7.3zm0-8c.3 0 .5-.1.7-.3.2-.2.3-.4.3-.7 0-.3-.1-.5-.3-.7-.2-.2-.4-.3-.7-.3s-.5.1-.7.3c-.2.2-.3.4-.3.7 0 .3.1.5.3.7.2.2.4.3.7.3zm0 13c-1.4 0-2.7-.3-3.9-.8-1.2-.5-2.3-1.2-3.2-2.1s-1.6-2-2.1-3.2S2 13.4 2 12s.3-2.7.8-3.9S4 5.8 4.9 4.9s2-1.6 3.2-2.1S10.6 2 12 2s2.7.3 3.9.8 2.3 1.2 3.2 2.1 1.6 2 2.1 3.2c.5 1.2.8 2.5.8 3.9s-.3 2.7-.8 3.9c-.5 1.2-1.2 2.3-2.1 3.2s-2 1.6-3.2 2.1c-1.2.5-2.5.8-3.9.8z\" fill=\"currentColor\" \/><\/svg><\/button>\n\t\t\t\t<span class=\"t2-image-credit-text wp-element-caption\" id=\"image-credit-2\" hidden>Foto: \u0432<\/span>\n\t\t\t<\/span><\/div><div class=\"wp-block-dss-simple-post__content\"><h2>Vi tilbyr<\/h2><p class=\"wp-block-dss-simple-post__excerpt\">I alle departementene f\u00e5r du spennende arbeidsoppgaver i grenseland mellom politikk og administrasjon og et godt og utviklende arbeids- og l\u00e6ringsmilj\u00f8.<\/p><\/div><\/a><\/li>\n\n<li class=\"wp-block-dss-simple-post\"><a href=\"https:\/\/teststeder.regjeringen.no\/jobbidepartementene\/mot-ansatte-i-departementene\/\" class=\"wp-block-dss-simple-post__link\"><div class=\"wp-block-dss-simple-post__image-wrapper\"><div class=\"wp-block-dss-simple-post__image\"><img loading=\"lazy\" decoding=\"async\" width=\"768\" height=\"400\" src=\"https:\/\/files.teststeder.regjeringen.no\/wpuploads01\/sites\/556\/2023\/11\/COLOURBOX61255476-768x400.jpg\" class=\"attachment-medium_large size-medium_large wp-post-image\" alt=\"\" srcset=\"https:\/\/files.teststeder.regjeringen.no\/wpuploads01\/sites\/556\/2023\/11\/COLOURBOX61255476-768x400.jpg 768w, https:\/\/files.teststeder.regjeringen.no\/wpuploads01\/sites\/556\/2023\/11\/COLOURBOX61255476-300x156.jpg 300w, https:\/\/files.teststeder.regjeringen.no\/wpuploads01\/sites\/556\/2023\/11\/COLOURBOX61255476-1024x533.jpg 1024w, https:\/\/files.teststeder.regjeringen.no\/wpuploads01\/sites\/556\/2023\/11\/COLOURBOX61255476-1536x799.jpg 1536w, https:\/\/files.teststeder.regjeringen.no\/wpuploads01\/sites\/556\/2023\/11\/COLOURBOX61255476-2048x1066.jpg 2048w\" sizes=\"auto, (max-width: 768px) 100vw, 768px\" \/><\/div><span class=\"t2-image-credit\">\n\t\t\t\t<button type=\"button\" class=\"t2-image-credit-toggle\" aria-expanded=\"false\" aria-controls=\"image-credit-3\" aria-label=\"Toggle image credit\"><svg xmlns=\"http:\/\/www.w3.org\/2000\/svg\" viewBox=\"0 0 24 24\" height=\"24\" width=\"24\" class=\"t2-icon t2-icon-info\" aria-hidden=\"true\" focusable=\"false\"><path d=\"M12 17c.3 0 .5-.1.7-.3s.3-.4.3-.7v-4c0-.3-.1-.5-.3-.7-.2-.2-.4-.3-.7-.3s-.5.1-.7.3c-.2.2-.3.4-.3.7v4c0 .3.1.5.3.7s.4.3.7.3zm0-8c.3 0 .5-.1.7-.3.2-.2.3-.4.3-.7 0-.3-.1-.5-.3-.7-.2-.2-.4-.3-.7-.3s-.5.1-.7.3c-.2.2-.3.4-.3.7 0 .3.1.5.3.7.2.2.4.3.7.3zm0 13c-1.4 0-2.7-.3-3.9-.8-1.2-.5-2.3-1.2-3.2-2.1s-1.6-2-2.1-3.2S2 13.4 2 12s.3-2.7.8-3.9S4 5.8 4.9 4.9s2-1.6 3.2-2.1S10.6 2 12 2s2.7.3 3.9.8 2.3 1.2 3.2 2.1 1.6 2 2.1 3.2c.5 1.2.8 2.5.8 3.9s-.3 2.7-.8 3.9c-.5 1.2-1.2 2.3-2.1 3.2s-2 1.6-3.2 2.1c-1.2.5-2.5.8-3.9.8z\" fill=\"currentColor\" \/><\/svg><\/button>\n\t\t\t\t<span class=\"t2-image-credit-text wp-element-caption\" id=\"image-credit-3\" hidden>Foto: COLOURBOX<\/span>\n\t\t\t<\/span><\/div><div class=\"wp-block-dss-simple-post__content\"><h2>M\u00f8t ansatte i departementene<\/h2><p class=\"wp-block-dss-simple-post__excerpt\">Vi har spurt flere ansatte om deres vei til departementsfelleskapet, arbeidshverdagen deres og hva de liker ved jobben sin.<\/p><\/div><\/a><\/li>\n<\/ul>\n\n\n<div class=\"wp-block-media-text alignwide is-stacked-on-mobile has-background\" style=\"background-color:#dae3e8\"><figure class=\"wp-block-media-text__media\"><div class=\"t2-image-credit-wrapper\"><img loading=\"lazy\" decoding=\"async\" width=\"1024\" height=\"683\" src=\"https:\/\/files.teststeder.regjeringen.no\/wpuploads01\/sites\/556\/2023\/11\/unsplash-1024x683.jpg\" alt=\"\" class=\"wp-image-90 size-full\" srcset=\"https:\/\/files.teststeder.regjeringen.no\/wpuploads01\/sites\/556\/2023\/11\/unsplash-1024x683.jpg 1024w, https:\/\/files.teststeder.regjeringen.no\/wpuploads01\/sites\/556\/2023\/11\/unsplash-300x200.jpg 300w, https:\/\/files.teststeder.regjeringen.no\/wpuploads01\/sites\/556\/2023\/11\/unsplash-768x512.jpg 768w, https:\/\/files.teststeder.regjeringen.no\/wpuploads01\/sites\/556\/2023\/11\/unsplash-1536x1024.jpg 1536w, https:\/\/files.teststeder.regjeringen.no\/wpuploads01\/sites\/556\/2023\/11\/unsplash-2048x1365.jpg 2048w\" sizes=\"auto, (max-width: 1024px) 100vw, 1024px\" \/><span class=\"t2-image-credit\">\n\t\t\t\t<button type=\"button\" class=\"t2-image-credit-toggle\" aria-expanded=\"false\" aria-controls=\"image-credit-4\" aria-label=\"Toggle image credit\"><svg xmlns=\"http:\/\/www.w3.org\/2000\/svg\" viewBox=\"0 0 24 24\" height=\"24\" width=\"24\" class=\"t2-icon t2-icon-info\" aria-hidden=\"true\" focusable=\"false\"><path d=\"M12 17c.3 0 .5-.1.7-.3s.3-.4.3-.7v-4c0-.3-.1-.5-.3-.7-.2-.2-.4-.3-.7-.3s-.5.1-.7.3c-.2.2-.3.4-.3.7v4c0 .3.1.5.3.7s.4.3.7.3zm0-8c.3 0 .5-.1.7-.3.2-.2.3-.4.3-.7 0-.3-.1-.5-.3-.7-.2-.2-.4-.3-.7-.3s-.5.1-.7.3c-.2.2-.3.4-.3.7 0 .3.1.5.3.7.2.2.4.3.7.3zm0 13c-1.4 0-2.7-.3-3.9-.8-1.2-.5-2.3-1.2-3.2-2.1s-1.6-2-2.1-3.2S2 13.4 2 12s.3-2.7.8-3.9S4 5.8 4.9 4.9s2-1.6 3.2-2.1S10.6 2 12 2s2.7.3 3.9.8 2.3 1.2 3.2 2.1 1.6 2 2.1 3.2c.5 1.2.8 2.5.8 3.9s-.3 2.7-.8 3.9c-.5 1.2-1.2 2.3-2.1 3.2s-2 1.6-3.2 2.1c-1.2.5-2.5.8-3.9.8z\" fill=\"currentColor\" \/><\/svg><\/button>\n\t\t\t\t<span class=\"t2-image-credit-text wp-element-caption\" id=\"image-credit-4\" hidden>Foto: Product Schoool\/Unsplash<\/span>\n\t\t\t<\/span><\/div><\/figure><div class=\"wp-block-media-text__content\">\n<h2 class=\"wp-block-heading has-black-color has-text-color\">Vi vil treffe deg<\/h2>\n\n\n\n<p class=\"has-black-color has-text-color\">For oss er det personlige m\u00f8tet med deg som student meget viktig. Vi er derfor ute p\u00e5 universiteter og h\u00f8yskoler for \u00e5 treffe deg og gi deg en mulighet til \u00e5 bli bedre kjent med oss.<\/p>\n\n\n\n<div class=\"wp-block-buttons is-layout-flex wp-block-buttons-is-layout-flex\">\n<div class=\"wp-block-button\"><a class=\"wp-block-button__link has-background wp-element-button\" href=\"https:\/\/teststeder.regjeringen.no\/jobbidepartementene\/oversikt-karrieredager\/\" style=\"--border-color:#2b658c;border-radius:15px;background-color:#2b658c\">SE KARRIEREDAGER<\/a><\/div>\n<\/div>\n<\/div><\/div>\n","protected":false},"excerpt":{"rendered":"","protected":false},"author":357,"featured_media":0,"parent":0,"menu_order":0,"comment_status":"closed","ping_status":"closed","template":"","meta":{"dss_simple_post_excerpt":"","dss_show_featured_image":true,"dss_show_title":true,"footnotes":""},"class_list":["post-8","page","type-page","status-publish","hentry"],"language":"nb-NO","_links":{"self":[{"href":"https:\/\/teststeder.regjeringen.no\/jobbidepartementene\/wp-json\/wp\/v2\/pages\/8","targetHints":{"allow":["GET"]}}],"collection":[{"href":"https:\/\/teststeder.regjeringen.no\/jobbidepartementene\/wp-json\/wp\/v2\/pages"}],"about":[{"href":"https:\/\/teststeder.regjeringen.no\/jobbidepartementene\/wp-json\/wp\/v2\/types\/page"}],"author":[{"embeddable":true,"href":"https:\/\/teststeder.regjeringen.no\/jobbidepartementene\/wp-json\/wp\/v2\/users\/357"}],"replies":[{"embeddable":true,"href":"https:\/\/teststeder.regjeringen.no\/jobbidepartementene\/wp-json\/wp\/v2\/comments?post=8"}],"version-history":[{"count":3,"href":"https:\/\/teststeder.regjeringen.no\/jobbidepartementene\/wp-json\/wp\/v2\/pages\/8\/revisions"}],"predecessor-version":[{"id":451,"href":"https:\/\/teststeder.regjeringen.no\/jobbidepartementene\/wp-json\/wp\/v2\/pages\/8\/revisions\/451"}],"wp:attachment":[{"href":"https:\/\/teststeder.regjeringen.no\/jobbidepartementene\/wp-json\/wp\/v2\/media?parent=8"}],"curies":[{"name":"wp","href":"https:\/\/api.w.org\/{rel}","templated":true}]}}