{"id":95,"date":"2023-11-15T12:28:44","date_gmt":"2023-11-15T11:28:44","guid":{"rendered":"https:\/\/nettsteder.regjeringen.no\/jobbidepartementene\/?page_id=95"},"modified":"2025-02-03T13:06:25","modified_gmt":"2025-02-03T12:06:25","slug":"oversikt-karrieredager","status":"publish","type":"page","link":"https:\/\/teststeder.regjeringen.no\/jobbidepartementene\/oversikt-karrieredager\/","title":{"rendered":"Karrieredager\/bedriftspresentasjoner"},"content":{"rendered":"\n<div class=\"wp-block-cover alignfull is-light\" style=\"min-height:378px;aspect-ratio:unset;\"><span aria-hidden=\"true\" class=\"wp-block-cover__background has-background-dim-10 has-background-dim\"><\/span><img loading=\"lazy\" decoding=\"async\" width=\"2560\" height=\"1707\" class=\"wp-block-cover__image-background wp-image-90\" alt=\"\" src=\"https:\/\/files.teststeder.regjeringen.no\/wpuploads01\/sites\/556\/2023\/11\/unsplash-scaled.jpg\" style=\"object-position:48% 30%\" data-object-fit=\"cover\" data-object-position=\"48% 30%\" srcset=\"https:\/\/files.teststeder.regjeringen.no\/wpuploads01\/sites\/556\/2023\/11\/unsplash-scaled.jpg 2560w, https:\/\/files.teststeder.regjeringen.no\/wpuploads01\/sites\/556\/2023\/11\/unsplash-300x200.jpg 300w, https:\/\/files.teststeder.regjeringen.no\/wpuploads01\/sites\/556\/2023\/11\/unsplash-1024x683.jpg 1024w, https:\/\/files.teststeder.regjeringen.no\/wpuploads01\/sites\/556\/2023\/11\/unsplash-768x512.jpg 768w, https:\/\/files.teststeder.regjeringen.no\/wpuploads01\/sites\/556\/2023\/11\/unsplash-1536x1024.jpg 1536w, https:\/\/files.teststeder.regjeringen.no\/wpuploads01\/sites\/556\/2023\/11\/unsplash-2048x1365.jpg 2048w\" sizes=\"auto, (max-width: 2560px) 100vw, 2560px\" \/><div class=\"wp-block-cover__inner-container is-layout-constrained wp-block-cover-is-layout-constrained\">\n<div style=\"height:195px\" aria-hidden=\"true\" class=\"wp-block-spacer\"><\/div>\n\n\n\n<p class=\"has-text-align-center has-white-color has-text-color\" style=\"font-size:clamp(31.152px, 1.947rem + ((1vw - 3.2px) * 2.944), 55px);\"><strong>M\u00f8t oss!<\/strong><\/p>\n<\/div><span class=\"t2-image-credit\">\n\t\t\t\t<button type=\"button\" class=\"t2-image-credit-toggle\" aria-expanded=\"false\" aria-controls=\"image-credit\" aria-label=\"Toggle image credit\"><svg xmlns=\"http:\/\/www.w3.org\/2000\/svg\" viewBox=\"0 0 24 24\" height=\"24\" width=\"24\" class=\"t2-icon t2-icon-info\" aria-hidden=\"true\" focusable=\"false\"><path d=\"M12 17c.3 0 .5-.1.7-.3s.3-.4.3-.7v-4c0-.3-.1-.5-.3-.7-.2-.2-.4-.3-.7-.3s-.5.1-.7.3c-.2.2-.3.4-.3.7v4c0 .3.1.5.3.7s.4.3.7.3zm0-8c.3 0 .5-.1.7-.3.2-.2.3-.4.3-.7 0-.3-.1-.5-.3-.7-.2-.2-.4-.3-.7-.3s-.5.1-.7.3c-.2.2-.3.4-.3.7 0 .3.1.5.3.7.2.2.4.3.7.3zm0 13c-1.4 0-2.7-.3-3.9-.8-1.2-.5-2.3-1.2-3.2-2.1s-1.6-2-2.1-3.2S2 13.4 2 12s.3-2.7.8-3.9S4 5.8 4.9 4.9s2-1.6 3.2-2.1S10.6 2 12 2s2.7.3 3.9.8 2.3 1.2 3.2 2.1 1.6 2 2.1 3.2c.5 1.2.8 2.5.8 3.9s-.3 2.7-.8 3.9c-.5 1.2-1.2 2.3-2.1 3.2s-2 1.6-3.2 2.1c-1.2.5-2.5.8-3.9.8z\" fill=\"currentColor\" \/><\/svg><\/button>\n\t\t\t\t<span class=\"t2-image-credit-text wp-element-caption\" id=\"image-credit\" hidden>Foto: Product Schoool\/Unsplash<\/span>\n\t\t\t<\/span><\/div>\n\n\n<p class=\"t2-ingress wp-block-t2-ingress\">Vi \u00f8nsker at du som student og nyutdannet skal bli kjent med oss og arbeidet vi gj\u00f8r i departementene. Vi er derfor ute p\u00e5 universiteter og h\u00f8yskoler for \u00e5 treffe deg og fortelle deg om dine muligheter i departementene.  <\/p>\n\n\n<p><\/p>\n\n\n\n<p class=\"has-text-color has-medium-font-size\" style=\"color:#0c496c\"><strong>Oversikt over karrieredager v\u00e5ren 2025 <\/strong><\/p>\n\n\n\n<p>JANUAR 2025<\/p>\n\n\n\n<p>17. januar: <strong>Arbeidslivsdagene UiT<\/strong><br><\/p>\n\n\n\n<p>FEBRUAR 2025<\/p>\n\n\n\n<p>5. februar: <strong>Arbeidslivsdagene UiB<\/strong><\/p>\n\n\n\n<p>5. februar kl. 10.00: <strong>Bedriftspresentasjon Arbeidslivsdagene UiO<\/strong><br>Sted: Kristian Augusts gate 17<\/p>\n\n\n\n<p>12. februar: <strong>Karrieredag NMBU<\/strong><\/p>\n\n\n\n<p>13. februar: <strong>Samfunns\u00f8konomenes treff<\/strong><\/p>\n\n\n\n<p>13. februar: <strong>Karrieredag UiT<\/strong><\/p>\n\n\n\n<p>14. februar: <strong>Arbeidslivsdagene UiO<\/strong><br><\/p>\n\n\n\n<p>MARS 2025<\/p>\n\n\n\n<p>25. mars kl. 12.15: <strong>Bedriftspresentasjon Leviathan NTNU<\/strong><\/p>\n\n\n\n<p>25. mars kl. 17.15:<strong> Bedriftspresentasjon NHH<\/strong><\/p>\n\n\n\n<p>26. mars: <strong>Karrieredag ECONNECT NTNU<\/strong><\/p>\n\n\n\n<p><\/p>\n\n\n\n<div class=\"wp-block-group is-layout-constrained wp-block-group-is-layout-constrained\"><div class=\"t2-accordion wp-block-t2-accordion\" data-allow-multiple=\"1\" role=\"list\">\n<div class=\"t2-accordion-item wp-block-t2-accordion-item\" role=\"listitem\">\n\t\t\t<h2 class=\"t2-accordion-title\">\n\t\t\t\t<button type=\"button\" class=\"t2-accordion-trigger\" id=\"tidligere-karrieredager\" aria-controls=\"accordion-panel\" aria-expanded=\"false\">\n\t\t\t\t\tTidligere karrieredager\n\t\t\t\t\t<span class=\"t2-accordion-icon is-closed-icon\"><svg xmlns=\"http:\/\/www.w3.org\/2000\/svg\" viewBox=\"0 0 24 24\" height=\"24\" width=\"24\" class=\"t2-icon t2-icon-addcircle\" aria-hidden=\"true\" focusable=\"false\"><path d=\"M16.5 11.2h-3.8V7.5c0-.4-.3-.8-.8-.8s-.8.3-.8.8v3.8H7.5c-.4 0-.8.3-.8.8s.3.8.8.8h3.8v3.8c0 .4.3.8.8.8s.8-.3.8-.8v-3.8h3.8c.4 0 .8-.3.8-.8s-.6-.9-1-.9z\"\/><path d=\"M12 24C5.4 24 0 18.6 0 12S5.4 0 12 0s12 5.4 12 12-5.4 12-12 12zm0-22.5C6.2 1.5 1.5 6.2 1.5 12S6.2 22.5 12 22.5 22.5 17.8 22.5 12 17.8 1.5 12 1.5z\"\/><\/svg><\/span>\n\t\t\t\t\t<span class=\"t2-accordion-icon is-open-icon\"><svg xmlns=\"http:\/\/www.w3.org\/2000\/svg\" viewBox=\"0 0 24 24\" height=\"24\" width=\"24\" class=\"t2-icon t2-icon-removecircle\" aria-hidden=\"true\" focusable=\"false\"><path d=\"M15.7 8.3c-.3-.3-.8-.3-1.1 0L12 10.9 9.4 8.3c-.3-.3-.8-.3-1.1 0s-.3.8 0 1.1l2.6 2.6-2.6 2.6c-.3.3-.3.8 0 1.1.1.1.3.2.5.2s.4-.1.5-.2l2.6-2.6 2.6 2.6c.1.1.3.2.5.2s.4-.1.5-.2c.3-.3.3-.8 0-1.1L13.1 12l2.6-2.6c.3-.3.3-.8 0-1.1z\"\/><path d=\"M20.5 3.5c-4.7-4.7-12.3-4.7-17 0-4.7 4.7-4.7 12.3 0 17C5.9 22.8 8.9 24 12 24c3.1 0 6.1-1.2 8.5-3.5 4.7-4.7 4.7-12.3 0-17zm-1.1 15.9c-4.1 4.1-10.8 4.1-14.8 0C.5 15.3.5 8.6 4.6 4.6c2-2 4.7-3.1 7.4-3.1s5.4 1 7.4 3.1c4.1 4.1 4.1 10.7 0 14.8z\"\/><\/svg><\/span>\n\t\t\t\t<\/button>\n\t\t\t<\/h2>\n\t\t\t<div class=\"t2-accordion-item__inner-container is-layout-flow\" id=\"accordion-panel\" aria-labelledby=\"tidligere-karrieredager\" role=\"region\" hidden>\n\t\t\t\t\n\n<div class=\"wp-block-group is-layout-constrained wp-block-group-is-layout-constrained\">\n<div class=\"wp-block-group is-layout-constrained wp-block-group-is-layout-constrained\">\n<p>JANUAR 2024<br><\/p>\n\n\n\n<p>19. januar: <strong><strong>Arbeidslivsdagene &#8211; Universitetet i Troms\u00f8<\/strong><\/strong> <\/p>\n\n\n\n<p>31. januar: <strong>Arbeidslivsdagene &#8211; Universitetet i Bergen&nbsp;<\/strong><\/p>\n<\/div>\n<\/div>\n\n\n\n<div class=\"wp-block-group is-layout-constrained wp-block-group-is-layout-constrained\">\n<p>FEBRUAR 2024<br><\/p>\n\n\n\n<p>14. februar: <strong>Karrieredag ved NMBU &nbsp;<\/strong><\/p>\n\n\n\n<p>15. februar: <strong>Samfunns\u00f8konomenes kandidattreff <\/strong><\/p>\n\n\n\n<p>16. februar: <strong>Arbeidslivsdagene &#8211; Universitetet i Oslo<\/strong><\/p>\n<\/div>\n\n\n\n<div class=\"wp-block-group is-layout-constrained wp-block-group-is-layout-constrained\">\n<p>MARS 2024<\/p>\n\n\n\n<p>6. mars: <strong>Karrieredag Universitetet i Troms\u00f8 &nbsp;<\/strong><\/p>\n\n\n\n<p>14. mars: <strong><strong>Karrieredag Handelsh\u00f8yskolen NTNU<\/strong> <\/strong><\/p>\n\n\n\n<p>AUGUST 2024<\/p>\n\n\n\n<p>15. august: <strong>Karrieredag ANSA<\/strong><br><\/p>\n\n\n\n<p>SEPTEMBER 2024<\/p>\n\n\n\n<p>12. september: <strong>Karrieredag NHH<\/strong><\/p>\n\n\n\n<p>19. september: <strong>Karrieredag Handelsh\u00f8yskolen BI Oslo<\/strong><\/p>\n\n\n\n<p>19. september: <strong>Karrieredag UiO<\/strong><\/p>\n\n\n\n<p>23. september kl. 14.15: <strong>Bedriftspresentasjon UiO<\/strong><br>Sted: Eilert Sundts hus, auditorium<\/p>\n\n\n\n<p>24. september: <strong>Karrieredag Springbrett UiB <\/strong><\/p>\n\n\n\n<p>26. september: <strong>Handelsh\u00f8yskolen NTNU<\/strong><br><\/p>\n\n\n\n<p>OKTOBER 2024<\/p>\n\n\n\n<p>16. oktober: <strong>Karrieredag NMBU<\/strong><\/p>\n\n\n\n<p>24. oktober: <strong>SV-fakultetet UiB<\/strong><\/p>\n<\/div>\n\n\n\t\t\t<\/div>\n\t\t<\/div>\n<\/div><\/div>\n\n\n\n<div class=\"wp-block-group is-layout-constrained wp-block-group-is-layout-constrained\"><\/div>\n","protected":false},"excerpt":{"rendered":"<p>Oversikt over karrieredager v\u00e5ren 2025 JANUAR 2025 17. januar: Arbeidslivsdagene UiT FEBRUAR 2025 5. februar: Arbeidslivsdagene UiB 5. februar kl. 10.00: Bedriftspresentasjon Arbeidslivsdagene UiOSted: Kristian Augusts gate 17 12. februar: Karrieredag NMBU 13. februar: Samfunns\u00f8konomenes treff 13. februar: Karrieredag UiT 14. februar: Arbeidslivsdagene UiO MARS 2025 25. mars kl. 12.15: Bedriftspresentasjon Leviathan NTNU 25. mars\u2026<\/p>\n","protected":false},"author":357,"featured_media":90,"parent":0,"menu_order":0,"comment_status":"closed","ping_status":"closed","template":"","meta":{"dss_simple_post_excerpt":"","dss_show_featured_image":false,"dss_show_title":true,"footnotes":""},"class_list":["post-95","page","type-page","status-publish","has-post-thumbnail","hentry"],"language":"nb-NO","_links":{"self":[{"href":"https:\/\/teststeder.regjeringen.no\/jobbidepartementene\/wp-json\/wp\/v2\/pages\/95","targetHints":{"allow":["GET"]}}],"collection":[{"href":"https:\/\/teststeder.regjeringen.no\/jobbidepartementene\/wp-json\/wp\/v2\/pages"}],"about":[{"href":"https:\/\/teststeder.regjeringen.no\/jobbidepartementene\/wp-json\/wp\/v2\/types\/page"}],"author":[{"embeddable":true,"href":"https:\/\/teststeder.regjeringen.no\/jobbidepartementene\/wp-json\/wp\/v2\/users\/357"}],"replies":[{"embeddable":true,"href":"https:\/\/teststeder.regjeringen.no\/jobbidepartementene\/wp-json\/wp\/v2\/comments?post=95"}],"version-history":[{"count":3,"href":"https:\/\/teststeder.regjeringen.no\/jobbidepartementene\/wp-json\/wp\/v2\/pages\/95\/revisions"}],"predecessor-version":[{"id":529,"href":"https:\/\/teststeder.regjeringen.no\/jobbidepartementene\/wp-json\/wp\/v2\/pages\/95\/revisions\/529"}],"wp:featuredmedia":[{"embeddable":true,"href":"https:\/\/teststeder.regjeringen.no\/jobbidepartementene\/wp-json\/wp\/v2\/media\/90"}],"wp:attachment":[{"href":"https:\/\/teststeder.regjeringen.no\/jobbidepartementene\/wp-json\/wp\/v2\/media?parent=95"}],"curies":[{"name":"wp","href":"https:\/\/api.w.org\/{rel}","templated":true}]}}