{"id":30,"date":"2022-12-12T12:05:07","date_gmt":"2022-12-12T11:05:07","guid":{"rendered":"https:\/\/nettsteder.regjeringen.no\/jobbikdd\/?page_id=30"},"modified":"2023-05-31T09:01:09","modified_gmt":"2023-05-31T07:01:09","slug":"vi-tilbyr","status":"publish","type":"page","link":"https:\/\/teststeder.regjeringen.no\/jobbikdd\/vi-tilbyr\/","title":{"rendered":"Vi tilbyr"},"content":{"rendered":"\n<div class=\"wp-block-media-text alignfull is-stacked-on-mobile is-image-fill has-white-color has-text-color has-background\" style=\"background-color:#f6f6f6;grid-template-columns:40% auto\"><figure class=\"wp-block-media-text__media\" style=\"background-image:url(https:\/\/files.teststeder.regjeringen.no\/wpuploads01\/sites\/529\/2023\/03\/vi-tilbyr-A4667.jpg);background-position:42% 0%\"><div class=\"t2-image-credit-wrapper\"><img loading=\"lazy\" decoding=\"async\" width=\"800\" height=\"533\" src=\"https:\/\/files.teststeder.regjeringen.no\/wpuploads01\/sites\/529\/2023\/03\/vi-tilbyr-A4667.jpg\" alt=\"\" class=\"wp-image-530 size-full\" srcset=\"https:\/\/files.teststeder.regjeringen.no\/wpuploads01\/sites\/529\/2023\/03\/vi-tilbyr-A4667.jpg 800w, https:\/\/files.teststeder.regjeringen.no\/wpuploads01\/sites\/529\/2023\/03\/vi-tilbyr-A4667-300x200.jpg 300w, https:\/\/files.teststeder.regjeringen.no\/wpuploads01\/sites\/529\/2023\/03\/vi-tilbyr-A4667-768x512.jpg 768w\" sizes=\"auto, (max-width: 800px) 100vw, 800px\" \/><span class=\"t2-image-credit\">\n\t\t\t\t<button type=\"button\" class=\"t2-image-credit-toggle\" aria-expanded=\"false\" aria-controls=\"image-credit\" aria-label=\"Toggle image credit\"><svg xmlns=\"http:\/\/www.w3.org\/2000\/svg\" viewBox=\"0 0 24 24\" height=\"24\" width=\"24\" class=\"t2-icon t2-icon-info\" aria-hidden=\"true\" focusable=\"false\"><path d=\"M12 17c.3 0 .5-.1.7-.3s.3-.4.3-.7v-4c0-.3-.1-.5-.3-.7-.2-.2-.4-.3-.7-.3s-.5.1-.7.3c-.2.2-.3.4-.3.7v4c0 .3.1.5.3.7s.4.3.7.3zm0-8c.3 0 .5-.1.7-.3.2-.2.3-.4.3-.7 0-.3-.1-.5-.3-.7-.2-.2-.4-.3-.7-.3s-.5.1-.7.3c-.2.2-.3.4-.3.7 0 .3.1.5.3.7.2.2.4.3.7.3zm0 13c-1.4 0-2.7-.3-3.9-.8-1.2-.5-2.3-1.2-3.2-2.1s-1.6-2-2.1-3.2S2 13.4 2 12s.3-2.7.8-3.9S4 5.8 4.9 4.9s2-1.6 3.2-2.1S10.6 2 12 2s2.7.3 3.9.8 2.3 1.2 3.2 2.1 1.6 2 2.1 3.2c.5 1.2.8 2.5.8 3.9s-.3 2.7-.8 3.9c-.5 1.2-1.2 2.3-2.1 3.2s-2 1.6-3.2 2.1c-1.2.5-2.5.8-3.9.8z\" fill=\"currentColor\" \/><\/svg><\/button>\n\t\t\t\t<span class=\"t2-image-credit-text wp-element-caption\" id=\"image-credit\" hidden>Foto: \u00a9 TROND ISAKSEN<\/span>\n\t\t\t<\/span><\/div><\/figure><div class=\"wp-block-media-text__content\">\n<p class=\"has-black-color has-text-color has-large-font-size\"><strong>Vi tilbyr<\/strong><\/p>\n\n\n\n<div class=\"wp-block-columns is-layout-flex wp-container-core-columns-is-layout-9d6595d7 wp-block-columns-is-layout-flex\">\n<div class=\"wp-block-column is-layout-flow wp-block-column-is-layout-flow\" style=\"flex-basis:600px\"><p class=\"t2-ingress wp-block-t2-ingress has-text-color has-black-color\">Hos KDD f\u00e5r du spennende arbeidsoppgaver i grenseland mellom politikk og administrasjon og et godt og utviklende arbeids- og l\u00e6ringsmilj\u00f8. <\/p>\n\n\n<div style=\"height:62px\" aria-hidden=\"true\" class=\"wp-block-spacer\"><\/div>\n<\/div>\n\n\n\n<div class=\"wp-block-column is-layout-flow wp-block-column-is-layout-flow\"><\/div>\n<\/div>\n\n\n<\/div><\/div>\n\n\n\n<h2 class=\"wp-block-heading\">Som medarbeider i Kommunal- og distriktsdepartementet kan du f\u00e5<\/h2>\n\n\n\n<ul class=\"wp-block-list is-layout-flow wp-block-list-is-layout-flow\">\n<li>spennende arbeidsoppgaver i grenseland mellom politikk og administrasjon<\/li>\n\n\n\n<li>et godt og utviklende arbeids- og l\u00e6ringsmilj\u00f8<\/li>\n\n\n\n<li>hospiteringsordninger, blant annet i EU-kommisjonen, etater og kommuner<\/li>\n\n\n\n<li>kurs og etter-\/videreutdanning<\/li>\n\n\n\n<li>fleksibel arbeidstid<\/li>\n\n\n\n<li>sommertid&nbsp;<\/li>\n\n\n\n<li>trening i arbeidstiden<\/li>\n\n\n\n<li>subsidiert kantine&nbsp;<\/li>\n\n\n\n<li>medlemskap i Statens Pensjonskasse (gunstig boligl\u00e5n)<\/li>\n<\/ul>\n\n\n\n<div class=\"wp-block-group is-layout-constrained wp-block-group-is-layout-constrained\">\n<h2 class=\"wp-block-heading\">Sosiale aktiviteter og velferdstiltak<\/h2>\n\n\n\n<div class=\"wp-block-group is-layout-constrained wp-block-group-is-layout-constrained\">\n<p>Departementet legger stor vekt p\u00e5 tiltak som fremmer trivsel og tilh\u00f8righet mellom de ansatte. Av de mange tiltakene som ble gjennomf\u00f8rte sist \u00e5r, kan vi nevne:<\/p>\n\n\n\n<ul class=\"wp-block-list is-layout-flow wp-block-list-is-layout-flow\">\n<li>kulturlunsjer der musikere eller andre kunstnere hadde innslag<\/li>\n\n\n\n<li>et bedriftsidrettslag som arrangerer ulike aktiviteter (fotball, innebandy, klatring, dansing, bowling og ski) for \u00e5 bygge opp fysisk helse og trivsel<\/li>\n\n\n\n<li>ei fotogruppe som arrangerer kurs for fotointeresserte og g\u00e5r p\u00e5 utstillinger<\/li>\n\n\n\n<li>julebord og sommerfest<\/li>\n\n\n\n<li>velferdsturer<\/li>\n<\/ul>\n<\/div>\n<\/div>\n\n\n\n<p><\/p>\n","protected":false},"excerpt":{"rendered":"<p>Som medarbeider i Kommunal- og distriktsdepartementet kan du f\u00e5 Sosiale aktiviteter og velferdstiltak Departementet legger stor vekt p\u00e5 tiltak som fremmer trivsel og tilh\u00f8righet mellom de ansatte. Av de mange tiltakene som ble gjennomf\u00f8rte sist \u00e5r, kan vi nevne:<\/p>\n","protected":false},"author":357,"featured_media":0,"parent":0,"menu_order":0,"comment_status":"closed","ping_status":"closed","template":"","meta":{"dss_simple_post_excerpt":"Hos KDD f\u00e5r du spennende arbeidsoppgaver i grenseland mellom politikk og administrasjon og et godt og utviklende arbeids- og l\u00e6ringsmilj\u00f8.","dss_show_featured_image":false,"dss_show_title":true,"footnotes":""},"class_list":["post-30","page","type-page","status-publish","hentry"],"language":"nb-NO","_links":{"self":[{"href":"https:\/\/teststeder.regjeringen.no\/jobbikdd\/wp-json\/wp\/v2\/pages\/30","targetHints":{"allow":["GET"]}}],"collection":[{"href":"https:\/\/teststeder.regjeringen.no\/jobbikdd\/wp-json\/wp\/v2\/pages"}],"about":[{"href":"https:\/\/teststeder.regjeringen.no\/jobbikdd\/wp-json\/wp\/v2\/types\/page"}],"author":[{"embeddable":true,"href":"https:\/\/teststeder.regjeringen.no\/jobbikdd\/wp-json\/wp\/v2\/users\/357"}],"replies":[{"embeddable":true,"href":"https:\/\/teststeder.regjeringen.no\/jobbikdd\/wp-json\/wp\/v2\/comments?post=30"}],"version-history":[{"count":3,"href":"https:\/\/teststeder.regjeringen.no\/jobbikdd\/wp-json\/wp\/v2\/pages\/30\/revisions"}],"predecessor-version":[{"id":541,"href":"https:\/\/teststeder.regjeringen.no\/jobbikdd\/wp-json\/wp\/v2\/pages\/30\/revisions\/541"}],"wp:attachment":[{"href":"https:\/\/teststeder.regjeringen.no\/jobbikdd\/wp-json\/wp\/v2\/media?parent=30"}],"curies":[{"name":"wp","href":"https:\/\/api.w.org\/{rel}","templated":true}]}}