{"id":387,"date":"2023-03-15T13:07:03","date_gmt":"2023-03-15T12:07:03","guid":{"rendered":"https:\/\/nettsteder.regjeringen.no\/jobbikdd\/?page_id=387"},"modified":"2023-08-04T09:57:34","modified_gmt":"2023-08-04T07:57:34","slug":"olav","status":"publish","type":"page","link":"https:\/\/teststeder.regjeringen.no\/jobbikdd\/ansatte-om-kdd\/olav\/","title":{"rendered":"Olav"},"content":{"rendered":"\n<div class=\"wp-block-media-text alignwide is-stacked-on-mobile is-vertically-aligned-center has-black-color has-background-100-background-color has-text-color has-background\" style=\"grid-template-columns:48% auto\"><figure class=\"wp-block-media-text__media\"><div class=\"t2-image-credit-wrapper\"><img loading=\"lazy\" decoding=\"async\" width=\"1024\" height=\"683\" src=\"https:\/\/files.teststeder.regjeringen.no\/wpuploads01\/sites\/529\/2023\/03\/E3A9769-1024x683.jpg\" alt=\"\" class=\"wp-image-389 size-large\" srcset=\"https:\/\/files.teststeder.regjeringen.no\/wpuploads01\/sites\/529\/2023\/03\/E3A9769-1024x683.jpg 1024w, https:\/\/files.teststeder.regjeringen.no\/wpuploads01\/sites\/529\/2023\/03\/E3A9769-300x200.jpg 300w, https:\/\/files.teststeder.regjeringen.no\/wpuploads01\/sites\/529\/2023\/03\/E3A9769-768x512.jpg 768w, https:\/\/files.teststeder.regjeringen.no\/wpuploads01\/sites\/529\/2023\/03\/E3A9769-1536x1024.jpg 1536w, https:\/\/files.teststeder.regjeringen.no\/wpuploads01\/sites\/529\/2023\/03\/E3A9769-2048x1366.jpg 2048w\" sizes=\"auto, (max-width: 1024px) 100vw, 1024px\" \/><span class=\"t2-image-credit\">\n\t\t\t\t<button type=\"button\" class=\"t2-image-credit-toggle\" aria-expanded=\"false\" aria-controls=\"image-credit\" aria-label=\"Toggle image credit\"><svg xmlns=\"http:\/\/www.w3.org\/2000\/svg\" viewBox=\"0 0 24 24\" height=\"24\" width=\"24\" class=\"t2-icon t2-icon-info\" aria-hidden=\"true\" focusable=\"false\"><path d=\"M12 17c.3 0 .5-.1.7-.3s.3-.4.3-.7v-4c0-.3-.1-.5-.3-.7-.2-.2-.4-.3-.7-.3s-.5.1-.7.3c-.2.2-.3.4-.3.7v4c0 .3.1.5.3.7s.4.3.7.3zm0-8c.3 0 .5-.1.7-.3.2-.2.3-.4.3-.7 0-.3-.1-.5-.3-.7-.2-.2-.4-.3-.7-.3s-.5.1-.7.3c-.2.2-.3.4-.3.7 0 .3.1.5.3.7.2.2.4.3.7.3zm0 13c-1.4 0-2.7-.3-3.9-.8-1.2-.5-2.3-1.2-3.2-2.1s-1.6-2-2.1-3.2S2 13.4 2 12s.3-2.7.8-3.9S4 5.8 4.9 4.9s2-1.6 3.2-2.1S10.6 2 12 2s2.7.3 3.9.8 2.3 1.2 3.2 2.1 1.6 2 2.1 3.2c.5 1.2.8 2.5.8 3.9s-.3 2.7-.8 3.9c-.5 1.2-1.2 2.3-2.1 3.2s-2 1.6-3.2 2.1c-1.2.5-2.5.8-3.9.8z\" fill=\"currentColor\" \/><\/svg><\/button>\n\t\t\t\t<span class=\"t2-image-credit-text wp-element-caption\" id=\"image-credit\" hidden>Foto: \u00a9 FOTO TROND ISAKSEN<\/span>\n\t\t\t<\/span><\/div><\/figure><div class=\"wp-block-media-text__content\">\n<h2 class=\"wp-block-heading\">Olav <\/h2>\n\n\n\n<p><strong> <\/strong>Statsviter<\/p>\n\n\n<p class=\"t2-ingress wp-block-t2-ingress\">Seniorr\u00e5dgiver i regionalpolitisk avdeling<\/p>\n\n\n<div class=\"wp-block-buttons is-layout-flex wp-block-buttons-is-layout-flex\">\n<div class=\"wp-block-button\"><a class=\"wp-block-button__link has-background wp-element-button\" href=\"https:\/\/teststeder.regjeringen.no\/jobbikdd\/ansatte-om-kdd\/\" style=\"--border-color:#029aa2;border-radius:10px;background-color:#029aa2\">Les om andre ansatte i KDD<\/a><\/div>\n<\/div>\n<\/div><\/div>\n\n\n\n<h3 class=\"wp-block-heading\">Bakgrunn<\/h3>\n\n\n\n<p>Jeg har en bred utdanning. F\u00f8r jeg begynte p\u00e5 universitet, gikk jeg p\u00e5 det som da het H\u00e6rens Befalsskole i Kirkenes. Deretter jobbet jeg to \u00e5r i Forsvaret f\u00f8r jeg begynte p\u00e5 bachelor i Europastudier i Fransk ved NTNU. Dette var en ganske bred master, med fordypning i fransk, historie og statsvitenskap. I l\u00f8pet av denne tiden var jeg et \u00e5r p\u00e5 studier i Strasbourg i Frankrike. Jeg har to mastergrader \u2013 en i Europastudier fra Universitet i Leuven og en i internasjonale relasjoner ved Europacolleget i Brugge (som p\u00e5 mange m\u00e5ter er byr\u00e5kratskolen til EU).<\/p>\n\n\n\n<p>Etter endt utdanning jobbet jeg som kommunikasjonsr\u00e5dgiver ved Stavangerregionens Europakontor \u2013 som er med \u00e5 styrke regionens rolle i Europa, men ogs\u00e5 med p\u00e5 \u00e5 knytte akt\u00f8rer i regionen opp mot EUs forskningsprogrammer (slik som Horisont Europa). Etter ett \u00e5r der jobbet jeg ved EFTA sekretariatet i Brussel i Indre markedsavdelingen, som er ansvarlig for \u00e5 drifte E\u00d8S-avtalen p\u00e5 vegne av E\u00d8S\/EFTA landene. Her jobbet jeg i all hovedsak med det som omhandlet tekniske handelsbarrierer, samt at jeg jobbet en del med energi og samferdselssaker.<\/p>\n\n\n\n<p>Jeg hadde jobbet en del opp mot Kommunal- og distriktsdepartementet i arbeidet mitt med Brussel og hadde l\u00e6rt meg at det er et veldig stort departement med mange spennende oppgaver. Selv om navnet \u00abkommunal- og distriktsdepartementet\u00bb ikke h\u00f8res veldig spennende ut \u2013 hadde jeg l\u00e6rt meg at det foreg\u00e5r mye i departement og at det med sin storhet\/varierte oppgaver er et av de viktigere departementene \u2013 og at kommunalministeren ofte er en viktig person i regjeringen.<\/p>\n\n\n\n<h3 class=\"wp-block-heading\">Min arbeidshverdag<\/h3>\n\n\n\n<p>Arbeidsdagen min er veldig variert \u2013 da jeg jobber i en avdeling som skal pr\u00f8ve \u00e5 f\u00f8lge med p\u00e5 det meste som skjer i avdelingen, b\u00e5de i byer og i distriktsomr\u00e5der. Men i all hovedsak jobber jeg mye med \u00e5 ha kontakt med andre departementer, svare p\u00e5 sp\u00f8rsm\u00e5l fra Stortinget, samt \u00e5 jobbe med egen politiutvikling for Kommunalministeren. Dette gj\u00f8r at hverdagen er veldig variert og det kommer ofte saker som har veldig kort tidsfrist, slik som talepunkter og innlegg for statsr\u00e5d\/statssekret\u00e6r. Vi deltar ogs\u00e5 p\u00e5 mange m\u00f8ter innad i regjeringen og med eksterne organisasjoner som \u00f8nsker m\u00f8ter med politikerne. Dette gj\u00f8r at en f\u00e5r en veldig variert hverdag \u2013 med alt fra standard saksbehandling til \u00e5 reise ut i Norge for \u00e5 m\u00f8te personer med politikerne v\u00e5re.<\/p>\n\n\n\n<p>Jeg liker veldig godt at arbeidsdagene er varierte og at det ofte er h\u00f8yt tempo i det vi m\u00e5 gj\u00f8re. Det gj\u00f8r at en f\u00e5r v\u00e6re med p\u00e5 utrolig mye interessant, samt at en l\u00e6rer mye om hvordan Norge styres og hva som er veldig aktuelt for regjeringen. Min avdeling i KDD er p\u00e5 mange m\u00e5ter et lim i regjeringen som skal pr\u00f8ve \u00e5 holde et \u00f8ye med alt som skjer \u2013 og det gj\u00f8r at en f\u00e5r v\u00e6re med p\u00e5 utrolig mye spennende. Samtidig gj\u00f8r det h\u00f8ye tempoet at en sjelden f\u00e5r tid til \u00e5 kjede seg.<\/p>\n\n\n\n<h3 class=\"wp-block-heading\">Bruk av faglig bakgrunn<\/h3>\n\n\n\n<p>Ettersom jeg har en ganske bred faglig bakgrunn s\u00e5 f\u00f8ler jeg at jeg har god bruk for min utdanning i jobben i dag. Jeg hadde fag p\u00e5 universitet i alt fra spr\u00e5k, statsvitenskap, jus til \u00f8konomi \u2013 som gj\u00f8r at jeg i en hektisk hverdag har muligheten til \u00e5 spille p\u00e5 alle disse basiskunnskapene. Det at jeg f\u00e5r jobbe s\u00e5 mye med europapolitikk, etter som jeg p\u00e5 mange m\u00e5ter har spesialisert meg i EU \u2013 er ogs\u00e5 veldig morsomt og gj\u00f8r at jeg f\u00e5r brukt denne kunnskapen ganske konkret.<\/p>\n\n\n\n<p>Men jeg tror nok det viktigste en f\u00e5r igjennom utdanning, som en tar med seg i et departement er evnen til \u00e5 sette seg raskt inn i nye og ofte ganske kompliserte saker. Hvis en da ogs\u00e5 klarer \u00e5 jobbe med mange parallelle prosesser p\u00e5 en gang og har en politisk interesse samt en god rolleforst\u00e5else for hva det \u00e5 jobbe i departement faktisk inneb\u00e6rer \u2013 s\u00e5 mener jeg at det \u00e5 jobbe i departementene er utrolig spennende.<\/p>\n","protected":false},"excerpt":{"rendered":"<p>Bakgrunn Jeg har en bred utdanning. F\u00f8r jeg begynte p\u00e5 universitet, gikk jeg p\u00e5 det som da het H\u00e6rens Befalsskole i Kirkenes. Deretter jobbet jeg to \u00e5r i Forsvaret f\u00f8r jeg begynte p\u00e5 bachelor i Europastudier i Fransk ved NTNU. Dette var en ganske bred master, med fordypning i fransk, historie og statsvitenskap. I l\u00f8pet\u2026<\/p>\n","protected":false},"author":357,"featured_media":389,"parent":355,"menu_order":0,"comment_status":"closed","ping_status":"closed","template":"","meta":{"dss_simple_post_excerpt":"Statsviter | Seniorr\u00e5dgiver i Regionalpolitisk avdeling","dss_show_featured_image":false,"dss_show_title":true,"footnotes":""},"class_list":["post-387","page","type-page","status-publish","has-post-thumbnail","hentry"],"language":"nb-NO","_links":{"self":[{"href":"https:\/\/teststeder.regjeringen.no\/jobbikdd\/wp-json\/wp\/v2\/pages\/387","targetHints":{"allow":["GET"]}}],"collection":[{"href":"https:\/\/teststeder.regjeringen.no\/jobbikdd\/wp-json\/wp\/v2\/pages"}],"about":[{"href":"https:\/\/teststeder.regjeringen.no\/jobbikdd\/wp-json\/wp\/v2\/types\/page"}],"author":[{"embeddable":true,"href":"https:\/\/teststeder.regjeringen.no\/jobbikdd\/wp-json\/wp\/v2\/users\/357"}],"replies":[{"embeddable":true,"href":"https:\/\/teststeder.regjeringen.no\/jobbikdd\/wp-json\/wp\/v2\/comments?post=387"}],"version-history":[{"count":3,"href":"https:\/\/teststeder.regjeringen.no\/jobbikdd\/wp-json\/wp\/v2\/pages\/387\/revisions"}],"predecessor-version":[{"id":548,"href":"https:\/\/teststeder.regjeringen.no\/jobbikdd\/wp-json\/wp\/v2\/pages\/387\/revisions\/548"}],"up":[{"embeddable":true,"href":"https:\/\/teststeder.regjeringen.no\/jobbikdd\/wp-json\/wp\/v2\/pages\/355"}],"wp:featuredmedia":[{"embeddable":true,"href":"https:\/\/teststeder.regjeringen.no\/jobbikdd\/wp-json\/wp\/v2\/media\/389"}],"wp:attachment":[{"href":"https:\/\/teststeder.regjeringen.no\/jobbikdd\/wp-json\/wp\/v2\/media?parent=387"}],"curies":[{"name":"wp","href":"https:\/\/api.w.org\/{rel}","templated":true}]}}