{"id":398,"date":"2023-03-15T13:18:55","date_gmt":"2023-03-15T12:18:55","guid":{"rendered":"https:\/\/nettsteder.regjeringen.no\/jobbikdd\/?page_id=398"},"modified":"2023-08-04T09:58:12","modified_gmt":"2023-08-04T07:58:12","slug":"ole-magnus","status":"publish","type":"page","link":"https:\/\/teststeder.regjeringen.no\/jobbikdd\/ansatte-om-kdd\/ole-magnus\/","title":{"rendered":"Ole Magnus"},"content":{"rendered":"\n<div class=\"wp-block-media-text alignwide is-stacked-on-mobile is-vertically-aligned-center has-black-color has-background-100-background-color has-text-color has-background\" style=\"grid-template-columns:48% auto\"><figure class=\"wp-block-media-text__media\"><div class=\"t2-image-credit-wrapper\"><img loading=\"lazy\" decoding=\"async\" width=\"1024\" height=\"683\" src=\"https:\/\/files.teststeder.regjeringen.no\/wpuploads01\/sites\/529\/2023\/03\/E3A9945-1024x683.jpg\" alt=\"\" class=\"wp-image-385 size-large\" srcset=\"https:\/\/files.teststeder.regjeringen.no\/wpuploads01\/sites\/529\/2023\/03\/E3A9945-1024x683.jpg 1024w, https:\/\/files.teststeder.regjeringen.no\/wpuploads01\/sites\/529\/2023\/03\/E3A9945-300x200.jpg 300w, https:\/\/files.teststeder.regjeringen.no\/wpuploads01\/sites\/529\/2023\/03\/E3A9945-768x512.jpg 768w, https:\/\/files.teststeder.regjeringen.no\/wpuploads01\/sites\/529\/2023\/03\/E3A9945-1536x1024.jpg 1536w, https:\/\/files.teststeder.regjeringen.no\/wpuploads01\/sites\/529\/2023\/03\/E3A9945-2048x1366.jpg 2048w\" sizes=\"auto, (max-width: 1024px) 100vw, 1024px\" \/><span class=\"t2-image-credit\">\n\t\t\t\t<button type=\"button\" class=\"t2-image-credit-toggle\" aria-expanded=\"false\" aria-controls=\"image-credit\" aria-label=\"Toggle image credit\"><svg xmlns=\"http:\/\/www.w3.org\/2000\/svg\" viewBox=\"0 0 24 24\" height=\"24\" width=\"24\" class=\"t2-icon t2-icon-info\" aria-hidden=\"true\" focusable=\"false\"><path d=\"M12 17c.3 0 .5-.1.7-.3s.3-.4.3-.7v-4c0-.3-.1-.5-.3-.7-.2-.2-.4-.3-.7-.3s-.5.1-.7.3c-.2.2-.3.4-.3.7v4c0 .3.1.5.3.7s.4.3.7.3zm0-8c.3 0 .5-.1.7-.3.2-.2.3-.4.3-.7 0-.3-.1-.5-.3-.7-.2-.2-.4-.3-.7-.3s-.5.1-.7.3c-.2.2-.3.4-.3.7 0 .3.1.5.3.7.2.2.4.3.7.3zm0 13c-1.4 0-2.7-.3-3.9-.8-1.2-.5-2.3-1.2-3.2-2.1s-1.6-2-2.1-3.2S2 13.4 2 12s.3-2.7.8-3.9S4 5.8 4.9 4.9s2-1.6 3.2-2.1S10.6 2 12 2s2.7.3 3.9.8 2.3 1.2 3.2 2.1 1.6 2 2.1 3.2c.5 1.2.8 2.5.8 3.9s-.3 2.7-.8 3.9c-.5 1.2-1.2 2.3-2.1 3.2s-2 1.6-3.2 2.1c-1.2.5-2.5.8-3.9.8z\" fill=\"currentColor\" \/><\/svg><\/button>\n\t\t\t\t<span class=\"t2-image-credit-text wp-element-caption\" id=\"image-credit\" hidden>Foto: \u00a9 FOTO TROND ISAKSEN<\/span>\n\t\t\t<\/span><\/div><\/figure><div class=\"wp-block-media-text__content\">\n<h2 class=\"wp-block-heading\">Ole Magnus<\/h2>\n\n\n\n<p><strong> <\/strong>Jurist<\/p>\n\n\n<p class=\"t2-ingress wp-block-t2-ingress\">Seniorr\u00e5dgiver i avdeling for urfolk og nasjonale minoriteter<\/p>\n\n\n<div class=\"wp-block-buttons is-layout-flex wp-block-buttons-is-layout-flex\">\n<div class=\"wp-block-button\"><a class=\"wp-block-button__link has-background wp-element-button\" href=\"https:\/\/teststeder.regjeringen.no\/jobbikdd\/ansatte-om-kdd\/\" style=\"--border-color:#029aa2;border-radius:10px;background-color:#029aa2\">Les om andre ansatte i KDD<\/a><\/div>\n<\/div>\n<\/div><\/div>\n\n\n\n<h3 class=\"wp-block-heading\">Bakgrunn<\/h3>\n\n\n\n<p>Jeg er utdannet jurist. Under studiene jobbet jeg med rettshjelp i Jussbuss, og jeg hadde ogs\u00e5 noen opphold i Russland og i UNHCR i Stockholm. Etter studiene fortsatte jeg med rettshjelp som fullmektig og advokat i noen \u00e5r. Jeg begynte i departementet fordi jeg er interessert i politikk og syns det virket spennende \u00e5 jobbe med juss fra det perspektivet. I departementet f\u00e5r jeg jobbe tett p\u00e5 politisk ledelse, jeg f\u00e5r jobbe med juss fra et samfunnsperspektiv, og med folk fra forskjellige fagbakgrunner.<\/p>\n\n\n\n<h3 class=\"wp-block-heading\">Min arbeidshverdag<\/h3>\n\n\n\n<p>Det jeg liker best med jobben er at dagene mine er veldig varierte. Jeg f\u00e5r reist mye. Noen ganger er jeg p\u00e5 Sametingets plenumsm\u00f8te i Karasjok og andre ganger p\u00e5 FN-m\u00f8ter i New York eller Gen\u00e8ve. Noen ganger er jeg med n\u00e5r statsr\u00e5den skal i Stortinget og noen dager kan jeg sitte ved pulten min og gj\u00f8re kontorarbeid og h\u00f8re p\u00e5 musikk.&nbsp;<\/p>\n\n\n\n<h3 class=\"wp-block-heading\">Bruk av faglig bakgrunn<\/h3>\n\n\n\n<p>Min avdeling dekker saker knyttet til samer og nasjonale minoriteter, og det kan ber\u00f8re mange ulike samfunnsomr\u00e5der. Det kan for eksempel gjelde spr\u00e5koppl\u00e6ring, kystfiske, mineralutvinning, museumsbygg eller reindrift. Vi m\u00e5 forholde oss til lovgivningen p\u00e5 alle disse feltene, og samtidig se dette opp mot v\u00e5re internasjonale forpliktelser. Jeg bruker jusutdanningen min hele tiden. For eksempel n\u00e5r jeg gir r\u00e5d til politisk ledelse, n\u00e5r jeg skriver lovutkast og n\u00e5r jeg vurderer hva som ligger i v\u00e5re internasjonale forpliktelser.<\/p>\n","protected":false},"excerpt":{"rendered":"<p>Bakgrunn Jeg er utdannet jurist. Under studiene jobbet jeg med rettshjelp i Jussbuss, og jeg hadde ogs\u00e5 noen opphold i Russland og i UNHCR i Stockholm. Etter studiene fortsatte jeg med rettshjelp som fullmektig og advokat i noen \u00e5r. Jeg begynte i departementet fordi jeg er interessert i politikk og syns det virket spennende \u00e5\u2026<\/p>\n","protected":false},"author":357,"featured_media":385,"parent":355,"menu_order":0,"comment_status":"closed","ping_status":"closed","template":"","meta":{"dss_simple_post_excerpt":"Jurist | Seniorr\u00e5dgiver i Avdeling for urfolk og nasjonale minoriteter","dss_show_featured_image":false,"dss_show_title":true,"footnotes":""},"class_list":["post-398","page","type-page","status-publish","has-post-thumbnail","hentry"],"language":"nb-NO","_links":{"self":[{"href":"https:\/\/teststeder.regjeringen.no\/jobbikdd\/wp-json\/wp\/v2\/pages\/398","targetHints":{"allow":["GET"]}}],"collection":[{"href":"https:\/\/teststeder.regjeringen.no\/jobbikdd\/wp-json\/wp\/v2\/pages"}],"about":[{"href":"https:\/\/teststeder.regjeringen.no\/jobbikdd\/wp-json\/wp\/v2\/types\/page"}],"author":[{"embeddable":true,"href":"https:\/\/teststeder.regjeringen.no\/jobbikdd\/wp-json\/wp\/v2\/users\/357"}],"replies":[{"embeddable":true,"href":"https:\/\/teststeder.regjeringen.no\/jobbikdd\/wp-json\/wp\/v2\/comments?post=398"}],"version-history":[{"count":3,"href":"https:\/\/teststeder.regjeringen.no\/jobbikdd\/wp-json\/wp\/v2\/pages\/398\/revisions"}],"predecessor-version":[{"id":549,"href":"https:\/\/teststeder.regjeringen.no\/jobbikdd\/wp-json\/wp\/v2\/pages\/398\/revisions\/549"}],"up":[{"embeddable":true,"href":"https:\/\/teststeder.regjeringen.no\/jobbikdd\/wp-json\/wp\/v2\/pages\/355"}],"wp:featuredmedia":[{"embeddable":true,"href":"https:\/\/teststeder.regjeringen.no\/jobbikdd\/wp-json\/wp\/v2\/media\/385"}],"wp:attachment":[{"href":"https:\/\/teststeder.regjeringen.no\/jobbikdd\/wp-json\/wp\/v2\/media?parent=398"}],"curies":[{"name":"wp","href":"https:\/\/api.w.org\/{rel}","templated":true}]}}