{"id":402,"date":"2023-03-15T13:26:58","date_gmt":"2023-03-15T12:26:58","guid":{"rendered":"https:\/\/nettsteder.regjeringen.no\/jobbikdd\/?page_id=402"},"modified":"2024-03-06T15:20:02","modified_gmt":"2024-03-06T14:20:02","slug":"hina","status":"publish","type":"page","link":"https:\/\/teststeder.regjeringen.no\/jobbikdd\/ansatte-om-kdd\/hina\/","title":{"rendered":"Hina"},"content":{"rendered":"\n<div class=\"wp-block-media-text alignwide is-stacked-on-mobile is-vertically-aligned-center has-black-color has-background-100-background-color has-text-color has-background\" style=\"grid-template-columns:48% auto\"><figure class=\"wp-block-media-text__media\"><div class=\"t2-image-credit-wrapper\"><img loading=\"lazy\" decoding=\"async\" width=\"1024\" height=\"683\" src=\"https:\/\/files.teststeder.regjeringen.no\/wpuploads01\/sites\/529\/2023\/03\/E3A9875-hina-1024x683.jpg\" alt=\"\" class=\"wp-image-403 size-large\" srcset=\"https:\/\/files.teststeder.regjeringen.no\/wpuploads01\/sites\/529\/2023\/03\/E3A9875-hina-1024x683.jpg 1024w, https:\/\/files.teststeder.regjeringen.no\/wpuploads01\/sites\/529\/2023\/03\/E3A9875-hina-300x200.jpg 300w, https:\/\/files.teststeder.regjeringen.no\/wpuploads01\/sites\/529\/2023\/03\/E3A9875-hina-768x512.jpg 768w, https:\/\/files.teststeder.regjeringen.no\/wpuploads01\/sites\/529\/2023\/03\/E3A9875-hina-1536x1024.jpg 1536w, https:\/\/files.teststeder.regjeringen.no\/wpuploads01\/sites\/529\/2023\/03\/E3A9875-hina-2048x1366.jpg 2048w\" sizes=\"auto, (max-width: 1024px) 100vw, 1024px\" \/><span class=\"t2-image-credit\">\n\t\t\t\t<button type=\"button\" class=\"t2-image-credit-toggle\" aria-expanded=\"false\" aria-controls=\"image-credit\" aria-label=\"Toggle image credit\"><svg xmlns=\"http:\/\/www.w3.org\/2000\/svg\" viewBox=\"0 0 24 24\" height=\"24\" width=\"24\" class=\"t2-icon t2-icon-info\" aria-hidden=\"true\" focusable=\"false\"><path d=\"M12 17c.3 0 .5-.1.7-.3s.3-.4.3-.7v-4c0-.3-.1-.5-.3-.7-.2-.2-.4-.3-.7-.3s-.5.1-.7.3c-.2.2-.3.4-.3.7v4c0 .3.1.5.3.7s.4.3.7.3zm0-8c.3 0 .5-.1.7-.3.2-.2.3-.4.3-.7 0-.3-.1-.5-.3-.7-.2-.2-.4-.3-.7-.3s-.5.1-.7.3c-.2.2-.3.4-.3.7 0 .3.1.5.3.7.2.2.4.3.7.3zm0 13c-1.4 0-2.7-.3-3.9-.8-1.2-.5-2.3-1.2-3.2-2.1s-1.6-2-2.1-3.2S2 13.4 2 12s.3-2.7.8-3.9S4 5.8 4.9 4.9s2-1.6 3.2-2.1S10.6 2 12 2s2.7.3 3.9.8 2.3 1.2 3.2 2.1 1.6 2 2.1 3.2c.5 1.2.8 2.5.8 3.9s-.3 2.7-.8 3.9c-.5 1.2-1.2 2.3-2.1 3.2s-2 1.6-3.2 2.1c-1.2.5-2.5.8-3.9.8z\" fill=\"currentColor\" \/><\/svg><\/button>\n\t\t\t\t<span class=\"t2-image-credit-text wp-element-caption\" id=\"image-credit\" hidden>Foto: \u00a9 FOTO TROND ISAKSEN<\/span>\n\t\t\t<\/span><\/div><\/figure><div class=\"wp-block-media-text__content\">\n<h2 class=\"wp-block-heading\">Hina<\/h2>\n\n\n\n<p>Sivil\u00f8konom<\/p>\n\n\n<p class=\"t2-ingress wp-block-t2-ingress\">Utredningsleder i kommunalavdelingen<\/p>\n\n\n<div class=\"wp-block-buttons is-layout-flex wp-block-buttons-is-layout-flex\">\n<div class=\"wp-block-button\"><a class=\"wp-block-button__link has-background wp-element-button\" href=\"https:\/\/teststeder.regjeringen.no\/jobbikdd\/ansatte-om-kdd\/\" style=\"--border-color:#029aa2;border-radius:10px;background-color:#029aa2\">Les om andre ansatte i KDD<\/a><\/div>\n<\/div>\n<\/div><\/div>\n\n\n\n<h3 class=\"wp-block-heading\">Bakgrunn<\/h3>\n\n\n\n<p>Jeg er utdannet sivil\u00f8konom fra Handelsh\u00f8yskolen BI, med spesialisering i samfunns\u00f8konomi. Jeg startet i kommunalavdelingen i Kommunal- og distriktsdepartementet i 2015. F\u00f8r det jobbet jeg i Storebrand, med blant annet kommunal tjenestepensjon. Gjennom min erfaring i Storebrand fikk jeg god kjennskap til kommunal sektor, og ville bygge videre p\u00e5 det. Dette fikk jeg p\u00e5 en utmerket m\u00e5te mulighet til ved \u00e5 starte i kommunalavdelingen, i seksjon for kommune\u00f8konomi.<\/p>\n\n\n\n<p>I kommunalavdelingen jobber jeg blant annet med \u00f8konomibestemmelsene i kommuneloven. Det er stor bredde i oppgavene, hvor jeg f\u00e5r mulighet til \u00e5 sette meg inn i mange forskjellige typer problemstillinger. Noen eksempler p\u00e5 saker jeg jobber med er saker knyttet til kommuner i \u00f8konomisk ubalanse og kommunale garantier.<\/p>\n\n\n\n<p>Jeg jobber ogs\u00e5 med fastsettelse av de \u00f8konomiske rammene for kommunesektoren i statsbudsjettet. Dette gir en unik sammensetning av oppgaver som gir meg et makroperspektiv, samtidig som jeg ogs\u00e5 jobber med detaljer i saker knyttet til \u00f8konomireglene i kommuneloven.<\/p>\n\n\n\n<h3 class=\"wp-block-heading\">Min arbeidshverdag<\/h3>\n\n\n\n<p>Arbeidshverdagen min best\u00e5r av varierte oppgaver, h\u00f8yt tempo og mange spennende problemstillinger. En typisk arbeidsdag best\u00e5r av b\u00e5de teamarbeid og selvstendig arbeid.<\/p>\n\n\n\n<p>Arbeidet med statsbudsjettet inneb\u00e6rer blant annet tett kontakt med politikerne, arbeid med regjeringsnotater og samarbeid, b\u00e5de internt i avdelingen og med andre departementer, s\u00e6rlig Finansdepartementet. Gjennom budsjettarbeidet f\u00e5r jeg mulighet til \u00e5 se de store linjene, og det gir ogs\u00e5 en god innsikt i de politiske prosessene.<\/p>\n\n\n\n<p>Jeg pr\u00f8ver ogs\u00e5 \u00e5 holde meg oppdatert p\u00e5 det som skjer utenfor departementet og som kan ha betydning for budsjettarbeidet.<\/p>\n\n\n\n<h3 class=\"wp-block-heading\">Bruk av faglig bakgrunn<\/h3>\n\n\n\n<p>Det er viktig \u00e5 ha en god forst\u00e5else av \u00f8konomifaget i mitt arbeid. Min utdannelse og erfaring hjelper meg med \u00e5 sette meg inn i nye og komplekse problemstillinger. Gjennom arbeidsoppgavene tilegner jeg meg stadig ny kunnskap og f\u00e5r faglig utvikling.<\/p>\n","protected":false},"excerpt":{"rendered":"<p>Bakgrunn Jeg er utdannet sivil\u00f8konom fra Handelsh\u00f8yskolen BI, med spesialisering i samfunns\u00f8konomi. Jeg startet i kommunalavdelingen i Kommunal- og distriktsdepartementet i 2015. F\u00f8r det jobbet jeg i Storebrand, med blant annet kommunal tjenestepensjon. Gjennom min erfaring i Storebrand fikk jeg god kjennskap til kommunal sektor, og ville bygge videre p\u00e5 det. Dette fikk jeg p\u00e5\u2026<\/p>\n","protected":false},"author":357,"featured_media":403,"parent":355,"menu_order":0,"comment_status":"closed","ping_status":"closed","template":"","meta":{"dss_simple_post_excerpt":"Sivil\u00f8konom | Seniorr\u00e5dgiver i Kommunalavdelingen","dss_show_featured_image":false,"dss_show_title":true,"footnotes":""},"class_list":["post-402","page","type-page","status-publish","has-post-thumbnail","hentry"],"language":"nb-NO","_links":{"self":[{"href":"https:\/\/teststeder.regjeringen.no\/jobbikdd\/wp-json\/wp\/v2\/pages\/402","targetHints":{"allow":["GET"]}}],"collection":[{"href":"https:\/\/teststeder.regjeringen.no\/jobbikdd\/wp-json\/wp\/v2\/pages"}],"about":[{"href":"https:\/\/teststeder.regjeringen.no\/jobbikdd\/wp-json\/wp\/v2\/types\/page"}],"author":[{"embeddable":true,"href":"https:\/\/teststeder.regjeringen.no\/jobbikdd\/wp-json\/wp\/v2\/users\/357"}],"replies":[{"embeddable":true,"href":"https:\/\/teststeder.regjeringen.no\/jobbikdd\/wp-json\/wp\/v2\/comments?post=402"}],"version-history":[{"count":2,"href":"https:\/\/teststeder.regjeringen.no\/jobbikdd\/wp-json\/wp\/v2\/pages\/402\/revisions"}],"predecessor-version":[{"id":599,"href":"https:\/\/teststeder.regjeringen.no\/jobbikdd\/wp-json\/wp\/v2\/pages\/402\/revisions\/599"}],"up":[{"embeddable":true,"href":"https:\/\/teststeder.regjeringen.no\/jobbikdd\/wp-json\/wp\/v2\/pages\/355"}],"wp:featuredmedia":[{"embeddable":true,"href":"https:\/\/teststeder.regjeringen.no\/jobbikdd\/wp-json\/wp\/v2\/media\/403"}],"wp:attachment":[{"href":"https:\/\/teststeder.regjeringen.no\/jobbikdd\/wp-json\/wp\/v2\/media?parent=402"}],"curies":[{"name":"wp","href":"https:\/\/api.w.org\/{rel}","templated":true}]}}