{"id":410,"date":"2023-03-15T13:36:00","date_gmt":"2023-03-15T12:36:00","guid":{"rendered":"https:\/\/nettsteder.regjeringen.no\/jobbikdd\/?page_id=410"},"modified":"2023-08-04T09:58:49","modified_gmt":"2023-08-04T07:58:49","slug":"ragnhild","status":"publish","type":"page","link":"https:\/\/teststeder.regjeringen.no\/jobbikdd\/ansatte-om-kdd\/ragnhild\/","title":{"rendered":"Ragnhild"},"content":{"rendered":"\n<div class=\"wp-block-media-text alignwide is-stacked-on-mobile is-vertically-aligned-center has-black-color has-background-100-background-color has-text-color has-background\" style=\"grid-template-columns:48% auto\"><figure class=\"wp-block-media-text__media\"><div class=\"t2-image-credit-wrapper\"><img loading=\"lazy\" decoding=\"async\" width=\"1024\" height=\"683\" src=\"https:\/\/files.teststeder.regjeringen.no\/wpuploads01\/sites\/529\/2023\/03\/E3A9973-ragnhild-1024x683.jpg\" alt=\"\" class=\"wp-image-411 size-large\" srcset=\"https:\/\/files.teststeder.regjeringen.no\/wpuploads01\/sites\/529\/2023\/03\/E3A9973-ragnhild-1024x683.jpg 1024w, https:\/\/files.teststeder.regjeringen.no\/wpuploads01\/sites\/529\/2023\/03\/E3A9973-ragnhild-300x200.jpg 300w, https:\/\/files.teststeder.regjeringen.no\/wpuploads01\/sites\/529\/2023\/03\/E3A9973-ragnhild-768x512.jpg 768w, https:\/\/files.teststeder.regjeringen.no\/wpuploads01\/sites\/529\/2023\/03\/E3A9973-ragnhild-1536x1025.jpg 1536w, https:\/\/files.teststeder.regjeringen.no\/wpuploads01\/sites\/529\/2023\/03\/E3A9973-ragnhild-2048x1367.jpg 2048w\" sizes=\"auto, (max-width: 1024px) 100vw, 1024px\" \/><span class=\"t2-image-credit\">\n\t\t\t\t<button type=\"button\" class=\"t2-image-credit-toggle\" aria-expanded=\"false\" aria-controls=\"image-credit\" aria-label=\"Toggle image credit\"><svg xmlns=\"http:\/\/www.w3.org\/2000\/svg\" viewBox=\"0 0 24 24\" height=\"24\" width=\"24\" class=\"t2-icon t2-icon-info\" aria-hidden=\"true\" focusable=\"false\"><path d=\"M12 17c.3 0 .5-.1.7-.3s.3-.4.3-.7v-4c0-.3-.1-.5-.3-.7-.2-.2-.4-.3-.7-.3s-.5.1-.7.3c-.2.2-.3.4-.3.7v4c0 .3.1.5.3.7s.4.3.7.3zm0-8c.3 0 .5-.1.7-.3.2-.2.3-.4.3-.7 0-.3-.1-.5-.3-.7-.2-.2-.4-.3-.7-.3s-.5.1-.7.3c-.2.2-.3.4-.3.7 0 .3.1.5.3.7.2.2.4.3.7.3zm0 13c-1.4 0-2.7-.3-3.9-.8-1.2-.5-2.3-1.2-3.2-2.1s-1.6-2-2.1-3.2S2 13.4 2 12s.3-2.7.8-3.9S4 5.8 4.9 4.9s2-1.6 3.2-2.1S10.6 2 12 2s2.7.3 3.9.8 2.3 1.2 3.2 2.1 1.6 2 2.1 3.2c.5 1.2.8 2.5.8 3.9s-.3 2.7-.8 3.9c-.5 1.2-1.2 2.3-2.1 3.2s-2 1.6-3.2 2.1c-1.2.5-2.5.8-3.9.8z\" fill=\"currentColor\" \/><\/svg><\/button>\n\t\t\t\t<span class=\"t2-image-credit-text wp-element-caption\" id=\"image-credit\" hidden>Foto: \u00a9 FOTO TROND ISAKSEN<\/span>\n\t\t\t<\/span><\/div><\/figure><div class=\"wp-block-media-text__content\">\n<h2 class=\"wp-block-heading\">Ragnhild<\/h2>\n\n\n\n<p>Statsviter<\/p>\n\n\n<p class=\"t2-ingress wp-block-t2-ingress\">Utredningsleder i bolig- og bygningsavdelingen<\/p>\n\n\n<div class=\"wp-block-buttons is-layout-flex wp-block-buttons-is-layout-flex\">\n<div class=\"wp-block-button\"><a class=\"wp-block-button__link has-background wp-element-button\" href=\"https:\/\/teststeder.regjeringen.no\/jobbikdd\/ansatte-om-kdd\/\" style=\"--border-color:#029aa2;border-radius:10px;background-color:#029aa2\">Les om andre ansatte i KDD<\/a><\/div>\n<\/div>\n<\/div><\/div>\n\n\n\n<h3 class=\"wp-block-heading\">Bakgrunn<\/h3>\n\n\n\n<p>Jeg jobber n\u00e5 som utredningsleder i bolig- og bygningsavdelingen i Kommunal- og distriktdepartementet (KDD). Jeg er statsviter av bakgrunn og har en master i: Global politics and culture fra NTNU.&nbsp; Det er en tverrfaglig mastergrad med fag i statsvitenskap, historie, geografi og \u00f8konomi.<\/p>\n\n\n\n<p>Gjennom studietiden hadde jeg flere utenlandsopphold. Jeg var p\u00e5 utveksling ved \u2018Institute d\u2019\u00e9tudes politiques\u2019 ved Universit\u00e9 Robert Schuman i Strasbourg, i Frankrike. I tillegg var jeg praktikant ved den Norske ambassaden i Canada, og hadde et internship som en del av masterstudiet hos Elkem International Trade i Shanghai i Kina.<\/p>\n\n\n\n<p>Jeg startet arbeidslivet i Equinor. Her var jeg en del av selskapets Corporate Graduate Program. I mine f\u00f8rste to \u00e5r jobbet jeg i ulike deler av selskapet, med en rekke ulike prosjekter og arbeidsoppgaver. Deretter jobbet jeg som analytiker med ansvar for \u00e5 utarbeide analyser og strategier, b\u00e5de innenfor olje og gass og fornybarsektoren.<\/p>\n\n\n\n<p>I Equinor var jeg eneste statsviter i et team med \u00f8konomer og ingeni\u00f8rer. Jeg \u00f8nsket \u00e5 jobbe mer med politikkutforming og f\u00e5 brukt mer av fagbakgrunnen min. Da oljeprisen falt og alle ansatte ble tilbudt sluttpakker, tok vi en sjanse, flyttet fra Stavanger og s\u00f8kte jobber i Oslo. Jeg var heldig og fikk en spennende jobb i KDD i 2017.<\/p>\n\n\n\n<h3 class=\"wp-block-heading\">Min arbeidshverdag<\/h3>\n\n\n\n<p>Arbeidsdagen er variert og med mange spennende saker. Akkurat n\u00e5 er jeg prosjektleder for arbeidet med en stortingsmelding om regjeringens boligpolitikk. I denne rollen m\u00e5 jeg jobbe med mange ulike departement, hente innspill fra forskermilj\u00f8, kommuner og bransjen.&nbsp; Det jeg liker aller best er at jeg jobber med store samfunnsutfordringer som er dagsaktuelle. Det f\u00f8les meningsfylt \u00e5 h\u00f8re en debatt om boligmarkedet p\u00e5 politisk kvarter p\u00e5 vei til jobb, og s\u00e5 ta fatt p\u00e5 de samme sp\u00f8rsm\u00e5lene n\u00e5r man kommer p\u00e5 kontoret. Det er et stort ansvar \u00e5 p\u00e5virke de valgene politikerne tar, med de faglige vurderingene vi gir.<\/p>\n\n\n\n<h3 class=\"wp-block-heading\">Bruk av faglig bakgrunn <\/h3>\n\n\n\n<p>B\u00e5de fra studiet og i tidligere stillinger har jeg jobbet tverrfaglig. Boligpolitikken er kompleks, med mange akt\u00f8rer og krevende utfordringer. Jeg opplever at det \u00e5 v\u00e6re en generalist er en fordel for \u00e5 kunne skaffe seg et overblikk og se sammenhenger. Jeg jobber ofte med problemstillinger hvor det er viktig \u00e5 ta innover seg flere hensyn og hvor det er et mangfold av akt\u00f8rer og interessenter. Da er det viktig \u00e5 kunne gi politisk ledelse et godt faktagrunnlag som er presist, viser kompleksiteten, men samtidig er lett \u00e5 forst\u00e5.<\/p>\n","protected":false},"excerpt":{"rendered":"<p>Bakgrunn Jeg jobber n\u00e5 som utredningsleder i bolig- og bygningsavdelingen i Kommunal- og distriktdepartementet (KDD). Jeg er statsviter av bakgrunn og har en master i: Global politics and culture fra NTNU.&nbsp; Det er en tverrfaglig mastergrad med fag i statsvitenskap, historie, geografi og \u00f8konomi. Gjennom studietiden hadde jeg flere utenlandsopphold. Jeg var p\u00e5 utveksling ved\u2026<\/p>\n","protected":false},"author":357,"featured_media":411,"parent":355,"menu_order":0,"comment_status":"closed","ping_status":"closed","template":"","meta":{"dss_simple_post_excerpt":"Statsviter | Utredningsleder i Bolig- og bygningsavdelingen","dss_show_featured_image":false,"dss_show_title":false,"footnotes":""},"class_list":["post-410","page","type-page","status-publish","has-post-thumbnail","hentry"],"language":"nb-NO","_links":{"self":[{"href":"https:\/\/teststeder.regjeringen.no\/jobbikdd\/wp-json\/wp\/v2\/pages\/410","targetHints":{"allow":["GET"]}}],"collection":[{"href":"https:\/\/teststeder.regjeringen.no\/jobbikdd\/wp-json\/wp\/v2\/pages"}],"about":[{"href":"https:\/\/teststeder.regjeringen.no\/jobbikdd\/wp-json\/wp\/v2\/types\/page"}],"author":[{"embeddable":true,"href":"https:\/\/teststeder.regjeringen.no\/jobbikdd\/wp-json\/wp\/v2\/users\/357"}],"replies":[{"embeddable":true,"href":"https:\/\/teststeder.regjeringen.no\/jobbikdd\/wp-json\/wp\/v2\/comments?post=410"}],"version-history":[{"count":4,"href":"https:\/\/teststeder.regjeringen.no\/jobbikdd\/wp-json\/wp\/v2\/pages\/410\/revisions"}],"predecessor-version":[{"id":564,"href":"https:\/\/teststeder.regjeringen.no\/jobbikdd\/wp-json\/wp\/v2\/pages\/410\/revisions\/564"}],"up":[{"embeddable":true,"href":"https:\/\/teststeder.regjeringen.no\/jobbikdd\/wp-json\/wp\/v2\/pages\/355"}],"wp:featuredmedia":[{"embeddable":true,"href":"https:\/\/teststeder.regjeringen.no\/jobbikdd\/wp-json\/wp\/v2\/media\/411"}],"wp:attachment":[{"href":"https:\/\/teststeder.regjeringen.no\/jobbikdd\/wp-json\/wp\/v2\/media?parent=410"}],"curies":[{"name":"wp","href":"https:\/\/api.w.org\/{rel}","templated":true}]}}