{"id":414,"date":"2025-01-02T14:14:52","date_gmt":"2025-01-02T13:14:52","guid":{"rendered":"https:\/\/nettsteder.regjeringen.no\/jobbikdd\/?page_id=414"},"modified":"2025-01-02T15:33:52","modified_gmt":"2025-01-02T14:33:52","slug":"christoffer","status":"publish","type":"page","link":"https:\/\/teststeder.regjeringen.no\/jobbikdd\/ansatte-om-kdd\/christoffer\/","title":{"rendered":"Elise"},"content":{"rendered":"\n<div class=\"wp-block-media-text alignwide is-stacked-on-mobile is-vertically-aligned-center has-black-color has-background-100-background-color has-text-color has-background\" style=\"grid-template-columns:48% auto\"><figure class=\"wp-block-media-text__media\"><div class=\"t2-image-credit-wrapper\"><img loading=\"lazy\" decoding=\"async\" width=\"1024\" height=\"683\" src=\"https:\/\/files.teststeder.regjeringen.no\/wpuploads01\/sites\/529\/2025\/01\/1E3A6507-1024x683.jpg\" alt=\"portrett av kvinne med blondt h\u00e5r\" class=\"wp-image-626 size-large\" srcset=\"https:\/\/files.teststeder.regjeringen.no\/wpuploads01\/sites\/529\/2025\/01\/1E3A6507-1024x683.jpg 1024w, https:\/\/files.teststeder.regjeringen.no\/wpuploads01\/sites\/529\/2025\/01\/1E3A6507-300x200.jpg 300w, https:\/\/files.teststeder.regjeringen.no\/wpuploads01\/sites\/529\/2025\/01\/1E3A6507-768x512.jpg 768w, https:\/\/files.teststeder.regjeringen.no\/wpuploads01\/sites\/529\/2025\/01\/1E3A6507-1536x1024.jpg 1536w, https:\/\/files.teststeder.regjeringen.no\/wpuploads01\/sites\/529\/2025\/01\/1E3A6507-2048x1366.jpg 2048w\" sizes=\"auto, (max-width: 1024px) 100vw, 1024px\" \/><span class=\"t2-image-credit\">\n\t\t\t\t<button type=\"button\" class=\"t2-image-credit-toggle\" aria-expanded=\"false\" aria-controls=\"image-credit\" aria-label=\"Toggle image credit\"><svg xmlns=\"http:\/\/www.w3.org\/2000\/svg\" viewBox=\"0 0 24 24\" height=\"24\" width=\"24\" class=\"t2-icon t2-icon-info\" aria-hidden=\"true\" focusable=\"false\"><path d=\"M12 17c.3 0 .5-.1.7-.3s.3-.4.3-.7v-4c0-.3-.1-.5-.3-.7-.2-.2-.4-.3-.7-.3s-.5.1-.7.3c-.2.2-.3.4-.3.7v4c0 .3.1.5.3.7s.4.3.7.3zm0-8c.3 0 .5-.1.7-.3.2-.2.3-.4.3-.7 0-.3-.1-.5-.3-.7-.2-.2-.4-.3-.7-.3s-.5.1-.7.3c-.2.2-.3.4-.3.7 0 .3.1.5.3.7.2.2.4.3.7.3zm0 13c-1.4 0-2.7-.3-3.9-.8-1.2-.5-2.3-1.2-3.2-2.1s-1.6-2-2.1-3.2S2 13.4 2 12s.3-2.7.8-3.9S4 5.8 4.9 4.9s2-1.6 3.2-2.1S10.6 2 12 2s2.7.3 3.9.8 2.3 1.2 3.2 2.1 1.6 2 2.1 3.2c.5 1.2.8 2.5.8 3.9s-.3 2.7-.8 3.9c-.5 1.2-1.2 2.3-2.1 3.2s-2 1.6-3.2 2.1c-1.2.5-2.5.8-3.9.8z\" fill=\"currentColor\" \/><\/svg><\/button>\n\t\t\t\t<span class=\"t2-image-credit-text wp-element-caption\" id=\"image-credit\" hidden>Foto: \u00a9 FOTO TROND ISAKSEN<\/span>\n\t\t\t<\/span><\/div><\/figure><div class=\"wp-block-media-text__content\">\n<h2 class=\"wp-block-heading\">Elise<\/h2>\n\n\n\n<p>Samfunnsviter<\/p>\n\n\n<p class=\"t2-ingress wp-block-t2-ingress\">R\u00e5dgiver i avdeling for styring og organisasjon<\/p>\n\n\n<div class=\"wp-block-buttons is-layout-flex wp-block-buttons-is-layout-flex\">\n<div class=\"wp-block-button\"><a class=\"wp-block-button__link has-background wp-element-button\" href=\"https:\/\/teststeder.regjeringen.no\/jobbikdd\/ansatte-om-kdd\/\" style=\"--border-color:#029aa2;border-radius:10px;background-color:#029aa2\">Les om andre ansatte i KDD<\/a><\/div>\n<\/div>\n<\/div><\/div>\n\n\n\n<h3 class=\"wp-block-heading\">Bakgrunn<\/h3>\n\n\n\n<p>Jeg har en bachelor i milj\u00f8- og utviklingsstudier fra Norges milj\u00f8- og biovitenskapelige universitet, og en master i geopolitikk og global \u00f8konomi fra University College Dublin. Begge studiene er sv\u00e6rt tverrfaglig, med en kombinasjon av naturvitenskap, samfunnsvitenskap, og \u00f8konomi. Under studiene hadde jeg et praktikantopphold i Milj\u00f8stiftelsen Zero.<\/p>\n\n\n\n<p>F\u00f8r jeg startet i Kommunal- og distriktsdepartementet, jobbet jeg f\u00f8rst i en ideell organisasjon, og s\u00e5 i Klima- og milj\u00f8departementet.<\/p>\n\n\n\n<h3 class=\"wp-block-heading\">Min arbeidshverdag<\/h3>\n\n\n\n<p>Jeg jobber i hovedsak med samordning, dvs. koordinering av h\u00f8ringer og foreleggelsessaker. Alle saker som skal behandles i regjering, m\u00e5 f\u00f8rst forelegges ber\u00f8rte departementer for innspill og merknader. P\u00e5 den m\u00e5ten har man som samordner god oversikt over sakene som er i oml\u00f8p, b\u00e5de internt i departementet og i departementsfellesskapet.<\/p>\n\n\n\n<p>I tillegg til h\u00f8ringer og foreleggelsessaker, bist\u00e5r jeg med \u00e5 koordinere departementets FoU-arbeid. Det meste av det langsiktige, forskingsbaserte FoU-arbeidet g\u00e5r gjennom tildelingen til Forskingsr\u00e5det, som KDD f\u00f8lger opp gjennom styringssignaler i tildelingsbrev og styringsdialog.<\/p>\n\n\n\n<p>Utover det jeg har nevnt ovenfor, jobber jeg litt med virksomhetsstyring, studentsamarbeid og karriere\/profilering.<\/p>\n\n\n\n<h3 class=\"wp-block-heading\">Bruk av faglig bakgrunn<\/h3>\n\n\n\n<p>En stor del av rollen som samordner inneb\u00e6rer \u00e5 ha oversikt og operere innenfor korte frister. Jeg tror det er en styrke \u00e5 ha en bred og tverrfaglig utdanningsbakgrunn, slik at man lett kan sette seg inn i nye saker og se sammenhenger p\u00e5 tvers. Det er ogs\u00e5 nyttig \u00e5 v\u00e6re interessert i hvordan det politiske systemet og forvaltningsniv\u00e5er fungerer p\u00e5 tvers av fagomr\u00e5der, noe man absolutt blir om man studerer utviklingsstudier, og geopolitikk og global \u00f8konomi.<\/p>\n","protected":false},"excerpt":{"rendered":"<p>Bakgrunn Jeg har en bachelor i milj\u00f8- og utviklingsstudier fra Norges milj\u00f8- og biovitenskapelige universitet, og en master i geopolitikk og global \u00f8konomi fra University College Dublin. Begge studiene er sv\u00e6rt tverrfaglig, med en kombinasjon av naturvitenskap, samfunnsvitenskap, og \u00f8konomi. Under studiene hadde jeg et praktikantopphold i Milj\u00f8stiftelsen Zero. F\u00f8r jeg startet i Kommunal- og\u2026<\/p>\n","protected":false},"author":357,"featured_media":626,"parent":355,"menu_order":0,"comment_status":"closed","ping_status":"closed","template":"","meta":{"dss_simple_post_excerpt":"Statsviter | R\u00e5dgiver i avdeling for styring og organisasjon","dss_show_featured_image":false,"dss_show_title":true,"footnotes":""},"class_list":["post-414","page","type-page","status-publish","has-post-thumbnail","hentry"],"language":"nb-NO","_links":{"self":[{"href":"https:\/\/teststeder.regjeringen.no\/jobbikdd\/wp-json\/wp\/v2\/pages\/414","targetHints":{"allow":["GET"]}}],"collection":[{"href":"https:\/\/teststeder.regjeringen.no\/jobbikdd\/wp-json\/wp\/v2\/pages"}],"about":[{"href":"https:\/\/teststeder.regjeringen.no\/jobbikdd\/wp-json\/wp\/v2\/types\/page"}],"author":[{"embeddable":true,"href":"https:\/\/teststeder.regjeringen.no\/jobbikdd\/wp-json\/wp\/v2\/users\/357"}],"replies":[{"embeddable":true,"href":"https:\/\/teststeder.regjeringen.no\/jobbikdd\/wp-json\/wp\/v2\/comments?post=414"}],"version-history":[{"count":2,"href":"https:\/\/teststeder.regjeringen.no\/jobbikdd\/wp-json\/wp\/v2\/pages\/414\/revisions"}],"predecessor-version":[{"id":627,"href":"https:\/\/teststeder.regjeringen.no\/jobbikdd\/wp-json\/wp\/v2\/pages\/414\/revisions\/627"}],"up":[{"embeddable":true,"href":"https:\/\/teststeder.regjeringen.no\/jobbikdd\/wp-json\/wp\/v2\/pages\/355"}],"wp:featuredmedia":[{"embeddable":true,"href":"https:\/\/teststeder.regjeringen.no\/jobbikdd\/wp-json\/wp\/v2\/media\/626"}],"wp:attachment":[{"href":"https:\/\/teststeder.regjeringen.no\/jobbikdd\/wp-json\/wp\/v2\/media?parent=414"}],"curies":[{"name":"wp","href":"https:\/\/api.w.org\/{rel}","templated":true}]}}