{"id":629,"date":"2025-01-02T15:30:35","date_gmt":"2025-01-02T14:30:35","guid":{"rendered":"https:\/\/nettsteder.regjeringen.no\/jobbikdd\/?page_id=629"},"modified":"2025-01-02T15:35:21","modified_gmt":"2025-01-02T14:35:21","slug":"admir","status":"publish","type":"page","link":"https:\/\/teststeder.regjeringen.no\/jobbikdd\/ansatte-om-kdd\/admir\/","title":{"rendered":"Admir"},"content":{"rendered":"\n<div class=\"wp-block-media-text alignwide is-stacked-on-mobile is-vertically-aligned-center has-black-color has-background-100-background-color has-text-color has-background\" style=\"grid-template-columns:48% auto\"><figure class=\"wp-block-media-text__media\"><div class=\"t2-image-credit-wrapper\"><img loading=\"lazy\" decoding=\"async\" width=\"1024\" height=\"683\" src=\"https:\/\/files.teststeder.regjeringen.no\/wpuploads01\/sites\/529\/2025\/01\/1E3A6534-1024x683.jpg\" alt=\"Portrett av mann i gr\u00f8nn skjorte\" class=\"wp-image-630 size-large\" srcset=\"https:\/\/files.teststeder.regjeringen.no\/wpuploads01\/sites\/529\/2025\/01\/1E3A6534-1024x683.jpg 1024w, https:\/\/files.teststeder.regjeringen.no\/wpuploads01\/sites\/529\/2025\/01\/1E3A6534-300x200.jpg 300w, https:\/\/files.teststeder.regjeringen.no\/wpuploads01\/sites\/529\/2025\/01\/1E3A6534-768x512.jpg 768w, https:\/\/files.teststeder.regjeringen.no\/wpuploads01\/sites\/529\/2025\/01\/1E3A6534-1536x1024.jpg 1536w, https:\/\/files.teststeder.regjeringen.no\/wpuploads01\/sites\/529\/2025\/01\/1E3A6534-2048x1366.jpg 2048w\" sizes=\"auto, (max-width: 1024px) 100vw, 1024px\" \/><span class=\"t2-image-credit\">\n\t\t\t\t<button type=\"button\" class=\"t2-image-credit-toggle\" aria-expanded=\"false\" aria-controls=\"image-credit\" aria-label=\"Toggle image credit\"><svg xmlns=\"http:\/\/www.w3.org\/2000\/svg\" viewBox=\"0 0 24 24\" height=\"24\" width=\"24\" class=\"t2-icon t2-icon-info\" aria-hidden=\"true\" focusable=\"false\"><path d=\"M12 17c.3 0 .5-.1.7-.3s.3-.4.3-.7v-4c0-.3-.1-.5-.3-.7-.2-.2-.4-.3-.7-.3s-.5.1-.7.3c-.2.2-.3.4-.3.7v4c0 .3.1.5.3.7s.4.3.7.3zm0-8c.3 0 .5-.1.7-.3.2-.2.3-.4.3-.7 0-.3-.1-.5-.3-.7-.2-.2-.4-.3-.7-.3s-.5.1-.7.3c-.2.2-.3.4-.3.7 0 .3.1.5.3.7.2.2.4.3.7.3zm0 13c-1.4 0-2.7-.3-3.9-.8-1.2-.5-2.3-1.2-3.2-2.1s-1.6-2-2.1-3.2S2 13.4 2 12s.3-2.7.8-3.9S4 5.8 4.9 4.9s2-1.6 3.2-2.1S10.6 2 12 2s2.7.3 3.9.8 2.3 1.2 3.2 2.1 1.6 2 2.1 3.2c.5 1.2.8 2.5.8 3.9s-.3 2.7-.8 3.9c-.5 1.2-1.2 2.3-2.1 3.2s-2 1.6-3.2 2.1c-1.2.5-2.5.8-3.9.8z\" fill=\"currentColor\" \/><\/svg><\/button>\n\t\t\t\t<span class=\"t2-image-credit-text wp-element-caption\" id=\"image-credit\" hidden>Foto: \u00a9 FOTO TROND ISAKSEN<\/span>\n\t\t\t<\/span><\/div><\/figure><div class=\"wp-block-media-text__content\">\n<h2 class=\"wp-block-heading\">Admir<\/h2>\n\n\n\n<p>Jurist<\/p>\n\n\n<p class=\"t2-ingress wp-block-t2-ingress\">Seniorr\u00e5dgiver i Bolig- og bygningsavdelingen<\/p>\n\n\n<div class=\"wp-block-buttons is-layout-flex wp-block-buttons-is-layout-flex\">\n<div class=\"wp-block-button\"><a class=\"wp-block-button__link has-background wp-element-button\" href=\"https:\/\/teststeder.regjeringen.no\/jobbikdd\/ansatte-om-kdd\/\" style=\"--border-color:#029aa2;border-radius:10px;background-color:#029aa2\">Les om andre ansatte i KDD<\/a><\/div>\n<\/div>\n<\/div><\/div>\n\n\n\n<h3 class=\"wp-block-heading\">Bakgrunn<\/h3>\n\n\n\n<p>Jeg er utdannet jurist. Under studietiden hadde jeg praktikantopphold p\u00e5 den norske ambassaden i Kosovo, Sandefjord tingrett og Utlendingsdirektoratet. Etter endt utdanning jobbet jeg en kort periode i Utlendingsdirektoratet. Deretter arbeidet jeg i Velferdsetaten i Oslo kommune i litt over fire \u00e5r, hvor jeg blant annet jobbet med klagesaksbehandling, utredningsarbeid og regelverksutvikling p\u00e5 det boligsosiale feltet.<\/p>\n\n\n\n<p>Etter dette f\u00f8rte veien videre til i Kommunal- og distriktsdepartementet og bolig- og bygningsavdelingen. En stor motivasjon for dette var muligheten til \u00e5 jobbe i det departementet som har ansvar for den boligsosiale politikken og den \u00f8vrige bolig- og bygningslovgivningen.<\/p>\n\n\n\n<h3 class=\"wp-block-heading\">Min arbeidshverdag<\/h3>\n\n\n\n<p>Arbeidshverdagen min er variert, men i hovedsak best\u00e5r den av regelverksutvikling og regelverkstolkning. Noen arbeidsoppgaver og prosjekter har lange tidshorisonter, mens andre oppgaver har kortere frister. Bolig- og bygningsavdelingen har ansvar for flere viktige lover og forskrifter som ber\u00f8rer folks hverdag, blant annet husleieloven, eierseksjonsloven, boligsosialloven og byggesaksdelen i plan- og bygningsloven. Det skjer stadig noe i bolig- og bygningssektoren og det er veldig spennende \u00e5 kunne v\u00e6re med p\u00e5 \u00e5 forvalte og utvikle dette regelverket.<\/p>\n\n\n\n<p>Som ansatt i departementet er det ikke uvanlig at man f\u00e5r muligheten til \u00e5 arbeide i sekretariatet til regjeringsoppnevnte utvalg og skrive NOUer og lignende rapporter. Det er en unik mulighet til \u00e5 jobbe med andre veldig dyktige kollegaer p\u00e5 tvers av fagbakgrunn og fordype seg grundig i ulike temaer. Dette har v\u00e6rt en s\u00e6rlig l\u00e6rerik og spennende erfaring.<\/p>\n\n\n\n<p>\u00c5 jobbe i departementet inneb\u00e6rer ogs\u00e5 arbeid opp mot politisk ledelse. Det betyr at vi blant annet skriver notater og talepunkter til statsr\u00e5den og statssekret\u00e6rene, og innlegg til debatten i Stortinget n\u00e5r statsr\u00e5den deltar der. Hvis man er interessert i politikk og hvordan statsorganene fungerer, er dette et ekstra g\u00f8y aspekt ved jobben.<\/p>\n\n\n\n<h3 class=\"wp-block-heading\">Bruk av faglig bakgrunn<\/h3>\n\n\n\n<p>Jeg bruker den juridiske kompetansen min hver dag, b\u00e5de n\u00e5r jeg skriver tolkningsuttalelser og n\u00e5r jeg skriver utkast til lovtekst. Jeg synes det er veldig spennende \u00e5 pusle med ord og formuleringer for \u00e5 utarbeide et presist og forst\u00e5elig lovverk. Klart spr\u00e5k er viktig i denne delen av jobben, men ogs\u00e5 n\u00e5r vi gir r\u00e5d til politisk ledelse.<\/p>\n","protected":false},"excerpt":{"rendered":"<p>Bakgrunn Jeg er utdannet jurist. Under studietiden hadde jeg praktikantopphold p\u00e5 den norske ambassaden i Kosovo, Sandefjord tingrett og Utlendingsdirektoratet. Etter endt utdanning jobbet jeg en kort periode i Utlendingsdirektoratet. Deretter arbeidet jeg i Velferdsetaten i Oslo kommune i litt over fire \u00e5r, hvor jeg blant annet jobbet med klagesaksbehandling, utredningsarbeid og regelverksutvikling p\u00e5 det\u2026<\/p>\n","protected":false},"author":3270,"featured_media":630,"parent":355,"menu_order":0,"comment_status":"closed","ping_status":"closed","template":"","meta":{"dss_simple_post_excerpt":"Jurist | Seniorr\u00e5dgiver i Bolig- og bygningsavdelingen","dss_show_featured_image":false,"dss_show_title":true,"footnotes":""},"class_list":["post-629","page","type-page","status-publish","has-post-thumbnail","hentry"],"language":"nb-NO","_links":{"self":[{"href":"https:\/\/teststeder.regjeringen.no\/jobbikdd\/wp-json\/wp\/v2\/pages\/629","targetHints":{"allow":["GET"]}}],"collection":[{"href":"https:\/\/teststeder.regjeringen.no\/jobbikdd\/wp-json\/wp\/v2\/pages"}],"about":[{"href":"https:\/\/teststeder.regjeringen.no\/jobbikdd\/wp-json\/wp\/v2\/types\/page"}],"author":[{"embeddable":true,"href":"https:\/\/teststeder.regjeringen.no\/jobbikdd\/wp-json\/wp\/v2\/users\/3270"}],"replies":[{"embeddable":true,"href":"https:\/\/teststeder.regjeringen.no\/jobbikdd\/wp-json\/wp\/v2\/comments?post=629"}],"version-history":[{"count":1,"href":"https:\/\/teststeder.regjeringen.no\/jobbikdd\/wp-json\/wp\/v2\/pages\/629\/revisions"}],"predecessor-version":[{"id":631,"href":"https:\/\/teststeder.regjeringen.no\/jobbikdd\/wp-json\/wp\/v2\/pages\/629\/revisions\/631"}],"up":[{"embeddable":true,"href":"https:\/\/teststeder.regjeringen.no\/jobbikdd\/wp-json\/wp\/v2\/pages\/355"}],"wp:featuredmedia":[{"embeddable":true,"href":"https:\/\/teststeder.regjeringen.no\/jobbikdd\/wp-json\/wp\/v2\/media\/630"}],"wp:attachment":[{"href":"https:\/\/teststeder.regjeringen.no\/jobbikdd\/wp-json\/wp\/v2\/media?parent=629"}],"curies":[{"name":"wp","href":"https:\/\/api.w.org\/{rel}","templated":true}]}}