{"id":640,"date":"2025-01-03T09:27:48","date_gmt":"2025-01-03T08:27:48","guid":{"rendered":"https:\/\/nettsteder.regjeringen.no\/jobbikdd\/?page_id=640"},"modified":"2025-01-03T09:48:49","modified_gmt":"2025-01-03T08:48:49","slug":"kaja","status":"publish","type":"page","link":"https:\/\/teststeder.regjeringen.no\/jobbikdd\/ansatte-om-kdd\/kaja\/","title":{"rendered":"Kaja"},"content":{"rendered":"\n<div class=\"wp-block-media-text alignwide is-stacked-on-mobile is-vertically-aligned-center has-black-color has-background-100-background-color has-text-color has-background\" style=\"grid-template-columns:48% auto\"><figure class=\"wp-block-media-text__media\"><div class=\"t2-image-credit-wrapper\"><img loading=\"lazy\" decoding=\"async\" width=\"1024\" height=\"683\" src=\"https:\/\/files.teststeder.regjeringen.no\/wpuploads01\/sites\/529\/2025\/01\/1E3A6643-1024x683.jpg\" alt=\"Portrett av kvinne med m\u00f8rke kl\u00e6r og langt m\u00f8rkt h\u00e5r\" class=\"wp-image-641 size-large\" srcset=\"https:\/\/files.teststeder.regjeringen.no\/wpuploads01\/sites\/529\/2025\/01\/1E3A6643-1024x683.jpg 1024w, https:\/\/files.teststeder.regjeringen.no\/wpuploads01\/sites\/529\/2025\/01\/1E3A6643-300x200.jpg 300w, https:\/\/files.teststeder.regjeringen.no\/wpuploads01\/sites\/529\/2025\/01\/1E3A6643-768x512.jpg 768w, https:\/\/files.teststeder.regjeringen.no\/wpuploads01\/sites\/529\/2025\/01\/1E3A6643-1536x1025.jpg 1536w, https:\/\/files.teststeder.regjeringen.no\/wpuploads01\/sites\/529\/2025\/01\/1E3A6643-2048x1366.jpg 2048w\" sizes=\"auto, (max-width: 1024px) 100vw, 1024px\" \/><span class=\"t2-image-credit\">\n\t\t\t\t<button type=\"button\" class=\"t2-image-credit-toggle\" aria-expanded=\"false\" aria-controls=\"image-credit\" aria-label=\"Toggle image credit\"><svg xmlns=\"http:\/\/www.w3.org\/2000\/svg\" viewBox=\"0 0 24 24\" height=\"24\" width=\"24\" class=\"t2-icon t2-icon-info\" aria-hidden=\"true\" focusable=\"false\"><path d=\"M12 17c.3 0 .5-.1.7-.3s.3-.4.3-.7v-4c0-.3-.1-.5-.3-.7-.2-.2-.4-.3-.7-.3s-.5.1-.7.3c-.2.2-.3.4-.3.7v4c0 .3.1.5.3.7s.4.3.7.3zm0-8c.3 0 .5-.1.7-.3.2-.2.3-.4.3-.7 0-.3-.1-.5-.3-.7-.2-.2-.4-.3-.7-.3s-.5.1-.7.3c-.2.2-.3.4-.3.7 0 .3.1.5.3.7.2.2.4.3.7.3zm0 13c-1.4 0-2.7-.3-3.9-.8-1.2-.5-2.3-1.2-3.2-2.1s-1.6-2-2.1-3.2S2 13.4 2 12s.3-2.7.8-3.9S4 5.8 4.9 4.9s2-1.6 3.2-2.1S10.6 2 12 2s2.7.3 3.9.8 2.3 1.2 3.2 2.1 1.6 2 2.1 3.2c.5 1.2.8 2.5.8 3.9s-.3 2.7-.8 3.9c-.5 1.2-1.2 2.3-2.1 3.2s-2 1.6-3.2 2.1c-1.2.5-2.5.8-3.9.8z\" fill=\"currentColor\" \/><\/svg><\/button>\n\t\t\t\t<span class=\"t2-image-credit-text wp-element-caption\" id=\"image-credit\" hidden>Foto: \u00a9 FOTO TROND ISAKSEN<\/span>\n\t\t\t<\/span><\/div><\/figure><div class=\"wp-block-media-text__content\">\n<h2 class=\"wp-block-heading\">Kaja<\/h2>\n\n\n\n<p>Statsviter<\/p>\n\n\n<p class=\"t2-ingress wp-block-t2-ingress\">F\u00f8rstekonsulent i samordningssseksjon i Kommunalavdelingen<\/p>\n\n\n<div class=\"wp-block-buttons is-layout-flex wp-block-buttons-is-layout-flex\">\n<div class=\"wp-block-button\"><a class=\"wp-block-button__link has-background wp-element-button\" href=\"https:\/\/teststeder.regjeringen.no\/jobbikdd\/ansatte-om-kdd\/\" style=\"--border-color:#029aa2;border-radius:10px;background-color:#029aa2\">Les om andre ansatte i KDD<\/a><\/div>\n<\/div>\n<\/div><\/div>\n\n\n\n<h3 class=\"wp-block-heading\">Bakgrunn<\/h3>\n\n\n\n<p>Jeg er utdannet statsviter med en bachelorgrad i statsvitenskap fra UiA og en mastergrad i sammenliknende politikk fra UiB. I tillegg har jeg studert litt utviklingsstudier og filosofi. Min f\u00f8rste jobb etter jeg var ferdig med studiene var et traineeopphold i Porsgrunn kommune via Trainee Vestfold og Telemark. Her jobbet jeg med samfunnsplanlegging, mer spesifikt kommuneplanens samfunnsdel og plansystemet i kommunen. Jeg har alltid v\u00e6rt interessert i \u00e5 jobbe i et departement, og ble veldig glad da jeg fikk jobben i KDD for et \u00e5rs tid siden. For min del har det v\u00e6rt veldig spennende \u00e5 g\u00e5 fra kommunal til statlig forvaltning.<\/p>\n\n\n\n<h3 class=\"wp-block-heading\">Min arbeidshverdag<\/h3>\n\n\n\n<p>Jeg jobber n\u00e5 hovedsakelig med \u00e5 vurdere saker som skal opp i regjeringskonferanse i et kommuneperspektiv. I tillegg er jeg med og koordinerer konsultasjonsordningen mellom KS og KDD, og jeg er med i v\u00e5r internasjonale gruppe.<\/p>\n\n\n\n<p>Arbeidsdagene mine er veldig varierte. Man f\u00e5r v\u00e6re med p\u00e5 mer langvarig utviklingsarbeid, men f\u00e5r ogs\u00e5 et innblikk i mange ulike politiske problemstillinger n\u00e5r man jobber s\u00e5 tett p\u00e5 regjeringskonferansene. Dette gj\u00f8r at ingen uker er helt like p\u00e5 jobb, noe jeg trives godt med. Jeg jobber en del selvstendig, men ogs\u00e5 sammen med de andre samordnerne i v\u00e5re \u00f8konomiske og juridiske seksjoner.<br><br>Jeg har alltid v\u00e6rt interessert i politikk, og i denne jobben kommer man tett p\u00e5 politisk ledelse noe jeg syns er veldig spennende. Jeg opplever \u00e5 jobbe med dagsaktuelle temaer hver dag p\u00e5 jobb, det oppleves som en jobb med mye mening. Som relativt ny vil jeg ogs\u00e5 skryte av all oppf\u00f8lgingen man f\u00e5r av de andre man jobber med og for et bra introduksjonsopplegg n\u00e5r man er helt fersk.<\/p>\n\n\n\n<h3 class=\"wp-block-heading\">Bruk av faglig bakgrunn<\/h3>\n\n\n\n<p>Flere av mine studievenner har sagt til meg at jeg har den mest faglig relevante statsviter-jobben de vet om, og det syns jeg beskriver det jeg driver med bra. Store deler av arbeidshverdagen min er som snytt ut av pensumet p\u00e5 studiene om hvordan embetsverket skal serve den politiske ledelsen. Ettersom vi jobber med \u00e5 ivareta kommunalt selvstyre har det v\u00e6rt en ekstra god erfaring for meg at jeg ogs\u00e5 kjenner til mange av utfordringer som finnes i tilknytning til det \u00e5 faktisk jobbe i administrasjonen i en kommune.<\/p>\n","protected":false},"excerpt":{"rendered":"<p>Bakgrunn Jeg er utdannet statsviter med en bachelorgrad i statsvitenskap fra UiA og en mastergrad i sammenliknende politikk fra UiB. I tillegg har jeg studert litt utviklingsstudier og filosofi. Min f\u00f8rste jobb etter jeg var ferdig med studiene var et traineeopphold i Porsgrunn kommune via Trainee Vestfold og Telemark. Her jobbet jeg med samfunnsplanlegging, mer\u2026<\/p>\n","protected":false},"author":3270,"featured_media":641,"parent":355,"menu_order":0,"comment_status":"closed","ping_status":"closed","template":"","meta":{"dss_simple_post_excerpt":"Statsviter | samordningssseksjonen i Kommunalavdelingen","dss_show_featured_image":false,"dss_show_title":true,"footnotes":""},"class_list":["post-640","page","type-page","status-publish","has-post-thumbnail","hentry"],"language":"nb-NO","_links":{"self":[{"href":"https:\/\/teststeder.regjeringen.no\/jobbikdd\/wp-json\/wp\/v2\/pages\/640","targetHints":{"allow":["GET"]}}],"collection":[{"href":"https:\/\/teststeder.regjeringen.no\/jobbikdd\/wp-json\/wp\/v2\/pages"}],"about":[{"href":"https:\/\/teststeder.regjeringen.no\/jobbikdd\/wp-json\/wp\/v2\/types\/page"}],"author":[{"embeddable":true,"href":"https:\/\/teststeder.regjeringen.no\/jobbikdd\/wp-json\/wp\/v2\/users\/3270"}],"replies":[{"embeddable":true,"href":"https:\/\/teststeder.regjeringen.no\/jobbikdd\/wp-json\/wp\/v2\/comments?post=640"}],"version-history":[{"count":1,"href":"https:\/\/teststeder.regjeringen.no\/jobbikdd\/wp-json\/wp\/v2\/pages\/640\/revisions"}],"predecessor-version":[{"id":642,"href":"https:\/\/teststeder.regjeringen.no\/jobbikdd\/wp-json\/wp\/v2\/pages\/640\/revisions\/642"}],"up":[{"embeddable":true,"href":"https:\/\/teststeder.regjeringen.no\/jobbikdd\/wp-json\/wp\/v2\/pages\/355"}],"wp:featuredmedia":[{"embeddable":true,"href":"https:\/\/teststeder.regjeringen.no\/jobbikdd\/wp-json\/wp\/v2\/media\/641"}],"wp:attachment":[{"href":"https:\/\/teststeder.regjeringen.no\/jobbikdd\/wp-json\/wp\/v2\/media?parent=640"}],"curies":[{"name":"wp","href":"https:\/\/api.w.org\/{rel}","templated":true}]}}