{"id":645,"date":"2025-01-03T10:05:22","date_gmt":"2025-01-03T09:05:22","guid":{"rendered":"https:\/\/nettsteder.regjeringen.no\/jobbikdd\/?page_id=645"},"modified":"2025-01-03T10:05:41","modified_gmt":"2025-01-03T09:05:41","slug":"knut","status":"publish","type":"page","link":"https:\/\/teststeder.regjeringen.no\/jobbikdd\/ansatte-om-kdd\/knut\/","title":{"rendered":"Knut"},"content":{"rendered":"\n<div class=\"wp-block-media-text alignwide is-stacked-on-mobile is-vertically-aligned-center has-black-color has-background-100-background-color has-text-color has-background\" style=\"grid-template-columns:48% auto\"><figure class=\"wp-block-media-text__media\"><div class=\"t2-image-credit-wrapper\"><img loading=\"lazy\" decoding=\"async\" width=\"1024\" height=\"683\" src=\"https:\/\/files.teststeder.regjeringen.no\/wpuploads01\/sites\/529\/2025\/01\/1E3A6658-1024x683.jpg\" alt=\"portrett av eldre mann i oransje skjorte med kort, lyst h\u00e5r\" class=\"wp-image-646 size-large\" srcset=\"https:\/\/files.teststeder.regjeringen.no\/wpuploads01\/sites\/529\/2025\/01\/1E3A6658-1024x683.jpg 1024w, https:\/\/files.teststeder.regjeringen.no\/wpuploads01\/sites\/529\/2025\/01\/1E3A6658-300x200.jpg 300w, https:\/\/files.teststeder.regjeringen.no\/wpuploads01\/sites\/529\/2025\/01\/1E3A6658-768x512.jpg 768w, https:\/\/files.teststeder.regjeringen.no\/wpuploads01\/sites\/529\/2025\/01\/1E3A6658-1536x1025.jpg 1536w, https:\/\/files.teststeder.regjeringen.no\/wpuploads01\/sites\/529\/2025\/01\/1E3A6658-2048x1366.jpg 2048w\" sizes=\"auto, (max-width: 1024px) 100vw, 1024px\" \/><span class=\"t2-image-credit\">\n\t\t\t\t<button type=\"button\" class=\"t2-image-credit-toggle\" aria-expanded=\"false\" aria-controls=\"image-credit\" aria-label=\"Toggle image credit\"><svg xmlns=\"http:\/\/www.w3.org\/2000\/svg\" viewBox=\"0 0 24 24\" height=\"24\" width=\"24\" class=\"t2-icon t2-icon-info\" aria-hidden=\"true\" focusable=\"false\"><path d=\"M12 17c.3 0 .5-.1.7-.3s.3-.4.3-.7v-4c0-.3-.1-.5-.3-.7-.2-.2-.4-.3-.7-.3s-.5.1-.7.3c-.2.2-.3.4-.3.7v4c0 .3.1.5.3.7s.4.3.7.3zm0-8c.3 0 .5-.1.7-.3.2-.2.3-.4.3-.7 0-.3-.1-.5-.3-.7-.2-.2-.4-.3-.7-.3s-.5.1-.7.3c-.2.2-.3.4-.3.7 0 .3.1.5.3.7.2.2.4.3.7.3zm0 13c-1.4 0-2.7-.3-3.9-.8-1.2-.5-2.3-1.2-3.2-2.1s-1.6-2-2.1-3.2S2 13.4 2 12s.3-2.7.8-3.9S4 5.8 4.9 4.9s2-1.6 3.2-2.1S10.6 2 12 2s2.7.3 3.9.8 2.3 1.2 3.2 2.1 1.6 2 2.1 3.2c.5 1.2.8 2.5.8 3.9s-.3 2.7-.8 3.9c-.5 1.2-1.2 2.3-2.1 3.2s-2 1.6-3.2 2.1c-1.2.5-2.5.8-3.9.8z\" fill=\"currentColor\" \/><\/svg><\/button>\n\t\t\t\t<span class=\"t2-image-credit-text wp-element-caption\" id=\"image-credit\" hidden>Foto: \u00a9 FOTO TROND ISAKSEN<\/span>\n\t\t\t<\/span><\/div><\/figure><div class=\"wp-block-media-text__content\">\n<h2 class=\"wp-block-heading\">Knut<\/h2>\n\n\n\n<p>Samfunnsplanlegger<\/p>\n\n\n<p class=\"t2-ingress wp-block-t2-ingress\">Avdelingsdirekt\u00f8r i planavdelingen<\/p>\n\n\n<div class=\"wp-block-buttons is-layout-flex wp-block-buttons-is-layout-flex\">\n<div class=\"wp-block-button\"><a class=\"wp-block-button__link has-background wp-element-button\" href=\"https:\/\/teststeder.regjeringen.no\/jobbikdd\/ansatte-om-kdd\/\" style=\"--border-color:#029aa2;border-radius:10px;background-color:#029aa2\">Les om andre ansatte i KDD<\/a><\/div>\n<\/div>\n<\/div><\/div>\n\n\n\n<h3 class=\"wp-block-heading\">Bakgrunn<\/h3>\n\n\n\n<p>Jeg har utdanningen min fra Telemark distriktsh\u00f8gskole p\u00e5 slutten av 80-tallet, hvor jeg har tittelen h\u00f8gskolekandidat fra natur- og milj\u00f8vernlinja. Studiet var bredt sammensatt innenfor milj\u00f8- og planleggingsfag, og direkte rettet mot milj\u00f8vernarbeid i kommunene.<\/p>\n\n\n\n<p>Etter det studerte jeg ressursgeografi og landskaps\u00f8kologi ved Universitetet i Oslo. De senere \u00e5rene har jeg fylt p\u00e5 med Samplan (etterutdanning i samfunnsplanlegging), lederutviklingsprogrammet Samspill og ledelse, og Byr\u00e5kratprogrammet i regi av Forsvarets h\u00f8gskole, FD og KDD.<\/p>\n\n\n\n<h3 class=\"wp-block-heading\">Min arbeidshverdag<\/h3>\n\n\n\n<p>Jeg er s\u00e5 heldig \u00e5 f\u00e5 lede en seksjon med mange dyktige medarbeidere. Sammen er vi involvert i en rekke ulike prosesser for \u00e5 utvikle arealpolitikken i en mer b\u00e6rekraftig retning, bl.a. n\u00e5r det gjelder jordvern og naturforvaltning.<\/p>\n\n\n\n<p>For eksempel har vi det siste halve \u00e5ret brukt mye tid p\u00e5 stortingsmeldingen om oppf\u00f8lging av naturavtalen, sammen med KLD. Akkurat n\u00e5 handler mye om det gr\u00f8nne skiftet, og om hvordan vi kan legge til rette for ny fornybar energi og areal- og kraftkrevende industri samtidig som vi ivaretar viktige milj\u00f8- og samfunnsinteresser. Vi bruker mye tid p\u00e5 veiledning til kommunene, som er arealplanmyndighet og skal treffe de vanskelige beslutningene om bruk og vern av arealene. Sist, men ikke minst behandler vi ul\u00f8ste innsigelser, det vil saker hvor kommunene ikke kommer til enighet med statlige sektormyndigheter, fylkeskommunen eller Sametinget i konkrete arealplaner. I disse sakene drar vi alltid p\u00e5 befaring og m\u00f8ter kommunen og innsigelsesmyndighetene, og det gir oss et godt innblikk i virkeligheten der ute.<\/p>\n\n\n\n<h3 class=\"wp-block-heading\">Bruk av faglig bakgrunn<\/h3>\n\n\n\n<p>Jeg har en utdanningsbakgrunn hvor jeg kan litt om mye, en s\u00e5kalt potet. Det tror jeg er nyttig i den jobben jeg har n\u00e5. S\u00e6rlig n\u00e5r jeg har gode kollegaer som er mer eksperter p\u00e5 sine omr\u00e5der enn det jeg er. S\u00e5 har jeg ganske lang fartstid fra b\u00e5de kommunesektoren og fra statsforvalteren. Det gj\u00f8r at jeg forh\u00e5pentligvis er i stand til \u00e5 se en sak fra flere sider.<\/p>\n","protected":false},"excerpt":{"rendered":"<p>Bakgrunn Jeg har utdanningen min fra Telemark distriktsh\u00f8gskole p\u00e5 slutten av 80-tallet, hvor jeg har tittelen h\u00f8gskolekandidat fra natur- og milj\u00f8vernlinja. Studiet var bredt sammensatt innenfor milj\u00f8- og planleggingsfag, og direkte rettet mot milj\u00f8vernarbeid i kommunene. Etter det studerte jeg ressursgeografi og landskaps\u00f8kologi ved Universitetet i Oslo. De senere \u00e5rene har jeg fylt p\u00e5 med\u2026<\/p>\n","protected":false},"author":3270,"featured_media":646,"parent":355,"menu_order":0,"comment_status":"closed","ping_status":"closed","template":"","meta":{"dss_simple_post_excerpt":"Samfunnsplanlegger | Planavdelingen","dss_show_featured_image":false,"dss_show_title":true,"footnotes":""},"class_list":["post-645","page","type-page","status-publish","has-post-thumbnail","hentry"],"language":"nb-NO","_links":{"self":[{"href":"https:\/\/teststeder.regjeringen.no\/jobbikdd\/wp-json\/wp\/v2\/pages\/645","targetHints":{"allow":["GET"]}}],"collection":[{"href":"https:\/\/teststeder.regjeringen.no\/jobbikdd\/wp-json\/wp\/v2\/pages"}],"about":[{"href":"https:\/\/teststeder.regjeringen.no\/jobbikdd\/wp-json\/wp\/v2\/types\/page"}],"author":[{"embeddable":true,"href":"https:\/\/teststeder.regjeringen.no\/jobbikdd\/wp-json\/wp\/v2\/users\/3270"}],"replies":[{"embeddable":true,"href":"https:\/\/teststeder.regjeringen.no\/jobbikdd\/wp-json\/wp\/v2\/comments?post=645"}],"version-history":[{"count":1,"href":"https:\/\/teststeder.regjeringen.no\/jobbikdd\/wp-json\/wp\/v2\/pages\/645\/revisions"}],"predecessor-version":[{"id":647,"href":"https:\/\/teststeder.regjeringen.no\/jobbikdd\/wp-json\/wp\/v2\/pages\/645\/revisions\/647"}],"up":[{"embeddable":true,"href":"https:\/\/teststeder.regjeringen.no\/jobbikdd\/wp-json\/wp\/v2\/pages\/355"}],"wp:featuredmedia":[{"embeddable":true,"href":"https:\/\/teststeder.regjeringen.no\/jobbikdd\/wp-json\/wp\/v2\/media\/646"}],"wp:attachment":[{"href":"https:\/\/teststeder.regjeringen.no\/jobbikdd\/wp-json\/wp\/v2\/media?parent=645"}],"curies":[{"name":"wp","href":"https:\/\/api.w.org\/{rel}","templated":true}]}}