{"id":649,"date":"2025-01-03T10:40:13","date_gmt":"2025-01-03T09:40:13","guid":{"rendered":"https:\/\/nettsteder.regjeringen.no\/jobbikdd\/?page_id=649"},"modified":"2025-01-03T10:41:36","modified_gmt":"2025-01-03T09:41:36","slug":"magnus","status":"publish","type":"page","link":"https:\/\/teststeder.regjeringen.no\/jobbikdd\/ansatte-om-kdd\/magnus\/","title":{"rendered":"Magnus"},"content":{"rendered":"\n<div class=\"wp-block-media-text alignwide is-stacked-on-mobile is-vertically-aligned-center has-black-color has-background-100-background-color has-text-color has-background\" style=\"grid-template-columns:48% auto\"><figure class=\"wp-block-media-text__media\"><div class=\"t2-image-credit-wrapper\"><img loading=\"lazy\" decoding=\"async\" width=\"1024\" height=\"683\" src=\"https:\/\/files.teststeder.regjeringen.no\/wpuploads01\/sites\/529\/2025\/01\/1E3A6549-1024x683.jpg\" alt=\"portrett mann i hvit skjorte, brunt h\u00e5r\" class=\"wp-image-650 size-large\" srcset=\"https:\/\/files.teststeder.regjeringen.no\/wpuploads01\/sites\/529\/2025\/01\/1E3A6549-1024x683.jpg 1024w, https:\/\/files.teststeder.regjeringen.no\/wpuploads01\/sites\/529\/2025\/01\/1E3A6549-300x200.jpg 300w, https:\/\/files.teststeder.regjeringen.no\/wpuploads01\/sites\/529\/2025\/01\/1E3A6549-768x512.jpg 768w, https:\/\/files.teststeder.regjeringen.no\/wpuploads01\/sites\/529\/2025\/01\/1E3A6549-1536x1025.jpg 1536w, https:\/\/files.teststeder.regjeringen.no\/wpuploads01\/sites\/529\/2025\/01\/1E3A6549-2048x1366.jpg 2048w\" sizes=\"auto, (max-width: 1024px) 100vw, 1024px\" \/><span class=\"t2-image-credit\">\n\t\t\t\t<button type=\"button\" class=\"t2-image-credit-toggle\" aria-expanded=\"false\" aria-controls=\"image-credit\" aria-label=\"Toggle image credit\"><svg xmlns=\"http:\/\/www.w3.org\/2000\/svg\" viewBox=\"0 0 24 24\" height=\"24\" width=\"24\" class=\"t2-icon t2-icon-info\" aria-hidden=\"true\" focusable=\"false\"><path d=\"M12 17c.3 0 .5-.1.7-.3s.3-.4.3-.7v-4c0-.3-.1-.5-.3-.7-.2-.2-.4-.3-.7-.3s-.5.1-.7.3c-.2.2-.3.4-.3.7v4c0 .3.1.5.3.7s.4.3.7.3zm0-8c.3 0 .5-.1.7-.3.2-.2.3-.4.3-.7 0-.3-.1-.5-.3-.7-.2-.2-.4-.3-.7-.3s-.5.1-.7.3c-.2.2-.3.4-.3.7 0 .3.1.5.3.7.2.2.4.3.7.3zm0 13c-1.4 0-2.7-.3-3.9-.8-1.2-.5-2.3-1.2-3.2-2.1s-1.6-2-2.1-3.2S2 13.4 2 12s.3-2.7.8-3.9S4 5.8 4.9 4.9s2-1.6 3.2-2.1S10.6 2 12 2s2.7.3 3.9.8 2.3 1.2 3.2 2.1 1.6 2 2.1 3.2c.5 1.2.8 2.5.8 3.9s-.3 2.7-.8 3.9c-.5 1.2-1.2 2.3-2.1 3.2s-2 1.6-3.2 2.1c-1.2.5-2.5.8-3.9.8z\" fill=\"currentColor\" \/><\/svg><\/button>\n\t\t\t\t<span class=\"t2-image-credit-text wp-element-caption\" id=\"image-credit\" hidden>Foto: \u00a9 FOTO TROND ISAKSEN<\/span>\n\t\t\t<\/span><\/div><\/figure><div class=\"wp-block-media-text__content\">\n<h2 class=\"wp-block-heading\">Magnus<\/h2>\n\n\n\n<p>Samfunnsviter<\/p>\n\n\n<p class=\"t2-ingress wp-block-t2-ingress\">R\u00e5dgiver i Kommunikasjonsenheten<\/p>\n\n\n<div class=\"wp-block-buttons is-layout-flex wp-block-buttons-is-layout-flex\">\n<div class=\"wp-block-button\"><a class=\"wp-block-button__link has-background wp-element-button\" href=\"https:\/\/teststeder.regjeringen.no\/jobbikdd\/ansatte-om-kdd\/\" style=\"--border-color:#029aa2;border-radius:10px;background-color:#029aa2\">Les om andre ansatte i KDD<\/a><\/div>\n<\/div>\n<\/div><\/div>\n\n\n\n<h3 class=\"wp-block-heading\">Bakgrunn<\/h3>\n\n\n\n<p>Bachelorgrad fra NTNU med fordypninger i sosialantropologi og medievitenskap. Etter studiene har jeg opparbeidet meg bred erfaring fra ulike medier, hovedsakelig som nettjournalist, og som kommunikasjonsr\u00e5dgiver i byggen\u00e6ringen og offentlig helse.<\/p>\n\n\n\n<h3 class=\"wp-block-heading\">Min arbeidshverdag<\/h3>\n\n\n\n<p>I kommunikasjonsenheten i KDD f\u00e5r vi bryne oss p\u00e5 litt av hvert. Ved siden av rollen som pressevakt, har jeg ansvaret for departementets nettsider og jeg har et spesielt ansvar for \u00e5 f\u00f8lge opp Regionalpolitisk avdeling.<\/p>\n\n\n\n<p>Daglige gj\u00f8rem\u00e5l kan v\u00e6re alt fra \u00e5 planlegge medieutspill fra politisk ledelse, publisere pressemeldinger, h\u00e5ndtere mediehenvendelser til \u00e5 bist\u00e5 statsr\u00e5den under offisielle bes\u00f8k. I kommunikasjonsenheten f\u00e5r vi jobbe tett p\u00e5 statsr\u00e5den og politisk ledelse, og ofte er med p\u00e5 reiser. For meg gj\u00f8r det jobben ekstra spennende.&nbsp;<\/p>\n\n\n\n<h3 class=\"wp-block-heading\">Bruk av faglig bakgrunn<\/h3>\n\n\n\n<p>Som kommunikasjonsr\u00e5dgiver i departementet er det verdifullt med innsikt i hvordan redaksjonelle medier fungerer. Det gir ofte et godt utgangspunkt for \u00e5 svare ut mediehenvendelser og planlegging av medieutspill. Den samfunnsfaglige utdannelsen min ligger i bunn for min forst\u00e5else av komplekse saksomr\u00e5der og politikk, og er ofte en god hjelp til \u00e5 sette ting i perspektiv.<\/p>\n","protected":false},"excerpt":{"rendered":"<p>Bakgrunn Bachelorgrad fra NTNU med fordypninger i sosialantropologi og medievitenskap. Etter studiene har jeg opparbeidet meg bred erfaring fra ulike medier, hovedsakelig som nettjournalist, og som kommunikasjonsr\u00e5dgiver i byggen\u00e6ringen og offentlig helse. Min arbeidshverdag I kommunikasjonsenheten i KDD f\u00e5r vi bryne oss p\u00e5 litt av hvert. Ved siden av rollen som pressevakt, har jeg ansvaret\u2026<\/p>\n","protected":false},"author":3270,"featured_media":650,"parent":355,"menu_order":0,"comment_status":"closed","ping_status":"closed","template":"","meta":{"dss_simple_post_excerpt":"Samfunnsviter | Kommunikasjonsenheten","dss_show_featured_image":false,"dss_show_title":true,"footnotes":""},"class_list":["post-649","page","type-page","status-publish","has-post-thumbnail","hentry"],"language":"nb-NO","_links":{"self":[{"href":"https:\/\/teststeder.regjeringen.no\/jobbikdd\/wp-json\/wp\/v2\/pages\/649","targetHints":{"allow":["GET"]}}],"collection":[{"href":"https:\/\/teststeder.regjeringen.no\/jobbikdd\/wp-json\/wp\/v2\/pages"}],"about":[{"href":"https:\/\/teststeder.regjeringen.no\/jobbikdd\/wp-json\/wp\/v2\/types\/page"}],"author":[{"embeddable":true,"href":"https:\/\/teststeder.regjeringen.no\/jobbikdd\/wp-json\/wp\/v2\/users\/3270"}],"replies":[{"embeddable":true,"href":"https:\/\/teststeder.regjeringen.no\/jobbikdd\/wp-json\/wp\/v2\/comments?post=649"}],"version-history":[{"count":2,"href":"https:\/\/teststeder.regjeringen.no\/jobbikdd\/wp-json\/wp\/v2\/pages\/649\/revisions"}],"predecessor-version":[{"id":653,"href":"https:\/\/teststeder.regjeringen.no\/jobbikdd\/wp-json\/wp\/v2\/pages\/649\/revisions\/653"}],"up":[{"embeddable":true,"href":"https:\/\/teststeder.regjeringen.no\/jobbikdd\/wp-json\/wp\/v2\/pages\/355"}],"wp:featuredmedia":[{"embeddable":true,"href":"https:\/\/teststeder.regjeringen.no\/jobbikdd\/wp-json\/wp\/v2\/media\/650"}],"wp:attachment":[{"href":"https:\/\/teststeder.regjeringen.no\/jobbikdd\/wp-json\/wp\/v2\/media?parent=649"}],"curies":[{"name":"wp","href":"https:\/\/api.w.org\/{rel}","templated":true}]}}