{"id":7,"date":"2022-12-12T10:30:17","date_gmt":"2022-12-12T09:30:17","guid":{"rendered":"https:\/\/nettsteder.regjeringen.no\/jobbikdd\/?page_id=7"},"modified":"2024-01-26T12:43:34","modified_gmt":"2024-01-26T11:43:34","slug":"forside","status":"publish","type":"page","link":"https:\/\/teststeder.regjeringen.no\/jobbikdd\/","title":{"rendered":"Forside"},"content":{"rendered":"\n<div class=\"wp-block-cover alignfull is-light\" style=\"min-height:521px;aspect-ratio:unset;\"><span aria-hidden=\"true\" class=\"wp-block-cover__background has-background-dim-0 has-background-dim\"><\/span><img loading=\"lazy\" decoding=\"async\" width=\"1920\" height=\"1385\" class=\"wp-block-cover__image-background wp-image-237\" alt=\"\" src=\"https:\/\/files.teststeder.regjeringen.no\/wpuploads01\/sites\/529\/2023\/01\/eyJ0IjoiMSIsImsiOiJBMWQifQ.hrL02LN_uvq_t5dDVjXgWoIR6h0YqlQ1gqBc7hWnWIDZcWwnMvzcbjLTPD6Wlo0zmkF43Nl8kv5Jgm8TcDgDk85UXtHwgPjdGoKI50ocxuAN5-xf4b69aVL27W9D5DFT.jpg\" style=\"object-position:48% 18%\" data-object-fit=\"cover\" data-object-position=\"48% 18%\" srcset=\"https:\/\/files.teststeder.regjeringen.no\/wpuploads01\/sites\/529\/2023\/01\/eyJ0IjoiMSIsImsiOiJBMWQifQ.hrL02LN_uvq_t5dDVjXgWoIR6h0YqlQ1gqBc7hWnWIDZcWwnMvzcbjLTPD6Wlo0zmkF43Nl8kv5Jgm8TcDgDk85UXtHwgPjdGoKI50ocxuAN5-xf4b69aVL27W9D5DFT.jpg 1920w, https:\/\/files.teststeder.regjeringen.no\/wpuploads01\/sites\/529\/2023\/01\/eyJ0IjoiMSIsImsiOiJBMWQifQ.hrL02LN_uvq_t5dDVjXgWoIR6h0YqlQ1gqBc7hWnWIDZcWwnMvzcbjLTPD6Wlo0zmkF43Nl8kv5Jgm8TcDgDk85UXtHwgPjdGoKI50ocxuAN5-xf4b69aVL27W9D5DFT-300x216.jpg 300w, https:\/\/files.teststeder.regjeringen.no\/wpuploads01\/sites\/529\/2023\/01\/eyJ0IjoiMSIsImsiOiJBMWQifQ.hrL02LN_uvq_t5dDVjXgWoIR6h0YqlQ1gqBc7hWnWIDZcWwnMvzcbjLTPD6Wlo0zmkF43Nl8kv5Jgm8TcDgDk85UXtHwgPjdGoKI50ocxuAN5-xf4b69aVL27W9D5DFT-1024x739.jpg 1024w, https:\/\/files.teststeder.regjeringen.no\/wpuploads01\/sites\/529\/2023\/01\/eyJ0IjoiMSIsImsiOiJBMWQifQ.hrL02LN_uvq_t5dDVjXgWoIR6h0YqlQ1gqBc7hWnWIDZcWwnMvzcbjLTPD6Wlo0zmkF43Nl8kv5Jgm8TcDgDk85UXtHwgPjdGoKI50ocxuAN5-xf4b69aVL27W9D5DFT-768x554.jpg 768w, https:\/\/files.teststeder.regjeringen.no\/wpuploads01\/sites\/529\/2023\/01\/eyJ0IjoiMSIsImsiOiJBMWQifQ.hrL02LN_uvq_t5dDVjXgWoIR6h0YqlQ1gqBc7hWnWIDZcWwnMvzcbjLTPD6Wlo0zmkF43Nl8kv5Jgm8TcDgDk85UXtHwgPjdGoKI50ocxuAN5-xf4b69aVL27W9D5DFT-1536x1108.jpg 1536w\" sizes=\"auto, (max-width: 1920px) 100vw, 1920px\" \/><div class=\"wp-block-cover__inner-container is-layout-flow wp-block-cover-is-layout-flow\">\n<p class=\"has-text-align-center has-large-font-size\"><\/p>\n<\/div><span class=\"t2-image-credit\">\n\t\t\t\t<button type=\"button\" class=\"t2-image-credit-toggle\" aria-expanded=\"false\" aria-controls=\"image-credit\" aria-label=\"Toggle image credit\"><svg xmlns=\"http:\/\/www.w3.org\/2000\/svg\" viewBox=\"0 0 24 24\" height=\"24\" width=\"24\" class=\"t2-icon t2-icon-info\" aria-hidden=\"true\" focusable=\"false\"><path d=\"M12 17c.3 0 .5-.1.7-.3s.3-.4.3-.7v-4c0-.3-.1-.5-.3-.7-.2-.2-.4-.3-.7-.3s-.5.1-.7.3c-.2.2-.3.4-.3.7v4c0 .3.1.5.3.7s.4.3.7.3zm0-8c.3 0 .5-.1.7-.3.2-.2.3-.4.3-.7 0-.3-.1-.5-.3-.7-.2-.2-.4-.3-.7-.3s-.5.1-.7.3c-.2.2-.3.4-.3.7 0 .3.1.5.3.7.2.2.4.3.7.3zm0 13c-1.4 0-2.7-.3-3.9-.8-1.2-.5-2.3-1.2-3.2-2.1s-1.6-2-2.1-3.2S2 13.4 2 12s.3-2.7.8-3.9S4 5.8 4.9 4.9s2-1.6 3.2-2.1S10.6 2 12 2s2.7.3 3.9.8 2.3 1.2 3.2 2.1 1.6 2 2.1 3.2c.5 1.2.8 2.5.8 3.9s-.3 2.7-.8 3.9c-.5 1.2-1.2 2.3-2.1 3.2s-2 1.6-3.2 2.1c-1.2.5-2.5.8-3.9.8z\" fill=\"currentColor\" \/><\/svg><\/button>\n\t\t\t\t<span class=\"t2-image-credit-text wp-element-caption\" id=\"image-credit\" hidden>Foto: \u00a9 TROND ISAKSEN<\/span>\n\t\t\t<\/span><\/div>\n\n\n\n<div class=\"wp-block-group alignwide has-background-100-background-color has-background is-layout-flow wp-block-group-is-layout-flow\">\n<h2 class=\"wp-block-heading has-text-color\" style=\"color:#002e5e\">Ledige stillinger i Kommunal- og distriktsdepartementet<\/h2>\n\n\n<div class=\"wp-block-dss-jobbnorge__wrapper has-pagination wp-block-dss-jobbnorge\" aria-live=\"polite\" data-block-instance=\"jobbnorge-1-7545\" data-autoscroll-threshold=\"0.25\"><div class=\"jobbnorge-pagination-status screen-reader-text\" aria-live=\"polite\" role=\"status\" data-status-for=\"jobbnorge-1-7545\">Showing 1\u20131 of 1 jobs. Page 1 of 1.<\/div><ul class=\"wp-block-dss-jobbnorge\" data-attributes=\"{&quot;employerID&quot;:&quot;1996&quot;,&quot;displayEmployer&quot;:false,&quot;displayDate&quot;:true,&quot;displayDeadline&quot;:false,&quot;displayScope&quot;:false,&quot;displayExcerpt&quot;:false,&quot;excerptLength&quot;:55,&quot;blockLayout&quot;:&quot;list&quot;,&quot;orderBy&quot;:&quot;Deadline&quot;,&quot;columns&quot;:3,&quot;itemsToShow&quot;:6,&quot;enablePagination&quot;:true,&quot;jobsPerPage&quot;:10,&quot;disableAutoScroll&quot;:false,&quot;noJobsMessage&quot;:&quot;&quot;,&quot;instanceId&quot;:&quot;jobbnorge-1-7545&quot;}\"><li class=\"wp-block-dss-jobbnorge__item\"><div class=\"wp-block-dss-jobbnorge__item-title\"><a href=\"https:\/\/www.jobbnorge.no\/ledige-stillinger\/stilling\/296722\">Utgreiingsleiar\/fagdirekt\u00f8r<\/a><\/div><\/li><\/ul><\/div><\/div>\n\n\n<ul class=\"is-style-flex alignwide wp-block-dss-simple-posts\">\n<li class=\"wp-block-dss-simple-post\"><a href=\"https:\/\/teststeder.regjeringen.no\/jobbikdd\/rekrutteringsprosessen\/\" class=\"wp-block-dss-simple-post__link\"><div class=\"wp-block-dss-simple-post__content\"><h2>Rekrutteringsprosessen<\/h2><p class=\"wp-block-dss-simple-post__excerpt\">F\u00e5 oversikt over de ulike fasene av rekrutteringsprosessen fra s\u00f8knad til velkomst.<\/p><\/div><\/a><\/li>\n\n<li class=\"wp-block-dss-simple-post\"><a href=\"https:\/\/teststeder.regjeringen.no\/jobbikdd\/vi-tilbyr\/\" class=\"wp-block-dss-simple-post__link\"><div class=\"wp-block-dss-simple-post__content\"><h2>Vi tilbyr<\/h2><p class=\"wp-block-dss-simple-post__excerpt\">Hos KDD f\u00e5r du spennende arbeidsoppgaver i grenseland mellom politikk og administrasjon og et godt og utviklende arbeids- og l\u00e6ringsmilj\u00f8.<\/p><\/div><\/a><\/li>\n\n<li class=\"wp-block-dss-simple-post\"><a href=\"https:\/\/teststeder.regjeringen.no\/jobbikdd\/ansatte-om-kdd\/\" class=\"wp-block-dss-simple-post__link\"><div class=\"wp-block-dss-simple-post__content\"><h2>Ansatte om KDD<\/h2><p class=\"wp-block-dss-simple-post__excerpt\">Vi har spurt flere ansatte om deres vei til Kommunal- og distriktsdepartementet, arbeidshverdagen deres og hva de liker ved jobben sin.<\/p><\/div><\/a><\/li>\n<\/ul>\n\n\n<div class=\"wp-block-media-text alignfull is-stacked-on-mobile is-image-fill has-black-color has-background-100-background-color has-text-color has-background\" style=\"grid-template-columns:48% auto\"><figure class=\"wp-block-media-text__media\" style=\"background-image:url(https:\/\/files.teststeder.regjeringen.no\/wpuploads01\/sites\/529\/2023\/01\/om-oss-1024x678.jpg);background-position:48% 11%\"><div class=\"t2-image-credit-wrapper\"><img loading=\"lazy\" decoding=\"async\" width=\"1024\" height=\"678\" src=\"https:\/\/files.teststeder.regjeringen.no\/wpuploads01\/sites\/529\/2023\/01\/om-oss-1024x678.jpg\" alt=\"\" class=\"wp-image-254 size-full\" srcset=\"https:\/\/files.teststeder.regjeringen.no\/wpuploads01\/sites\/529\/2023\/01\/om-oss-1024x678.jpg 1024w, https:\/\/files.teststeder.regjeringen.no\/wpuploads01\/sites\/529\/2023\/01\/om-oss-300x199.jpg 300w, https:\/\/files.teststeder.regjeringen.no\/wpuploads01\/sites\/529\/2023\/01\/om-oss-768x509.jpg 768w, https:\/\/files.teststeder.regjeringen.no\/wpuploads01\/sites\/529\/2023\/01\/om-oss.jpg 1200w\" sizes=\"auto, (max-width: 1024px) 100vw, 1024px\" \/><span class=\"t2-image-credit\">\n\t\t\t\t<button type=\"button\" class=\"t2-image-credit-toggle\" aria-expanded=\"false\" aria-controls=\"image-credit-1\" aria-label=\"Toggle image credit\"><svg xmlns=\"http:\/\/www.w3.org\/2000\/svg\" viewBox=\"0 0 24 24\" height=\"24\" width=\"24\" class=\"t2-icon t2-icon-info\" aria-hidden=\"true\" focusable=\"false\"><path d=\"M12 17c.3 0 .5-.1.7-.3s.3-.4.3-.7v-4c0-.3-.1-.5-.3-.7-.2-.2-.4-.3-.7-.3s-.5.1-.7.3c-.2.2-.3.4-.3.7v4c0 .3.1.5.3.7s.4.3.7.3zm0-8c.3 0 .5-.1.7-.3.2-.2.3-.4.3-.7 0-.3-.1-.5-.3-.7-.2-.2-.4-.3-.7-.3s-.5.1-.7.3c-.2.2-.3.4-.3.7 0 .3.1.5.3.7.2.2.4.3.7.3zm0 13c-1.4 0-2.7-.3-3.9-.8-1.2-.5-2.3-1.2-3.2-2.1s-1.6-2-2.1-3.2S2 13.4 2 12s.3-2.7.8-3.9S4 5.8 4.9 4.9s2-1.6 3.2-2.1S10.6 2 12 2s2.7.3 3.9.8 2.3 1.2 3.2 2.1 1.6 2 2.1 3.2c.5 1.2.8 2.5.8 3.9s-.3 2.7-.8 3.9c-.5 1.2-1.2 2.3-2.1 3.2s-2 1.6-3.2 2.1c-1.2.5-2.5.8-3.9.8z\" fill=\"currentColor\" \/><\/svg><\/button>\n\t\t\t\t<span class=\"t2-image-credit-text wp-element-caption\" id=\"image-credit-1\" hidden>Foto: \u00a9 TROND ISAKSEN<\/span>\n\t\t\t<\/span><\/div><\/figure><div class=\"wp-block-media-text__content\">\n<div class=\"wp-block-columns is-layout-flex wp-container-core-columns-is-layout-9d6595d7 wp-block-columns-is-layout-flex\">\n<div class=\"wp-block-column is-layout-flow wp-block-column-is-layout-flow\" style=\"flex-basis:66.66%\">\n<h2 class=\"wp-block-heading has-text-color has-large-font-size\" style=\"color:#002e5e\">Om oss <\/h2>\n\n\n<p class=\"t2-ingress wp-block-t2-ingress\">Kommunal- og distriktsdepartementet (KDD) har ansvaret for politikkutforming og forvaltning innenfor en rekke sentrale samfunnsomr\u00e5der. Det gj\u00f8r KDD til et av de st\u00f8rste departementene.<\/p><\/div>\n\n\n\n<div class=\"wp-block-column is-layout-flow wp-block-column-is-layout-flow\" style=\"flex-basis:33.33%\"><\/div>\n<\/div>\n\n\n\n<div class=\"wp-block-buttons is-layout-flex wp-block-buttons-is-layout-flex\">\n<div class=\"wp-block-button is-style-big\"><a class=\"wp-block-button__link has-background wp-element-button\" href=\"https:\/\/teststeder.regjeringen.no\/jobbikdd\/avdelinger-i-kdd\/\" style=\"--border-color:#029aa2;border-radius:10px;background-color:#029aa2\"><strong>Les om avdelingene i KDD<\/strong><\/a><\/div>\n<\/div>\n<\/div><\/div>\n","protected":false},"excerpt":{"rendered":"<p>Ledige stillinger i Kommunal- og distriktsdepartementet<\/p>\n","protected":false},"author":357,"featured_media":0,"parent":0,"menu_order":0,"comment_status":"closed","ping_status":"closed","template":"","meta":{"dss_simple_post_excerpt":"","dss_show_featured_image":true,"dss_show_title":true,"footnotes":""},"class_list":["post-7","page","type-page","status-publish","hentry"],"language":"nb-NO","_links":{"self":[{"href":"https:\/\/teststeder.regjeringen.no\/jobbikdd\/wp-json\/wp\/v2\/pages\/7","targetHints":{"allow":["GET"]}}],"collection":[{"href":"https:\/\/teststeder.regjeringen.no\/jobbikdd\/wp-json\/wp\/v2\/pages"}],"about":[{"href":"https:\/\/teststeder.regjeringen.no\/jobbikdd\/wp-json\/wp\/v2\/types\/page"}],"author":[{"embeddable":true,"href":"https:\/\/teststeder.regjeringen.no\/jobbikdd\/wp-json\/wp\/v2\/users\/357"}],"replies":[{"embeddable":true,"href":"https:\/\/teststeder.regjeringen.no\/jobbikdd\/wp-json\/wp\/v2\/comments?post=7"}],"version-history":[{"count":3,"href":"https:\/\/teststeder.regjeringen.no\/jobbikdd\/wp-json\/wp\/v2\/pages\/7\/revisions"}],"predecessor-version":[{"id":596,"href":"https:\/\/teststeder.regjeringen.no\/jobbikdd\/wp-json\/wp\/v2\/pages\/7\/revisions\/596"}],"wp:attachment":[{"href":"https:\/\/teststeder.regjeringen.no\/jobbikdd\/wp-json\/wp\/v2\/media?parent=7"}],"curies":[{"name":"wp","href":"https:\/\/api.w.org\/{rel}","templated":true}]}}