{"id":86,"date":"2022-12-12T13:50:25","date_gmt":"2022-12-12T12:50:25","guid":{"rendered":"https:\/\/nettsteder.regjeringen.no\/jobbikdd\/?page_id=86"},"modified":"2024-12-09T13:35:24","modified_gmt":"2024-12-09T12:35:24","slug":"avdelinger-i-kdd","status":"publish","type":"page","link":"https:\/\/teststeder.regjeringen.no\/jobbikdd\/avdelinger-i-kdd\/","title":{"rendered":"Avdelinger i Kommunal- og distriktsdepartementet"},"content":{"rendered":"\n<div class=\"wp-block-media-text alignfull is-stacked-on-mobile is-image-fill has-black-color has-background-100-background-color has-text-color has-background\" style=\"grid-template-columns:38% auto\"><figure class=\"wp-block-media-text__media\" style=\"background-image:url(https:\/\/files.teststeder.regjeringen.no\/wpuploads01\/sites\/529\/2023\/03\/R5.jpg);background-position:50% 50%\"><div class=\"t2-image-credit-wrapper\"><img loading=\"lazy\" decoding=\"async\" width=\"800\" height=\"533\" src=\"https:\/\/files.teststeder.regjeringen.no\/wpuploads01\/sites\/529\/2023\/03\/R5.jpg\" alt=\"\" class=\"wp-image-508 size-full\" srcset=\"https:\/\/files.teststeder.regjeringen.no\/wpuploads01\/sites\/529\/2023\/03\/R5.jpg 800w, https:\/\/files.teststeder.regjeringen.no\/wpuploads01\/sites\/529\/2023\/03\/R5-300x200.jpg 300w, https:\/\/files.teststeder.regjeringen.no\/wpuploads01\/sites\/529\/2023\/03\/R5-768x512.jpg 768w\" sizes=\"auto, (max-width: 800px) 100vw, 800px\" \/><span class=\"t2-image-credit\">\n\t\t\t\t<button type=\"button\" class=\"t2-image-credit-toggle\" aria-expanded=\"false\" aria-controls=\"image-credit\" aria-label=\"Toggle image credit\"><svg xmlns=\"http:\/\/www.w3.org\/2000\/svg\" viewBox=\"0 0 24 24\" height=\"24\" width=\"24\" class=\"t2-icon t2-icon-info\" aria-hidden=\"true\" focusable=\"false\"><path d=\"M12 17c.3 0 .5-.1.7-.3s.3-.4.3-.7v-4c0-.3-.1-.5-.3-.7-.2-.2-.4-.3-.7-.3s-.5.1-.7.3c-.2.2-.3.4-.3.7v4c0 .3.1.5.3.7s.4.3.7.3zm0-8c.3 0 .5-.1.7-.3.2-.2.3-.4.3-.7 0-.3-.1-.5-.3-.7-.2-.2-.4-.3-.7-.3s-.5.1-.7.3c-.2.2-.3.4-.3.7 0 .3.1.5.3.7.2.2.4.3.7.3zm0 13c-1.4 0-2.7-.3-3.9-.8-1.2-.5-2.3-1.2-3.2-2.1s-1.6-2-2.1-3.2S2 13.4 2 12s.3-2.7.8-3.9S4 5.8 4.9 4.9s2-1.6 3.2-2.1S10.6 2 12 2s2.7.3 3.9.8 2.3 1.2 3.2 2.1 1.6 2 2.1 3.2c.5 1.2.8 2.5.8 3.9s-.3 2.7-.8 3.9c-.5 1.2-1.2 2.3-2.1 3.2s-2 1.6-3.2 2.1c-1.2.5-2.5.8-3.9.8z\" fill=\"currentColor\" \/><\/svg><\/button>\n\t\t\t\t<span class=\"t2-image-credit-text wp-element-caption\" id=\"image-credit\" hidden>Foto: Trond A. Isaksen<\/span>\n\t\t\t<\/span><\/div><\/figure><div class=\"wp-block-media-text__content\">\n<div class=\"wp-block-columns is-layout-flex wp-container-core-columns-is-layout-9d6595d7 wp-block-columns-is-layout-flex\">\n<div class=\"wp-block-column is-layout-flow wp-block-column-is-layout-flow\" style=\"flex-basis:800px\">\n<h2 class=\"wp-block-heading has-black-color has-text-color has-large-font-size\"><strong>Avdelinger i Kommunal- og distriktsdepartementet<\/strong><\/h2>\n\n\n<p class=\"t2-ingress wp-block-t2-ingress has-text-color has-black-color\">Departementet har \u00e5tte fagavdelinger, en administrasjonsavdeling <br>og en kommunikasjonsenhet.<\/p>\n\n\n<div style=\"height:54px\" aria-hidden=\"true\" class=\"wp-block-spacer\"><\/div>\n<\/div>\n\n\n\n<div class=\"wp-block-column is-layout-flow wp-block-column-is-layout-flow\"><\/div>\n<\/div>\n<\/div><\/div>\n\n\n<div class=\"t2-accordion wp-block-t2-accordion\" data-allow-multiple=\"1\" role=\"list\">\n<div class=\"t2-accordion-item wp-block-t2-accordion-item\" role=\"listitem\">\n\t\t\t<h2 class=\"t2-accordion-title\">\n\t\t\t\t<button type=\"button\" class=\"t2-accordion-trigger\" id=\"avdeling-for-styring-og-organisasjon\" aria-controls=\"accordion-panel\" aria-expanded=\"false\">\n\t\t\t\t\tAvdeling for styring og organisasjon\n\t\t\t\t\t<span class=\"t2-accordion-icon is-closed-icon\"><svg xmlns=\"http:\/\/www.w3.org\/2000\/svg\" viewBox=\"0 0 24 24\" height=\"24\" width=\"24\" class=\"t2-icon t2-icon-addcircle\" aria-hidden=\"true\" focusable=\"false\"><path d=\"M16.5 11.2h-3.8V7.5c0-.4-.3-.8-.8-.8s-.8.3-.8.8v3.8H7.5c-.4 0-.8.3-.8.8s.3.8.8.8h3.8v3.8c0 .4.3.8.8.8s.8-.3.8-.8v-3.8h3.8c.4 0 .8-.3.8-.8s-.6-.9-1-.9z\"\/><path d=\"M12 24C5.4 24 0 18.6 0 12S5.4 0 12 0s12 5.4 12 12-5.4 12-12 12zm0-22.5C6.2 1.5 1.5 6.2 1.5 12S6.2 22.5 12 22.5 22.5 17.8 22.5 12 17.8 1.5 12 1.5z\"\/><\/svg><\/span>\n\t\t\t\t\t<span class=\"t2-accordion-icon is-open-icon\"><svg xmlns=\"http:\/\/www.w3.org\/2000\/svg\" viewBox=\"0 0 24 24\" height=\"24\" width=\"24\" class=\"t2-icon t2-icon-removecircle\" aria-hidden=\"true\" focusable=\"false\"><path d=\"M15.7 8.3c-.3-.3-.8-.3-1.1 0L12 10.9 9.4 8.3c-.3-.3-.8-.3-1.1 0s-.3.8 0 1.1l2.6 2.6-2.6 2.6c-.3.3-.3.8 0 1.1.1.1.3.2.5.2s.4-.1.5-.2l2.6-2.6 2.6 2.6c.1.1.3.2.5.2s.4-.1.5-.2c.3-.3.3-.8 0-1.1L13.1 12l2.6-2.6c.3-.3.3-.8 0-1.1z\"\/><path d=\"M20.5 3.5c-4.7-4.7-12.3-4.7-17 0-4.7 4.7-4.7 12.3 0 17C5.9 22.8 8.9 24 12 24c3.1 0 6.1-1.2 8.5-3.5 4.7-4.7 4.7-12.3 0-17zm-1.1 15.9c-4.1 4.1-10.8 4.1-14.8 0C.5 15.3.5 8.6 4.6 4.6c2-2 4.7-3.1 7.4-3.1s5.4 1 7.4 3.1c4.1 4.1 4.1 10.7 0 14.8z\"\/><\/svg><\/span>\n\t\t\t\t<\/button>\n\t\t\t<\/h2>\n\t\t\t<div class=\"t2-accordion-item__inner-container is-layout-flow\" id=\"accordion-panel\" aria-labelledby=\"avdeling-for-styring-og-organisasjon\" role=\"region\" hidden>\n\t\t\t\t\n\n<p>Avdeling for styring og organisasjon ivaretar stabsfunksjoner for politisk ledelse og departementsr\u00e5d, utvikler styringssystemer og fastsetter overordnede retningslinjer for en effektiv og samordnet ledelse av departementet. Avdelingen tar seg av administrative fellessaker og ser til at virksomheten foreg\u00e5r innenfor gjeldende regler og retningslinjer p\u00e5 det administrative omr\u00e5det. <\/p>\n\n\n\n<p>Ekspedisjonssjef: Beate Erikstad<\/p>\n\n\n\t\t\t<\/div>\n\t\t<\/div>\n\n<div class=\"t2-accordion-item wp-block-t2-accordion-item\" role=\"listitem\">\n\t\t\t<h2 class=\"t2-accordion-title\">\n\t\t\t\t<button type=\"button\" class=\"t2-accordion-trigger\" id=\"kommunikasjonsenheten\" aria-controls=\"accordion-panel-1\" aria-expanded=\"false\">\n\t\t\t\t\tKommunikasjonsenheten\n\t\t\t\t\t<span class=\"t2-accordion-icon is-closed-icon\"><svg xmlns=\"http:\/\/www.w3.org\/2000\/svg\" viewBox=\"0 0 24 24\" height=\"24\" width=\"24\" class=\"t2-icon t2-icon-addcircle\" aria-hidden=\"true\" focusable=\"false\"><path d=\"M16.5 11.2h-3.8V7.5c0-.4-.3-.8-.8-.8s-.8.3-.8.8v3.8H7.5c-.4 0-.8.3-.8.8s.3.8.8.8h3.8v3.8c0 .4.3.8.8.8s.8-.3.8-.8v-3.8h3.8c.4 0 .8-.3.8-.8s-.6-.9-1-.9z\"\/><path d=\"M12 24C5.4 24 0 18.6 0 12S5.4 0 12 0s12 5.4 12 12-5.4 12-12 12zm0-22.5C6.2 1.5 1.5 6.2 1.5 12S6.2 22.5 12 22.5 22.5 17.8 22.5 12 17.8 1.5 12 1.5z\"\/><\/svg><\/span>\n\t\t\t\t\t<span class=\"t2-accordion-icon is-open-icon\"><svg xmlns=\"http:\/\/www.w3.org\/2000\/svg\" viewBox=\"0 0 24 24\" height=\"24\" width=\"24\" class=\"t2-icon t2-icon-removecircle\" aria-hidden=\"true\" focusable=\"false\"><path d=\"M15.7 8.3c-.3-.3-.8-.3-1.1 0L12 10.9 9.4 8.3c-.3-.3-.8-.3-1.1 0s-.3.8 0 1.1l2.6 2.6-2.6 2.6c-.3.3-.3.8 0 1.1.1.1.3.2.5.2s.4-.1.5-.2l2.6-2.6 2.6 2.6c.1.1.3.2.5.2s.4-.1.5-.2c.3-.3.3-.8 0-1.1L13.1 12l2.6-2.6c.3-.3.3-.8 0-1.1z\"\/><path d=\"M20.5 3.5c-4.7-4.7-12.3-4.7-17 0-4.7 4.7-4.7 12.3 0 17C5.9 22.8 8.9 24 12 24c3.1 0 6.1-1.2 8.5-3.5 4.7-4.7 4.7-12.3 0-17zm-1.1 15.9c-4.1 4.1-10.8 4.1-14.8 0C.5 15.3.5 8.6 4.6 4.6c2-2 4.7-3.1 7.4-3.1s5.4 1 7.4 3.1c4.1 4.1 4.1 10.7 0 14.8z\"\/><\/svg><\/span>\n\t\t\t\t<\/button>\n\t\t\t<\/h2>\n\t\t\t<div class=\"t2-accordion-item__inner-container is-layout-flow\" id=\"accordion-panel-1\" aria-labelledby=\"kommunikasjonsenheten\" role=\"region\" hidden>\n\t\t\t\t\n\n<p>Kommunikasjonsenheten er departementets fagenhet for kommunikasjon. Enheten l\u00f8ser, samordner og skal vere p\u00e5driver for effektiv medie- og samfunnskontakt, og skal s\u00f8rge for god kommunikasjonsforvaltning i departementet. <\/p>\n\n\n\n<p>Kommunikasjonssjef: Jon Berg<\/p>\n\n\n\t\t\t<\/div>\n\t\t<\/div>\n\n<div class=\"t2-accordion-item wp-block-t2-accordion-item\" role=\"listitem\">\n\t\t\t<h2 class=\"t2-accordion-title\">\n\t\t\t\t<button type=\"button\" class=\"t2-accordion-trigger\" id=\"bolig-og-bygningsavdelingen\" aria-controls=\"accordion-panel-2\" aria-expanded=\"false\">\n\t\t\t\t\tBolig- og bygningsavdelingen\n\t\t\t\t\t<span class=\"t2-accordion-icon is-closed-icon\"><svg xmlns=\"http:\/\/www.w3.org\/2000\/svg\" viewBox=\"0 0 24 24\" height=\"24\" width=\"24\" class=\"t2-icon t2-icon-addcircle\" aria-hidden=\"true\" focusable=\"false\"><path d=\"M16.5 11.2h-3.8V7.5c0-.4-.3-.8-.8-.8s-.8.3-.8.8v3.8H7.5c-.4 0-.8.3-.8.8s.3.8.8.8h3.8v3.8c0 .4.3.8.8.8s.8-.3.8-.8v-3.8h3.8c.4 0 .8-.3.8-.8s-.6-.9-1-.9z\"\/><path d=\"M12 24C5.4 24 0 18.6 0 12S5.4 0 12 0s12 5.4 12 12-5.4 12-12 12zm0-22.5C6.2 1.5 1.5 6.2 1.5 12S6.2 22.5 12 22.5 22.5 17.8 22.5 12 17.8 1.5 12 1.5z\"\/><\/svg><\/span>\n\t\t\t\t\t<span class=\"t2-accordion-icon is-open-icon\"><svg xmlns=\"http:\/\/www.w3.org\/2000\/svg\" viewBox=\"0 0 24 24\" height=\"24\" width=\"24\" class=\"t2-icon t2-icon-removecircle\" aria-hidden=\"true\" focusable=\"false\"><path d=\"M15.7 8.3c-.3-.3-.8-.3-1.1 0L12 10.9 9.4 8.3c-.3-.3-.8-.3-1.1 0s-.3.8 0 1.1l2.6 2.6-2.6 2.6c-.3.3-.3.8 0 1.1.1.1.3.2.5.2s.4-.1.5-.2l2.6-2.6 2.6 2.6c.1.1.3.2.5.2s.4-.1.5-.2c.3-.3.3-.8 0-1.1L13.1 12l2.6-2.6c.3-.3.3-.8 0-1.1z\"\/><path d=\"M20.5 3.5c-4.7-4.7-12.3-4.7-17 0-4.7 4.7-4.7 12.3 0 17C5.9 22.8 8.9 24 12 24c3.1 0 6.1-1.2 8.5-3.5 4.7-4.7 4.7-12.3 0-17zm-1.1 15.9c-4.1 4.1-10.8 4.1-14.8 0C.5 15.3.5 8.6 4.6 4.6c2-2 4.7-3.1 7.4-3.1s5.4 1 7.4 3.1c4.1 4.1 4.1 10.7 0 14.8z\"\/><\/svg><\/span>\n\t\t\t\t<\/button>\n\t\t\t<\/h2>\n\t\t\t<div class=\"t2-accordion-item__inner-container is-layout-flow\" id=\"accordion-panel-2\" aria-labelledby=\"bolig-og-bygningsavdelingen\" role=\"region\" hidden>\n\t\t\t\t\n\n<p>Bolig- og bygningsavdelingen har ansvaret for \u00e5 f\u00f8lge opp bolig- og bygningspolitikken til regjeringen. Avdelingen har etatsstyringsansvaret for Husbanken, Direktoratet for byggkvalitet og Husleietvistutvalget. Avdelingen ledes av ekspedisjonssjef Benedikte Endresen.<\/p>\n\n\n\n<p>Ekspedisjonssjef: Benedikte Endresen<\/p>\n\n\n\t\t\t<\/div>\n\t\t<\/div>\n\n<div class=\"t2-accordion-item wp-block-t2-accordion-item\" role=\"listitem\">\n\t\t\t<h2 class=\"t2-accordion-title\">\n\t\t\t\t<button type=\"button\" class=\"t2-accordion-trigger\" id=\"kommunalavdelingen\" aria-controls=\"accordion-panel-3\" aria-expanded=\"false\">\n\t\t\t\t\tKommunalavdelingen\n\t\t\t\t\t<span class=\"t2-accordion-icon is-closed-icon\"><svg xmlns=\"http:\/\/www.w3.org\/2000\/svg\" viewBox=\"0 0 24 24\" height=\"24\" width=\"24\" class=\"t2-icon t2-icon-addcircle\" aria-hidden=\"true\" focusable=\"false\"><path d=\"M16.5 11.2h-3.8V7.5c0-.4-.3-.8-.8-.8s-.8.3-.8.8v3.8H7.5c-.4 0-.8.3-.8.8s.3.8.8.8h3.8v3.8c0 .4.3.8.8.8s.8-.3.8-.8v-3.8h3.8c.4 0 .8-.3.8-.8s-.6-.9-1-.9z\"\/><path d=\"M12 24C5.4 24 0 18.6 0 12S5.4 0 12 0s12 5.4 12 12-5.4 12-12 12zm0-22.5C6.2 1.5 1.5 6.2 1.5 12S6.2 22.5 12 22.5 22.5 17.8 22.5 12 17.8 1.5 12 1.5z\"\/><\/svg><\/span>\n\t\t\t\t\t<span class=\"t2-accordion-icon is-open-icon\"><svg xmlns=\"http:\/\/www.w3.org\/2000\/svg\" viewBox=\"0 0 24 24\" height=\"24\" width=\"24\" class=\"t2-icon t2-icon-removecircle\" aria-hidden=\"true\" focusable=\"false\"><path d=\"M15.7 8.3c-.3-.3-.8-.3-1.1 0L12 10.9 9.4 8.3c-.3-.3-.8-.3-1.1 0s-.3.8 0 1.1l2.6 2.6-2.6 2.6c-.3.3-.3.8 0 1.1.1.1.3.2.5.2s.4-.1.5-.2l2.6-2.6 2.6 2.6c.1.1.3.2.5.2s.4-.1.5-.2c.3-.3.3-.8 0-1.1L13.1 12l2.6-2.6c.3-.3.3-.8 0-1.1z\"\/><path d=\"M20.5 3.5c-4.7-4.7-12.3-4.7-17 0-4.7 4.7-4.7 12.3 0 17C5.9 22.8 8.9 24 12 24c3.1 0 6.1-1.2 8.5-3.5 4.7-4.7 4.7-12.3 0-17zm-1.1 15.9c-4.1 4.1-10.8 4.1-14.8 0C.5 15.3.5 8.6 4.6 4.6c2-2 4.7-3.1 7.4-3.1s5.4 1 7.4 3.1c4.1 4.1 4.1 10.7 0 14.8z\"\/><\/svg><\/span>\n\t\t\t\t<\/button>\n\t\t\t<\/h2>\n\t\t\t<div class=\"t2-accordion-item__inner-container is-layout-flow\" id=\"accordion-panel-3\" aria-labelledby=\"kommunalavdelingen\" role=\"region\" hidden>\n\t\t\t\t\n\n<p>Kommunalavdelingen har ansvaret for \u00e5 f\u00f8lge opp regjeringens kommunepolitikk. Avdelingens ansvarsomr\u00e5der omfatter kommune\u00f8konomi, samordning av statlige tiltak overfor kommunene og fylkeskommunene, innovasjons- og forenklingsarbeidet rettet mot kommunesektoren,&nbsp; kommunalrett, kommune- og fylkesinndeling, administrasjon av valg, demokrati og lokaldemokrati, partiloven og partifinansieringen, konsultasjoner mellom staten og kommunesektoren, KOSTRA (KOmmune-STat-Rapportering), Det tekniske beregningsutvalg, Valgdirektoratet og Kommunalbanken AS. <\/p>\n\n\n\n<p>Ekspedisjonssjef: Cathrin S\u00e6tre<\/p>\n\n\n\t\t\t<\/div>\n\t\t<\/div>\n\n<div class=\"t2-accordion-item wp-block-t2-accordion-item\" role=\"listitem\">\n\t\t\t<h2 class=\"t2-accordion-title\">\n\t\t\t\t<button type=\"button\" class=\"t2-accordion-trigger\" id=\"planavdelingen\" aria-controls=\"accordion-panel-4\" aria-expanded=\"false\">\n\t\t\t\t\tPlanavdelingen\n\t\t\t\t\t<span class=\"t2-accordion-icon is-closed-icon\"><svg xmlns=\"http:\/\/www.w3.org\/2000\/svg\" viewBox=\"0 0 24 24\" height=\"24\" width=\"24\" class=\"t2-icon t2-icon-addcircle\" aria-hidden=\"true\" focusable=\"false\"><path d=\"M16.5 11.2h-3.8V7.5c0-.4-.3-.8-.8-.8s-.8.3-.8.8v3.8H7.5c-.4 0-.8.3-.8.8s.3.8.8.8h3.8v3.8c0 .4.3.8.8.8s.8-.3.8-.8v-3.8h3.8c.4 0 .8-.3.8-.8s-.6-.9-1-.9z\"\/><path d=\"M12 24C5.4 24 0 18.6 0 12S5.4 0 12 0s12 5.4 12 12-5.4 12-12 12zm0-22.5C6.2 1.5 1.5 6.2 1.5 12S6.2 22.5 12 22.5 22.5 17.8 22.5 12 17.8 1.5 12 1.5z\"\/><\/svg><\/span>\n\t\t\t\t\t<span class=\"t2-accordion-icon is-open-icon\"><svg xmlns=\"http:\/\/www.w3.org\/2000\/svg\" viewBox=\"0 0 24 24\" height=\"24\" width=\"24\" class=\"t2-icon t2-icon-removecircle\" aria-hidden=\"true\" focusable=\"false\"><path d=\"M15.7 8.3c-.3-.3-.8-.3-1.1 0L12 10.9 9.4 8.3c-.3-.3-.8-.3-1.1 0s-.3.8 0 1.1l2.6 2.6-2.6 2.6c-.3.3-.3.8 0 1.1.1.1.3.2.5.2s.4-.1.5-.2l2.6-2.6 2.6 2.6c.1.1.3.2.5.2s.4-.1.5-.2c.3-.3.3-.8 0-1.1L13.1 12l2.6-2.6c.3-.3.3-.8 0-1.1z\"\/><path d=\"M20.5 3.5c-4.7-4.7-12.3-4.7-17 0-4.7 4.7-4.7 12.3 0 17C5.9 22.8 8.9 24 12 24c3.1 0 6.1-1.2 8.5-3.5 4.7-4.7 4.7-12.3 0-17zm-1.1 15.9c-4.1 4.1-10.8 4.1-14.8 0C.5 15.3.5 8.6 4.6 4.6c2-2 4.7-3.1 7.4-3.1s5.4 1 7.4 3.1c4.1 4.1 4.1 10.7 0 14.8z\"\/><\/svg><\/span>\n\t\t\t\t<\/button>\n\t\t\t<\/h2>\n\t\t\t<div class=\"t2-accordion-item__inner-container is-layout-flow\" id=\"accordion-panel-4\" aria-labelledby=\"planavdelingen\" role=\"region\" hidden>\n\t\t\t\t\n\n<p>Avdelingens ansvarsomr\u00e5de omfatter forvaltnings- og utviklingsoppgaver etter plan- og bygningslovens bestemmelser om planlegging og konsekvens\u00adutredninger. Avdelingen har ogs\u00e5 ansvaret for den nasjonale kart- og geodatapolitikken, og er tillagt etatsstyringsansvaret for Statens kartverk.<\/p>\n\n\n\n<p>Ekspedisjonssjef: Jarle Jensen<\/p>\n\n\n\t\t\t<\/div>\n\t\t<\/div>\n\n<div class=\"t2-accordion-item wp-block-t2-accordion-item\" role=\"listitem\">\n\t\t\t<h2 class=\"t2-accordion-title\">\n\t\t\t\t<button type=\"button\" class=\"t2-accordion-trigger\" id=\"regionalpolitisk-avdeling\" aria-controls=\"accordion-panel-5\" aria-expanded=\"false\">\n\t\t\t\t\tRegionalpolitisk avdeling\n\t\t\t\t\t<span class=\"t2-accordion-icon is-closed-icon\"><svg xmlns=\"http:\/\/www.w3.org\/2000\/svg\" viewBox=\"0 0 24 24\" height=\"24\" width=\"24\" class=\"t2-icon t2-icon-addcircle\" aria-hidden=\"true\" focusable=\"false\"><path d=\"M16.5 11.2h-3.8V7.5c0-.4-.3-.8-.8-.8s-.8.3-.8.8v3.8H7.5c-.4 0-.8.3-.8.8s.3.8.8.8h3.8v3.8c0 .4.3.8.8.8s.8-.3.8-.8v-3.8h3.8c.4 0 .8-.3.8-.8s-.6-.9-1-.9z\"\/><path d=\"M12 24C5.4 24 0 18.6 0 12S5.4 0 12 0s12 5.4 12 12-5.4 12-12 12zm0-22.5C6.2 1.5 1.5 6.2 1.5 12S6.2 22.5 12 22.5 22.5 17.8 22.5 12 17.8 1.5 12 1.5z\"\/><\/svg><\/span>\n\t\t\t\t\t<span class=\"t2-accordion-icon is-open-icon\"><svg xmlns=\"http:\/\/www.w3.org\/2000\/svg\" viewBox=\"0 0 24 24\" height=\"24\" width=\"24\" class=\"t2-icon t2-icon-removecircle\" aria-hidden=\"true\" focusable=\"false\"><path d=\"M15.7 8.3c-.3-.3-.8-.3-1.1 0L12 10.9 9.4 8.3c-.3-.3-.8-.3-1.1 0s-.3.8 0 1.1l2.6 2.6-2.6 2.6c-.3.3-.3.8 0 1.1.1.1.3.2.5.2s.4-.1.5-.2l2.6-2.6 2.6 2.6c.1.1.3.2.5.2s.4-.1.5-.2c.3-.3.3-.8 0-1.1L13.1 12l2.6-2.6c.3-.3.3-.8 0-1.1z\"\/><path d=\"M20.5 3.5c-4.7-4.7-12.3-4.7-17 0-4.7 4.7-4.7 12.3 0 17C5.9 22.8 8.9 24 12 24c3.1 0 6.1-1.2 8.5-3.5 4.7-4.7 4.7-12.3 0-17zm-1.1 15.9c-4.1 4.1-10.8 4.1-14.8 0C.5 15.3.5 8.6 4.6 4.6c2-2 4.7-3.1 7.4-3.1s5.4 1 7.4 3.1c4.1 4.1 4.1 10.7 0 14.8z\"\/><\/svg><\/span>\n\t\t\t\t<\/button>\n\t\t\t<\/h2>\n\t\t\t<div class=\"t2-accordion-item__inner-container is-layout-flow\" id=\"accordion-panel-5\" aria-labelledby=\"regionalpolitisk-avdeling\" role=\"region\" hidden>\n\t\t\t\t\n\n<p>Regionalpolitisk avdeling har ansvaret for \u00e5 f\u00f8lge opp regjeringens regional- og distriktspolitikk. Avdelingen har en samordningsrolle ved \u00e5 bidra til at de ulike sektorenes prioriteringer og tiltak gir best mulig vilk\u00e5r for regional utvikling. Avdelingen har ogs\u00e5 ansvaret for \u00e5 f\u00f8lge opp den statlige lokaliseringspolitikken, som skal bidra til en fordeling av statlige arbeidsplasser som styrker utviklingen av regionale arbeidsmarkeder. Avdelingen samarbeider med kommuner, fylkeskommuner, Innovasjon Norge, Siva og Forskningsr\u00e5det. Distriktssenteret er underliggende etat.<\/p>\n\n\n\n<p>Ekspedisjonssjef: Kristin Marie Felde<\/p>\n\n\n\t\t\t<\/div>\n\t\t<\/div>\n\n<div class=\"t2-accordion-item wp-block-t2-accordion-item\" role=\"listitem\">\n\t\t\t<h2 class=\"t2-accordion-title\">\n\t\t\t\t<button type=\"button\" class=\"t2-accordion-trigger\" id=\"avdeling-for-urfolk-og-nasjonale-minoriteter\" aria-controls=\"accordion-panel-6\" aria-expanded=\"false\">\n\t\t\t\t\tAvdeling for urfolk og nasjonale minoriteter\n\t\t\t\t\t<span class=\"t2-accordion-icon is-closed-icon\"><svg xmlns=\"http:\/\/www.w3.org\/2000\/svg\" viewBox=\"0 0 24 24\" height=\"24\" width=\"24\" class=\"t2-icon t2-icon-addcircle\" aria-hidden=\"true\" focusable=\"false\"><path d=\"M16.5 11.2h-3.8V7.5c0-.4-.3-.8-.8-.8s-.8.3-.8.8v3.8H7.5c-.4 0-.8.3-.8.8s.3.8.8.8h3.8v3.8c0 .4.3.8.8.8s.8-.3.8-.8v-3.8h3.8c.4 0 .8-.3.8-.8s-.6-.9-1-.9z\"\/><path d=\"M12 24C5.4 24 0 18.6 0 12S5.4 0 12 0s12 5.4 12 12-5.4 12-12 12zm0-22.5C6.2 1.5 1.5 6.2 1.5 12S6.2 22.5 12 22.5 22.5 17.8 22.5 12 17.8 1.5 12 1.5z\"\/><\/svg><\/span>\n\t\t\t\t\t<span class=\"t2-accordion-icon is-open-icon\"><svg xmlns=\"http:\/\/www.w3.org\/2000\/svg\" viewBox=\"0 0 24 24\" height=\"24\" width=\"24\" class=\"t2-icon t2-icon-removecircle\" aria-hidden=\"true\" focusable=\"false\"><path d=\"M15.7 8.3c-.3-.3-.8-.3-1.1 0L12 10.9 9.4 8.3c-.3-.3-.8-.3-1.1 0s-.3.8 0 1.1l2.6 2.6-2.6 2.6c-.3.3-.3.8 0 1.1.1.1.3.2.5.2s.4-.1.5-.2l2.6-2.6 2.6 2.6c.1.1.3.2.5.2s.4-.1.5-.2c.3-.3.3-.8 0-1.1L13.1 12l2.6-2.6c.3-.3.3-.8 0-1.1z\"\/><path d=\"M20.5 3.5c-4.7-4.7-12.3-4.7-17 0-4.7 4.7-4.7 12.3 0 17C5.9 22.8 8.9 24 12 24c3.1 0 6.1-1.2 8.5-3.5 4.7-4.7 4.7-12.3 0-17zm-1.1 15.9c-4.1 4.1-10.8 4.1-14.8 0C.5 15.3.5 8.6 4.6 4.6c2-2 4.7-3.1 7.4-3.1s5.4 1 7.4 3.1c4.1 4.1 4.1 10.7 0 14.8z\"\/><\/svg><\/span>\n\t\t\t\t<\/button>\n\t\t\t<\/h2>\n\t\t\t<div class=\"t2-accordion-item__inner-container is-layout-flow\" id=\"accordion-panel-6\" aria-labelledby=\"avdeling-for-urfolk-og-nasjonale-minoriteter\" role=\"region\" hidden>\n\t\t\t\t\n\n<p>Avdeling for urfolk og nasjonale minoriteter har til oppgave \u00e5 gjennomf\u00f8re og f\u00f8lge opp regjeringens m\u00e5l i politikken overfor den samiske befolkningen og de nasjonale minoritetene: j\u00f8der, kvener\/norskfinner, romer, skogfinner og romanifolket\/tatere. <\/p>\n\n\n\n<p>Ekspedisjonssjef: Bj\u00f8rn Olav Megard<\/p>\n\n\n\t\t\t<\/div>\n\t\t<\/div>\n\n\n<\/div>\n\n\n<figure class=\"wp-block-image size-large\"><img loading=\"lazy\" decoding=\"async\" width=\"1024\" height=\"460\" src=\"https:\/\/files.teststeder.regjeringen.no\/wpuploads01\/sites\/529\/2024\/12\/KDD_landskap_03_farge-1024x460.png\" alt=\"\" class=\"wp-image-617\" srcset=\"https:\/\/files.teststeder.regjeringen.no\/wpuploads01\/sites\/529\/2024\/12\/KDD_landskap_03_farge-1024x460.png 1024w, https:\/\/files.teststeder.regjeringen.no\/wpuploads01\/sites\/529\/2024\/12\/KDD_landskap_03_farge-300x135.png 300w, https:\/\/files.teststeder.regjeringen.no\/wpuploads01\/sites\/529\/2024\/12\/KDD_landskap_03_farge-768x345.png 768w, https:\/\/files.teststeder.regjeringen.no\/wpuploads01\/sites\/529\/2024\/12\/KDD_landskap_03_farge-1536x691.png 1536w, https:\/\/files.teststeder.regjeringen.no\/wpuploads01\/sites\/529\/2024\/12\/KDD_landskap_03_farge-2048x921.png 2048w\" sizes=\"auto, (max-width: 1024px) 100vw, 1024px\" \/><\/figure>\n","protected":false},"excerpt":{"rendered":"","protected":false},"author":357,"featured_media":0,"parent":0,"menu_order":0,"comment_status":"closed","ping_status":"closed","template":"","meta":{"dss_simple_post_excerpt":"","dss_show_featured_image":false,"dss_show_title":true,"footnotes":""},"class_list":["post-86","page","type-page","status-publish","hentry"],"language":"nb-NO","_links":{"self":[{"href":"https:\/\/teststeder.regjeringen.no\/jobbikdd\/wp-json\/wp\/v2\/pages\/86","targetHints":{"allow":["GET"]}}],"collection":[{"href":"https:\/\/teststeder.regjeringen.no\/jobbikdd\/wp-json\/wp\/v2\/pages"}],"about":[{"href":"https:\/\/teststeder.regjeringen.no\/jobbikdd\/wp-json\/wp\/v2\/types\/page"}],"author":[{"embeddable":true,"href":"https:\/\/teststeder.regjeringen.no\/jobbikdd\/wp-json\/wp\/v2\/users\/357"}],"replies":[{"embeddable":true,"href":"https:\/\/teststeder.regjeringen.no\/jobbikdd\/wp-json\/wp\/v2\/comments?post=86"}],"version-history":[{"count":3,"href":"https:\/\/teststeder.regjeringen.no\/jobbikdd\/wp-json\/wp\/v2\/pages\/86\/revisions"}],"predecessor-version":[{"id":618,"href":"https:\/\/teststeder.regjeringen.no\/jobbikdd\/wp-json\/wp\/v2\/pages\/86\/revisions\/618"}],"wp:attachment":[{"href":"https:\/\/teststeder.regjeringen.no\/jobbikdd\/wp-json\/wp\/v2\/media?parent=86"}],"curies":[{"name":"wp","href":"https:\/\/api.w.org\/{rel}","templated":true}]}}