{"id":19,"date":"2024-10-16T08:29:59","date_gmt":"2024-10-16T06:29:59","guid":{"rendered":"https:\/\/nettsteder.regjeringen.no\/kjernekraftutvalget\/?page_id=19"},"modified":"2024-10-22T08:18:33","modified_gmt":"2024-10-22T06:18:33","slug":"mandat","status":"publish","type":"page","link":"https:\/\/teststeder.regjeringen.no\/kjernekraftutvalget\/mandat\/","title":{"rendered":"Mandat"},"content":{"rendered":"\n<p class=\"has-large-font-size\"><strong>Bakgrunn<\/strong><\/p>\n\n\n\n<p>P\u00e5 1970-tallet ble sp\u00f8rsm\u00e5let om kjernekraftens mulige rolle i det norske energisystemet grundig behandlet, blant annet gjennom NOU 1978: 35 A. Bygging av kjernekraft har imidlertid de siste ti\u00e5rene ikke v\u00e6rt vurdert som noe reelt alternativ i den norske energiforsyningen.<\/p>\n\n\n\n<p>Behovet for utslippsfrie og stabile energikilder som kan bidra til \u00e5 h\u00e5ndtere natur- og klimakrise og im\u00f8tekomme et \u00f8kende kraftbehov, teknologisk utvikling, samt planer om etablering av kjernekraftproduksjon fra private akt\u00f8rer i samarbeid med kommuner, har bidratt til at sp\u00f8rsm\u00e5let om kjernekraft igjen er aktualisert.<\/p>\n\n\n\n<p>Kjernekraft er en kompleks energikilde, som ber\u00f8rer en rekke samfunnsomr\u00e5der. Det er behov for \u00e5 fremskaffe et oppdatert og solid kunnskapsgrunnlag om kjernekraft som mulig energikilde i det norske kraftsystemet. Med bakgrunn i behovet for mer kunnskap, legger Energidepartementet fram forslag om at det nedsettes et offentlig ekspertutvalg. Energidepartementet har utarbeidet mandatet for utvalget i samr\u00e5d med flere andre departementer. <\/p>\n\n\n\n<p><\/p>\n\n\n\n<p class=\"has-large-font-size\"><strong>Utvalgets mandat<\/strong><\/p>\n\n\n\n<p>Form\u00e5let med utredningen er \u00e5 gj\u00f8re en bred gjennomgang<br>og vurdering av ulike sider ved en eventuell framtidig etablering av kjernekraft i Norge. <\/p>\n\n\n\n<p>Mandatet for utredningen legger opp til en bred vurdering av komplekse sp\u00f8rsm\u00e5l.  Utvalget er derfor sammensatt av personer med ekspertise og erfaring fra ulike fagfelt. Energidepartementet gis myndighet til \u00e5 foreta mindre vesentlige endringer i utvalgets mandat og oppnevne sekretariat for utvalget. Det er ikke realistisk at utvalget besitter all n\u00f8dvendig kunnskap innenfor de ulike temaene. <\/p>\n\n\n\n<p>Det skal derfor etableres en ressursgruppe, best\u00e5ende av fagpersoner, som kan bist\u00e5 og<br>gi innspill til utvalget p\u00e5 viktige fagomr\u00e5der, og sikre involvering av sentrale fagmilj\u00f8er. Utvalget kan engasjere ekstern ekspertise ved behov. Kj\u00f8nnsfordelingen i utvalget er i samsvar med likestillings- og diskrimineringsloven. Utvalgets sekretariat legges til Energidepartementet.<br><br>Sekretariatsleder er ekstern. Energidepartementet gis myndighet til \u00e5 avtale deltakelse i<br>sekretariatet med andre relevante departementer og instanser.<\/p>\n\n\n\n<p>Les mer om mandatet i <a href=\"https:\/\/www.regjeringen.no\/contentassets\/247744fec02d4e45b6dfdab9e6944cd9\/kgl.res-21.06.2024.pdf\" data-type=\"link\" data-id=\"https:\/\/www.regjeringen.no\/contentassets\/247744fec02d4e45b6dfdab9e6944cd9\/kgl.res-21.06.2024.pdf\">Kongelig Resolusjon 21. juni 2024:  Oppnevning av offentlig utvalg som skal utrede kjernekraft som mulig kraftkilde i Norge<\/a><\/p>\n","protected":false},"excerpt":{"rendered":"<p>Bakgrunn P\u00e5 1970-tallet ble sp\u00f8rsm\u00e5let om kjernekraftens mulige rolle i det norske energisystemet grundig behandlet, blant annet gjennom NOU 1978: 35 A. Bygging av kjernekraft har imidlertid de siste ti\u00e5rene ikke v\u00e6rt vurdert som noe reelt alternativ i den norske energiforsyningen. Behovet for utslippsfrie og stabile energikilder som kan bidra til \u00e5 h\u00e5ndtere natur- og\u2026<\/p>\n","protected":false},"author":2761,"featured_media":0,"parent":0,"menu_order":0,"comment_status":"closed","ping_status":"closed","template":"","meta":{"dss_simple_post_excerpt":"","dss_show_featured_image":true,"footnotes":""},"class_list":["post-19","page","type-page","status-publish","hentry"],"language":"nb-NO","_links":{"self":[{"href":"https:\/\/teststeder.regjeringen.no\/kjernekraftutvalget\/wp-json\/wp\/v2\/pages\/19","targetHints":{"allow":["GET"]}}],"collection":[{"href":"https:\/\/teststeder.regjeringen.no\/kjernekraftutvalget\/wp-json\/wp\/v2\/pages"}],"about":[{"href":"https:\/\/teststeder.regjeringen.no\/kjernekraftutvalget\/wp-json\/wp\/v2\/types\/page"}],"author":[{"embeddable":true,"href":"https:\/\/teststeder.regjeringen.no\/kjernekraftutvalget\/wp-json\/wp\/v2\/users\/2761"}],"replies":[{"embeddable":true,"href":"https:\/\/teststeder.regjeringen.no\/kjernekraftutvalget\/wp-json\/wp\/v2\/comments?post=19"}],"version-history":[{"count":3,"href":"https:\/\/teststeder.regjeringen.no\/kjernekraftutvalget\/wp-json\/wp\/v2\/pages\/19\/revisions"}],"predecessor-version":[{"id":29,"href":"https:\/\/teststeder.regjeringen.no\/kjernekraftutvalget\/wp-json\/wp\/v2\/pages\/19\/revisions\/29"}],"wp:attachment":[{"href":"https:\/\/teststeder.regjeringen.no\/kjernekraftutvalget\/wp-json\/wp\/v2\/media?parent=19"}],"curies":[{"name":"wp","href":"https:\/\/api.w.org\/{rel}","templated":true}]}}