{"id":22,"date":"2024-10-08T10:14:03","date_gmt":"2024-10-08T08:14:03","guid":{"rendered":"https:\/\/nettsteder.regjeringen.no\/kjernekraftutvalget\/?page_id=22"},"modified":"2024-10-24T14:42:39","modified_gmt":"2024-10-24T12:42:39","slug":"kontakt","status":"publish","type":"page","link":"https:\/\/teststeder.regjeringen.no\/kjernekraftutvalget\/kontakt\/","title":{"rendered":"Kontakt"},"content":{"rendered":"\n<p>Utvalgsleder Kristin Halvorsen og sekretariatsleder Berit Tennbakk n\u00e5s helst via utvalgets e-postadresse <a href=\"mailto:kjernekraftutvalget@ed.dep.no\">kjernekraftutvalget@ed.dep.no<\/a>. <\/p>\n\n\n\n<p>Berit Tennbakk kan ogs\u00e5 kontaktes p\u00e5 telefon 92 86 81 17.<\/p>\n","protected":false},"excerpt":{"rendered":"<p>Utvalgsleder Kristin Halvorsen og sekretariatsleder Berit Tennbakk n\u00e5s helst via utvalgets e-postadresse kjernekraftutvalget@ed.dep.no. Berit Tennbakk kan ogs\u00e5 kontaktes p\u00e5 telefon 92 86 81 17.<\/p>\n","protected":false},"author":2761,"featured_media":0,"parent":0,"menu_order":0,"comment_status":"closed","ping_status":"closed","template":"","meta":{"dss_simple_post_excerpt":"","dss_show_featured_image":true,"footnotes":""},"class_list":["post-22","page","type-page","status-publish","hentry"],"language":"nb-NO","_links":{"self":[{"href":"https:\/\/teststeder.regjeringen.no\/kjernekraftutvalget\/wp-json\/wp\/v2\/pages\/22","targetHints":{"allow":["GET"]}}],"collection":[{"href":"https:\/\/teststeder.regjeringen.no\/kjernekraftutvalget\/wp-json\/wp\/v2\/pages"}],"about":[{"href":"https:\/\/teststeder.regjeringen.no\/kjernekraftutvalget\/wp-json\/wp\/v2\/types\/page"}],"author":[{"embeddable":true,"href":"https:\/\/teststeder.regjeringen.no\/kjernekraftutvalget\/wp-json\/wp\/v2\/users\/2761"}],"replies":[{"embeddable":true,"href":"https:\/\/teststeder.regjeringen.no\/kjernekraftutvalget\/wp-json\/wp\/v2\/comments?post=22"}],"version-history":[{"count":3,"href":"https:\/\/teststeder.regjeringen.no\/kjernekraftutvalget\/wp-json\/wp\/v2\/pages\/22\/revisions"}],"predecessor-version":[{"id":96,"href":"https:\/\/teststeder.regjeringen.no\/kjernekraftutvalget\/wp-json\/wp\/v2\/pages\/22\/revisions\/96"}],"wp:attachment":[{"href":"https:\/\/teststeder.regjeringen.no\/kjernekraftutvalget\/wp-json\/wp\/v2\/media?parent=22"}],"curies":[{"name":"wp","href":"https:\/\/api.w.org\/{rel}","templated":true}]}}