{"id":73,"date":"2024-10-22T13:13:12","date_gmt":"2024-10-22T11:13:12","guid":{"rendered":"https:\/\/nettsteder.regjeringen.no\/kjernekraftutvalget\/?page_id=73"},"modified":"2024-10-24T14:42:00","modified_gmt":"2024-10-24T12:42:00","slug":"skriftlige-innspill","status":"publish","type":"page","link":"https:\/\/teststeder.regjeringen.no\/kjernekraftutvalget\/skriftlige-innspill\/","title":{"rendered":"Skriftlige innspill"},"content":{"rendered":"\n<p>Skriftlige innspill til utvalget kan sendes til <a href=\"mailto:kjernekraftutvalget@ed.dep.no\">kjernekraftutvalget@ed.dep.no<\/a>. Alle henvendelser vil bli lest og tatt med i utvalgets arbeid p\u00e5 ulike m\u00e5ter, men ikke besvart.<\/p>\n\n\n\n<p>Skriftlige innspill vil bli publisert her p\u00e5 nettstedet. <\/p>\n\n\n\n<p><strong>Fristen for \u00e5 sende skriftlige innspill er 30. juni 2025.<\/strong><\/p>\n","protected":false},"excerpt":{"rendered":"<p>Skriftlige innspill til utvalget kan sendes til kjernekraftutvalget@ed.dep.no. Alle henvendelser vil bli lest og tatt med i utvalgets arbeid p\u00e5 ulike m\u00e5ter, men ikke besvart. Skriftlige innspill vil bli publisert her p\u00e5 nettstedet. Fristen for \u00e5 sende skriftlige innspill er 30. juni 2025.<\/p>\n","protected":false},"author":2761,"featured_media":0,"parent":0,"menu_order":0,"comment_status":"closed","ping_status":"closed","template":"","meta":{"dss_simple_post_excerpt":"","dss_show_featured_image":true,"footnotes":""},"class_list":["post-73","page","type-page","status-publish","hentry"],"language":"nb-NO","_links":{"self":[{"href":"https:\/\/teststeder.regjeringen.no\/kjernekraftutvalget\/wp-json\/wp\/v2\/pages\/73","targetHints":{"allow":["GET"]}}],"collection":[{"href":"https:\/\/teststeder.regjeringen.no\/kjernekraftutvalget\/wp-json\/wp\/v2\/pages"}],"about":[{"href":"https:\/\/teststeder.regjeringen.no\/kjernekraftutvalget\/wp-json\/wp\/v2\/types\/page"}],"author":[{"embeddable":true,"href":"https:\/\/teststeder.regjeringen.no\/kjernekraftutvalget\/wp-json\/wp\/v2\/users\/2761"}],"replies":[{"embeddable":true,"href":"https:\/\/teststeder.regjeringen.no\/kjernekraftutvalget\/wp-json\/wp\/v2\/comments?post=73"}],"version-history":[{"count":3,"href":"https:\/\/teststeder.regjeringen.no\/kjernekraftutvalget\/wp-json\/wp\/v2\/pages\/73\/revisions"}],"predecessor-version":[{"id":95,"href":"https:\/\/teststeder.regjeringen.no\/kjernekraftutvalget\/wp-json\/wp\/v2\/pages\/73\/revisions\/95"}],"wp:attachment":[{"href":"https:\/\/teststeder.regjeringen.no\/kjernekraftutvalget\/wp-json\/wp\/v2\/media?parent=73"}],"curies":[{"name":"wp","href":"https:\/\/api.w.org\/{rel}","templated":true}]}}