{"id":75,"date":"2024-10-22T13:13:24","date_gmt":"2024-10-22T11:13:24","guid":{"rendered":"https:\/\/nettsteder.regjeringen.no\/kjernekraftutvalget\/?page_id=75"},"modified":"2024-12-10T13:34:17","modified_gmt":"2024-12-10T12:34:17","slug":"innspillsmote-2","status":"publish","type":"page","link":"https:\/\/teststeder.regjeringen.no\/kjernekraftutvalget\/innspillsmote-2\/","title":{"rendered":"Digitalt innspillsm\u00f8te"},"content":{"rendered":"\n<p>Kjernekraftutvalget inviterer til \u00e5pent innspillsm\u00f8te den 11. desember 2024 kl. 09.00. Innspillsm\u00f8tet avholdes via Teams. <\/p>\n\n\n\n<p><strong>Programmet til innspillsm\u00f8tet er tilgjengelig her: <\/strong><a href=\"https:\/\/files.teststeder.regjeringen.no\/wpuploads01\/sites\/578\/2024\/12\/Program-innspillsmote-for-Kjernekraftutvalget.pdf\" data-type=\"URL\">Program &#8211; innspillsm\u00f8te for Kjernekraftutvalget<\/a><\/p>\n\n\n\n<p><strong>Mandatet kan leses her:<\/strong> <a href=\"https:\/\/www.regjeringen.no\/contentassets\/247744fec02d4e45b6dfdab9e6944cd9\/kgl.res-21.06.2024.pdf\">Kongelig Resolusjon 21. juni 2024: Oppnevning av offentlig utvalg som skal utrede kjernekraft som mulig kraftkilde i Norge<\/a><\/p>\n\n\n\n<p>Publikum og presse kan f\u00f8lge innspillsm\u00f8tet direkte p\u00e5 regjeringen.no: <strong><a href=\"https:\/\/www.regjeringen.no\/no\/aktuelt\/kjernekraftutvalget-inviterer-til-digitalt-innspillsmote\/id3074342\/\" data-type=\"link\" data-id=\"https:\/\/www.regjeringen.no\/no\/aktuelt\/kjernekraftutvalget-inviterer-til-digitalt-innspillsmote\/id3074342\/\">Kjernekraftutvalget inviterer til digitalt innspillsm\u00f8te<\/a> <\/strong><\/p>\n","protected":false},"excerpt":{"rendered":"<p>Kjernekraftutvalget inviterer til \u00e5pent innspillsm\u00f8te den 11. desember 2024 kl. 09.00. Innspillsm\u00f8tet avholdes via Teams. Programmet til innspillsm\u00f8tet er tilgjengelig her: Program &#8211; innspillsm\u00f8te for Kjernekraftutvalget Mandatet kan leses her: Kongelig Resolusjon 21. juni 2024: Oppnevning av offentlig utvalg som skal utrede kjernekraft som mulig kraftkilde i Norge Publikum og presse kan f\u00f8lge innspillsm\u00f8tet direkte\u2026<\/p>\n","protected":false},"author":2761,"featured_media":0,"parent":0,"menu_order":0,"comment_status":"closed","ping_status":"closed","template":"","meta":{"dss_simple_post_excerpt":"","dss_show_featured_image":true,"footnotes":""},"class_list":["post-75","page","type-page","status-publish","hentry"],"language":"nb-NO","_links":{"self":[{"href":"https:\/\/teststeder.regjeringen.no\/kjernekraftutvalget\/wp-json\/wp\/v2\/pages\/75","targetHints":{"allow":["GET"]}}],"collection":[{"href":"https:\/\/teststeder.regjeringen.no\/kjernekraftutvalget\/wp-json\/wp\/v2\/pages"}],"about":[{"href":"https:\/\/teststeder.regjeringen.no\/kjernekraftutvalget\/wp-json\/wp\/v2\/types\/page"}],"author":[{"embeddable":true,"href":"https:\/\/teststeder.regjeringen.no\/kjernekraftutvalget\/wp-json\/wp\/v2\/users\/2761"}],"replies":[{"embeddable":true,"href":"https:\/\/teststeder.regjeringen.no\/kjernekraftutvalget\/wp-json\/wp\/v2\/comments?post=75"}],"version-history":[{"count":3,"href":"https:\/\/teststeder.regjeringen.no\/kjernekraftutvalget\/wp-json\/wp\/v2\/pages\/75\/revisions"}],"predecessor-version":[{"id":112,"href":"https:\/\/teststeder.regjeringen.no\/kjernekraftutvalget\/wp-json\/wp\/v2\/pages\/75\/revisions\/112"}],"wp:attachment":[{"href":"https:\/\/teststeder.regjeringen.no\/kjernekraftutvalget\/wp-json\/wp\/v2\/media?parent=75"}],"curies":[{"name":"wp","href":"https:\/\/api.w.org\/{rel}","templated":true}]}}