{"id":11,"date":"2024-10-09T13:39:21","date_gmt":"2024-10-09T11:39:21","guid":{"rendered":"https:\/\/nettsteder.regjeringen.no\/klimatilpasning\/?page_id=11"},"modified":"2024-11-11T15:59:28","modified_gmt":"2024-11-11T14:59:28","slug":"medlemmer","status":"publish","type":"page","link":"https:\/\/teststeder.regjeringen.no\/klimatilpasning\/medlemmer\/","title":{"rendered":"Medlemmer"},"content":{"rendered":"\n<div class=\"wp-block-columns is-layout-flex wp-container-core-columns-is-layout-9d6595d7 wp-block-columns-is-layout-flex\">\n<div class=\"wp-block-column is-layout-flow wp-block-column-is-layout-flow\" style=\"flex-basis:33.33%\">\n<figure class=\"wp-block-image size-large\"><div class=\"t2-image-credit-wrapper\"><img loading=\"lazy\" decoding=\"async\" width=\"1024\" height=\"1024\" src=\"https:\/\/files.teststeder.regjeringen.no\/wpuploads01\/sites\/579\/2024\/10\/Ingrid-Hjort-foto-BI-Brovold-1-1024x1024.jpg\" alt=\"\" class=\"wp-image-139\" srcset=\"https:\/\/files.teststeder.regjeringen.no\/wpuploads01\/sites\/579\/2024\/10\/Ingrid-Hjort-foto-BI-Brovold-1-1024x1024.jpg 1024w, https:\/\/files.teststeder.regjeringen.no\/wpuploads01\/sites\/579\/2024\/10\/Ingrid-Hjort-foto-BI-Brovold-1-300x300.jpg 300w, https:\/\/files.teststeder.regjeringen.no\/wpuploads01\/sites\/579\/2024\/10\/Ingrid-Hjort-foto-BI-Brovold-1-150x150.jpg 150w, https:\/\/files.teststeder.regjeringen.no\/wpuploads01\/sites\/579\/2024\/10\/Ingrid-Hjort-foto-BI-Brovold-1-768x768.jpg 768w, https:\/\/files.teststeder.regjeringen.no\/wpuploads01\/sites\/579\/2024\/10\/Ingrid-Hjort-foto-BI-Brovold-1.jpg 1500w\" sizes=\"auto, (max-width: 1024px) 100vw, 1024px\" \/><span class=\"t2-image-credit\">\n\t\t\t\t<button type=\"button\" class=\"t2-image-credit-toggle\" aria-expanded=\"false\" aria-controls=\"image-credit\" aria-label=\"Toggle image credit\"><svg xmlns=\"http:\/\/www.w3.org\/2000\/svg\" viewBox=\"0 0 24 24\" height=\"24\" width=\"24\" class=\"t2-icon t2-icon-info\" aria-hidden=\"true\" focusable=\"false\"><path d=\"M12 17c.3 0 .5-.1.7-.3s.3-.4.3-.7v-4c0-.3-.1-.5-.3-.7-.2-.2-.4-.3-.7-.3s-.5.1-.7.3c-.2.2-.3.4-.3.7v4c0 .3.1.5.3.7s.4.3.7.3zm0-8c.3 0 .5-.1.7-.3.2-.2.3-.4.3-.7 0-.3-.1-.5-.3-.7-.2-.2-.4-.3-.7-.3s-.5.1-.7.3c-.2.2-.3.4-.3.7 0 .3.1.5.3.7.2.2.4.3.7.3zm0 13c-1.4 0-2.7-.3-3.9-.8-1.2-.5-2.3-1.2-3.2-2.1s-1.6-2-2.1-3.2S2 13.4 2 12s.3-2.7.8-3.9S4 5.8 4.9 4.9s2-1.6 3.2-2.1S10.6 2 12 2s2.7.3 3.9.8 2.3 1.2 3.2 2.1 1.6 2 2.1 3.2c.5 1.2.8 2.5.8 3.9s-.3 2.7-.8 3.9c-.5 1.2-1.2 2.3-2.1 3.2s-2 1.6-3.2 2.1c-1.2.5-2.5.8-3.9.8z\" fill=\"currentColor\" \/><\/svg><\/button>\n\t\t\t\t<span class=\"t2-image-credit-text wp-element-caption\" id=\"image-credit\" hidden>Foto: BI\/Brovold<\/span>\n\t\t\t<\/span><\/div><\/figure>\n<\/div>\n\n\n\n<div class=\"wp-block-column is-layout-flow wp-block-column-is-layout-flow\" style=\"flex-basis:66.66%\">\n<p><strong>Ingrid Hjort (leder)<\/strong><\/p>\n\n\n\n<p>Postdoktor ved handelsh\u00f8yskolen BI. Doktorgrad i samfunns\u00f8konomi.<\/p>\n<\/div>\n<\/div>\n\n\n\n<div class=\"wp-block-columns is-layout-flex wp-container-core-columns-is-layout-9d6595d7 wp-block-columns-is-layout-flex\">\n<div class=\"wp-block-column is-layout-flow wp-block-column-is-layout-flow\">\n<div class=\"wp-block-columns is-layout-flex wp-container-core-columns-is-layout-9d6595d7 wp-block-columns-is-layout-flex\">\n<div class=\"wp-block-column is-layout-flow wp-block-column-is-layout-flow\" style=\"flex-basis:33.33%\">\n<figure class=\"wp-block-image size-large\"><div class=\"t2-image-credit-wrapper\"><img loading=\"lazy\" decoding=\"async\" width=\"1024\" height=\"1024\" src=\"https:\/\/files.teststeder.regjeringen.no\/wpuploads01\/sites\/579\/2024\/10\/Atle-Harby_picture-1-1024x1024.jpg\" alt=\"\" class=\"wp-image-140\" srcset=\"https:\/\/files.teststeder.regjeringen.no\/wpuploads01\/sites\/579\/2024\/10\/Atle-Harby_picture-1-1024x1024.jpg 1024w, https:\/\/files.teststeder.regjeringen.no\/wpuploads01\/sites\/579\/2024\/10\/Atle-Harby_picture-1-300x300.jpg 300w, https:\/\/files.teststeder.regjeringen.no\/wpuploads01\/sites\/579\/2024\/10\/Atle-Harby_picture-1-150x150.jpg 150w, https:\/\/files.teststeder.regjeringen.no\/wpuploads01\/sites\/579\/2024\/10\/Atle-Harby_picture-1-768x768.jpg 768w, https:\/\/files.teststeder.regjeringen.no\/wpuploads01\/sites\/579\/2024\/10\/Atle-Harby_picture-1-1536x1536.jpg 1536w, https:\/\/files.teststeder.regjeringen.no\/wpuploads01\/sites\/579\/2024\/10\/Atle-Harby_picture-1-2048x2048.jpg 2048w\" sizes=\"auto, (max-width: 1024px) 100vw, 1024px\" \/><span class=\"t2-image-credit\">\n\t\t\t\t<button type=\"button\" class=\"t2-image-credit-toggle\" aria-expanded=\"false\" aria-controls=\"image-credit-1\" aria-label=\"Toggle image credit\"><svg xmlns=\"http:\/\/www.w3.org\/2000\/svg\" viewBox=\"0 0 24 24\" height=\"24\" width=\"24\" class=\"t2-icon t2-icon-info\" aria-hidden=\"true\" focusable=\"false\"><path d=\"M12 17c.3 0 .5-.1.7-.3s.3-.4.3-.7v-4c0-.3-.1-.5-.3-.7-.2-.2-.4-.3-.7-.3s-.5.1-.7.3c-.2.2-.3.4-.3.7v4c0 .3.1.5.3.7s.4.3.7.3zm0-8c.3 0 .5-.1.7-.3.2-.2.3-.4.3-.7 0-.3-.1-.5-.3-.7-.2-.2-.4-.3-.7-.3s-.5.1-.7.3c-.2.2-.3.4-.3.7 0 .3.1.5.3.7.2.2.4.3.7.3zm0 13c-1.4 0-2.7-.3-3.9-.8-1.2-.5-2.3-1.2-3.2-2.1s-1.6-2-2.1-3.2S2 13.4 2 12s.3-2.7.8-3.9S4 5.8 4.9 4.9s2-1.6 3.2-2.1S10.6 2 12 2s2.7.3 3.9.8 2.3 1.2 3.2 2.1 1.6 2 2.1 3.2c.5 1.2.8 2.5.8 3.9s-.3 2.7-.8 3.9c-.5 1.2-1.2 2.3-2.1 3.2s-2 1.6-3.2 2.1c-1.2.5-2.5.8-3.9.8z\" fill=\"currentColor\" \/><\/svg><\/button>\n\t\t\t\t<span class=\"t2-image-credit-text wp-element-caption\" id=\"image-credit-1\" hidden>Foto: Arnstein Staverl\u00f8kk<\/span>\n\t\t\t<\/span><\/div><\/figure>\n<\/div>\n\n\n\n<div class=\"wp-block-column is-layout-flow wp-block-column-is-layout-flow\" style=\"flex-basis:66.66%\">\n<p><strong>Atle Harby<\/strong><\/p>\n\n\n\n<p>Seniorforsker ved SINTEF Energi. Sivilingeni\u00f8r.<\/p>\n<\/div>\n<\/div>\n<\/div>\n<\/div>\n\n\n\n<div class=\"wp-block-columns is-layout-flex wp-container-core-columns-is-layout-9d6595d7 wp-block-columns-is-layout-flex\">\n<div class=\"wp-block-column is-layout-flow wp-block-column-is-layout-flow\" style=\"flex-basis:33.33%\">\n<figure class=\"wp-block-image size-full\"><div class=\"t2-image-credit-wrapper\"><img loading=\"lazy\" decoding=\"async\" width=\"470\" height=\"470\" src=\"https:\/\/files.teststeder.regjeringen.no\/wpuploads01\/sites\/579\/2024\/10\/AsgeirSorteberg_UiB-foto-Eivind-Senneset-1.png\" alt=\"\" class=\"wp-image-141\" srcset=\"https:\/\/files.teststeder.regjeringen.no\/wpuploads01\/sites\/579\/2024\/10\/AsgeirSorteberg_UiB-foto-Eivind-Senneset-1.png 470w, https:\/\/files.teststeder.regjeringen.no\/wpuploads01\/sites\/579\/2024\/10\/AsgeirSorteberg_UiB-foto-Eivind-Senneset-1-300x300.png 300w, https:\/\/files.teststeder.regjeringen.no\/wpuploads01\/sites\/579\/2024\/10\/AsgeirSorteberg_UiB-foto-Eivind-Senneset-1-150x150.png 150w\" sizes=\"auto, (max-width: 470px) 100vw, 470px\" \/><span class=\"t2-image-credit\">\n\t\t\t\t<button type=\"button\" class=\"t2-image-credit-toggle\" aria-expanded=\"false\" aria-controls=\"image-credit-2\" aria-label=\"Toggle image credit\"><svg xmlns=\"http:\/\/www.w3.org\/2000\/svg\" viewBox=\"0 0 24 24\" height=\"24\" width=\"24\" class=\"t2-icon t2-icon-info\" aria-hidden=\"true\" focusable=\"false\"><path d=\"M12 17c.3 0 .5-.1.7-.3s.3-.4.3-.7v-4c0-.3-.1-.5-.3-.7-.2-.2-.4-.3-.7-.3s-.5.1-.7.3c-.2.2-.3.4-.3.7v4c0 .3.1.5.3.7s.4.3.7.3zm0-8c.3 0 .5-.1.7-.3.2-.2.3-.4.3-.7 0-.3-.1-.5-.3-.7-.2-.2-.4-.3-.7-.3s-.5.1-.7.3c-.2.2-.3.4-.3.7 0 .3.1.5.3.7.2.2.4.3.7.3zm0 13c-1.4 0-2.7-.3-3.9-.8-1.2-.5-2.3-1.2-3.2-2.1s-1.6-2-2.1-3.2S2 13.4 2 12s.3-2.7.8-3.9S4 5.8 4.9 4.9s2-1.6 3.2-2.1S10.6 2 12 2s2.7.3 3.9.8 2.3 1.2 3.2 2.1 1.6 2 2.1 3.2c.5 1.2.8 2.5.8 3.9s-.3 2.7-.8 3.9c-.5 1.2-1.2 2.3-2.1 3.2s-2 1.6-3.2 2.1c-1.2.5-2.5.8-3.9.8z\" fill=\"currentColor\" \/><\/svg><\/button>\n\t\t\t\t<span class=\"t2-image-credit-text wp-element-caption\" id=\"image-credit-2\" hidden>Foto: Eivind Senneset<\/span>\n\t\t\t<\/span><\/div><\/figure>\n<\/div>\n\n\n\n<div class=\"wp-block-column is-layout-flow wp-block-column-is-layout-flow\" style=\"flex-basis:66.66%\">\n<p><strong>Asgeir Sorteberg<\/strong><\/p>\n\n\n\n<p>Professor i atmosf\u00e6risk dynamikk ved UiB. Doktorgrad i meteorologi. &nbsp;<\/p>\n<\/div>\n<\/div>\n\n\n\n<div class=\"wp-block-columns is-layout-flex wp-container-core-columns-is-layout-9d6595d7 wp-block-columns-is-layout-flex\">\n<div class=\"wp-block-column is-layout-flow wp-block-column-is-layout-flow\" style=\"flex-basis:33.33%\">\n<figure class=\"wp-block-image size-large\"><div class=\"t2-image-credit-wrapper\"><img loading=\"lazy\" decoding=\"async\" width=\"1024\" height=\"1024\" src=\"https:\/\/files.teststeder.regjeringen.no\/wpuploads01\/sites\/579\/2024\/10\/GBRetter_Oct24-1-1024x1024.jpg\" alt=\"\" class=\"wp-image-142\" srcset=\"https:\/\/files.teststeder.regjeringen.no\/wpuploads01\/sites\/579\/2024\/10\/GBRetter_Oct24-1-1024x1024.jpg 1024w, https:\/\/files.teststeder.regjeringen.no\/wpuploads01\/sites\/579\/2024\/10\/GBRetter_Oct24-1-300x300.jpg 300w, https:\/\/files.teststeder.regjeringen.no\/wpuploads01\/sites\/579\/2024\/10\/GBRetter_Oct24-1-150x150.jpg 150w, https:\/\/files.teststeder.regjeringen.no\/wpuploads01\/sites\/579\/2024\/10\/GBRetter_Oct24-1-768x768.jpg 768w, https:\/\/files.teststeder.regjeringen.no\/wpuploads01\/sites\/579\/2024\/10\/GBRetter_Oct24-1-1536x1536.jpg 1536w, https:\/\/files.teststeder.regjeringen.no\/wpuploads01\/sites\/579\/2024\/10\/GBRetter_Oct24-1.jpg 1580w\" sizes=\"auto, (max-width: 1024px) 100vw, 1024px\" \/><span class=\"t2-image-credit\">\n\t\t\t\t<button type=\"button\" class=\"t2-image-credit-toggle\" aria-expanded=\"false\" aria-controls=\"image-credit-3\" aria-label=\"Toggle image credit\"><svg xmlns=\"http:\/\/www.w3.org\/2000\/svg\" viewBox=\"0 0 24 24\" height=\"24\" width=\"24\" class=\"t2-icon t2-icon-info\" aria-hidden=\"true\" focusable=\"false\"><path d=\"M12 17c.3 0 .5-.1.7-.3s.3-.4.3-.7v-4c0-.3-.1-.5-.3-.7-.2-.2-.4-.3-.7-.3s-.5.1-.7.3c-.2.2-.3.4-.3.7v4c0 .3.1.5.3.7s.4.3.7.3zm0-8c.3 0 .5-.1.7-.3.2-.2.3-.4.3-.7 0-.3-.1-.5-.3-.7-.2-.2-.4-.3-.7-.3s-.5.1-.7.3c-.2.2-.3.4-.3.7 0 .3.1.5.3.7.2.2.4.3.7.3zm0 13c-1.4 0-2.7-.3-3.9-.8-1.2-.5-2.3-1.2-3.2-2.1s-1.6-2-2.1-3.2S2 13.4 2 12s.3-2.7.8-3.9S4 5.8 4.9 4.9s2-1.6 3.2-2.1S10.6 2 12 2s2.7.3 3.9.8 2.3 1.2 3.2 2.1 1.6 2 2.1 3.2c.5 1.2.8 2.5.8 3.9s-.3 2.7-.8 3.9c-.5 1.2-1.2 2.3-2.1 3.2s-2 1.6-3.2 2.1c-1.2.5-2.5.8-3.9.8z\" fill=\"currentColor\" \/><\/svg><\/button>\n\t\t\t\t<span class=\"t2-image-credit-text wp-element-caption\" id=\"image-credit-3\" hidden>Foto: Privat<\/span>\n\t\t\t<\/span><\/div><\/figure>\n<\/div>\n\n\n\n<div class=\"wp-block-column is-layout-flow wp-block-column-is-layout-flow\" style=\"flex-basis:66.66%\">\n<p><strong>Gunn-Britt Retter<\/strong><\/p>\n\n\n\n<p>Leder av Arktisk- og milj\u00f8avdelingen i S\u00e1mir\u00e1\u0111\u0111i &#8211; Samer\u00e5det. <\/p>\n<\/div>\n<\/div>\n\n\n\n<div class=\"wp-block-columns is-layout-flex wp-container-core-columns-is-layout-9d6595d7 wp-block-columns-is-layout-flex\">\n<div class=\"wp-block-column is-layout-flow wp-block-column-is-layout-flow\" style=\"flex-basis:33.33%\">\n<figure class=\"wp-block-image size-large\"><div class=\"t2-image-credit-wrapper\"><img loading=\"lazy\" decoding=\"async\" width=\"1024\" height=\"1024\" src=\"https:\/\/files.teststeder.regjeringen.no\/wpuploads01\/sites\/579\/2024\/10\/FalkeblikkAS-20211116-Vestlandsforsking-portrettbilder-D850_0438_WEB-1-1024x1024.jpg\" alt=\"\" class=\"wp-image-143\" srcset=\"https:\/\/files.teststeder.regjeringen.no\/wpuploads01\/sites\/579\/2024\/10\/FalkeblikkAS-20211116-Vestlandsforsking-portrettbilder-D850_0438_WEB-1-1024x1024.jpg 1024w, https:\/\/files.teststeder.regjeringen.no\/wpuploads01\/sites\/579\/2024\/10\/FalkeblikkAS-20211116-Vestlandsforsking-portrettbilder-D850_0438_WEB-1-300x300.jpg 300w, https:\/\/files.teststeder.regjeringen.no\/wpuploads01\/sites\/579\/2024\/10\/FalkeblikkAS-20211116-Vestlandsforsking-portrettbilder-D850_0438_WEB-1-150x150.jpg 150w, https:\/\/files.teststeder.regjeringen.no\/wpuploads01\/sites\/579\/2024\/10\/FalkeblikkAS-20211116-Vestlandsforsking-portrettbilder-D850_0438_WEB-1-768x768.jpg 768w, https:\/\/files.teststeder.regjeringen.no\/wpuploads01\/sites\/579\/2024\/10\/FalkeblikkAS-20211116-Vestlandsforsking-portrettbilder-D850_0438_WEB-1.jpg 1536w\" sizes=\"auto, (max-width: 1024px) 100vw, 1024px\" \/><span class=\"t2-image-credit\">\n\t\t\t\t<button type=\"button\" class=\"t2-image-credit-toggle\" aria-expanded=\"false\" aria-controls=\"image-credit-4\" aria-label=\"Toggle image credit\"><svg xmlns=\"http:\/\/www.w3.org\/2000\/svg\" viewBox=\"0 0 24 24\" height=\"24\" width=\"24\" class=\"t2-icon t2-icon-info\" aria-hidden=\"true\" focusable=\"false\"><path d=\"M12 17c.3 0 .5-.1.7-.3s.3-.4.3-.7v-4c0-.3-.1-.5-.3-.7-.2-.2-.4-.3-.7-.3s-.5.1-.7.3c-.2.2-.3.4-.3.7v4c0 .3.1.5.3.7s.4.3.7.3zm0-8c.3 0 .5-.1.7-.3.2-.2.3-.4.3-.7 0-.3-.1-.5-.3-.7-.2-.2-.4-.3-.7-.3s-.5.1-.7.3c-.2.2-.3.4-.3.7 0 .3.1.5.3.7.2.2.4.3.7.3zm0 13c-1.4 0-2.7-.3-3.9-.8-1.2-.5-2.3-1.2-3.2-2.1s-1.6-2-2.1-3.2S2 13.4 2 12s.3-2.7.8-3.9S4 5.8 4.9 4.9s2-1.6 3.2-2.1S10.6 2 12 2s2.7.3 3.9.8 2.3 1.2 3.2 2.1 1.6 2 2.1 3.2c.5 1.2.8 2.5.8 3.9s-.3 2.7-.8 3.9c-.5 1.2-1.2 2.3-2.1 3.2s-2 1.6-3.2 2.1c-1.2.5-2.5.8-3.9.8z\" fill=\"currentColor\" \/><\/svg><\/button>\n\t\t\t\t<span class=\"t2-image-credit-text wp-element-caption\" id=\"image-credit-4\" hidden>Foto: Tore F. Lie<\/span>\n\t\t\t<\/span><\/div><\/figure>\n<\/div>\n\n\n\n<div class=\"wp-block-column is-layout-flow wp-block-column-is-layout-flow\" style=\"flex-basis:66.66%\">\n<p><strong>Halvor Dannevig<\/strong><\/p>\n\n\n\n<p>Forskingsleder ved Vestlandsforskning. Doktorgrad om klimatilpasning som forvaltnings- og politikkfelt. <\/p>\n<\/div>\n<\/div>\n\n\n\n<div class=\"wp-block-columns is-layout-flex wp-container-core-columns-is-layout-9d6595d7 wp-block-columns-is-layout-flex\">\n<div class=\"wp-block-column is-layout-flow wp-block-column-is-layout-flow\" style=\"flex-basis:33.33%\">\n<figure class=\"wp-block-image size-large\"><div class=\"t2-image-credit-wrapper\"><img loading=\"lazy\" decoding=\"async\" width=\"1024\" height=\"1024\" src=\"https:\/\/files.teststeder.regjeringen.no\/wpuploads01\/sites\/579\/2024\/10\/Kine-Josefine-Aurland-Bredesen-8853-1-1024x1024.jpg\" alt=\"\" class=\"wp-image-135\" srcset=\"https:\/\/files.teststeder.regjeringen.no\/wpuploads01\/sites\/579\/2024\/10\/Kine-Josefine-Aurland-Bredesen-8853-1-1024x1024.jpg 1024w, https:\/\/files.teststeder.regjeringen.no\/wpuploads01\/sites\/579\/2024\/10\/Kine-Josefine-Aurland-Bredesen-8853-1-300x300.jpg 300w, https:\/\/files.teststeder.regjeringen.no\/wpuploads01\/sites\/579\/2024\/10\/Kine-Josefine-Aurland-Bredesen-8853-1-150x150.jpg 150w, https:\/\/files.teststeder.regjeringen.no\/wpuploads01\/sites\/579\/2024\/10\/Kine-Josefine-Aurland-Bredesen-8853-1-768x768.jpg 768w, https:\/\/files.teststeder.regjeringen.no\/wpuploads01\/sites\/579\/2024\/10\/Kine-Josefine-Aurland-Bredesen-8853-1-1536x1536.jpg 1536w, https:\/\/files.teststeder.regjeringen.no\/wpuploads01\/sites\/579\/2024\/10\/Kine-Josefine-Aurland-Bredesen-8853-1.jpg 2000w\" sizes=\"auto, (max-width: 1024px) 100vw, 1024px\" \/><span class=\"t2-image-credit\">\n\t\t\t\t<button type=\"button\" class=\"t2-image-credit-toggle\" aria-expanded=\"false\" aria-controls=\"image-credit-5\" aria-label=\"Toggle image credit\"><svg xmlns=\"http:\/\/www.w3.org\/2000\/svg\" viewBox=\"0 0 24 24\" height=\"24\" width=\"24\" class=\"t2-icon t2-icon-info\" aria-hidden=\"true\" focusable=\"false\"><path d=\"M12 17c.3 0 .5-.1.7-.3s.3-.4.3-.7v-4c0-.3-.1-.5-.3-.7-.2-.2-.4-.3-.7-.3s-.5.1-.7.3c-.2.2-.3.4-.3.7v4c0 .3.1.5.3.7s.4.3.7.3zm0-8c.3 0 .5-.1.7-.3.2-.2.3-.4.3-.7 0-.3-.1-.5-.3-.7-.2-.2-.4-.3-.7-.3s-.5.1-.7.3c-.2.2-.3.4-.3.7 0 .3.1.5.3.7.2.2.4.3.7.3zm0 13c-1.4 0-2.7-.3-3.9-.8-1.2-.5-2.3-1.2-3.2-2.1s-1.6-2-2.1-3.2S2 13.4 2 12s.3-2.7.8-3.9S4 5.8 4.9 4.9s2-1.6 3.2-2.1S10.6 2 12 2s2.7.3 3.9.8 2.3 1.2 3.2 2.1 1.6 2 2.1 3.2c.5 1.2.8 2.5.8 3.9s-.3 2.7-.8 3.9c-.5 1.2-1.2 2.3-2.1 3.2s-2 1.6-3.2 2.1c-1.2.5-2.5.8-3.9.8z\" fill=\"currentColor\" \/><\/svg><\/button>\n\t\t\t\t<span class=\"t2-image-credit-text wp-element-caption\" id=\"image-credit-5\" hidden>Foto: Tommy Normann<\/span>\n\t\t\t<\/span><\/div><\/figure>\n<\/div>\n\n\n\n<div class=\"wp-block-column is-layout-flow wp-block-column-is-layout-flow\" style=\"flex-basis:66.66%\">\n<p><strong>Kine Josefine Aurland-Bredesen<\/strong><\/p>\n\n\n\n<p>Postdoktor ved Handelsh\u00f8yskolen NMBU, doktorgrad i samfunns\u00f8konomi.<\/p>\n<\/div>\n<\/div>\n\n\n\n<div class=\"wp-block-columns is-layout-flex wp-container-core-columns-is-layout-9d6595d7 wp-block-columns-is-layout-flex\">\n<div class=\"wp-block-column is-layout-flow wp-block-column-is-layout-flow\" style=\"flex-basis:33.33%\">\n<figure class=\"wp-block-image size-full\"><div class=\"t2-image-credit-wrapper\"><img loading=\"lazy\" decoding=\"async\" width=\"400\" height=\"400\" src=\"https:\/\/files.teststeder.regjeringen.no\/wpuploads01\/sites\/579\/2024\/10\/Grimsrud-Kristine-520-1.jpg\" alt=\"\" class=\"wp-image-130\" srcset=\"https:\/\/files.teststeder.regjeringen.no\/wpuploads01\/sites\/579\/2024\/10\/Grimsrud-Kristine-520-1.jpg 400w, https:\/\/files.teststeder.regjeringen.no\/wpuploads01\/sites\/579\/2024\/10\/Grimsrud-Kristine-520-1-300x300.jpg 300w, https:\/\/files.teststeder.regjeringen.no\/wpuploads01\/sites\/579\/2024\/10\/Grimsrud-Kristine-520-1-150x150.jpg 150w\" sizes=\"auto, (max-width: 400px) 100vw, 400px\" \/><span class=\"t2-image-credit\">\n\t\t\t\t<button type=\"button\" class=\"t2-image-credit-toggle\" aria-expanded=\"false\" aria-controls=\"image-credit-6\" aria-label=\"Toggle image credit\"><svg xmlns=\"http:\/\/www.w3.org\/2000\/svg\" viewBox=\"0 0 24 24\" height=\"24\" width=\"24\" class=\"t2-icon t2-icon-info\" aria-hidden=\"true\" focusable=\"false\"><path d=\"M12 17c.3 0 .5-.1.7-.3s.3-.4.3-.7v-4c0-.3-.1-.5-.3-.7-.2-.2-.4-.3-.7-.3s-.5.1-.7.3c-.2.2-.3.4-.3.7v4c0 .3.1.5.3.7s.4.3.7.3zm0-8c.3 0 .5-.1.7-.3.2-.2.3-.4.3-.7 0-.3-.1-.5-.3-.7-.2-.2-.4-.3-.7-.3s-.5.1-.7.3c-.2.2-.3.4-.3.7 0 .3.1.5.3.7.2.2.4.3.7.3zm0 13c-1.4 0-2.7-.3-3.9-.8-1.2-.5-2.3-1.2-3.2-2.1s-1.6-2-2.1-3.2S2 13.4 2 12s.3-2.7.8-3.9S4 5.8 4.9 4.9s2-1.6 3.2-2.1S10.6 2 12 2s2.7.3 3.9.8 2.3 1.2 3.2 2.1 1.6 2 2.1 3.2c.5 1.2.8 2.5.8 3.9s-.3 2.7-.8 3.9c-.5 1.2-1.2 2.3-2.1 3.2s-2 1.6-3.2 2.1c-1.2.5-2.5.8-3.9.8z\" fill=\"currentColor\" \/><\/svg><\/button>\n\t\t\t\t<span class=\"t2-image-credit-text wp-element-caption\" id=\"image-credit-6\" hidden>Foto: Per Kristian Lie Lowe<\/span>\n\t\t\t<\/span><\/div><\/figure>\n<\/div>\n\n\n\n<div class=\"wp-block-column is-layout-flow wp-block-column-is-layout-flow\" style=\"flex-basis:66.66%\">\n<p><strong>Kristine Grimsrud<\/strong><\/p>\n\n\n\n<p>Seniorforsker i SSB Statistisk sentralbyr\u00e5. Doktorgrad i ressurs\u00f8konomi og \u00f8konometri.<\/p>\n<\/div>\n<\/div>\n","protected":false},"excerpt":{"rendered":"<p>Ingrid Hjort (leder) Postdoktor ved handelsh\u00f8yskolen BI. Doktorgrad i samfunns\u00f8konomi. Atle Harby Seniorforsker ved SINTEF Energi. Sivilingeni\u00f8r. Asgeir Sorteberg Professor i atmosf\u00e6risk dynamikk ved UiB. Doktorgrad i meteorologi. &nbsp; Gunn-Britt Retter Leder av Arktisk- og milj\u00f8avdelingen i S\u00e1mir\u00e1\u0111\u0111i &#8211; Samer\u00e5det. Halvor Dannevig Forskingsleder ved Vestlandsforskning. Doktorgrad om klimatilpasning som forvaltnings- og politikkfelt. Kine Josefine Aurland-Bredesen\u2026<\/p>\n","protected":false},"author":181,"featured_media":0,"parent":0,"menu_order":0,"comment_status":"closed","ping_status":"closed","template":"","meta":{"dss_simple_post_excerpt":"","dss_show_featured_image":true,"footnotes":""},"class_list":["post-11","page","type-page","status-publish","hentry"],"language":"nb-NO","_links":{"self":[{"href":"https:\/\/teststeder.regjeringen.no\/klimatilpasning\/wp-json\/wp\/v2\/pages\/11","targetHints":{"allow":["GET"]}}],"collection":[{"href":"https:\/\/teststeder.regjeringen.no\/klimatilpasning\/wp-json\/wp\/v2\/pages"}],"about":[{"href":"https:\/\/teststeder.regjeringen.no\/klimatilpasning\/wp-json\/wp\/v2\/types\/page"}],"author":[{"embeddable":true,"href":"https:\/\/teststeder.regjeringen.no\/klimatilpasning\/wp-json\/wp\/v2\/users\/181"}],"replies":[{"embeddable":true,"href":"https:\/\/teststeder.regjeringen.no\/klimatilpasning\/wp-json\/wp\/v2\/comments?post=11"}],"version-history":[{"count":3,"href":"https:\/\/teststeder.regjeringen.no\/klimatilpasning\/wp-json\/wp\/v2\/pages\/11\/revisions"}],"predecessor-version":[{"id":159,"href":"https:\/\/teststeder.regjeringen.no\/klimatilpasning\/wp-json\/wp\/v2\/pages\/11\/revisions\/159"}],"wp:attachment":[{"href":"https:\/\/teststeder.regjeringen.no\/klimatilpasning\/wp-json\/wp\/v2\/media?parent=11"}],"curies":[{"name":"wp","href":"https:\/\/api.w.org\/{rel}","templated":true}]}}