{"id":6,"date":"2024-10-09T13:38:43","date_gmt":"2024-10-09T11:38:43","guid":{"rendered":"https:\/\/nettsteder.regjeringen.no\/klimatilpasning\/?page_id=6"},"modified":"2024-11-11T16:59:25","modified_gmt":"2024-11-11T15:59:25","slug":"om-utvalget","status":"publish","type":"page","link":"https:\/\/teststeder.regjeringen.no\/klimatilpasning\/","title":{"rendered":"Om utvalget"},"content":{"rendered":"\n<p>Regjeringen satte i juli 2024 ned et ekspertutvalg som skal fremskaffe mer kunnskap om de samfunns\u00f8konomiske konsekvensene av klimaendringene i Norge.<\/p>\n\n\n\n<p>Utvalget skal i sitt arbeid ha s\u00e6rlig fokus p\u00e5 hvordan vi legger til rette for samfunns\u00f8konomisk l\u00f8nnsomme tilpasningstiltak med et klima i endring, med vekt p\u00e5 utsatte sektorer og regioner. M\u00e5let er \u00e5 identifisere innsatsomr\u00e5der der potensialet for \u00e5 redusere klimarelatert risiko er stort, vurdert opp mot kostnaden ved tiltak. Arbeidet skal bidra til bedre forst\u00e5else av hva de \u00f8konomiske og velferdsmessige konsekvensene av klimaendringene vil bety for Norge, ogs\u00e5 der klimaendringene vil ha positive virkninger og gi muligheter for \u00f8kt verdiskapning.\u00a0<\/p>\n\n\n\n<p>Utvalget skal levere sin endelige rapport og anbefalinger innen 1. juli 2026. <\/p>\n","protected":false},"excerpt":{"rendered":"<p>Regjeringen satte i juli 2024 ned et ekspertutvalg som skal fremskaffe mer kunnskap om de samfunns\u00f8konomiske konsekvensene av klimaendringene i Norge. Utvalget skal i sitt arbeid ha s\u00e6rlig fokus p\u00e5 hvordan vi legger til rette for samfunns\u00f8konomisk l\u00f8nnsomme tilpasningstiltak med et klima i endring, med vekt p\u00e5 utsatte sektorer og regioner. M\u00e5let er \u00e5 identifisere\u2026<\/p>\n","protected":false},"author":181,"featured_media":0,"parent":0,"menu_order":0,"comment_status":"closed","ping_status":"closed","template":"","meta":{"dss_simple_post_excerpt":"","dss_show_featured_image":true,"footnotes":""},"class_list":["post-6","page","type-page","status-publish","hentry"],"language":"nb-NO","_links":{"self":[{"href":"https:\/\/teststeder.regjeringen.no\/klimatilpasning\/wp-json\/wp\/v2\/pages\/6","targetHints":{"allow":["GET"]}}],"collection":[{"href":"https:\/\/teststeder.regjeringen.no\/klimatilpasning\/wp-json\/wp\/v2\/pages"}],"about":[{"href":"https:\/\/teststeder.regjeringen.no\/klimatilpasning\/wp-json\/wp\/v2\/types\/page"}],"author":[{"embeddable":true,"href":"https:\/\/teststeder.regjeringen.no\/klimatilpasning\/wp-json\/wp\/v2\/users\/181"}],"replies":[{"embeddable":true,"href":"https:\/\/teststeder.regjeringen.no\/klimatilpasning\/wp-json\/wp\/v2\/comments?post=6"}],"version-history":[{"count":3,"href":"https:\/\/teststeder.regjeringen.no\/klimatilpasning\/wp-json\/wp\/v2\/pages\/6\/revisions"}],"predecessor-version":[{"id":160,"href":"https:\/\/teststeder.regjeringen.no\/klimatilpasning\/wp-json\/wp\/v2\/pages\/6\/revisions\/160"}],"wp:attachment":[{"href":"https:\/\/teststeder.regjeringen.no\/klimatilpasning\/wp-json\/wp\/v2\/media?parent=6"}],"curies":[{"name":"wp","href":"https:\/\/api.w.org\/{rel}","templated":true}]}}