{"id":107,"date":"2020-12-14T09:31:22","date_gmt":"2020-12-14T08:31:22","guid":{"rendered":"https:\/\/nettsteder.regjeringen.no\/kontaktkonferansen\/?page_id=107"},"modified":"2022-12-01T14:27:17","modified_gmt":"2022-12-01T13:27:17","slug":"inviterte","status":"publish","type":"page","link":"https:\/\/teststeder.regjeringen.no\/kontaktkonferansen\/inviterte\/","title":{"rendered":"Inviterte"},"content":{"rendered":"<div id=\"module-0\" class=\"hogan-module hogan-module-text hogan-module-0 text-wrap\"><div class=\"hogan-module-inner clearfix\"><ul>\n<li>Styreleder, rektor og direkt\u00f8r ved statlige universiteter og h\u00f8yskoler<\/li>\n<li>En representant fra f\u00f8lgende private institusjonsakkrediterte h\u00f8yskoler:\n<ul>\n<li>Ansgar teologiske h\u00f8gskule<\/li>\n<li>H\u00f8yskolen Kristiania<\/li>\n<li>MF Vitenskapelig h\u00f8yskole for teologi, religion og samfunn<\/li>\n<li>Dronning Mauds Minne H\u00f8gskole for barnehagel\u00e6rerutdanning<\/li>\n<li>Fjellhaug internasjonale h\u00f8gskole<\/li>\n<li>Handelsh\u00f8yskolen BI<\/li>\n<li>Lovisenberg diakonale h\u00f8gskole<\/li>\n<li>NLA h\u00f8gskolen<\/li>\n<li>VID vitenskapelige h\u00f8gskole<\/li>\n<\/ul>\n<\/li>\n<li>Styreleder og direkt\u00f8r fra:\n<ul>\n<li>Direktoratet for h\u00f8yere utdanning og kompetanse<\/li>\n<li>Sikt<\/li>\n<li>NOKUT<\/li>\n<li>Norges forskningsr\u00e5d<\/li>\n<li>Innovasjon Norge<\/li>\n<li>Universitets- og h\u00f8gskoler\u00e5det<\/li>\n<li>FFA<\/li>\n<li>NUPI<\/li>\n<\/ul>\n<\/li>\n<li>Utdannings- og forskningskomiteen p\u00e5 Stortinget<\/li>\n<li>To representanter fra:\n<ul>\n<li>Norsk studentorganisasjon<\/li>\n<li>ANSA Association of Norwegian Students Abroad<\/li>\n<li>Stipendiatorganisasjonene i Norge<\/li>\n<li>departementsr\u00e5der og en person fra embetsverket fra \u00f8vrige departementer<\/li>\n<\/ul>\n<\/li>\n<li>En representant fra:\n<ul>\n<li>Politih\u00f8yskolen<\/li>\n<li>Forsvarets h\u00f8yskole<\/li>\n<li>Sametinget<\/li>\n<li>LO<\/li>\n<li>NTL<\/li>\n<li>Kommunenes Sentralforbund<\/li>\n<li>N\u00e6ringslivet Hovedorganisasjon<\/li>\n<li>UNIO<\/li>\n<li>Akademikerne<\/li>\n<li>YS<\/li>\n<li>Spekter<\/li>\n<li>Virke<\/li>\n<li>Forskerforbundet<\/li>\n<li>Unis<\/li>\n<li>Simula<\/li>\n<li>De forskningsetiske komiteer<\/li>\n<li>hver av FFAs medlemsinstitutter\n<p>\u00d8vrige interesserte er velkommen til \u00e5 f\u00f8lge konferansen via nett-TV p\u00e5 regjeringen.no<\/li>\n<\/ul>\n<\/li>\n<\/ul><\/div><\/div>","protected":false},"excerpt":{"rendered":"<p>Styreleder, rektor og direkt\u00f8r ved statlige universiteter og h\u00f8yskoler En representant fra f\u00f8lgende private institusjonsakkrediterte h\u00f8yskoler: Ansgar teologiske h\u00f8gskule H\u00f8yskolen &#8230;<\/p>\n","protected":false},"author":357,"featured_media":0,"parent":0,"menu_order":0,"comment_status":"closed","ping_status":"closed","template":"","meta":{"_acf_changed":false,"footnotes":""},"class_list":["post-107","page","type-page","status-publish","hentry"],"language":"nb-NO","acf":[],"_links":{"self":[{"href":"https:\/\/teststeder.regjeringen.no\/kontaktkonferansen\/wp-json\/wp\/v2\/pages\/107","targetHints":{"allow":["GET"]}}],"collection":[{"href":"https:\/\/teststeder.regjeringen.no\/kontaktkonferansen\/wp-json\/wp\/v2\/pages"}],"about":[{"href":"https:\/\/teststeder.regjeringen.no\/kontaktkonferansen\/wp-json\/wp\/v2\/types\/page"}],"author":[{"embeddable":true,"href":"https:\/\/teststeder.regjeringen.no\/kontaktkonferansen\/wp-json\/wp\/v2\/users\/357"}],"replies":[{"embeddable":true,"href":"https:\/\/teststeder.regjeringen.no\/kontaktkonferansen\/wp-json\/wp\/v2\/comments?post=107"}],"version-history":[{"count":4,"href":"https:\/\/teststeder.regjeringen.no\/kontaktkonferansen\/wp-json\/wp\/v2\/pages\/107\/revisions"}],"predecessor-version":[{"id":1050,"href":"https:\/\/teststeder.regjeringen.no\/kontaktkonferansen\/wp-json\/wp\/v2\/pages\/107\/revisions\/1050"}],"wp:attachment":[{"href":"https:\/\/teststeder.regjeringen.no\/kontaktkonferansen\/wp-json\/wp\/v2\/media?parent=107"}],"curies":[{"name":"wp","href":"https:\/\/api.w.org\/{rel}","templated":true}]}}