{"id":113,"date":"2020-12-14T09:31:39","date_gmt":"2020-12-14T08:31:39","guid":{"rendered":"https:\/\/nettsteder.regjeringen.no\/kontaktkonferansen\/?page_id=113"},"modified":"2025-01-20T10:51:34","modified_gmt":"2025-01-20T09:51:34","slug":"program","status":"publish","type":"page","link":"https:\/\/teststeder.regjeringen.no\/kontaktkonferansen\/program\/","title":{"rendered":"Program 2025"},"content":{"rendered":"<div id=\"module-0\" class=\"hogan-module hogan-module-text hogan-module-0 text-wrap\"><div class=\"hogan-module-inner clearfix\"><h3>Kontaktkonferansen for forskning og h\u00f8yere utdanning 21. januar<\/h3>\n<h4>Kunnskap for omstilling, trygghet og beredskap<\/h4>\n<p>&nbsp;<\/p>\n<p>09:30 \u2013 10:30\u00a0 \u00a0 \u00a0 \u00a0 \u00a0 \u00a0 <em><strong>Registrering<\/strong><\/em><\/p>\n<h3>Sesjon 1<\/h3>\n<p><strong>10:30 \u2013 12:15\u00a0<\/strong>\u00a0\u00a0\u00a0\u00a0\u00a0\u00a0\u00a0\u00a0\u00a0\u00a0\u00a0 <strong>Statsr\u00e5dens time<\/strong><\/p>\n<p>Innledning v\/ statsr\u00e5d Oddmund Hoel<br \/>\nSp\u00f8rsm\u00e5l\/kommentarer fra salen til statsr\u00e5den<\/p>\n<p><strong>12:15 \u2013 13:15\u00a0<\/strong>\u00a0\u00a0\u00a0\u00a0\u00a0\u00a0\u00a0\u00a0\u00a0\u00a0\u00a0 <em><strong>Lunsj<\/strong><\/em><\/p>\n<h3>Sesjon 2<\/h3>\n<p><strong>13:15 \u2013 13:25\u00a0\u00a0<\/strong> \u00a0\u00a0\u00a0\u00a0\u00a0\u00a0\u00a0\u00a0\u00a0 Musikalsk innslag ved Adama Janlo og Sondre Tandberg, bachelorstudenter, ut\u00f8vende rytmisk musikk, NLA h\u00f8gskolen<\/p>\n<p><strong>13:25 \u2013 15:00\u00a0\u00a0\u00a0<\/strong>\u00a0\u00a0\u00a0\u00a0\u00a0\u00a0\u00a0\u00a0\u00a0 <strong>Geopolitikk<\/strong><\/p>\n<p>Sesjon om hvordan den geopolitiske situasjonen krever endringer innen forskning og h\u00f8yere utdanning og reiser sp\u00f8rsm\u00e5l i skj\u00e6ringsfeltet mellom kunnskapspolitikk og sikkerhet, med kommentarer fra representanter fra UH- og instituttsektoren.<\/p>\n<p>&#8211;\u00a0\u00a0\u00a0\u00a0\u00a0\u00a0\u00a0\u00a0\u00a0\u00a0 Hovedinnlegg ved statsminister Jonas Gahr St\u00f8re<\/p>\n<p>&#8211;\u00a0\u00a0\u00a0\u00a0\u00a0\u00a0\u00a0\u00a0\u00a0\u00a0 Sp\u00f8rsm\u00e5l\/kommentarer fra salen til innleder<\/p>\n<p>&#8211;\u00a0\u00a0\u00a0\u00a0\u00a0\u00a0\u00a0\u00a0\u00a0\u00a0 Kommentar ved Kari Margrethe Osland (Norsk utenrikspolitisk institutt)<\/p>\n<p>&#8211;\u00a0\u00a0\u00a0\u00a0\u00a0\u00a0\u00a0\u00a0\u00a0\u00a0 Kommentar ved Mette Halskov Hansen (Universitetet i Oslo)<\/p>\n<p>&#8211;\u00a0\u00a0\u00a0\u00a0\u00a0\u00a0\u00a0\u00a0\u00a0\u00a0 Sp\u00f8rsm\u00e5l\/kommentar<\/p>\n<p><strong>15:00 \u2013 15:30<\/strong>\u00a0\u00a0\u00a0\u00a0\u00a0\u00a0\u00a0\u00a0\u00a0\u00a0\u00a0<em><strong>\u00a0 Pause<\/strong><\/em><\/p>\n<h3>Sesjon 3<\/h3>\n<p><strong>15:30 \u2013 17:00 \u00a0<\/strong>\u00a0\u00a0\u00a0\u00a0\u00a0\u00a0\u00a0\u00a0\u00a0\u00a0 <strong>Omstilling i akademia<\/strong><\/p>\n<p>Innledning og panelsamtale om sektoren sett utenifra og omstilling i akademia.<\/p>\n<p>&#8211;\u00a0\u00a0\u00a0\u00a0\u00a0\u00a0\u00a0\u00a0\u00a0\u00a0 Lars Geschwind (KTH) analyserer styrker og utfordringer innenfor h\u00f8yere utdanning og forskning i Norge sammenlignet med naboland\/Europa. Det blir satt av tid til\u00a0sp\u00f8rsm\u00e5l fra salen.<\/p>\n<p>&#8211;\u00a0\u00a0\u00a0\u00a0\u00a0\u00a0\u00a0\u00a0\u00a0\u00a0 Panelsamtale om hvordan kunnskapssektorene skal omstille seg gitt gjeldende \u00f8konomiske rammer, ledet av Tove Lie (Khrono.no).<\/p>\n<p>Paneldeltakere:<\/p>\n<p>o\u00a0\u00a0\u00a0\u00a0\u00a0\u00a0\u00a0\u00a0\u00a0 Henrik Wegener (rektor K\u00f8benhavns universitet)<\/p>\n<p>o\u00a0\u00a0\u00a0\u00a0\u00a0\u00a0\u00a0\u00a0\u00a0 Rune Todnem By (Universitetet i Stavanger)<\/p>\n<p>o\u00a0\u00a0\u00a0\u00a0\u00a0\u00a0\u00a0\u00a0\u00a0 Eli Smeplass (NTNU)<\/p>\n<p>o\u00a0\u00a0\u00a0\u00a0\u00a0\u00a0\u00a0\u00a0\u00a0 Kristin Halvorsen (CICERO)<\/p>\n<p>o\u00a0 \u00a0 \u00a0 \u00a0 \u00a0 Sanna Sarromaa (journalist Minerva)<\/p>\n<p><strong>17:00 \u2013 17:15<\/strong> \u00a0\u00a0\u00a0\u00a0\u00a0\u00a0\u00a0\u00a0\u00a0\u00a0\u00a0<strong> Avslutning<\/strong> v\/ statsr\u00e5d Oddmund Hoel<\/p>\n<p>&#8212;&#8212;&#8212;&#8212;&#8212;&#8211;<\/p>\n<p><strong>17:30 \u2013 17:40<\/strong>\u00a0 \u00a0 \u00a0 \u00a0 \u00a0 \u00a0 \u00a0Foredrag: Morkakens hemmeligheter, Helene Peterson, vinner av Forsker Grand-Prix 2024<\/p>\n<p><strong>17:40 \u2013 19:30\u00a0<\/strong>\u00a0\u00a0\u00a0\u00a0\u00a0\u00a0\u00a0\u00a0\u00a0\u00a0\u00a0 St\u00e5ende minglemiddag<\/p><\/div><\/div>","protected":false},"excerpt":{"rendered":"<p>Kontaktkonferansen for forskning og h\u00f8yere utdanning 21. januar Kunnskap for omstilling, trygghet og beredskap &nbsp; 09:30 \u2013 10:30\u00a0 \u00a0 \u00a0 &#8230;<\/p>\n","protected":false},"author":357,"featured_media":0,"parent":0,"menu_order":0,"comment_status":"closed","ping_status":"closed","template":"","meta":{"_acf_changed":false,"footnotes":""},"class_list":["post-113","page","type-page","status-publish","hentry"],"language":"nb-NO","acf":[],"_links":{"self":[{"href":"https:\/\/teststeder.regjeringen.no\/kontaktkonferansen\/wp-json\/wp\/v2\/pages\/113","targetHints":{"allow":["GET"]}}],"collection":[{"href":"https:\/\/teststeder.regjeringen.no\/kontaktkonferansen\/wp-json\/wp\/v2\/pages"}],"about":[{"href":"https:\/\/teststeder.regjeringen.no\/kontaktkonferansen\/wp-json\/wp\/v2\/types\/page"}],"author":[{"embeddable":true,"href":"https:\/\/teststeder.regjeringen.no\/kontaktkonferansen\/wp-json\/wp\/v2\/users\/357"}],"replies":[{"embeddable":true,"href":"https:\/\/teststeder.regjeringen.no\/kontaktkonferansen\/wp-json\/wp\/v2\/comments?post=113"}],"version-history":[{"count":5,"href":"https:\/\/teststeder.regjeringen.no\/kontaktkonferansen\/wp-json\/wp\/v2\/pages\/113\/revisions"}],"predecessor-version":[{"id":1685,"href":"https:\/\/teststeder.regjeringen.no\/kontaktkonferansen\/wp-json\/wp\/v2\/pages\/113\/revisions\/1685"}],"wp:attachment":[{"href":"https:\/\/teststeder.regjeringen.no\/kontaktkonferansen\/wp-json\/wp\/v2\/media?parent=113"}],"curies":[{"name":"wp","href":"https:\/\/api.w.org\/{rel}","templated":true}]}}