{"id":1172,"date":"2023-10-23T12:18:47","date_gmt":"2023-10-23T10:18:47","guid":{"rendered":"https:\/\/nettsteder.regjeringen.no\/kontaktkonferansen\/?page_id=1172"},"modified":"2024-01-09T16:08:46","modified_gmt":"2024-01-09T15:08:46","slug":"program-2024","status":"publish","type":"page","link":"https:\/\/teststeder.regjeringen.no\/kontaktkonferansen\/program-2024\/","title":{"rendered":"Program 2024"},"content":{"rendered":"<div id=\"module-0\" class=\"hogan-module hogan-module-text hogan-module-0 text-wrap\"><div class=\"hogan-module-inner clearfix\"><p>\u00c5rets konferanse omhandler hvordan sektoren skal tilpasse seg og aktivt bidra til samfunnsutviklingen. Vi vil utforske veien fremover for forskning og h\u00f8yere utdanning i et 10-\u00e5rs perspektiv. Konferansen vil best\u00e5 av tre sesjoner.<\/p>\n<p><strong><em>09:30 \u2013 10:00\u00a0\u00a0\u00a0\u00a0\u00a0\u00a0\u00a0\u00a0\u00a0\u00a0\u00a0\u00a0 Registrering<\/em><\/strong><\/p>\n<p><strong>10:00 \u2013 11:45\u00a0\u00a0\u00a0\u00a0\u00a0\u00a0\u00a0\u00a0\u00a0\u00a0\u00a0\u00a0 Sesjon 1: Statsr\u00e5dens dialog med instituttsektoren, universitets- og h\u00f8yskolesektoren<\/strong><\/p>\n<p><em>Statsr\u00e5den vil innlede om viktige politiske prosesser fremover, etterfulgt av panelsamtale med sentrale akt\u00f8rer i kunnskapssektoren og sp\u00f8rsm\u00e5l fra salen.<\/em><\/p>\n<p>10:00 &#8211; 10:40 \u00a0Innledning\/foredrag ved statsr\u00e5d Sandra Borch<\/p>\n<p>10:40 &#8211; 11:45\u00a0 Panelsamtale med statsr\u00e5d Sandra Borch, Anne Lycke (FFA), Sunniva Whittaker (UHR), Oline S\u00e6ther (NSO) og Guro. E. Lind (Forskerforbundet), og sp\u00f8rsm\u00e5l\/kommentarer fra salen.<\/p>\n<p><strong><em>11:45 \u2013 12:45\u00a0\u00a0\u00a0\u00a0\u00a0\u00a0\u00a0\u00a0\u00a0\u00a0\u00a0\u00a0 Lunsj<\/em><\/strong><\/p>\n<p><strong>12:45 \u2013 12:55\u00a0\u00a0\u00a0\u00a0\u00a0\u00a0\u00a0\u00a0\u00a0\u00a0\u00a0\u00a0 Kunstnerisk innslag <\/strong>\u2013 Norges Musikkh\u00f8gskole studenter<\/p>\n<p><strong>12:55 \u2013 14:40\u00a0\u00a0\u00a0\u00a0\u00a0\u00a0\u00a0\u00a0\u00a0\u00a0\u00a0\u00a0 Sesjon 2: Ti \u00e5r fremover &#8211; Kunnskapssektorens rolle<\/strong><\/p>\n<p><em>I denne sesjonen vil det bli innlegg om hvordan forskning og h\u00f8yere utdanning skal forholde seg til samfunnsutviklingen i et 10-\u00e5rs perspektiv og hvordan sektoren skal m\u00f8te utfordringene den st\u00e5r overfor. Innleggene vil bli gitt av representanter for henholdsvis norsk n\u00e6ringsliv, instituttsektoren og universitets- og h\u00f8yskolesektoren. Hvert av innleggene vil bli kommentert av viktige samfunnsakt\u00f8rer. <\/em><\/p>\n<p>12:55 &#8211; 13:15 \u00a0Innledning ved Idar Kreutzer (NHO)<\/p>\n<p>13:15 &#8211; 13:30 \u00a0Kommentarer fra Mari Sundli Tveit (NFR), Sveinung Skule (HK-dir) og Eva Camerer (IN)<\/p>\n<p>13:30 &#8211; 13:50 \u00a0Innledning ved Camilla Stoltenberg (NORCE)<\/p>\n<p>13:50 &#8211; 14:05 \u00a0Kommentar fra Anne-Kari Bratten (Spekter) og sp\u00f8rsm\u00e5l fra salen<\/p>\n<p>14:05 &#8211; 14:25 \u00a0Innledning ved Dag Rune Olsen (UiT)<\/p>\n<p>14:25 &#8211; 14:40 \u00a0Kommentar fra Gunn Marit Helgesen (KS) og sp\u00f8rsm\u00e5l fra salen<\/p>\n<p><strong><em>14:40 \u2013 15:10\u00a0\u00a0\u00a0\u00a0\u00a0\u00a0\u00a0\u00a0\u00a0\u00a0\u00a0\u00a0 Pause<\/em><\/strong><\/p>\n<p><strong>15:10 \u2013 16:40 \u00a0\u00a0\u00a0\u00a0\u00a0\u00a0\u00a0\u00a0\u00a0\u00a0\u00a0 Sesjon 3: Sosial utjevning i akademia<\/strong><\/p>\n<p><em>Denne sesjonen vil belyse situasjonen og dr\u00f8fte tiltak med hensyn til sosial utjevning i akademia. Sentrale problemstillinger vil blant annet v\u00e6re likestilling, etnisitet\/innvandringsbakgrunn og rekruttering fra alle samfunnsklasser, b\u00e5de til studier og til posisjoner i akademia.<br \/>\n<\/em><\/p>\n<p>15:10 &#8211; 15:30\u00a0 Innlegg ved Ragnhild Hennum (Kif-komiteen)<\/p>\n<p>15:30 &#8211; 15:50\u00a0 Innlegg ved Christen Krogh (OsloMet)<\/p>\n<p>15:50-16:00\u00a0 \u00a0 Sp\u00f8rsm\u00e5l fra salen til Hennum og Krogh<\/p>\n<p>16:00 &#8211; 16:40\u00a0 Panelsamtale om sosial utjevning i akademia ledet av Hilde Gunn Slottemo (Nord). Paneldeltakere er Liv Inger Somby (Samisk h\u00f8gskole), Arne K. Hestnes (NTNU), Feroz M. Shah (Akademiet for yngre forskere) og Marianne Nordli Hansen (UiO).<\/p>\n<p><strong>16:40 \u2013 16:55 \u00a0\u00a0\u00a0\u00a0\u00a0\u00a0\u00a0\u00a0\u00a0\u00a0\u00a0 Avslutning ved politisk ledelse i Kunnskapsdepartementet<\/strong><\/p>\n<p>&#8212;&#8212;&#8212;&#8212;&#8212;-<\/p>\n<p><strong>18:30\u00a0 \u00a0 \u00a0 \u00a0 \u00a0 \u00a0 \u00a0 \u00a0 \u00a0 \u00a0 \u00a0 \u00a0 \u00a0 Aperitiff<\/strong><\/p>\n<p><strong>19:00\u00a0 \u00a0 \u00a0 \u00a0 \u00a0 \u00a0 \u00a0 \u00a0 \u00a0 \u00a0 \u00a0 \u00a0 \u00a0 Middag<\/strong><\/p><\/div><\/div>","protected":false},"excerpt":{"rendered":"<p>Kontaktkonferansen for forskning og h\u00f8yere utdanning 2024: Ti \u00e5r fremover \u2013 Kunnskapssektorens rolle<\/p>\n","protected":false},"author":2877,"featured_media":0,"parent":0,"menu_order":0,"comment_status":"closed","ping_status":"closed","template":"","meta":{"_acf_changed":false,"footnotes":""},"class_list":["post-1172","page","type-page","status-publish","hentry"],"language":"nb-NO","acf":[],"_links":{"self":[{"href":"https:\/\/teststeder.regjeringen.no\/kontaktkonferansen\/wp-json\/wp\/v2\/pages\/1172","targetHints":{"allow":["GET"]}}],"collection":[{"href":"https:\/\/teststeder.regjeringen.no\/kontaktkonferansen\/wp-json\/wp\/v2\/pages"}],"about":[{"href":"https:\/\/teststeder.regjeringen.no\/kontaktkonferansen\/wp-json\/wp\/v2\/types\/page"}],"author":[{"embeddable":true,"href":"https:\/\/teststeder.regjeringen.no\/kontaktkonferansen\/wp-json\/wp\/v2\/users\/2877"}],"replies":[{"embeddable":true,"href":"https:\/\/teststeder.regjeringen.no\/kontaktkonferansen\/wp-json\/wp\/v2\/comments?post=1172"}],"version-history":[{"count":4,"href":"https:\/\/teststeder.regjeringen.no\/kontaktkonferansen\/wp-json\/wp\/v2\/pages\/1172\/revisions"}],"predecessor-version":[{"id":1417,"href":"https:\/\/teststeder.regjeringen.no\/kontaktkonferansen\/wp-json\/wp\/v2\/pages\/1172\/revisions\/1417"}],"wp:attachment":[{"href":"https:\/\/teststeder.regjeringen.no\/kontaktkonferansen\/wp-json\/wp\/v2\/media?parent=1172"}],"curies":[{"name":"wp","href":"https:\/\/api.w.org\/{rel}","templated":true}]}}