{"id":1174,"date":"2023-10-23T12:19:11","date_gmt":"2023-10-23T10:19:11","guid":{"rendered":"https:\/\/nettsteder.regjeringen.no\/kontaktkonferansen\/?page_id=1174"},"modified":"2024-11-28T10:59:26","modified_gmt":"2024-11-28T09:59:26","slug":"inviterte-2025","status":"publish","type":"page","link":"https:\/\/teststeder.regjeringen.no\/kontaktkonferansen\/inviterte-2025\/","title":{"rendered":"Inviterte 2025"},"content":{"rendered":"<div id=\"module-0\" class=\"hogan-module hogan-module-text hogan-module-0 text-wrap\"><div class=\"hogan-module-inner clearfix\"><p>Forsknings- og h\u00f8yere utdanningsministeren inviterer f\u00f8lgende til \u00e5 delta p\u00e5 konferansen:<\/p>\n<ul>\n<li>styreleder, rektor og direkt\u00f8r ved de statlige universitetene og h\u00f8yskolene<\/li>\n<li>\u00e9n representant fra ledelsen ved de institusjonsakkrediterte private h\u00f8yskolene<\/li>\n<li>Utdannings- og forskningskomiteen p\u00e5 Stortinget<\/li>\n<li>styreleder og direkt\u00f8r for NOKUT, Direktoratet for h\u00f8yere utdanning og kompetanse (HK-dir), Sikt &#8211;\u00a0 Kunnskapssektorens tjenesteleverand\u00f8r, Norges forskningsr\u00e5d, NUPI, Innovasjon Norge, Universitets- og h\u00f8gskoler\u00e5det og Forskningsinstituttenes fellesarena (FFA)<\/li>\n<li>\u00e9n representant fra hver av FFAs medlemsinstitutter<\/li>\n<li>to representanter fra henholdsvis Norsk studentorganisasjon, Stipendiatorganisasjonene i Norge, Akademiet for yngre forskere og ANSA<\/li>\n<\/ul>\n<p>Hovedsammenslutningene og andre sentrale akt\u00f8rer som mottar invitasjonen kan melde p\u00e5 \u00e9n representant hver. \u00d8vrige interesserte er velkommen til \u00e5 f\u00f8lge konferansen via nett-tv p\u00e5 regjeringen.no<\/p><\/div><\/div>","protected":false},"excerpt":{"rendered":"<p>Forsknings- og h\u00f8yere utdanningsministeren inviterer f\u00f8lgende til \u00e5 delta p\u00e5 konferansen: styreleder, rektor og direkt\u00f8r ved de statlige universitetene og &#8230;<\/p>\n","protected":false},"author":2877,"featured_media":0,"parent":0,"menu_order":0,"comment_status":"closed","ping_status":"closed","template":"","meta":{"_acf_changed":false,"footnotes":""},"class_list":["post-1174","page","type-page","status-publish","hentry"],"language":"nb-NO","acf":[],"_links":{"self":[{"href":"https:\/\/teststeder.regjeringen.no\/kontaktkonferansen\/wp-json\/wp\/v2\/pages\/1174","targetHints":{"allow":["GET"]}}],"collection":[{"href":"https:\/\/teststeder.regjeringen.no\/kontaktkonferansen\/wp-json\/wp\/v2\/pages"}],"about":[{"href":"https:\/\/teststeder.regjeringen.no\/kontaktkonferansen\/wp-json\/wp\/v2\/types\/page"}],"author":[{"embeddable":true,"href":"https:\/\/teststeder.regjeringen.no\/kontaktkonferansen\/wp-json\/wp\/v2\/users\/2877"}],"replies":[{"embeddable":true,"href":"https:\/\/teststeder.regjeringen.no\/kontaktkonferansen\/wp-json\/wp\/v2\/comments?post=1174"}],"version-history":[{"count":3,"href":"https:\/\/teststeder.regjeringen.no\/kontaktkonferansen\/wp-json\/wp\/v2\/pages\/1174\/revisions"}],"predecessor-version":[{"id":1547,"href":"https:\/\/teststeder.regjeringen.no\/kontaktkonferansen\/wp-json\/wp\/v2\/pages\/1174\/revisions\/1547"}],"wp:attachment":[{"href":"https:\/\/teststeder.regjeringen.no\/kontaktkonferansen\/wp-json\/wp\/v2\/media?parent=1174"}],"curies":[{"name":"wp","href":"https:\/\/api.w.org\/{rel}","templated":true}]}}