{"id":794,"date":"2021-09-15T14:05:25","date_gmt":"2021-09-15T12:05:25","guid":{"rendered":"https:\/\/nettsteder.regjeringen.no\/kontaktkonferansen\/?page_id=794"},"modified":"2023-01-11T13:42:48","modified_gmt":"2023-01-11T12:42:48","slug":"kontaktkonferansen-2022","status":"publish","type":"page","link":"https:\/\/teststeder.regjeringen.no\/kontaktkonferansen\/kontaktkonferansen-2022\/","title":{"rendered":"Kontaktkonferansen 2023"},"content":{"rendered":"<div id=\"module-0\" class=\"hogan-module hogan-module-banner hogan-module-0 hogan-banner-content-left hogan-module-width-full hogan-banner-theme-none-transparent hogan-banner-layout-full hogan-banner-text-left module-no-gap container-full-width\"><div class=\"hogan-module-inner banner-height-50 tagline-fontsize-16 heading-fontsize-32 content-fontsize-16\"><div class=\"hogan-banner\">\n\t<div class=\"hogan-banner-column hogan-banner-image hogan-banner-dim-image\">\n\t\t<img loading=\"lazy\" decoding=\"async\" width=\"1920\" height=\"500\" src=\"https:\/\/files.teststeder.regjeringen.no\/wpuploads01\/sites\/443\/2021\/11\/banner-2022-v3.jpg\" class=\"attachment-browser-full-width size-browser-full-width\" alt=\"\" srcset=\"https:\/\/files.teststeder.regjeringen.no\/wpuploads01\/sites\/443\/2021\/11\/banner-2022-v3.jpg 1920w, https:\/\/files.teststeder.regjeringen.no\/wpuploads01\/sites\/443\/2021\/11\/banner-2022-v3-300x78.jpg 300w, https:\/\/files.teststeder.regjeringen.no\/wpuploads01\/sites\/443\/2021\/11\/banner-2022-v3-1024x267.jpg 1024w, https:\/\/files.teststeder.regjeringen.no\/wpuploads01\/sites\/443\/2021\/11\/banner-2022-v3-768x200.jpg 768w, https:\/\/files.teststeder.regjeringen.no\/wpuploads01\/sites\/443\/2021\/11\/banner-2022-v3-1536x400.jpg 1536w, https:\/\/files.teststeder.regjeringen.no\/wpuploads01\/sites\/443\/2021\/11\/banner-2022-v3-1130x294.jpg 1130w, https:\/\/files.teststeder.regjeringen.no\/wpuploads01\/sites\/443\/2021\/11\/banner-2022-v3-1500x391.jpg 1500w, https:\/\/files.teststeder.regjeringen.no\/wpuploads01\/sites\/443\/2021\/11\/banner-2022-v3-400x104.jpg 400w, https:\/\/files.teststeder.regjeringen.no\/wpuploads01\/sites\/443\/2021\/11\/banner-2022-v3-800x208.jpg 800w\" sizes=\"auto, (max-width: 1920px) 100vw, 1920px\" \/>\t<\/div>\n\t\t\t<div class=\"hogan-banner-column hogan-banner-content\">\n\t\t\t<div class=\"hogan-banner-content-inner\">\n\t\t\t\t<h2 class=\"hogan-heading\">Kontaktkonferansen <br>for forskning og h\u00f8yere utdanning 2023<\/h2><p>Kontaktkonferansen for forskning og h\u00f8yere utdanning blir arrangert 10. januar 2023 p\u00e5 Clarion Hotel &amp; Congress Oslo Airport p\u00e5 Gardermoen. <\/p>\n<div class=\"hogan-banner-cta\"><span><a class=\"hogan-button button\" href=\"https:\/\/teststeder.regjeringen.no\/kontaktkonferansen\/program-2023\/\">PROGRAM<\/a><\/span><\/div>\t\t\t<\/div>\n\t\t<\/div>\n\t<\/div>\n<\/div><\/div><div id=\"module-1\" class=\"hogan-module hogan-module-embed hogan-module-1 text-wrap\"><div class=\"wp-caption size-large-pull\"><div class=\"size-large-pull video\"><div class=\"img-flow \" style=\"padding-bottom: 56.25%;\"><iframe title=\"Nett-tv-sending\" src=\"https:\/\/video.regjeringen.no\/player24\/index.html?watch=c2c3829f-ae69-4403-908d-c26ce795ac44\" frameborder=\"0\" border=\"0\" scrolling=\"no\" mozallowfullscreen=\"1\" webkitallowfullscreen=\"1\" allowfullscreen=\"1\" allow=\"autoplay; fullscreen\"><\/iframe><\/div><\/div><\/div><\/div>","protected":false},"excerpt":{"rendered":"<p>Kontaktkonferansen for forskning og h\u00f8yere utdanning 2023Kontaktkonferansen for forskning og h\u00f8yere utdanning blir arrangert 10. januar 2023 p\u00e5 Clarion Hotel &#8230;<\/p>\n","protected":false},"author":357,"featured_media":0,"parent":0,"menu_order":0,"comment_status":"closed","ping_status":"closed","template":"","meta":{"_acf_changed":false,"footnotes":""},"class_list":["post-794","page","type-page","status-publish","hentry"],"language":"nb-NO","acf":[],"_links":{"self":[{"href":"https:\/\/teststeder.regjeringen.no\/kontaktkonferansen\/wp-json\/wp\/v2\/pages\/794","targetHints":{"allow":["GET"]}}],"collection":[{"href":"https:\/\/teststeder.regjeringen.no\/kontaktkonferansen\/wp-json\/wp\/v2\/pages"}],"about":[{"href":"https:\/\/teststeder.regjeringen.no\/kontaktkonferansen\/wp-json\/wp\/v2\/types\/page"}],"author":[{"embeddable":true,"href":"https:\/\/teststeder.regjeringen.no\/kontaktkonferansen\/wp-json\/wp\/v2\/users\/357"}],"replies":[{"embeddable":true,"href":"https:\/\/teststeder.regjeringen.no\/kontaktkonferansen\/wp-json\/wp\/v2\/comments?post=794"}],"version-history":[{"count":5,"href":"https:\/\/teststeder.regjeringen.no\/kontaktkonferansen\/wp-json\/wp\/v2\/pages\/794\/revisions"}],"predecessor-version":[{"id":1152,"href":"https:\/\/teststeder.regjeringen.no\/kontaktkonferansen\/wp-json\/wp\/v2\/pages\/794\/revisions\/1152"}],"wp:attachment":[{"href":"https:\/\/teststeder.regjeringen.no\/kontaktkonferansen\/wp-json\/wp\/v2\/media?parent=794"}],"curies":[{"name":"wp","href":"https:\/\/api.w.org\/{rel}","templated":true}]}}