{"id":838,"date":"2021-09-16T14:30:03","date_gmt":"2021-09-16T12:30:03","guid":{"rendered":"https:\/\/nettsteder.regjeringen.no\/kontaktkonferansen\/?page_id=838"},"modified":"2024-11-19T13:22:52","modified_gmt":"2024-11-19T12:22:52","slug":"pamelding-2","status":"publish","type":"page","link":"https:\/\/teststeder.regjeringen.no\/kontaktkonferansen\/pamelding-2\/","title":{"rendered":"P\u00e5melding"},"content":{"rendered":"<div id=\"module-0\" class=\"hogan-module hogan-module-form hogan-module-0 clearfix module-no-gap module-bg module-form container-full-width\"><div class=\"hogan-module-inner text-wrap\"><noscript class=\"ninja-forms-noscript-message\">\n\tMerk: JavaScript er p\u00e5krevd for dette innholdet.<\/noscript>\n<p>Skjema er stengt for p\u00e5melding.<\/p><\/div><\/div>","protected":false},"excerpt":{"rendered":"<p>P\u00e5meldingen er \u00e5pen for de som har mottatt invitasjon fra Kunnskapsdepartementet. \u00d8vrige interesserte er velkomne til \u00e5 f\u00f8lge konferansen via &#8230;<\/p>\n","protected":false},"author":357,"featured_media":0,"parent":0,"menu_order":0,"comment_status":"closed","ping_status":"closed","template":"","meta":{"_acf_changed":false,"footnotes":""},"class_list":["post-838","page","type-page","status-publish","hentry"],"language":"nb-NO","acf":[],"_links":{"self":[{"href":"https:\/\/teststeder.regjeringen.no\/kontaktkonferansen\/wp-json\/wp\/v2\/pages\/838","targetHints":{"allow":["GET"]}}],"collection":[{"href":"https:\/\/teststeder.regjeringen.no\/kontaktkonferansen\/wp-json\/wp\/v2\/pages"}],"about":[{"href":"https:\/\/teststeder.regjeringen.no\/kontaktkonferansen\/wp-json\/wp\/v2\/types\/page"}],"author":[{"embeddable":true,"href":"https:\/\/teststeder.regjeringen.no\/kontaktkonferansen\/wp-json\/wp\/v2\/users\/357"}],"replies":[{"embeddable":true,"href":"https:\/\/teststeder.regjeringen.no\/kontaktkonferansen\/wp-json\/wp\/v2\/comments?post=838"}],"version-history":[{"count":4,"href":"https:\/\/teststeder.regjeringen.no\/kontaktkonferansen\/wp-json\/wp\/v2\/pages\/838\/revisions"}],"predecessor-version":[{"id":1464,"href":"https:\/\/teststeder.regjeringen.no\/kontaktkonferansen\/wp-json\/wp\/v2\/pages\/838\/revisions\/1464"}],"wp:attachment":[{"href":"https:\/\/teststeder.regjeringen.no\/kontaktkonferansen\/wp-json\/wp\/v2\/media?parent=838"}],"curies":[{"name":"wp","href":"https:\/\/api.w.org\/{rel}","templated":true}]}}