{"id":10,"date":"2024-05-22T12:52:54","date_gmt":"2024-05-22T10:52:54","guid":{"rendered":"https:\/\/nettsteder.regjeringen.no\/kvinnearbeidshelseutvalget\/?page_id=10"},"modified":"2024-11-11T10:35:45","modified_gmt":"2024-11-11T09:35:45","slug":"medlemmer","status":"publish","type":"page","link":"https:\/\/teststeder.regjeringen.no\/kvinnearbeidshelseutvalget\/medlemmer\/","title":{"rendered":"Medlemmer"},"content":{"rendered":"\n<div class=\"wp-block-columns is-layout-flex wp-container-core-columns-is-layout-9d6595d7 wp-block-columns-is-layout-flex\">\n<div class=\"wp-block-column is-layout-flow wp-block-column-is-layout-flow\" style=\"flex-basis:100%\">\n<ul class=\"wp-block-list is-layout-flow wp-block-list-is-layout-flow\">\n<li>Utvalgsleder Nina Tangn\u00e6s Gr\u00f8nvold<\/li>\n\n\n\n<li>Forskningssjef Andreas Holtermann<\/li>\n\n\n\n<li>Professor Marit Christensen<\/li>\n\n\n\n<li>F\u00f8rsteamanuensis Migle Helmersen<\/li>\n\n\n\n<li>Overlege Yogindra Subhash Samant<\/li>\n\n\n\n<li>Professor Kari Ingstad<\/li>\n\n\n\n<li>F\u00f8rsteamanuensis Julian Vedeler Johnsen<\/li>\n\n\n\n<li>Gruppeleder og forsker H\u00e5kon Andre Johannessen<\/li>\n\n\n\n<li>F\u00f8rstesekret\u00e6r Julie L\u00f8drup, LO<\/li>\n\n\n\n<li>Sykepleier og leder Silje Naustvik, Unio<\/li>\n\n\n\n<li>Avdelingsleder Hege Her\u00f8, YS<\/li>\n\n\n\n<li>Seniorr\u00e5dgiver Andreas Christensen, Akademikerne<\/li>\n\n\n\n<li>Advokat Eirik Hognestad, NHO<\/li>\n\n\n\n<li>Seniorr\u00e5dgiver Jon Anders Dr\u00f8pping, KS<\/li>\n\n\n\n<li>Utviklingsdirekt\u00f8r Anne Turid Wikdahl, Spekter<\/li>\n\n\n\n<li>Fagsjef Sandra Marie Gripsg\u00e5rd Herlung, Virke (frem til september 2024)<\/li>\n\n\n\n<li>Advokat Carl Fredrik Riise, Virke (fra september 2024)<\/li>\n<\/ul>\n<\/div>\n<\/div>\n\n\n\n<figure class=\"wp-block-image size-large\"><div class=\"t2-image-credit-wrapper\"><img loading=\"lazy\" decoding=\"async\" width=\"1024\" height=\"576\" src=\"https:\/\/files.teststeder.regjeringen.no\/wpuploads01\/sites\/568\/2024\/06\/Utvalgsmedlemmene-1024x576.png\" alt=\"Bilde av medlemmene i kvinnearbeidshelseutvalget\" class=\"wp-image-95\" srcset=\"https:\/\/files.teststeder.regjeringen.no\/wpuploads01\/sites\/568\/2024\/06\/Utvalgsmedlemmene-1024x576.png 1024w, https:\/\/files.teststeder.regjeringen.no\/wpuploads01\/sites\/568\/2024\/06\/Utvalgsmedlemmene-300x169.png 300w, https:\/\/files.teststeder.regjeringen.no\/wpuploads01\/sites\/568\/2024\/06\/Utvalgsmedlemmene-768x432.png 768w, https:\/\/files.teststeder.regjeringen.no\/wpuploads01\/sites\/568\/2024\/06\/Utvalgsmedlemmene-1536x864.png 1536w, https:\/\/files.teststeder.regjeringen.no\/wpuploads01\/sites\/568\/2024\/06\/Utvalgsmedlemmene-1200x675.png 1200w, https:\/\/files.teststeder.regjeringen.no\/wpuploads01\/sites\/568\/2024\/06\/Utvalgsmedlemmene.png 1600w\" sizes=\"auto, (max-width: 1024px) 100vw, 1024px\" \/><span class=\"t2-image-credit\">\n\t\t\t\t<button type=\"button\" class=\"t2-image-credit-toggle\" aria-expanded=\"false\" aria-controls=\"image-credit\" aria-label=\"Toggle image credit\"><svg xmlns=\"http:\/\/www.w3.org\/2000\/svg\" viewBox=\"0 0 24 24\" height=\"24\" width=\"24\" class=\"t2-icon t2-icon-info\" aria-hidden=\"true\" focusable=\"false\"><path d=\"M12 17c.3 0 .5-.1.7-.3s.3-.4.3-.7v-4c0-.3-.1-.5-.3-.7-.2-.2-.4-.3-.7-.3s-.5.1-.7.3c-.2.2-.3.4-.3.7v4c0 .3.1.5.3.7s.4.3.7.3zm0-8c.3 0 .5-.1.7-.3.2-.2.3-.4.3-.7 0-.3-.1-.5-.3-.7-.2-.2-.4-.3-.7-.3s-.5.1-.7.3c-.2.2-.3.4-.3.7 0 .3.1.5.3.7.2.2.4.3.7.3zm0 13c-1.4 0-2.7-.3-3.9-.8-1.2-.5-2.3-1.2-3.2-2.1s-1.6-2-2.1-3.2S2 13.4 2 12s.3-2.7.8-3.9S4 5.8 4.9 4.9s2-1.6 3.2-2.1S10.6 2 12 2s2.7.3 3.9.8 2.3 1.2 3.2 2.1 1.6 2 2.1 3.2c.5 1.2.8 2.5.8 3.9s-.3 2.7-.8 3.9c-.5 1.2-1.2 2.3-2.1 3.2s-2 1.6-3.2 2.1c-1.2.5-2.5.8-3.9.8z\" fill=\"currentColor\" \/><\/svg><\/button>\n\t\t\t\t<span class=\"t2-image-credit-text wp-element-caption\" id=\"image-credit\" hidden>Foto: Bodil Stueflaten\/AID<\/span>\n\t\t\t<\/span><\/div><figcaption class=\"wp-element-caption\">F\u00f8rste rad: Andreas Holtermann, Eirik Hognestad, H\u00e5kon Andre Johannessen, Andreas Christensen, utvalgsleder Nina Tangn\u00e6s Gr\u00f8nvold, Silje Naustvik, Anne Turid Wikdahl, Hege Her\u00f8.<br>Bakre rad: Sandra Marie Gripsg\u00e5rd Herlung, Yogindra Subhash Samant, Julie L\u00f8drup, Kari Ingstad, Migle Helmersen, Julian Vedeler Johnsen, Marit Christensen. <br><\/figcaption><\/figure>\n","protected":false},"excerpt":{"rendered":"","protected":false},"author":2877,"featured_media":0,"parent":0,"menu_order":0,"comment_status":"closed","ping_status":"closed","template":"","meta":{"dss_simple_post_excerpt":"","dss_show_featured_image":true,"footnotes":""},"class_list":["post-10","page","type-page","status-publish","hentry"],"language":"nb-NO","_links":{"self":[{"href":"https:\/\/teststeder.regjeringen.no\/kvinnearbeidshelseutvalget\/wp-json\/wp\/v2\/pages\/10","targetHints":{"allow":["GET"]}}],"collection":[{"href":"https:\/\/teststeder.regjeringen.no\/kvinnearbeidshelseutvalget\/wp-json\/wp\/v2\/pages"}],"about":[{"href":"https:\/\/teststeder.regjeringen.no\/kvinnearbeidshelseutvalget\/wp-json\/wp\/v2\/types\/page"}],"author":[{"embeddable":true,"href":"https:\/\/teststeder.regjeringen.no\/kvinnearbeidshelseutvalget\/wp-json\/wp\/v2\/users\/2877"}],"replies":[{"embeddable":true,"href":"https:\/\/teststeder.regjeringen.no\/kvinnearbeidshelseutvalget\/wp-json\/wp\/v2\/comments?post=10"}],"version-history":[{"count":3,"href":"https:\/\/teststeder.regjeringen.no\/kvinnearbeidshelseutvalget\/wp-json\/wp\/v2\/pages\/10\/revisions"}],"predecessor-version":[{"id":171,"href":"https:\/\/teststeder.regjeringen.no\/kvinnearbeidshelseutvalget\/wp-json\/wp\/v2\/pages\/10\/revisions\/171"}],"wp:attachment":[{"href":"https:\/\/teststeder.regjeringen.no\/kvinnearbeidshelseutvalget\/wp-json\/wp\/v2\/media?parent=10"}],"curies":[{"name":"wp","href":"https:\/\/api.w.org\/{rel}","templated":true}]}}