{"id":15,"date":"2024-05-22T12:53:41","date_gmt":"2024-05-22T10:53:41","guid":{"rendered":"https:\/\/nettsteder.regjeringen.no\/kvinnearbeidshelseutvalget\/?page_id=15"},"modified":"2025-02-04T18:00:23","modified_gmt":"2025-02-04T17:00:23","slug":"se-innspill","status":"publish","type":"page","link":"https:\/\/teststeder.regjeringen.no\/kvinnearbeidshelseutvalget\/se-innspill\/","title":{"rendered":"Se innspill"},"content":{"rendered":"\n<p><\/p>\n\n\n\n<p>Alle interesserte organisasjoner og enkeltpersoner kunne frem til 17. januar 2025 komme med sine innspill p\u00e5 denne nettsiden. Mottatte innspill kan leses her. <\/p>\n\n\n\n<p>Utvalget arbeider n\u00e5 med \u00e5 ferdigstille NOU-en og tar ikke lenger imot innspill.<\/p>\n\n\n\n<p><a href=\"https:\/\/files.teststeder.regjeringen.no\/wpuploads01\/sites\/568\/2025\/02\/Norsk-flygerforbund.pdf\" data-type=\"link\" data-id=\"https:\/\/files.teststeder.regjeringen.no\/wpuploads01\/sites\/568\/2025\/02\/Norsk-flygerforbund.pdf\"><strong>Norsk Flygerforbund<\/strong><\/a><\/p>\n\n\n\n<p><\/p>\n\n\n<ul class=\"is-style-list wp-block-dss-simple-posts\"><li class=\"wp-block-dss-simple-post\"><a href=\"https:\/\/teststeder.regjeringen.no\/kvinnearbeidshelseutvalget\/2025\/01\/24\/landsforeningen-1001-dager\/\" class=\"wp-block-dss-simple-post__link\"><div class=\"wp-block-dss-simple-post__content\"><h2>Landsforeningen 1001 dager<\/h2><\/div><\/a><\/li><li class=\"wp-block-dss-simple-post\"><a href=\"https:\/\/teststeder.regjeringen.no\/kvinnearbeidshelseutvalget\/2025\/01\/17\/astellas-pharma-norway\/\" class=\"wp-block-dss-simple-post__link\"><div class=\"wp-block-dss-simple-post__content\"><h2>Astellas Pharma Norway<\/h2><\/div><\/a><\/li><li class=\"wp-block-dss-simple-post\"><a href=\"https:\/\/teststeder.regjeringen.no\/kvinnearbeidshelseutvalget\/2025\/01\/15\/elin-k-ryen\/\" class=\"wp-block-dss-simple-post__link\"><div class=\"wp-block-dss-simple-post__content\"><h2>Elin K. Ryen<\/h2><\/div><\/a><\/li><li class=\"wp-block-dss-simple-post\"><a href=\"https:\/\/teststeder.regjeringen.no\/kvinnearbeidshelseutvalget\/2025\/01\/15\/elisabeth-t-sward\/\" class=\"wp-block-dss-simple-post__link\"><div class=\"wp-block-dss-simple-post__content\"><h2>Kvinnehelsealliansen<\/h2><\/div><\/a><\/li><li class=\"wp-block-dss-simple-post\"><a href=\"https:\/\/teststeder.regjeringen.no\/kvinnearbeidshelseutvalget\/2025\/01\/15\/norske-kvinners-sanitetsforening-liv-bjornhaug-johansen\/\" class=\"wp-block-dss-simple-post__link\"><div class=\"wp-block-dss-simple-post__content\"><h2>Norske Kvinners Sanitetsforening, Liv Bj\u00f8rnhaug Johansen<\/h2><\/div><\/a><\/li><li class=\"wp-block-dss-simple-post\"><a href=\"https:\/\/teststeder.regjeringen.no\/kvinnearbeidshelseutvalget\/2025\/01\/14\/bente-kk\/\" class=\"wp-block-dss-simple-post__link\"><div class=\"wp-block-dss-simple-post__content\"><h2>Bente KK<\/h2><\/div><\/a><\/li><li class=\"wp-block-dss-simple-post\"><a href=\"https:\/\/teststeder.regjeringen.no\/kvinnearbeidshelseutvalget\/2025\/01\/13\/liselotte-aune-lee\/\" class=\"wp-block-dss-simple-post__link\"><div class=\"wp-block-dss-simple-post__content\"><h2>Liselotte Aune Lee<\/h2><\/div><\/a><\/li><li class=\"wp-block-dss-simple-post\"><a href=\"https:\/\/teststeder.regjeringen.no\/kvinnearbeidshelseutvalget\/2025\/01\/12\/therese-marie\/\" class=\"wp-block-dss-simple-post__link\"><div class=\"wp-block-dss-simple-post__content\"><h2>Therese Marie<\/h2><\/div><\/a><\/li>\t<div class=\"dss-pagination\">\n\t\t<div class=\"dss-pagination__page-link\">\n\t\t\t\t\t<\/div>\n\t\t<div class=\"dss-pagination__pages\">\n\t\t\t<div class=\"screen-reader-text\">\n\t\t\t\tSide 1 av 5\t\t\t<\/div>\n\t\t\t<span class=\"dss-pagination-page is-active\">1<\/span><a href=\"https:\/\/teststeder.regjeringen.no\/kvinnearbeidshelseutvalget\/wp-json\/wp\/v2\/pages\/15\/page\/2\/\" class=\"dss-pagination-page\">2<\/a><a href=\"https:\/\/teststeder.regjeringen.no\/kvinnearbeidshelseutvalget\/wp-json\/wp\/v2\/pages\/15\/page\/3\/\" class=\"dss-pagination-page\">3<\/a><a href=\"https:\/\/teststeder.regjeringen.no\/kvinnearbeidshelseutvalget\/wp-json\/wp\/v2\/pages\/15\/page\/4\/\" class=\"dss-pagination-page\">4<\/a><a href=\"https:\/\/teststeder.regjeringen.no\/kvinnearbeidshelseutvalget\/wp-json\/wp\/v2\/pages\/15\/page\/5\/\" class=\"dss-pagination-page\">5<\/a>\t\t<\/div>\n\t\t<div class=\"dss-pagination__page-link dss-pagination__page-link--next\">\n\t\t\t<a href=\"https:\/\/teststeder.regjeringen.no\/kvinnearbeidshelseutvalget\/wp-json\/wp\/v2\/pages\/15\/page\/2\/\">Neste <span class=\"screen-reader-text\">side<\/span> &#8594;<\/a>\t\t<\/div>\n\t<\/div>\n\t<\/ul>\n\n\n<p><\/p>\n\n\n\n<p class=\"has-primary-color has-text-color\"><\/p>\n","protected":false},"excerpt":{"rendered":"<p>Alle interesserte organisasjoner og enkeltpersoner kunne frem til 17. januar 2025 komme med sine innspill p\u00e5 denne nettsiden. Mottatte innspill kan leses her. Utvalget arbeider n\u00e5 med \u00e5 ferdigstille NOU-en og tar ikke lenger imot innspill. Norsk Flygerforbund<\/p>\n","protected":false},"author":2877,"featured_media":0,"parent":0,"menu_order":0,"comment_status":"closed","ping_status":"closed","template":"","meta":{"dss_simple_post_excerpt":"","dss_show_featured_image":true,"footnotes":""},"class_list":["post-15","page","type-page","status-publish","hentry"],"language":"nb-NO","_links":{"self":[{"href":"https:\/\/teststeder.regjeringen.no\/kvinnearbeidshelseutvalget\/wp-json\/wp\/v2\/pages\/15","targetHints":{"allow":["GET"]}}],"collection":[{"href":"https:\/\/teststeder.regjeringen.no\/kvinnearbeidshelseutvalget\/wp-json\/wp\/v2\/pages"}],"about":[{"href":"https:\/\/teststeder.regjeringen.no\/kvinnearbeidshelseutvalget\/wp-json\/wp\/v2\/types\/page"}],"author":[{"embeddable":true,"href":"https:\/\/teststeder.regjeringen.no\/kvinnearbeidshelseutvalget\/wp-json\/wp\/v2\/users\/2877"}],"replies":[{"embeddable":true,"href":"https:\/\/teststeder.regjeringen.no\/kvinnearbeidshelseutvalget\/wp-json\/wp\/v2\/comments?post=15"}],"version-history":[{"count":3,"href":"https:\/\/teststeder.regjeringen.no\/kvinnearbeidshelseutvalget\/wp-json\/wp\/v2\/pages\/15\/revisions"}],"predecessor-version":[{"id":306,"href":"https:\/\/teststeder.regjeringen.no\/kvinnearbeidshelseutvalget\/wp-json\/wp\/v2\/pages\/15\/revisions\/306"}],"wp:attachment":[{"href":"https:\/\/teststeder.regjeringen.no\/kvinnearbeidshelseutvalget\/wp-json\/wp\/v2\/media?parent=15"}],"curies":[{"name":"wp","href":"https:\/\/api.w.org\/{rel}","templated":true}]}}