{"id":166,"date":"2024-11-11T09:43:32","date_gmt":"2024-11-11T08:43:32","guid":{"rendered":"https:\/\/nettsteder.regjeringen.no\/kvinnearbeidshelseutvalget\/?page_id=166"},"modified":"2025-01-17T14:36:22","modified_gmt":"2025-01-17T13:36:22","slug":"invitasjon-til-innspill","status":"publish","type":"page","link":"https:\/\/teststeder.regjeringen.no\/kvinnearbeidshelseutvalget\/invitasjon-til-innspill\/","title":{"rendered":"Invitasjon til innspill"},"content":{"rendered":"\n<p>I november 2024 sendte Kvinnearbeidshelseutvalget ut en invitasjon til utvalgte organisasjoner om \u00e5 gi innspill til utvalgets arbeid. Invitasjonen er \u00e5pen, og alle interesserte organisasjoner og enkeltpersoner kunne frem til 17. januar 2025 komme med sine innspill p\u00e5 denne nettsiden. <br><br>Invitasjonen kan leses her:<br><br><a href=\"https:\/\/files.teststeder.regjeringen.no\/wpuploads01\/sites\/568\/2024\/11\/Kvinnearbeidshelseutvalget-Invitasjon-til-innspill.pdf\" data-type=\"URL\">Invitasjon til innspill<\/a><\/p>\n","protected":false},"excerpt":{"rendered":"<p>I november 2024 sendte Kvinnearbeidshelseutvalget ut en invitasjon til utvalgte organisasjoner om \u00e5 gi innspill til utvalgets arbeid. Invitasjonen er \u00e5pen, og alle interesserte organisasjoner og enkeltpersoner kunne frem til 17. januar 2025 komme med sine innspill p\u00e5 denne nettsiden. Invitasjonen kan leses her: Invitasjon til innspill<\/p>\n","protected":false},"author":3382,"featured_media":0,"parent":0,"menu_order":0,"comment_status":"closed","ping_status":"closed","template":"","meta":{"dss_simple_post_excerpt":"","dss_show_featured_image":true,"footnotes":""},"class_list":["post-166","page","type-page","status-publish","hentry"],"language":"nb-NO","_links":{"self":[{"href":"https:\/\/teststeder.regjeringen.no\/kvinnearbeidshelseutvalget\/wp-json\/wp\/v2\/pages\/166","targetHints":{"allow":["GET"]}}],"collection":[{"href":"https:\/\/teststeder.regjeringen.no\/kvinnearbeidshelseutvalget\/wp-json\/wp\/v2\/pages"}],"about":[{"href":"https:\/\/teststeder.regjeringen.no\/kvinnearbeidshelseutvalget\/wp-json\/wp\/v2\/types\/page"}],"author":[{"embeddable":true,"href":"https:\/\/teststeder.regjeringen.no\/kvinnearbeidshelseutvalget\/wp-json\/wp\/v2\/users\/3382"}],"replies":[{"embeddable":true,"href":"https:\/\/teststeder.regjeringen.no\/kvinnearbeidshelseutvalget\/wp-json\/wp\/v2\/comments?post=166"}],"version-history":[{"count":3,"href":"https:\/\/teststeder.regjeringen.no\/kvinnearbeidshelseutvalget\/wp-json\/wp\/v2\/pages\/166\/revisions"}],"predecessor-version":[{"id":276,"href":"https:\/\/teststeder.regjeringen.no\/kvinnearbeidshelseutvalget\/wp-json\/wp\/v2\/pages\/166\/revisions\/276"}],"wp:attachment":[{"href":"https:\/\/teststeder.regjeringen.no\/kvinnearbeidshelseutvalget\/wp-json\/wp\/v2\/media?parent=166"}],"curies":[{"name":"wp","href":"https:\/\/api.w.org\/{rel}","templated":true}]}}