{"id":11,"date":"2023-04-18T08:56:11","date_gmt":"2023-04-18T06:56:11","guid":{"rendered":"https:\/\/nettsteder.regjeringen.no\/lavlonnsutvalget\/?page_id=11"},"modified":"2023-04-24T11:06:52","modified_gmt":"2023-04-24T09:06:52","slug":"medlemmer","status":"publish","type":"page","link":"https:\/\/teststeder.regjeringen.no\/lavlonnsutvalget\/medlemmer\/","title":{"rendered":"Medlemmer"},"content":{"rendered":"<ul class=\"wp-block-dss-people\"><\/ul>\n\n\n<p><strong>Linda N\u00f8stbakken<\/strong>, forskningsdirekt\u00f8r (leder)<br><strong>Roger Bj\u00f8rnstad<\/strong>, sjef\u00f8konom i LO<br><strong>Torill L\u00f8demel<\/strong>, fagdirekt\u00f8r i NHO<br><strong>Astrid Driva R\u00f8dsand<\/strong>, spesialr\u00e5dgiver i Spekter<br><strong>Lars Eivind Haartveit<\/strong>, sjef\u00f8konom i Virke<br><strong>Hege Mygland<\/strong>, avdelingsdirekt\u00f8r i KS<br><strong>Lin Andrea Gulbrandsen<\/strong>, samfunnspolitisk r\u00e5dgiver i YS<br><strong>Rolf Edvard Stangeland<\/strong>, fagsjef i Unio<br><strong>Nina Sverdrup Svendsen<\/strong>, arbeidslivssjef i Akademikerne<br><strong>Manudeep Bhuller<\/strong>, professor<br><strong>Torberg Falch<\/strong>, professor<br><strong>Julie Riise<\/strong>, professor<br><strong>Fredrik Bakkemo Kost\u00f8l<\/strong>, stipendiat<\/p>\n","protected":false},"excerpt":{"rendered":"<p>Linda N\u00f8stbakken, forskningsdirekt\u00f8r (leder)Roger Bj\u00f8rnstad, sjef\u00f8konom i LOTorill L\u00f8demel, fagdirekt\u00f8r i NHOAstrid Driva R\u00f8dsand, spesialr\u00e5dgiver i SpekterLars Eivind Haartveit, sjef\u00f8konom i VirkeHege Mygland, avdelingsdirekt\u00f8r i KSLin Andrea Gulbrandsen, samfunnspolitisk r\u00e5dgiver i YSRolf Edvard Stangeland, fagsjef i UnioNina Sverdrup Svendsen, arbeidslivssjef i AkademikerneManudeep Bhuller, professorTorberg Falch, professorJulie Riise, professorFredrik Bakkemo Kost\u00f8l, stipendiat<\/p>\n","protected":false},"author":2877,"featured_media":0,"parent":0,"menu_order":0,"comment_status":"closed","ping_status":"closed","template":"","meta":{"dss_simple_post_excerpt":"","dss_show_featured_image":true,"footnotes":""},"class_list":["post-11","page","type-page","status-publish","hentry"],"language":"nb-NO","_links":{"self":[{"href":"https:\/\/teststeder.regjeringen.no\/lavlonnsutvalget\/wp-json\/wp\/v2\/pages\/11","targetHints":{"allow":["GET"]}}],"collection":[{"href":"https:\/\/teststeder.regjeringen.no\/lavlonnsutvalget\/wp-json\/wp\/v2\/pages"}],"about":[{"href":"https:\/\/teststeder.regjeringen.no\/lavlonnsutvalget\/wp-json\/wp\/v2\/types\/page"}],"author":[{"embeddable":true,"href":"https:\/\/teststeder.regjeringen.no\/lavlonnsutvalget\/wp-json\/wp\/v2\/users\/2877"}],"replies":[{"embeddable":true,"href":"https:\/\/teststeder.regjeringen.no\/lavlonnsutvalget\/wp-json\/wp\/v2\/comments?post=11"}],"version-history":[{"count":2,"href":"https:\/\/teststeder.regjeringen.no\/lavlonnsutvalget\/wp-json\/wp\/v2\/pages\/11\/revisions"}],"predecessor-version":[{"id":55,"href":"https:\/\/teststeder.regjeringen.no\/lavlonnsutvalget\/wp-json\/wp\/v2\/pages\/11\/revisions\/55"}],"wp:attachment":[{"href":"https:\/\/teststeder.regjeringen.no\/lavlonnsutvalget\/wp-json\/wp\/v2\/media?parent=11"}],"curies":[{"name":"wp","href":"https:\/\/api.w.org\/{rel}","templated":true}]}}