{"id":31,"date":"2023-04-21T14:40:00","date_gmt":"2023-04-21T12:40:00","guid":{"rendered":"https:\/\/nettsteder.regjeringen.no\/lavlonnsutvalget\/?page_id=31"},"modified":"2024-04-02T12:15:38","modified_gmt":"2024-04-02T10:15:38","slug":"sekretariat-kontakt","status":"publish","type":"page","link":"https:\/\/teststeder.regjeringen.no\/lavlonnsutvalget\/sekretariat-kontakt\/","title":{"rendered":"Sekretariat\/Kontakt"},"content":{"rendered":"\n<p>Sekretariatet til utvalget ledes av Arbeids- og inkluderingsdepartementet (AID).<\/p>\n\n\n\n<p>Sekretariatet best\u00e5r av:<\/p>\n\n\n\n<p><\/p>\n\n\n\n<p>Ingvild Wold Str\u00f8msheim (AID) (leder)<\/p>\n\n\n\n<p>Lovise Bauger (AID)<\/p>\n\n\n\n<p>Karen Mollan (AID)<\/p>\n\n\n\n<p>Bodil Stueflaten (AID)<\/p>\n\n\n\n<p>Amanda Myhre Winje (AID)<\/p>\n\n\n\n<p>Tonje K\u00f8ber (SSB)<\/p>\n\n\n\n<p>Knut H\u00e5kon Grini (SSB)<\/p>\n\n\n\n<p>Ola Vestad (SSB)<\/p>\n\n\n\n<p>Utvalget kan kontaktes ved \u00e5 benytte&nbsp;<a href=\"https:\/\/teststeder.regjeringen.no\/lavlonnsutvalget\/gi-innspill\/\">innspillsskjemaet<\/a>. Foresp\u00f8rsler blir ikke automatisk publisert.<\/p>\n\n\n\n<p><strong>Postadresse:<\/strong><\/p>\n\n\n\n<p>Lavl\u00f8nnsutvalget<br>Arbeids- og inkluderingsdepartementet<br>Postboks 8019 Dep<br>0030 Oslo<\/p>\n\n\n\n<p>Telefon (sentralbord): 22 24 90 90<\/p>\n\n\n<div class=\"t2-files wp-block-t2-files\"><\/div>","protected":false},"excerpt":{"rendered":"<p>Sekretariatet til utvalget ledes av Arbeids- og inkluderingsdepartementet (AID). Sekretariatet best\u00e5r av: Ingvild Wold Str\u00f8msheim (AID) (leder) Lovise Bauger (AID) Karen Mollan (AID) Bodil Stueflaten (AID) Amanda Myhre Winje (AID) Tonje K\u00f8ber (SSB) Knut H\u00e5kon Grini (SSB) Ola Vestad (SSB) Utvalget kan kontaktes ved \u00e5 benytte&nbsp;innspillsskjemaet. Foresp\u00f8rsler blir ikke automatisk publisert. Postadresse: Lavl\u00f8nnsutvalgetArbeids- og inkluderingsdepartementetPostboks\u2026<\/p>\n","protected":false},"author":3230,"featured_media":0,"parent":0,"menu_order":0,"comment_status":"closed","ping_status":"closed","template":"","meta":{"dss_simple_post_excerpt":"","dss_show_featured_image":true,"footnotes":""},"class_list":["post-31","page","type-page","status-publish","hentry"],"language":"nb-NO","_links":{"self":[{"href":"https:\/\/teststeder.regjeringen.no\/lavlonnsutvalget\/wp-json\/wp\/v2\/pages\/31","targetHints":{"allow":["GET"]}}],"collection":[{"href":"https:\/\/teststeder.regjeringen.no\/lavlonnsutvalget\/wp-json\/wp\/v2\/pages"}],"about":[{"href":"https:\/\/teststeder.regjeringen.no\/lavlonnsutvalget\/wp-json\/wp\/v2\/types\/page"}],"author":[{"embeddable":true,"href":"https:\/\/teststeder.regjeringen.no\/lavlonnsutvalget\/wp-json\/wp\/v2\/users\/3230"}],"replies":[{"embeddable":true,"href":"https:\/\/teststeder.regjeringen.no\/lavlonnsutvalget\/wp-json\/wp\/v2\/comments?post=31"}],"version-history":[{"count":3,"href":"https:\/\/teststeder.regjeringen.no\/lavlonnsutvalget\/wp-json\/wp\/v2\/pages\/31\/revisions"}],"predecessor-version":[{"id":77,"href":"https:\/\/teststeder.regjeringen.no\/lavlonnsutvalget\/wp-json\/wp\/v2\/pages\/31\/revisions\/77"}],"wp:attachment":[{"href":"https:\/\/teststeder.regjeringen.no\/lavlonnsutvalget\/wp-json\/wp\/v2\/media?parent=31"}],"curies":[{"name":"wp","href":"https:\/\/api.w.org\/{rel}","templated":true}]}}