{"id":47,"date":"2025-03-10T12:51:13","date_gmt":"2025-03-10T11:51:13","guid":{"rendered":"https:\/\/nettsteder.regjeringen.no\/matsystemutvalget\/?page_id=47"},"modified":"2025-03-12T14:31:07","modified_gmt":"2025-03-12T13:31:07","slug":"kontakt","status":"publish","type":"page","link":"https:\/\/teststeder.regjeringen.no\/matsystemutvalget\/kontakt\/","title":{"rendered":"Kontakt"},"content":{"rendered":"\n<p>Landbruks- og matdepartementet har det administrative ansvaret for sekretariatet. Sekretariatet best\u00e5r av medarbeidere fra Landbruks- og matdepartementet, Klima- og milj\u00f8departementet, N\u00e6rings- og fiskeridepartementet og Helse- og omsorgsdepartementet. <\/p>\n\n\n\n<p>For henvendelser til matsystemutvalget ta kontakt med sekretariatsleder Siri Lothe <a href=\"mailto:siri.lothe@lmd.dep.no\">siri.lothe@lmd.dep.no<\/a> <\/p>\n\n\n\n<p>\u00d8vrige sekretariatsmedlemmer:<\/p>\n\n\n\n<p>Anna-Sara Bergeland, seniorr\u00e5dgiver, Klima- og milj\u00f8departementet<\/p>\n\n\n\n<p>An-Katrin Eikefjord, seniorr\u00e5dgiver, Landbruks- og matdepartementet<\/p>\n\n\n\n<p>Gyrd Omholt Gjevestad, fagdirekt\u00f8r, Helse- og omsorgsdepartementet<\/p>\n\n\n\n<p>Svanhild-Isabelle Batta Torheim, fagdirekt\u00f8r, Landbruks- og matdepartementet<\/p>\n\n\n\n<p>Natja R\u00f8ine \u00d8steb\u00f8, r\u00e5dgiver, N\u00e6rings- og fiskeridepartementet<\/p>\n\n\n\n<div class=\"wp-block-buttons is-layout-flex wp-block-buttons-is-layout-flex\"><\/div>\n","protected":false},"excerpt":{"rendered":"<p>Landbruks- og matdepartementet har det administrative ansvaret for sekretariatet. Sekretariatet best\u00e5r av medarbeidere fra Landbruks- og matdepartementet, Klima- og milj\u00f8departementet, N\u00e6rings- og fiskeridepartementet og Helse- og omsorgsdepartementet. For henvendelser til matsystemutvalget ta kontakt med sekretariatsleder Siri Lothe siri.lothe@lmd.dep.no \u00d8vrige sekretariatsmedlemmer: Anna-Sara Bergeland, seniorr\u00e5dgiver, Klima- og milj\u00f8departementet An-Katrin Eikefjord, seniorr\u00e5dgiver, Landbruks- og matdepartementet Gyrd Omholt Gjevestad,\u2026<\/p>\n","protected":false},"author":3440,"featured_media":0,"parent":0,"menu_order":0,"comment_status":"closed","ping_status":"closed","template":"","meta":{"dss_simple_post_excerpt":"","dss_show_featured_image":true,"footnotes":""},"class_list":["post-47","page","type-page","status-publish","hentry"],"language":"nb-NO","_links":{"self":[{"href":"https:\/\/teststeder.regjeringen.no\/matsystemutvalget\/wp-json\/wp\/v2\/pages\/47","targetHints":{"allow":["GET"]}}],"collection":[{"href":"https:\/\/teststeder.regjeringen.no\/matsystemutvalget\/wp-json\/wp\/v2\/pages"}],"about":[{"href":"https:\/\/teststeder.regjeringen.no\/matsystemutvalget\/wp-json\/wp\/v2\/types\/page"}],"author":[{"embeddable":true,"href":"https:\/\/teststeder.regjeringen.no\/matsystemutvalget\/wp-json\/wp\/v2\/users\/3440"}],"replies":[{"embeddable":true,"href":"https:\/\/teststeder.regjeringen.no\/matsystemutvalget\/wp-json\/wp\/v2\/comments?post=47"}],"version-history":[{"count":3,"href":"https:\/\/teststeder.regjeringen.no\/matsystemutvalget\/wp-json\/wp\/v2\/pages\/47\/revisions"}],"predecessor-version":[{"id":133,"href":"https:\/\/teststeder.regjeringen.no\/matsystemutvalget\/wp-json\/wp\/v2\/pages\/47\/revisions\/133"}],"wp:attachment":[{"href":"https:\/\/teststeder.regjeringen.no\/matsystemutvalget\/wp-json\/wp\/v2\/media?parent=47"}],"curies":[{"name":"wp","href":"https:\/\/api.w.org\/{rel}","templated":true}]}}