{"id":13,"date":"2019-04-15T10:46:12","date_gmt":"2019-04-15T08:46:12","guid":{"rendered":"https:\/\/nettsteder.regjeringen.no\/miljorapport\/?page_id=13"},"modified":"2024-10-08T10:29:24","modified_gmt":"2024-10-08T08:29:24","slug":"forsiden","status":"publish","type":"page","link":"https:\/\/teststeder.regjeringen.no\/miljorapport\/","title":{"rendered":"Forsiden"},"content":{"rendered":"<div id=\"module-0\" class=\"hogan-module hogan-module-banner hogan-module-0 hogan-banner-content-left hogan-module-width-grid hogan-banner-theme-dark hogan-banner-layout-columns hogan-banner-text-left hogan-module-width-grid container-full-width\"><div class=\"hogan-module-inner banner-height-30 tagline-fontsize-20 heading-fontsize-36 content-fontsize-16\"><div class=\"hogan-banner\">\n\t<div class=\"hogan-banner-column hogan-banner-image\">\n\t\t<img loading=\"lazy\" decoding=\"async\" width=\"420\" height=\"297\" src=\"https:\/\/files.teststeder.regjeringen.no\/wpuploads01\/blogs.dir\/367\/files\/2019\/09\/regjeringsparken_mAblokk.jpg\" class=\"attachment-medium-full size-medium-full\" alt=\"\" srcset=\"https:\/\/files.teststeder.regjeringen.no\/wpuploads01\/blogs.dir\/367\/files\/2019\/09\/regjeringsparken_mAblokk.jpg 420w, https:\/\/files.teststeder.regjeringen.no\/wpuploads01\/blogs.dir\/367\/files\/2019\/09\/regjeringsparken_mAblokk-300x212.jpg 300w, https:\/\/files.teststeder.regjeringen.no\/wpuploads01\/blogs.dir\/367\/files\/2019\/09\/regjeringsparken_mAblokk-400x283.jpg 400w\" sizes=\"auto, (max-width: 420px) 100vw, 420px\" \/>\t<\/div>\n\t\t\t<div class=\"hogan-banner-column hogan-banner-content\">\n\t\t\t<div class=\"hogan-banner-content-inner\">\n\t\t\t\t<div class=\"hogan-tagline\">MILJ\u00d8RAPPORT 2023<\/div><h2 class=\"hogan-heading\">Gr\u00f8nne departementer<\/h2><p>Milj\u00f8vennlig departementsvirksomhet moderniserer og effektiviserer staten.<\/p>\n<div class=\"hogan-banner-cta\"><span><a class=\"hogan-button button\" href=\"https:\/\/files.teststeder.regjeringen.no\/wpuploads01\/sites\/367\/2024\/10\/Miljorapport-2023.pdf\">Miljorapport 2023<\/a><\/span><\/div>\t\t\t<\/div>\n\t\t<\/div>\n\t<\/div>\n<div class=\"aria-controls-wrapper photo-credits-wrapper\" style=\"padding-top: 70.714285714286%\"><div class=\"credits-description\" id=\"credits-description-5x937krv\" tabindex=\"-1\" aria-labelledby=\"credits-description-5x937krv_label\" aria-hidden=\"true\"><div class=\"photographer\">Illustrasjon: Statsbygg<\/div><\/div><button type=\"button\" role=\"button\" aria-haspopup=\"true\" aria-expanded=\"false\" id=\"credits-description-5x937krv_label\" aria-controls=\"credits-description-5x937krv\" class=\"credits-toggle\"><span class=\"screen-reader-text\">\u00c5pen<\/span><\/button><\/div><\/div><\/div><div id=\"module-1\" class=\"hogan-module hogan-module-banner hogan-module-1 hogan-banner-content-right hogan-module-width-full hogan-banner-theme-none hogan-banner-layout-columns hogan-banner-text-left container-full-width\"><div class=\"hogan-module-inner banner-height-30 tagline-fontsize-16 heading-fontsize-28 content-fontsize-16\"><div class=\"hogan-banner\">\n\t<div class=\"hogan-banner-column hogan-banner-image\">\n\t\t<img loading=\"lazy\" decoding=\"async\" width=\"800\" height=\"533\" src=\"https:\/\/files.teststeder.regjeringen.no\/wpuploads01\/blogs.dir\/367\/files\/2019\/12\/iStock-460939033-ligdende-e1575896546512-800x533.jpg\" class=\"attachment-medium-full size-medium-full\" alt=\"\" srcset=\"https:\/\/files.teststeder.regjeringen.no\/wpuploads01\/blogs.dir\/367\/files\/2019\/12\/iStock-460939033-ligdende-e1575896546512-800x533.jpg 800w, https:\/\/files.teststeder.regjeringen.no\/wpuploads01\/blogs.dir\/367\/files\/2019\/12\/iStock-460939033-ligdende-e1575896546512-300x200.jpg 300w, https:\/\/files.teststeder.regjeringen.no\/wpuploads01\/blogs.dir\/367\/files\/2019\/12\/iStock-460939033-ligdende-e1575896546512-768x512.jpg 768w, https:\/\/files.teststeder.regjeringen.no\/wpuploads01\/blogs.dir\/367\/files\/2019\/12\/iStock-460939033-ligdende-e1575896546512-1024x683.jpg 1024w, https:\/\/files.teststeder.regjeringen.no\/wpuploads01\/blogs.dir\/367\/files\/2019\/12\/iStock-460939033-ligdende-e1575896546512-432x288.jpg 432w, https:\/\/files.teststeder.regjeringen.no\/wpuploads01\/blogs.dir\/367\/files\/2019\/12\/iStock-460939033-ligdende-e1575896546512-1130x753.jpg 1130w, https:\/\/files.teststeder.regjeringen.no\/wpuploads01\/blogs.dir\/367\/files\/2019\/12\/iStock-460939033-ligdende-e1575896546512-400x267.jpg 400w\" sizes=\"auto, (max-width: 800px) 100vw, 800px\" \/>\t<\/div>\n\t\t\t<div class=\"hogan-banner-column hogan-banner-content\">\n\t\t\t<div class=\"hogan-banner-content-inner\">\n\t\t\t\t<h2 class=\"hogan-heading\">Departementsfellesskapets felles milj\u00f8policy<\/h2><p>Departementsfellesskapet skal ved god milj\u00f8ledelse kontinuerlig forbedre milj\u00f8prestasjonen, etterleve lovfestede krav, forpliktelser og \u00f8vrige forventninger. Sammen skal vi bidra til et b\u00e6rekraftig samfunn ved \u00e5 redusere overforbruk, unng\u00e5 un\u00f8dvendig forurensning, og fremme innovasjon og klimavennlige l\u00f8sninger.<\/p>\n\t\t\t<\/div>\n\t\t<\/div>\n\t<\/div>\n<\/div><\/div><div id=\"module-2\" class=\"hogan-module hogan-module-simple_posts hogan-module-2\"><div class=\"hogan-module-inner container\">\t<ul class=\"list-items card-type-large\">\n\t\t\t\t\t<li class=\"list-item\">\n\t\t\t\t<a href=\"https:\/\/teststeder.regjeringen.no\/miljorapport\/miljoresultater\/\">\n\t\t\t\t\t\t\t\t\t\t\t<div class=\"column\">\n\t\t\t\t\t\t\t<div class=\"featured-image\">\n\t\t\t\t\t\t\t\t<img loading=\"lazy\" decoding=\"async\" width=\"432\" height=\"288\" src=\"https:\/\/files.teststeder.regjeringen.no\/wpuploads01\/blogs.dir\/367\/files\/2019\/09\/resultater-432x288.png\" class=\"attachment-medium-3-2 size-medium-3-2 wp-post-image\" alt=\"\" \/>\t\t\t\t\t\t\t<\/div>\n\t\t\t\t\t\t<\/div>\n\t\t\t\t\t\t\t\t\t\t<div class=\"column\">\n\t\t\t\t\t\t<h2 class=\"entry-title\">Milj\u00f8resultater<\/h2>\t\t\t\t\t\t<div class=\"entry-summary\"><p>Tall og fakta for n\u00f8kkelomr\u00e5der i departementsfellesskapets milj\u00f8arbeid.<\/p><\/div>\t\t\t\t\t\t\t\t\t\t\t<\/div>\n\t\t\t\t<\/a>\n\t\t\t<\/li>\n\t\t\t\t\t<li class=\"list-item\">\n\t\t\t\t<a href=\"https:\/\/teststeder.regjeringen.no\/miljorapport\/vare-miljomal\/\">\n\t\t\t\t\t\t\t\t\t\t\t<div class=\"column\">\n\t\t\t\t\t\t\t<div class=\"featured-image\">\n\t\t\t\t\t\t\t\t<img loading=\"lazy\" decoding=\"async\" width=\"432\" height=\"288\" src=\"https:\/\/files.teststeder.regjeringen.no\/wpuploads01\/blogs.dir\/367\/files\/2019\/09\/milj\u00f8m\u00e5l3-432x288.png\" class=\"attachment-medium-3-2 size-medium-3-2 wp-post-image\" alt=\"\" \/>\t\t\t\t\t\t\t<\/div>\n\t\t\t\t\t\t<\/div>\n\t\t\t\t\t\t\t\t\t\t<div class=\"column\">\n\t\t\t\t\t\t<h2 class=\"entry-title\">V\u00e5re milj\u00f8m\u00e5l<\/h2>\t\t\t\t\t\t<div class=\"entry-summary\"><p>Milj\u00f8m\u00e5l for avfall- og kildesortering, flyreiser, anskaffelser og innkj\u00f8p.<\/p><\/div>\t\t\t\t\t\t\t\t\t\t\t<\/div>\n\t\t\t\t<\/a>\n\t\t\t<\/li>\n\t\t\t\t\t<li class=\"list-item\">\n\t\t\t\t<a href=\"https:\/\/teststeder.regjeringen.no\/miljorapport\/miljoledelse\/\">\n\t\t\t\t\t\t\t\t\t\t\t<div class=\"column\">\n\t\t\t\t\t\t\t<div class=\"featured-image\">\n\t\t\t\t\t\t\t\t<img loading=\"lazy\" decoding=\"async\" width=\"432\" height=\"288\" src=\"https:\/\/files.teststeder.regjeringen.no\/wpuploads01\/blogs.dir\/367\/files\/2019\/09\/milj\u00f8ledelse3-432x288.png\" class=\"attachment-medium-3-2 size-medium-3-2 wp-post-image\" alt=\"\" \/>\t\t\t\t\t\t\t<\/div>\n\t\t\t\t\t\t<\/div>\n\t\t\t\t\t\t\t\t\t\t<div class=\"column\">\n\t\t\t\t\t\t<h2 class=\"entry-title\">Milj\u00f8ledelse<\/h2>\t\t\t\t\t\t<div class=\"entry-summary\"><p>Roller, organisering og beslutningstaking for \u00e5 forbedre milj\u00f8prestasjonen.<\/p><\/div>\t\t\t\t\t\t\t\t\t\t\t<\/div>\n\t\t\t\t<\/a>\n\t\t\t<\/li>\n\t\t\t<\/ul>\n<\/div><\/div><div id=\"module-3\" class=\"hogan-module hogan-module-banner hogan-module-3 hogan-banner-content-center hogan-module-width-full hogan-banner-theme-dark-transparent hogan-banner-layout-full hogan-banner-text-left container-full-width\"><div class=\"hogan-module-inner banner-height-30 tagline-fontsize-16 heading-fontsize-32 content-fontsize-16\"><div class=\"hogan-banner\">\n\t<div class=\"hogan-banner-column hogan-banner-image hogan-banner-dim-image\">\n\t\t<img loading=\"lazy\" decoding=\"async\" width=\"1500\" height=\"656\" src=\"https:\/\/files.teststeder.regjeringen.no\/wpuploads01\/blogs.dir\/367\/files\/2019\/09\/banner_resultater.jpg\" class=\"attachment-browser-full-width size-browser-full-width\" alt=\"\" srcset=\"https:\/\/files.teststeder.regjeringen.no\/wpuploads01\/blogs.dir\/367\/files\/2019\/09\/banner_resultater.jpg 1500w, https:\/\/files.teststeder.regjeringen.no\/wpuploads01\/blogs.dir\/367\/files\/2019\/09\/banner_resultater-300x131.jpg 300w, https:\/\/files.teststeder.regjeringen.no\/wpuploads01\/blogs.dir\/367\/files\/2019\/09\/banner_resultater-768x336.jpg 768w, https:\/\/files.teststeder.regjeringen.no\/wpuploads01\/blogs.dir\/367\/files\/2019\/09\/banner_resultater-1024x448.jpg 1024w, https:\/\/files.teststeder.regjeringen.no\/wpuploads01\/blogs.dir\/367\/files\/2019\/09\/banner_resultater-1130x494.jpg 1130w, https:\/\/files.teststeder.regjeringen.no\/wpuploads01\/blogs.dir\/367\/files\/2019\/09\/banner_resultater-400x175.jpg 400w, https:\/\/files.teststeder.regjeringen.no\/wpuploads01\/blogs.dir\/367\/files\/2019\/09\/banner_resultater-800x350.jpg 800w\" sizes=\"auto, (max-width: 1500px) 100vw, 1500px\" \/>\t<\/div>\n\t\t\t<div class=\"hogan-banner-column hogan-banner-content\">\n\t\t\t<div class=\"hogan-banner-content-inner\">\n\t\t\t\t<p>Departementsfellesskapet arbeider m\u00e5lrettet med \u00e5 forbedre milj\u00f8prestasjonen. H\u00f8sten 2010 vedtok departementene og Departementenes sikkerhets- og serviceorganisasjon (DSS) \u00e5 etablere et felles milj\u00f8ledelsessystem i henhold til kravene i EUs EMAS-forordning. Prosjektet ble kalt Gr\u00f8nne Departementer. Fra 2018 er alle Departementene, Statsministerens kontor og DSS en del av prosjektet.<\/p>\n<p>Milj\u00f8ledelsessystemets overordnede oppgave er \u00e5 v\u00e6re departementsfellesskapets verkt\u00f8y for \u00e5 forbedre milj\u00f8prestasjonen og \u00e5 begrense departementsdriftens negative milj\u00f8p\u00e5virkning.<\/p>\n\t\t\t<\/div>\n\t\t<\/div>\n\t<\/div>\n<\/div><\/div>","protected":false},"excerpt":{"rendered":"<p>MILJ\u00d8RAPPORT 2023Milj\u00f8ledelseSystematisk arbeid som beskriver hvordan departementsfellesskapet leder, m\u00e5ler og begrenser milj\u00f8p\u00e5virkning. Eco Management and Audit Scheme (EMAS) er et &#8230;<\/p>\n","protected":false},"author":573,"featured_media":0,"parent":0,"menu_order":0,"comment_status":"closed","ping_status":"closed","template":"","meta":{"_acf_changed":false,"footnotes":""},"class_list":["post-13","page","type-page","status-publish","hentry"],"language":"nb-NO","acf":[],"_links":{"self":[{"href":"https:\/\/teststeder.regjeringen.no\/miljorapport\/wp-json\/wp\/v2\/pages\/13","targetHints":{"allow":["GET"]}}],"collection":[{"href":"https:\/\/teststeder.regjeringen.no\/miljorapport\/wp-json\/wp\/v2\/pages"}],"about":[{"href":"https:\/\/teststeder.regjeringen.no\/miljorapport\/wp-json\/wp\/v2\/types\/page"}],"author":[{"embeddable":true,"href":"https:\/\/teststeder.regjeringen.no\/miljorapport\/wp-json\/wp\/v2\/users\/573"}],"replies":[{"embeddable":true,"href":"https:\/\/teststeder.regjeringen.no\/miljorapport\/wp-json\/wp\/v2\/comments?post=13"}],"version-history":[{"count":4,"href":"https:\/\/teststeder.regjeringen.no\/miljorapport\/wp-json\/wp\/v2\/pages\/13\/revisions"}],"predecessor-version":[{"id":2819,"href":"https:\/\/teststeder.regjeringen.no\/miljorapport\/wp-json\/wp\/v2\/pages\/13\/revisions\/2819"}],"wp:attachment":[{"href":"https:\/\/teststeder.regjeringen.no\/miljorapport\/wp-json\/wp\/v2\/media?parent=13"}],"curies":[{"name":"wp","href":"https:\/\/api.w.org\/{rel}","templated":true}]}}