{"id":1853,"date":"2020-01-06T12:45:46","date_gmt":"2020-01-06T11:45:46","guid":{"rendered":"https:\/\/nettsteder.regjeringen.no\/miljorapport\/?page_id=1853"},"modified":"2024-10-08T13:59:00","modified_gmt":"2024-10-08T11:59:00","slug":"rapporter","status":"publish","type":"page","link":"https:\/\/teststeder.regjeringen.no\/miljorapport\/rapporter\/","title":{"rendered":"Rapporter"},"content":{"rendered":"<div id=\"module-0\" class=\"hogan-module hogan-module-banner hogan-module-0 hogan-banner-content-left hogan-module-width-full hogan-banner-theme-dark hogan-banner-layout-columns hogan-banner-text-left container-full-width\"><div class=\"hogan-module-inner banner-height-30 tagline-fontsize-16 heading-fontsize-32 content-fontsize-16\"><div class=\"hogan-banner\">\n\t<div class=\"hogan-banner-column hogan-banner-image\">\n\t\t<img loading=\"lazy\" decoding=\"async\" width=\"800\" height=\"448\" src=\"https:\/\/files.teststeder.regjeringen.no\/wpuploads01\/blogs.dir\/367\/files\/2020\/04\/samarbeid-800x448.jpg\" class=\"attachment-medium-full size-medium-full\" alt=\"\" srcset=\"https:\/\/files.teststeder.regjeringen.no\/wpuploads01\/blogs.dir\/367\/files\/2020\/04\/samarbeid-800x448.jpg 800w, https:\/\/files.teststeder.regjeringen.no\/wpuploads01\/blogs.dir\/367\/files\/2020\/04\/samarbeid-300x168.jpg 300w, https:\/\/files.teststeder.regjeringen.no\/wpuploads01\/blogs.dir\/367\/files\/2020\/04\/samarbeid-1024x574.jpg 1024w, https:\/\/files.teststeder.regjeringen.no\/wpuploads01\/blogs.dir\/367\/files\/2020\/04\/samarbeid-768x430.jpg 768w, https:\/\/files.teststeder.regjeringen.no\/wpuploads01\/blogs.dir\/367\/files\/2020\/04\/samarbeid-1536x860.jpg 1536w, https:\/\/files.teststeder.regjeringen.no\/wpuploads01\/blogs.dir\/367\/files\/2020\/04\/samarbeid-1130x633.jpg 1130w, https:\/\/files.teststeder.regjeringen.no\/wpuploads01\/blogs.dir\/367\/files\/2020\/04\/samarbeid-400x224.jpg 400w, https:\/\/files.teststeder.regjeringen.no\/wpuploads01\/blogs.dir\/367\/files\/2020\/04\/samarbeid.jpg 1671w\" sizes=\"auto, (max-width: 800px) 100vw, 800px\" \/>\t<\/div>\n\t\t\t<div class=\"hogan-banner-column hogan-banner-content\">\n\t\t\t<div class=\"hogan-banner-content-inner\">\n\t\t\t\t<div class=\"hogan-tagline\">MILJ\u00d8RAPPORT 2023<\/div><h2 class=\"hogan-heading\">Rapporter<\/h2><p>Her kan du laste ned rapporter i PDF-format<br \/>\n2017-2023<\/p>\n\t\t\t<\/div>\n\t\t<\/div>\n\t<\/div>\n<\/div><\/div><div id=\"module-1\" class=\"hogan-module hogan-module-text hogan-module-1 text-wrap\"><div class=\"hogan-module-inner clearfix\"><p><a href=\"https:\/\/files.teststeder.regjeringen.no\/wpuploads01\/sites\/367\/2024\/10\/Miljorapport-2023.zip\"><img loading=\"lazy\" decoding=\"async\" class=\"wp-image-2807 alignleft\" src=\"https:\/\/files.teststeder.regjeringen.no\/wpuploads01\/sites\/367\/2024\/10\/miljjorapport2023_forside.jpg\" alt=\"\" width=\"300\" height=\"425\" srcset=\"https:\/\/files.teststeder.regjeringen.no\/wpuploads01\/sites\/367\/2024\/10\/miljjorapport2023_forside.jpg 598w, https:\/\/files.teststeder.regjeringen.no\/wpuploads01\/sites\/367\/2024\/10\/miljjorapport2023_forside-212x300.jpg 212w, https:\/\/files.teststeder.regjeringen.no\/wpuploads01\/sites\/367\/2024\/10\/miljjorapport2023_forside-300x425.jpg 300w, https:\/\/files.teststeder.regjeringen.no\/wpuploads01\/sites\/367\/2024\/10\/miljjorapport2023_forside-400x567.jpg 400w\" sizes=\"auto, (max-width: 300px) 100vw, 300px\" \/><\/a><\/p>\n<p><strong><a href=\"https:\/\/files.teststeder.regjeringen.no\/wpuploads01\/sites\/367\/2024\/10\/Miljorapport-2023.pdf\">Milj\u00f8rapport 2023<\/a><\/strong><\/p>\n<p><a href=\"https:\/\/files.teststeder.regjeringen.no\/wpuploads01\/sites\/367\/2023\/08\/Miljorapport-2022.pdf\">Milj\u00f8rapport 2022<\/a><\/p>\n<p><a href=\"https:\/\/files.teststeder.regjeringen.no\/wpuploads01\/sites\/367\/2022\/09\/Miljorapport-2021.pdf\">Milj\u00f8rapport 2021<\/a><\/p>\n<p><a href=\"https:\/\/files.teststeder.regjeringen.no\/wpuploads01\/sites\/367\/2022\/04\/Miljorapport-2020_oppdatert-april-2022.pdf\">Milj\u00f8rapport 2020, oppdatert 2022<\/a><\/p>\n<p><a href=\"https:\/\/files.teststeder.regjeringen.no\/wpuploads01\/blogs.dir\/367\/files\/2020\/05\/miljj\u00f8rapport-2019-v2.pdf\">Milj\u00f8rapport 2019<\/a><\/p>\n<p><a href=\"https:\/\/files.teststeder.regjeringen.no\/wpuploads01\/sites\/367\/2022\/09\/Miljorapport-2021.pdf\">Milj\u00f8rapport 2018<\/a><\/p>\n<p><a href=\"https:\/\/files.teststeder.regjeringen.no\/wpuploads01\/blogs.dir\/367\/files\/2020\/01\/miljj\u00f8rapport2017_v4.pdf\">Milj\u00f8rapport 2017<\/a><\/p><\/div><\/div>","protected":false},"excerpt":{"rendered":"<p>MILJ\u00d8RAPPORT 2023RapporterHer kan du laste ned rapporter i PDF-format 2017-2023 Milj\u00f8rapport 2023 Milj\u00f8rapport 2022 Milj\u00f8rapport 2021 Milj\u00f8rapport 2020, oppdatert 2022 &#8230;<\/p>\n","protected":false},"author":357,"featured_media":0,"parent":0,"menu_order":0,"comment_status":"closed","ping_status":"closed","template":"","meta":{"_acf_changed":false,"footnotes":""},"class_list":["post-1853","page","type-page","status-publish","hentry"],"language":"nb-NO","acf":[],"_links":{"self":[{"href":"https:\/\/teststeder.regjeringen.no\/miljorapport\/wp-json\/wp\/v2\/pages\/1853","targetHints":{"allow":["GET"]}}],"collection":[{"href":"https:\/\/teststeder.regjeringen.no\/miljorapport\/wp-json\/wp\/v2\/pages"}],"about":[{"href":"https:\/\/teststeder.regjeringen.no\/miljorapport\/wp-json\/wp\/v2\/types\/page"}],"author":[{"embeddable":true,"href":"https:\/\/teststeder.regjeringen.no\/miljorapport\/wp-json\/wp\/v2\/users\/357"}],"replies":[{"embeddable":true,"href":"https:\/\/teststeder.regjeringen.no\/miljorapport\/wp-json\/wp\/v2\/comments?post=1853"}],"version-history":[{"count":3,"href":"https:\/\/teststeder.regjeringen.no\/miljorapport\/wp-json\/wp\/v2\/pages\/1853\/revisions"}],"predecessor-version":[{"id":2825,"href":"https:\/\/teststeder.regjeringen.no\/miljorapport\/wp-json\/wp\/v2\/pages\/1853\/revisions\/2825"}],"wp:attachment":[{"href":"https:\/\/teststeder.regjeringen.no\/miljorapport\/wp-json\/wp\/v2\/media?parent=1853"}],"curies":[{"name":"wp","href":"https:\/\/api.w.org\/{rel}","templated":true}]}}