{"id":207,"date":"2019-05-02T15:58:57","date_gmt":"2019-05-02T13:58:57","guid":{"rendered":"https:\/\/nettsteder.regjeringen.no\/miljorapport\/?page_id=207"},"modified":"2023-08-04T11:29:12","modified_gmt":"2023-08-04T09:29:12","slug":"hva-er-emas","status":"publish","type":"page","link":"https:\/\/teststeder.regjeringen.no\/miljorapport\/hva-er-emas\/","title":{"rendered":"Hva er EMAS?"},"content":{"rendered":"<div id=\"module-0\" class=\"hogan-module hogan-module-banner hogan-module-0 hogan-banner-content-left hogan-module-width-full hogan-banner-theme-dark hogan-banner-layout-columns hogan-banner-text-left container-full-width\"><div class=\"hogan-module-inner banner-height-30 tagline-fontsize-20 heading-fontsize-36 content-fontsize-16\"><div class=\"hogan-banner\">\n\t<div class=\"hogan-banner-column hogan-banner-image\">\n\t\t<img loading=\"lazy\" decoding=\"async\" width=\"800\" height=\"448\" src=\"https:\/\/files.teststeder.regjeringen.no\/wpuploads01\/blogs.dir\/367\/files\/2020\/04\/emas_banner-800x448.jpg\" class=\"attachment-medium-full size-medium-full\" alt=\"\" srcset=\"https:\/\/files.teststeder.regjeringen.no\/wpuploads01\/blogs.dir\/367\/files\/2020\/04\/emas_banner-800x448.jpg 800w, https:\/\/files.teststeder.regjeringen.no\/wpuploads01\/blogs.dir\/367\/files\/2020\/04\/emas_banner-300x168.jpg 300w, https:\/\/files.teststeder.regjeringen.no\/wpuploads01\/blogs.dir\/367\/files\/2020\/04\/emas_banner-1024x574.jpg 1024w, https:\/\/files.teststeder.regjeringen.no\/wpuploads01\/blogs.dir\/367\/files\/2020\/04\/emas_banner-768x430.jpg 768w, https:\/\/files.teststeder.regjeringen.no\/wpuploads01\/blogs.dir\/367\/files\/2020\/04\/emas_banner-1536x860.jpg 1536w, https:\/\/files.teststeder.regjeringen.no\/wpuploads01\/blogs.dir\/367\/files\/2020\/04\/emas_banner-1130x633.jpg 1130w, https:\/\/files.teststeder.regjeringen.no\/wpuploads01\/blogs.dir\/367\/files\/2020\/04\/emas_banner-400x224.jpg 400w, https:\/\/files.teststeder.regjeringen.no\/wpuploads01\/blogs.dir\/367\/files\/2020\/04\/emas_banner.jpg 1671w\" sizes=\"auto, (max-width: 800px) 100vw, 800px\" \/>\t<\/div>\n\t\t\t<div class=\"hogan-banner-column hogan-banner-content\">\n\t\t\t<div class=\"hogan-banner-content-inner\">\n\t\t\t\t<div class=\"hogan-tagline\">MILJ\u00d8RAPPORT 2022<\/div><h2 class=\"hogan-heading\">Hva er EMAS?<\/h2><p>EMAS er en frivillig ordning for milj\u00f8ledelse.<\/p>\n\t\t\t<\/div>\n\t\t<\/div>\n\t<\/div>\n<\/div><\/div><div id=\"module-1\" class=\"hogan-module hogan-module-text hogan-module-1 text-wrap\"><div class=\"hogan-module-inner clearfix\"><p>Eco Management and Audit Scheme (EMAS) er et styringsverkt\u00f8y for \u00e5 evaluere, rapportere og forbedre milj\u00f8prestasjon. EMAS bygger p\u00e5 kravene i ISO 14001-standarden, men har ogs\u00e5 ytterligere krav om blant annet en \u00e5rlig milj\u00f8rapport. Dette er sjette \u00e5r p\u00e5 rad departementsfellesskapet rapporterer p\u00e5 milj\u00f8- og b\u00e6rekraftsarbeid i tr\u00e5d med EMAS.<\/p>\n<p>Milj\u00f8arbeidet og milj\u00f8prestasjonen til departementsfellesskapet blir rapportert \u00e5rlig. Videre blir ogs\u00e5 milj\u00f8ledelsessystemet revidert \u00e5rlig av eksterne akkrediterte kontroll\u00f8rer. Denne rapporten er verifisert og godkjent av en akkrediterte revisor i Kiwa AS.<\/p>\n<p>Departementsfellesskapets arbeid for \u00e5 forbedre milj\u00f8relaterte forhold er underlagt de revisjonsbestemmelsene som EMAS til enhver tid fastsetter. Dette vil si at vi rapporterer p\u00e5 milj\u00f8arbeidet i departementsfellesskapet i henhold til kravene i EMAS.<\/p><\/div><\/div>","protected":false},"excerpt":{"rendered":"<p>MILJ\u00d8RAPPORT 2022Hva er EMAS?EMAS er en frivillig ordning for milj\u00f8ledelse. Eco Management and Audit Scheme (EMAS) er et styringsverkt\u00f8y for &#8230;<\/p>\n","protected":false},"author":1591,"featured_media":0,"parent":0,"menu_order":0,"comment_status":"closed","ping_status":"closed","template":"","meta":{"_acf_changed":false,"footnotes":""},"class_list":["post-207","page","type-page","status-publish","hentry"],"language":"nb-NO","acf":[],"_links":{"self":[{"href":"https:\/\/teststeder.regjeringen.no\/miljorapport\/wp-json\/wp\/v2\/pages\/207","targetHints":{"allow":["GET"]}}],"collection":[{"href":"https:\/\/teststeder.regjeringen.no\/miljorapport\/wp-json\/wp\/v2\/pages"}],"about":[{"href":"https:\/\/teststeder.regjeringen.no\/miljorapport\/wp-json\/wp\/v2\/types\/page"}],"author":[{"embeddable":true,"href":"https:\/\/teststeder.regjeringen.no\/miljorapport\/wp-json\/wp\/v2\/users\/1591"}],"replies":[{"embeddable":true,"href":"https:\/\/teststeder.regjeringen.no\/miljorapport\/wp-json\/wp\/v2\/comments?post=207"}],"version-history":[{"count":5,"href":"https:\/\/teststeder.regjeringen.no\/miljorapport\/wp-json\/wp\/v2\/pages\/207\/revisions"}],"predecessor-version":[{"id":2766,"href":"https:\/\/teststeder.regjeringen.no\/miljorapport\/wp-json\/wp\/v2\/pages\/207\/revisions\/2766"}],"wp:attachment":[{"href":"https:\/\/teststeder.regjeringen.no\/miljorapport\/wp-json\/wp\/v2\/media?parent=207"}],"curies":[{"name":"wp","href":"https:\/\/api.w.org\/{rel}","templated":true}]}}