{"id":71,"date":"2019-04-15T10:49:18","date_gmt":"2019-04-15T08:49:18","guid":{"rendered":"https:\/\/nettsteder.regjeringen.no\/miljorapport\/?page_id=71"},"modified":"2024-10-09T09:00:55","modified_gmt":"2024-10-09T07:00:55","slug":"vare-miljomal","status":"publish","type":"page","link":"https:\/\/teststeder.regjeringen.no\/miljorapport\/vare-miljomal\/","title":{"rendered":"V\u00e5re milj\u00f8m\u00e5l"},"content":{"rendered":"<div id=\"module-0\" class=\"hogan-module hogan-module-banner hogan-module-0 hogan-banner-content-left hogan-module-width-full hogan-banner-theme-dark hogan-banner-layout-columns hogan-banner-text-left container-full-width\"><div class=\"hogan-module-inner banner-height-30 tagline-fontsize-20 heading-fontsize-36 content-fontsize-16\"><div class=\"hogan-banner\">\n\t<div class=\"hogan-banner-column hogan-banner-image\">\n\t\t<img loading=\"lazy\" decoding=\"async\" width=\"800\" height=\"450\" src=\"https:\/\/files.teststeder.regjeringen.no\/wpuploads01\/blogs.dir\/367\/files\/2019\/09\/milj\u00f8m\u00e5l_toppbanner-800x450.jpg\" class=\"attachment-medium-full size-medium-full\" alt=\"\" srcset=\"https:\/\/files.teststeder.regjeringen.no\/wpuploads01\/blogs.dir\/367\/files\/2019\/09\/milj\u00f8m\u00e5l_toppbanner.jpg 800w, https:\/\/files.teststeder.regjeringen.no\/wpuploads01\/blogs.dir\/367\/files\/2019\/09\/milj\u00f8m\u00e5l_toppbanner-300x169.jpg 300w, https:\/\/files.teststeder.regjeringen.no\/wpuploads01\/blogs.dir\/367\/files\/2019\/09\/milj\u00f8m\u00e5l_toppbanner-768x432.jpg 768w, https:\/\/files.teststeder.regjeringen.no\/wpuploads01\/blogs.dir\/367\/files\/2019\/09\/milj\u00f8m\u00e5l_toppbanner-400x225.jpg 400w\" sizes=\"auto, (max-width: 800px) 100vw, 800px\" \/>\t<\/div>\n\t\t\t<div class=\"hogan-banner-column hogan-banner-content\">\n\t\t\t<div class=\"hogan-banner-content-inner\">\n\t\t\t\t<div class=\"hogan-tagline\">MILJ\u00d8RAPPORT 2023<\/div><h2 class=\"hogan-heading\">Milj\u00f8m\u00e5l<\/h2><p>Departementene, SMK og DSS har felles milj\u00f8m\u00e5l som reflekterer v\u00e5re ambisjoner<\/p>\n\t\t\t<\/div>\n\t\t<\/div>\n\t<\/div>\n<\/div><\/div><div id=\"module-1\" class=\"hogan-module hogan-module-expandable_list hogan-module-1\"><div class=\"hogan-module-inner text-wrap list-items\"><h2 class=\"hogan-heading\">Milj\u00f8m\u00e5l<\/h2>\t<div class=\"hogan-expandable-list-item list-item\">\n\t\t<div class=\"anchor\" id=\"panel-1-0\">&nbsp;<\/div>\n\t\t<a href=\"#panel-1-0\">\n\t\t\t<div class=\"hogan-expandable-list-item-title\">Avfall<\/div>\t\t\t<span><\/span>\n\t\t<\/a>\n\t\t<div aria-expanded=\"false\">\n\t\t\t<h3>Redusere totale avfallsmengder<\/h3>\n<div class=\"highlight\">\n<p>Departementsfellesskapet skal innen 2025 redusere den totale avfallsmengden med 20 prosent, sammenlignet med avfallsmengden i 2018<\/p>\n<\/div>\n<h3>\u00d8ke kildesorteringsgraden<\/h3>\n<div class=\"highlight\">\n<p>Departementsfellesskapet skal innen 2025 oppn\u00e5 en kildesorteringsgrad p\u00e5 60 prosent<\/p>\n<\/div>\n<p>\u00c5rlig oppst\u00e5r store mengder avfall i regjeringskvartalet og ved de andre departementsadressene. Departementsfellesskapet har en todelt satsing p\u00e5 avfall. Prim\u00e6rt skal avfallsmengdene minimeres, deretter skal mest mulig avfall kildesorteres og materialgjenvinnes. Avfall er en ressurs p\u00e5 avveie og departementsfellesskapet skal jobbe mot avfallsreduksjon, \u00f8kt kildesortering, ombruk og materialgjenvinning i v\u00e5r daglige drift.<\/p>\n\t\t<\/div>\n\t<\/div>\n\t<div class=\"hogan-expandable-list-item list-item\">\n\t\t<div class=\"anchor\" id=\"panel-1-1\">&nbsp;<\/div>\n\t\t<a href=\"#panel-1-1\">\n\t\t\t<div class=\"hogan-expandable-list-item-title\">Innkj\u00f8p<\/div>\t\t\t<span><\/span>\n\t\t<\/a>\n\t\t<div aria-expanded=\"false\">\n\t\t\t<h3>Milj\u00f8merkede innkj\u00f8p<\/h3>\n<div class=\"highlight\">\n<p>Departementsfellesskapet skal innen 2025 ha en samlet andel milj\u00f8merkede innkj\u00f8p p\u00e5 30 prosent innenfor produktkategoriene forbruksartikler og m\u00f8bler<\/p>\n<\/div>\n<p>DSS fremforhandler fellesavtaler p\u00e5 vegne av departementene og SMK. Ved \u00e5 stille strenge klima- og milj\u00f8krav i anskaffelser kan departementsfellesskapet bidra til \u00e5 fremme utvikling og gr\u00f8nne l\u00f8sninger og sikre ettersp\u00f8rsel av mer milj\u00f8vennlige produkter og tjenester.<\/p>\n\t\t<\/div>\n\t<\/div>\n\t<div class=\"hogan-expandable-list-item list-item\">\n\t\t<div class=\"anchor\" id=\"panel-1-2\">&nbsp;<\/div>\n\t\t<a href=\"#panel-1-2\">\n\t\t\t<div class=\"hogan-expandable-list-item-title\">Anskaffelser<\/div>\t\t\t<span><\/span>\n\t\t<\/a>\n\t\t<div aria-expanded=\"false\">\n\t\t\t<div class=\"highlight\">\n<p>Alle rammeavtaler skal ha et uttrykt krav til milj\u00f8. I avtaler som har stor negativ milj\u00f8p\u00e5virkning skal milj\u00f8 inng\u00e5 som et av tildelingskriteriene<\/p>\n<\/div>\n<p>DSS fremforhandler fellesavtaler p\u00e5 vegne av departementene og SMK. Ved \u00e5 stille strenge klima- og milj\u00f8krav i anskaffelser kan departementsfellesskapet bidra til \u00e5 fremme utvikling og gr\u00f8nne l\u00f8sninger og sikre ettersp\u00f8rsel av mer milj\u00f8vennlige produkter og tjenester.<\/p>\n\t\t<\/div>\n\t<\/div>\n\t<div class=\"hogan-expandable-list-item list-item\">\n\t\t<div class=\"anchor\" id=\"panel-1-3\">&nbsp;<\/div>\n\t\t<a href=\"#panel-1-3\">\n\t\t\t<div class=\"hogan-expandable-list-item-title\">Flyreiser<\/div>\t\t\t<span><\/span>\n\t\t<\/a>\n\t\t<div aria-expanded=\"false\">\n\t\t\t<h3>Reduksjon av flyreiser<\/h3>\n<div class=\"highlight\">\n<p>Departementsfellesskapet skal innen 2025 redusere den totale andelen flyreiser for embetsverket<\/p>\n<\/div>\n<p><span class=\"TextRun SCXW138251897\" lang=\"NB-NO\" xml:lang=\"NB-NO\"><span class=\"NormalTextRun SCXW138251897\">Departementene og SMKs\u00a0<\/span><\/span><span class=\"TextRun SCXW138251897\" lang=\"NB-NO\" xml:lang=\"NB-NO\"><span class=\"NormalTextRun SCXW138251897\">kjerneoppgaver<\/span><\/span><span class=\"TextRun SCXW138251897\" lang=\"NB-NO\" xml:lang=\"NB-NO\"><span class=\"NormalTextRun SCXW138251897\"> n\u00f8dvendiggj\u00f8r en del reisevirksomhet som medf\u00f8rer utslipp av klimagasser og redusert luftkvalitet. Departementsfellesskapet skal ha et bevisst forhold til n\u00e5r vi m\u00e5 fly, hvordan vi flyr og hvor mange som m\u00e5 reise\u00a0<\/span><\/span><\/p>\n\t\t<\/div>\n\t<\/div>\n<\/div><\/div><div id=\"module-2\" class=\"hogan-module hogan-module-text hogan-module-2 text-wrap\"><div class=\"hogan-module-inner clearfix\"><h2>Milj\u00f8kartlegging<\/h2>\n<p>&nbsp;<\/p>\n<p>For \u00e5 komme frem til hvordan departementsfellesskapet p\u00e5virker milj\u00f8et, er alle aktiviteter relatert til den interne driften vurdert ut ifra ulike kriterier i en milj\u00f8kartlegging. P\u00e5 denne m\u00e5ten finner man frem til hvilke deler av departementsdriften som p\u00e5virker milj\u00f8et mest.<\/p>\n<p>Milj\u00f8kartleggingen vedlikeholdes rutinemessig og ved st\u00f8rre endringer i departementsfellesskapets drift og omfang. Bakgrunnen for gjentatt gjennomgang av kartleggingen er \u00e5 sikre at milj\u00f8ledelsessystemet alltid sammenfatter arbeidet p\u00e5 omr\u00e5dene som belaster milj\u00f8et mest.<\/p><\/div><\/div>","protected":false},"excerpt":{"rendered":"<p>Milj\u00f8m\u00e5l for avfall- og kildesortering, flyreiser, anskaffelser og innkj\u00f8p.<\/p>\n","protected":false},"author":573,"featured_media":1079,"parent":0,"menu_order":0,"comment_status":"closed","ping_status":"closed","template":"","meta":{"_acf_changed":false,"footnotes":""},"class_list":["post-71","page","type-page","status-publish","has-post-thumbnail","hentry"],"language":"nb-NO","acf":[],"_links":{"self":[{"href":"https:\/\/teststeder.regjeringen.no\/miljorapport\/wp-json\/wp\/v2\/pages\/71","targetHints":{"allow":["GET"]}}],"collection":[{"href":"https:\/\/teststeder.regjeringen.no\/miljorapport\/wp-json\/wp\/v2\/pages"}],"about":[{"href":"https:\/\/teststeder.regjeringen.no\/miljorapport\/wp-json\/wp\/v2\/types\/page"}],"author":[{"embeddable":true,"href":"https:\/\/teststeder.regjeringen.no\/miljorapport\/wp-json\/wp\/v2\/users\/573"}],"replies":[{"embeddable":true,"href":"https:\/\/teststeder.regjeringen.no\/miljorapport\/wp-json\/wp\/v2\/comments?post=71"}],"version-history":[{"count":4,"href":"https:\/\/teststeder.regjeringen.no\/miljorapport\/wp-json\/wp\/v2\/pages\/71\/revisions"}],"predecessor-version":[{"id":2837,"href":"https:\/\/teststeder.regjeringen.no\/miljorapport\/wp-json\/wp\/v2\/pages\/71\/revisions\/2837"}],"wp:featuredmedia":[{"embeddable":true,"href":"https:\/\/teststeder.regjeringen.no\/miljorapport\/wp-json\/wp\/v2\/media\/1079"}],"wp:attachment":[{"href":"https:\/\/teststeder.regjeringen.no\/miljorapport\/wp-json\/wp\/v2\/media?parent=71"}],"curies":[{"name":"wp","href":"https:\/\/api.w.org\/{rel}","templated":true}]}}