{"id":168,"date":"2023-10-30T08:21:10","date_gmt":"2023-10-30T07:21:10","guid":{"rendered":"https:\/\/nettsteder.regjeringen.no\/musikkutvalget\/?page_id=168"},"modified":"2024-11-11T16:40:33","modified_gmt":"2024-11-11T15:40:33","slug":"utvalgsmoter","status":"publish","type":"page","link":"https:\/\/teststeder.regjeringen.no\/musikkutvalget\/utvalgets-arbeid\/utvalgsmoter\/","title":{"rendered":"Utvalgsm\u00f8ter"},"content":{"rendered":"<ul class=\"is-style-list-image wp-block-dss-simple-posts\">\n<li class=\"wp-block-dss-simple-post\"><a href=\"https:\/\/teststeder.regjeringen.no\/musikkutvalget\/2024\/11\/11\/syvende-utvalgsmote-alta-og-kautokeino-03-05-september\/\" class=\"wp-block-dss-simple-post__link\"><div class=\"wp-block-dss-simple-post__image-wrapper\"><div class=\"wp-block-dss-simple-post__image\"><img loading=\"lazy\" decoding=\"async\" width=\"187\" height=\"300\" src=\"https:\/\/files.teststeder.regjeringen.no\/wpuploads01\/sites\/554\/2024\/11\/Forside-sami-187x300.jpeg\" class=\"attachment-medium size-medium wp-post-image\" alt=\"\" srcset=\"https:\/\/files.teststeder.regjeringen.no\/wpuploads01\/sites\/554\/2024\/11\/Forside-sami-187x300.jpeg 187w, https:\/\/files.teststeder.regjeringen.no\/wpuploads01\/sites\/554\/2024\/11\/Forside-sami-637x1024.jpeg 637w, https:\/\/files.teststeder.regjeringen.no\/wpuploads01\/sites\/554\/2024\/11\/Forside-sami-768x1235.jpeg 768w, https:\/\/files.teststeder.regjeringen.no\/wpuploads01\/sites\/554\/2024\/11\/Forside-sami.jpeg 955w\" sizes=\"auto, (max-width: 187px) 100vw, 187px\" \/><\/div><\/div><div class=\"wp-block-dss-simple-post__content\"><h2>Syvende utvalgsm\u00f8te, Alta og Kautokeino, 3.-5. september 2024<\/h2><p class=\"wp-block-dss-simple-post__excerpt\">Musikkutvalget hadde utvalgsm\u00f8te i Alta og Kautokeino for \u00e5 tematisere blant annet samisk og kvensk musikkliv, joik, musikkeksport og b\u00e6rekraft. Utvalget m\u00f8tte en rekke akt\u00f8rer fra kvensk teater- og musikkliv, joikere, musikere, forskere og bransjeakt\u00f8rer fra samisk musikkliv og fagpersoner med perspektiver p\u00e5 musikk og b\u00e6rekraft.<\/p><\/div><\/a><\/li>\n\n<li class=\"wp-block-dss-simple-post\"><a href=\"https:\/\/teststeder.regjeringen.no\/musikkutvalget\/2024\/06\/05\/sjette-utvalgsmote-bergen-21-22-mai\/\" class=\"wp-block-dss-simple-post__link\"><div class=\"wp-block-dss-simple-post__image-wrapper\"><div class=\"wp-block-dss-simple-post__image\"><img loading=\"lazy\" decoding=\"async\" width=\"225\" height=\"300\" src=\"https:\/\/files.teststeder.regjeringen.no\/wpuploads01\/sites\/554\/2024\/06\/IMG_0276-225x300.jpeg\" class=\"attachment-medium size-medium wp-post-image\" alt=\"\" srcset=\"https:\/\/files.teststeder.regjeringen.no\/wpuploads01\/sites\/554\/2024\/06\/IMG_0276-225x300.jpeg 225w, https:\/\/files.teststeder.regjeringen.no\/wpuploads01\/sites\/554\/2024\/06\/IMG_0276-768x1024.jpeg 768w, https:\/\/files.teststeder.regjeringen.no\/wpuploads01\/sites\/554\/2024\/06\/IMG_0276-1152x1536.jpeg 1152w, https:\/\/files.teststeder.regjeringen.no\/wpuploads01\/sites\/554\/2024\/06\/IMG_0276.jpeg 1536w\" sizes=\"auto, (max-width: 225px) 100vw, 225px\" \/><\/div><\/div><div class=\"wp-block-dss-simple-post__content\"><h2>Sjette utvalgsm\u00f8te, Bergen 21.\u201322. mai<\/h2><p class=\"wp-block-dss-simple-post__excerpt\">Musikkutvalget hadde den 21.\u201322. mai utvalgsm\u00f8te i Bergen, hvor tema var finansiering og forutsetninger for ut\u00f8vende virksomhet, skapende praksis og arbeidsliv. Akt\u00f8rer fra b\u00e5de det frie feltet og institusjoner innen klassisk musikk, samtidsmusikk og tidligmusikk, samt musikkarbeidslivets parter ga utvalget verdifull innsikt i deres utfordringer, og Kulturdirektoratet ga en innf\u00f8ring i statlige st\u00f8tteordninger.<\/p><\/div><\/a><\/li>\n\n<li class=\"wp-block-dss-simple-post\"><a href=\"https:\/\/teststeder.regjeringen.no\/musikkutvalget\/2024\/04\/02\/femte-utvalgsmote-gudbrandsdalen-12-13-mars\/\" class=\"wp-block-dss-simple-post__link\"><div class=\"wp-block-dss-simple-post__image-wrapper\"><div class=\"wp-block-dss-simple-post__image\"><img loading=\"lazy\" decoding=\"async\" width=\"225\" height=\"300\" src=\"https:\/\/files.teststeder.regjeringen.no\/wpuploads01\/sites\/554\/2024\/04\/IMG_8807-225x300.jpeg\" class=\"attachment-medium size-medium wp-post-image\" alt=\"\" srcset=\"https:\/\/files.teststeder.regjeringen.no\/wpuploads01\/sites\/554\/2024\/04\/IMG_8807-225x300.jpeg 225w, https:\/\/files.teststeder.regjeringen.no\/wpuploads01\/sites\/554\/2024\/04\/IMG_8807-768x1024.jpeg 768w, https:\/\/files.teststeder.regjeringen.no\/wpuploads01\/sites\/554\/2024\/04\/IMG_8807-1152x1536.jpeg 1152w, https:\/\/files.teststeder.regjeringen.no\/wpuploads01\/sites\/554\/2024\/04\/IMG_8807.jpeg 1536w\" sizes=\"auto, (max-width: 225px) 100vw, 225px\" \/><\/div><\/div><div class=\"wp-block-dss-simple-post__content\"><h2>Femte utvalgsm\u00f8te, Gudbrandsdalen 12.\u201313. mars<\/h2><p class=\"wp-block-dss-simple-post__excerpt\">Musikkutvalget reiste til Gudbrandsdalen og V\u00e5g\u00e5 for \u00e5 l\u00e6re om folkemusikk, lokalt frivillig kulturliv og kreativ n\u00e6ring. Vi m\u00f8tte ildsjeler som skaper verdier b\u00e5de for musikk- og kulturlivet, og for lokalt n\u00e6ringsliv og stedsidentitet.<\/p><\/div><\/a><\/li>\n\n<li class=\"wp-block-dss-simple-post\"><a href=\"https:\/\/teststeder.regjeringen.no\/musikkutvalget\/2024\/02\/14\/fjerde-utvalgsmote-oslo-9-10-januar-2024\/\" class=\"wp-block-dss-simple-post__link\"><div class=\"wp-block-dss-simple-post__image-wrapper\"><div class=\"wp-block-dss-simple-post__image\"><img loading=\"lazy\" decoding=\"async\" width=\"300\" height=\"163\" src=\"https:\/\/files.teststeder.regjeringen.no\/wpuploads01\/sites\/554\/2024\/02\/IMG_4048-300x163.jpeg\" class=\"attachment-medium size-medium wp-post-image\" alt=\"\" srcset=\"https:\/\/files.teststeder.regjeringen.no\/wpuploads01\/sites\/554\/2024\/02\/IMG_4048-300x163.jpeg 300w, https:\/\/files.teststeder.regjeringen.no\/wpuploads01\/sites\/554\/2024\/02\/IMG_4048-1024x558.jpeg 1024w, https:\/\/files.teststeder.regjeringen.no\/wpuploads01\/sites\/554\/2024\/02\/IMG_4048-768x418.jpeg 768w, https:\/\/files.teststeder.regjeringen.no\/wpuploads01\/sites\/554\/2024\/02\/IMG_4048-1536x837.jpeg 1536w, https:\/\/files.teststeder.regjeringen.no\/wpuploads01\/sites\/554\/2024\/02\/IMG_4048.jpeg 1538w\" sizes=\"auto, (max-width: 300px) 100vw, 300px\" \/><\/div><\/div><div class=\"wp-block-dss-simple-post__content\"><h2>Fjerde utvalgsm\u00f8te, Oslo, 9.\u201310. januar 2024<\/h2><\/div><\/a><\/li>\n\n<li class=\"wp-block-dss-simple-post\"><a href=\"https:\/\/teststeder.regjeringen.no\/musikkutvalget\/2023\/12\/04\/tredje-utvalgsmote-oslo-13-14-november\/\" class=\"wp-block-dss-simple-post__link\"><div class=\"wp-block-dss-simple-post__image-wrapper\"><div class=\"wp-block-dss-simple-post__image\"><img loading=\"lazy\" decoding=\"async\" width=\"300\" height=\"225\" src=\"https:\/\/files.teststeder.regjeringen.no\/wpuploads01\/sites\/554\/2023\/12\/Hele-utvalget-300x225.jpg\" class=\"attachment-medium size-medium wp-post-image\" alt=\"\" srcset=\"https:\/\/files.teststeder.regjeringen.no\/wpuploads01\/sites\/554\/2023\/12\/Hele-utvalget-300x225.jpg 300w, https:\/\/files.teststeder.regjeringen.no\/wpuploads01\/sites\/554\/2023\/12\/Hele-utvalget-1024x768.jpg 1024w, https:\/\/files.teststeder.regjeringen.no\/wpuploads01\/sites\/554\/2023\/12\/Hele-utvalget-768x576.jpg 768w, https:\/\/files.teststeder.regjeringen.no\/wpuploads01\/sites\/554\/2023\/12\/Hele-utvalget-1536x1152.jpg 1536w, https:\/\/files.teststeder.regjeringen.no\/wpuploads01\/sites\/554\/2023\/12\/Hele-utvalget-2048x1536.jpg 2048w\" sizes=\"auto, (max-width: 300px) 100vw, 300px\" \/><\/div><\/div><div class=\"wp-block-dss-simple-post__content\"><h2>Tredje utvalgsm\u00f8te, Oslo, 13.\u201314. november<\/h2><\/div><\/a><\/li>\n\n<li class=\"wp-block-dss-simple-post\"><a href=\"https:\/\/teststeder.regjeringen.no\/musikkutvalget\/2023\/11\/22\/digitalt-utvalgsmote-18-oktober-2023\/\" class=\"wp-block-dss-simple-post__link\"><div class=\"wp-block-dss-simple-post__image-wrapper\"><div class=\"wp-block-dss-simple-post__image\"><img loading=\"lazy\" decoding=\"async\" width=\"300\" height=\"188\" src=\"https:\/\/files.teststeder.regjeringen.no\/wpuploads01\/sites\/554\/2023\/10\/Skjermbilde4-300x188.png\" class=\"attachment-medium size-medium wp-post-image\" alt=\"\" srcset=\"https:\/\/files.teststeder.regjeringen.no\/wpuploads01\/sites\/554\/2023\/10\/Skjermbilde4-300x188.png 300w, https:\/\/files.teststeder.regjeringen.no\/wpuploads01\/sites\/554\/2023\/10\/Skjermbilde4-1024x642.png 1024w, https:\/\/files.teststeder.regjeringen.no\/wpuploads01\/sites\/554\/2023\/10\/Skjermbilde4-768x482.png 768w, https:\/\/files.teststeder.regjeringen.no\/wpuploads01\/sites\/554\/2023\/10\/Skjermbilde4.png 1484w\" sizes=\"auto, (max-width: 300px) 100vw, 300px\" \/><\/div><span class=\"t2-image-credit\">\n\t\t\t\t<button type=\"button\" class=\"t2-image-credit-toggle\" aria-expanded=\"false\" aria-controls=\"image-credit\" aria-label=\"Toggle image credit\"><svg xmlns=\"http:\/\/www.w3.org\/2000\/svg\" viewBox=\"0 0 24 24\" height=\"24\" width=\"24\" class=\"t2-icon t2-icon-info\" aria-hidden=\"true\" focusable=\"false\"><path d=\"M12 17c.3 0 .5-.1.7-.3s.3-.4.3-.7v-4c0-.3-.1-.5-.3-.7-.2-.2-.4-.3-.7-.3s-.5.1-.7.3c-.2.2-.3.4-.3.7v4c0 .3.1.5.3.7s.4.3.7.3zm0-8c.3 0 .5-.1.7-.3.2-.2.3-.4.3-.7 0-.3-.1-.5-.3-.7-.2-.2-.4-.3-.7-.3s-.5.1-.7.3c-.2.2-.3.4-.3.7 0 .3.1.5.3.7.2.2.4.3.7.3zm0 13c-1.4 0-2.7-.3-3.9-.8-1.2-.5-2.3-1.2-3.2-2.1s-1.6-2-2.1-3.2S2 13.4 2 12s.3-2.7.8-3.9S4 5.8 4.9 4.9s2-1.6 3.2-2.1S10.6 2 12 2s2.7.3 3.9.8 2.3 1.2 3.2 2.1 1.6 2 2.1 3.2c.5 1.2.8 2.5.8 3.9s-.3 2.7-.8 3.9c-.5 1.2-1.2 2.3-2.1 3.2s-2 1.6-3.2 2.1c-1.2.5-2.5.8-3.9.8z\" fill=\"currentColor\" \/><\/svg><\/button>\n\t\t\t\t<span class=\"t2-image-credit-text wp-element-caption\" id=\"image-credit\" hidden>Foto: Skjermdump fra Teams og NRK<\/span>\n\t\t\t<\/span><\/div><div class=\"wp-block-dss-simple-post__content\"><h2>Andre utvalgsm\u00f8te: Teams, 18. oktober 2023<\/h2><\/div><\/a><\/li>\n\n<li class=\"wp-block-dss-simple-post\"><a href=\"https:\/\/teststeder.regjeringen.no\/musikkutvalget\/2023\/11\/22\/forste-utvalgsmote-oslo-7-september-2023\/\" class=\"wp-block-dss-simple-post__link\"><div class=\"wp-block-dss-simple-post__image-wrapper\"><div class=\"wp-block-dss-simple-post__image\"><img loading=\"lazy\" decoding=\"async\" width=\"300\" height=\"116\" src=\"https:\/\/files.teststeder.regjeringen.no\/wpuploads01\/sites\/554\/2023\/10\/Utvalget-300x116.jpg\" class=\"attachment-medium size-medium wp-post-image\" alt=\"\" srcset=\"https:\/\/files.teststeder.regjeringen.no\/wpuploads01\/sites\/554\/2023\/10\/Utvalget-300x116.jpg 300w, https:\/\/files.teststeder.regjeringen.no\/wpuploads01\/sites\/554\/2023\/10\/Utvalget-1024x396.jpg 1024w, https:\/\/files.teststeder.regjeringen.no\/wpuploads01\/sites\/554\/2023\/10\/Utvalget-768x297.jpg 768w, https:\/\/files.teststeder.regjeringen.no\/wpuploads01\/sites\/554\/2023\/10\/Utvalget-1536x595.jpg 1536w, https:\/\/files.teststeder.regjeringen.no\/wpuploads01\/sites\/554\/2023\/10\/Utvalget-2048x793.jpg 2048w\" sizes=\"auto, (max-width: 300px) 100vw, 300px\" \/><\/div><\/div><div class=\"wp-block-dss-simple-post__content\"><h2>F\u00f8rste utvalgsm\u00f8te: Oslo, 7. september 2023<\/h2><\/div><\/a><\/li>\n<\/ul>","protected":false},"excerpt":{"rendered":"","protected":false},"author":2877,"featured_media":86,"parent":44,"menu_order":0,"comment_status":"closed","ping_status":"closed","template":"","meta":{"dss_simple_post_excerpt":"","dss_show_featured_image":false,"footnotes":""},"class_list":["post-168","page","type-page","status-publish","has-post-thumbnail","hentry"],"language":"nb-NO","_links":{"self":[{"href":"https:\/\/teststeder.regjeringen.no\/musikkutvalget\/wp-json\/wp\/v2\/pages\/168","targetHints":{"allow":["GET"]}}],"collection":[{"href":"https:\/\/teststeder.regjeringen.no\/musikkutvalget\/wp-json\/wp\/v2\/pages"}],"about":[{"href":"https:\/\/teststeder.regjeringen.no\/musikkutvalget\/wp-json\/wp\/v2\/types\/page"}],"author":[{"embeddable":true,"href":"https:\/\/teststeder.regjeringen.no\/musikkutvalget\/wp-json\/wp\/v2\/users\/2877"}],"replies":[{"embeddable":true,"href":"https:\/\/teststeder.regjeringen.no\/musikkutvalget\/wp-json\/wp\/v2\/comments?post=168"}],"version-history":[{"count":3,"href":"https:\/\/teststeder.regjeringen.no\/musikkutvalget\/wp-json\/wp\/v2\/pages\/168\/revisions"}],"predecessor-version":[{"id":1385,"href":"https:\/\/teststeder.regjeringen.no\/musikkutvalget\/wp-json\/wp\/v2\/pages\/168\/revisions\/1385"}],"up":[{"embeddable":true,"href":"https:\/\/teststeder.regjeringen.no\/musikkutvalget\/wp-json\/wp\/v2\/pages\/44"}],"wp:featuredmedia":[{"embeddable":true,"href":"https:\/\/teststeder.regjeringen.no\/musikkutvalget\/wp-json\/wp\/v2\/media\/86"}],"wp:attachment":[{"href":"https:\/\/teststeder.regjeringen.no\/musikkutvalget\/wp-json\/wp\/v2\/media?parent=168"}],"curies":[{"name":"wp","href":"https:\/\/api.w.org\/{rel}","templated":true}]}}