{"id":44,"date":"2023-10-10T10:13:59","date_gmt":"2023-10-10T08:13:59","guid":{"rendered":"https:\/\/nettsteder.regjeringen.no\/musikkutvalget\/?page_id=44"},"modified":"2024-02-15T22:40:08","modified_gmt":"2024-02-15T21:40:08","slug":"utvalgets-arbeid","status":"publish","type":"page","link":"https:\/\/teststeder.regjeringen.no\/musikkutvalget\/utvalgets-arbeid\/","title":{"rendered":"Utvalgets arbeid"},"content":{"rendered":"\n<h2 class=\"wp-block-heading\"><\/h2>\n\n\n\n<p>Fra h\u00f8sten 2023 til v\u00e5ren 2025 skal musikkutvalget jobbe med den helhetlige utredningen av musikkfeltet. Utvalgsarbeidet best\u00e5r av m\u00f8ter der utvalget samles for \u00e5 diskutere mandatet og hvordan det skal besvares. M\u00f8tene avholdes ulike steder i landet. <br><a href=\"https:\/\/teststeder.regjeringen.no\/musikkutvalget\/utvalgets-arbeid\/utvalgsmoter\/\">Korte rapporter fra utvalgets m\u00f8ter legges ut p\u00e5 nettsiden.<br><\/a><br>Utvalgsarbeidet best\u00e5r ogs\u00e5 av m\u00f8ter og kontakt med musikklivets akt\u00f8rer som \u00f8nsker \u00e5 gi sine innspill til utvalgsarbeidet. Innspillene skal sikre at utredningen er godt forankret i musikkfeltet og at relevante tematikker belyses fra ulike perspektiv. Innspill hentes inn via b\u00e5de \u00e5pne m\u00f8ter og inviterte m\u00f8ter. Ikke minst kan <a href=\"https:\/\/teststeder.regjeringen.no\/musikkutvalget\/gi-innspill\/\">skriftlige innspill til Musikkutvalget sendes inn via dette nettskjemaet.<\/a><\/p>\n\n\n\n<p>Som del av utredningsarbeidet skal Musikkutvalget skaffe oversikt over forskning og innsikt som kan bidra til \u00e5 kartlegge og gi gode beskrivelser av musikklivet. Der det er behov, kan utvalget fremskaffe ny eller oppdatert kunnskap som del av utredningsarbeidet.<\/p>\n\n\n\n<p>Eksempler p\u00e5 andre aktiviteter i Musikkutvalget utover utvalgsm\u00f8tene, <a href=\"https:\/\/teststeder.regjeringen.no\/musikkutvalget\/utvalgets-arbeid\/annet-arbeid\/\">rapporteres her.<\/a>  <\/p>\n","protected":false},"excerpt":{"rendered":"<p>Fra h\u00f8sten 2023 til v\u00e5ren 2025 skal musikkutvalget jobbe med den helhetlige utredningen av musikkfeltet. Utvalgsarbeidet best\u00e5r av m\u00f8ter der utvalget samles for \u00e5 diskutere mandatet og hvordan det skal besvares. M\u00f8tene avholdes ulike steder i landet. Korte rapporter fra utvalgets m\u00f8ter legges ut p\u00e5 nettsiden.Utvalgsarbeidet best\u00e5r ogs\u00e5 av m\u00f8ter og kontakt med musikklivets akt\u00f8rer\u2026<\/p>\n","protected":false},"author":2877,"featured_media":0,"parent":0,"menu_order":0,"comment_status":"closed","ping_status":"closed","template":"","meta":{"dss_simple_post_excerpt":"","dss_show_featured_image":false,"footnotes":""},"class_list":["post-44","page","type-page","status-publish","hentry"],"language":"nb-NO","_links":{"self":[{"href":"https:\/\/teststeder.regjeringen.no\/musikkutvalget\/wp-json\/wp\/v2\/pages\/44","targetHints":{"allow":["GET"]}}],"collection":[{"href":"https:\/\/teststeder.regjeringen.no\/musikkutvalget\/wp-json\/wp\/v2\/pages"}],"about":[{"href":"https:\/\/teststeder.regjeringen.no\/musikkutvalget\/wp-json\/wp\/v2\/types\/page"}],"author":[{"embeddable":true,"href":"https:\/\/teststeder.regjeringen.no\/musikkutvalget\/wp-json\/wp\/v2\/users\/2877"}],"replies":[{"embeddable":true,"href":"https:\/\/teststeder.regjeringen.no\/musikkutvalget\/wp-json\/wp\/v2\/comments?post=44"}],"version-history":[{"count":2,"href":"https:\/\/teststeder.regjeringen.no\/musikkutvalget\/wp-json\/wp\/v2\/pages\/44\/revisions"}],"predecessor-version":[{"id":699,"href":"https:\/\/teststeder.regjeringen.no\/musikkutvalget\/wp-json\/wp\/v2\/pages\/44\/revisions\/699"}],"wp:attachment":[{"href":"https:\/\/teststeder.regjeringen.no\/musikkutvalget\/wp-json\/wp\/v2\/media?parent=44"}],"curies":[{"name":"wp","href":"https:\/\/api.w.org\/{rel}","templated":true}]}}