{"id":6,"date":"2023-10-10T08:09:04","date_gmt":"2023-10-10T06:09:04","guid":{"rendered":"https:\/\/nettsteder.regjeringen.no\/musikkutvalget\/?page_id=6"},"modified":"2025-04-28T16:23:54","modified_gmt":"2025-04-28T14:23:54","slug":"om-utvalget","status":"publish","type":"page","link":"https:\/\/teststeder.regjeringen.no\/musikkutvalget\/","title":{"rendered":"Om utvalget"},"content":{"rendered":"\n<p>Musikkutvalget ble oppnevnt ved kongelig resolusjon, 9. juni 2023. Utvalget best\u00e5r av en utvalgsleder og 15 utvalgsmedlemmer. V\u00e5ren 2025 skal utvalget levere en sluttrapport i form av en norsk offentlig utredning (NOU) til Kultur- og likestillingsdepartementet.<\/p>\n\n\n\n<p>I sluttrapporten skal utvalget gi en helhetlig gjennomgang av musikkfeltet som ser b\u00e5de institusjoner, organisasjoner, frivillighet, skapere, ut\u00f8vere og virkemiddelapparatet i sammenheng.<\/p>\n\n\n\n<p>Regjeringens m\u00e5l med utredningen er \u00e5 bedre vilk\u00e5rene for musikkvirksomhet, effektiv bruk av ressurser og et fortsatt levende musikkliv i hele landet.<\/p>\n\n\n\n<p><a href=\"https:\/\/teststeder.regjeringen.no\/musikkutvalget\/information-in-english\/\" data-type=\"link\" data-id=\"https:\/\/teststeder.regjeringen.no\/musikkutvalget\/information-in-english\/\">Die\u0111ut s\u00e1megillii \/ Information in English<\/a>  <\/p>\n\n\n\n<h2 class=\"wp-block-heading\">Aktuelt<\/h2>\n\n\n<ul class=\"is-style-list-image wp-block-dss-simple-posts\">\n<li class=\"wp-block-dss-simple-post\"><a href=\"https:\/\/teststeder.regjeringen.no\/musikkutvalget\/2025\/04\/28\/forskningsrapporter-til-musikkutvalget\/\" class=\"wp-block-dss-simple-post__link\"><div class=\"wp-block-dss-simple-post__image-wrapper\"><div class=\"wp-block-dss-simple-post__image\"><img loading=\"lazy\" decoding=\"async\" width=\"283\" height=\"300\" src=\"https:\/\/files.teststeder.regjeringen.no\/wpuploads01\/sites\/554\/2025\/04\/Kako-283x300.png\" class=\"attachment-medium size-medium wp-post-image\" alt=\"\" srcset=\"https:\/\/files.teststeder.regjeringen.no\/wpuploads01\/sites\/554\/2025\/04\/Kako-283x300.png 283w, https:\/\/files.teststeder.regjeringen.no\/wpuploads01\/sites\/554\/2025\/04\/Kako.png 697w\" sizes=\"auto, (max-width: 283px) 100vw, 283px\" \/><\/div><\/div><div class=\"wp-block-dss-simple-post__content\"><h2>To forskningsrapporter til Musikkutvalget<\/h2><p class=\"wp-block-dss-simple-post__excerpt\">Musikkutvalget bestilte sommeren 2024 to forskningsoppdrag som del av kunnskapsinnhentingen til utredningen om musikkfeltet. V\u00e5ren 2025 er to rapporter ferdigstilt og publisert av forskergrupper fra Telemarksforsking og Menon, H\u00f8yskolen Kristiania og BI.<\/p><\/div><\/a><\/li>\n\n<li class=\"wp-block-dss-simple-post\"><a href=\"https:\/\/teststeder.regjeringen.no\/musikkutvalget\/2025\/02\/18\/musikkutvalgets-nou-rapport-lanseres-pa-kulturytring-drammen\/\" class=\"wp-block-dss-simple-post__link\"><div class=\"wp-block-dss-simple-post__image-wrapper\"><div class=\"wp-block-dss-simple-post__image\"><img loading=\"lazy\" decoding=\"async\" width=\"300\" height=\"300\" src=\"https:\/\/files.teststeder.regjeringen.no\/wpuploads01\/sites\/554\/2025\/02\/Sigrid-Royseng_f-Charlotte_Wiig-300x300.jpg\" class=\"attachment-medium size-medium wp-post-image\" alt=\"\" srcset=\"https:\/\/files.teststeder.regjeringen.no\/wpuploads01\/sites\/554\/2025\/02\/Sigrid-Royseng_f-Charlotte_Wiig-300x300.jpg 300w, https:\/\/files.teststeder.regjeringen.no\/wpuploads01\/sites\/554\/2025\/02\/Sigrid-Royseng_f-Charlotte_Wiig-150x150.jpg 150w, https:\/\/files.teststeder.regjeringen.no\/wpuploads01\/sites\/554\/2025\/02\/Sigrid-Royseng_f-Charlotte_Wiig.jpg 560w\" sizes=\"auto, (max-width: 300px) 100vw, 300px\" \/><\/div><\/div><div class=\"wp-block-dss-simple-post__content\"><h2>Musikkutvalgets NOU-rapport lanseres 23.6 p\u00e5 Kulturytring, Drammen<\/h2><p class=\"wp-block-dss-simple-post__excerpt\">Musikkutvalget overleverer sin NOU (norsk offentlig utredning) til Kultur- og likestillingsministeren, mandag 23. juni kl. 12.00.<\/p><\/div><\/a><\/li>\n\n<li class=\"wp-block-dss-simple-post\"><a href=\"https:\/\/teststeder.regjeringen.no\/musikkutvalget\/2025\/01\/09\/innspillsmote-om-flerkulturelt-mangfold\/\" class=\"wp-block-dss-simple-post__link\"><div class=\"wp-block-dss-simple-post__image-wrapper\"><div class=\"wp-block-dss-simple-post__image\"><img loading=\"lazy\" decoding=\"async\" width=\"300\" height=\"95\" src=\"https:\/\/files.teststeder.regjeringen.no\/wpuploads01\/sites\/554\/2024\/10\/Fk-mangfold-3-300x95.jpeg\" class=\"attachment-medium size-medium wp-post-image\" alt=\"\" srcset=\"https:\/\/files.teststeder.regjeringen.no\/wpuploads01\/sites\/554\/2024\/10\/Fk-mangfold-3-300x95.jpeg 300w, https:\/\/files.teststeder.regjeringen.no\/wpuploads01\/sites\/554\/2024\/10\/Fk-mangfold-3-1024x323.jpeg 1024w, https:\/\/files.teststeder.regjeringen.no\/wpuploads01\/sites\/554\/2024\/10\/Fk-mangfold-3-768x242.jpeg 768w, https:\/\/files.teststeder.regjeringen.no\/wpuploads01\/sites\/554\/2024\/10\/Fk-mangfold-3-1536x485.jpeg 1536w, https:\/\/files.teststeder.regjeringen.no\/wpuploads01\/sites\/554\/2024\/10\/Fk-mangfold-3.jpeg 2048w\" sizes=\"auto, (max-width: 300px) 100vw, 300px\" \/><\/div><\/div><div class=\"wp-block-dss-simple-post__content\"><h2>Innspillsm\u00f8te om flerkulturelt mangfold<\/h2><p class=\"wp-block-dss-simple-post__excerpt\">I to lukkede innspillsm\u00f8ter h\u00f8sten 2024 var en gruppe profesjonelle musikkbransjeakt\u00f8rer med flerkulturell bakgrunn invitert for \u00e5 dele perspektiver og erfaringer som Musikkutvalget m\u00e5 kjenne til i arbeidet.<\/p><\/div><\/a><\/li>\n\n<li class=\"wp-block-dss-simple-post\"><a href=\"https:\/\/teststeder.regjeringen.no\/musikkutvalget\/2024\/12\/18\/mote-med-operanorge-8-11-2024\/\" class=\"wp-block-dss-simple-post__link\"><div class=\"wp-block-dss-simple-post__image-wrapper\"><div class=\"wp-block-dss-simple-post__image\"><img loading=\"lazy\" decoding=\"async\" width=\"300\" height=\"225\" src=\"https:\/\/files.teststeder.regjeringen.no\/wpuploads01\/sites\/554\/2024\/11\/Opera-panel-300x225.jpg\" class=\"attachment-medium size-medium wp-post-image\" alt=\"\" srcset=\"https:\/\/files.teststeder.regjeringen.no\/wpuploads01\/sites\/554\/2024\/11\/Opera-panel-300x225.jpg 300w, https:\/\/files.teststeder.regjeringen.no\/wpuploads01\/sites\/554\/2024\/11\/Opera-panel-1024x768.jpg 1024w, https:\/\/files.teststeder.regjeringen.no\/wpuploads01\/sites\/554\/2024\/11\/Opera-panel-768x576.jpg 768w, https:\/\/files.teststeder.regjeringen.no\/wpuploads01\/sites\/554\/2024\/11\/Opera-panel-1536x1152.jpg 1536w, https:\/\/files.teststeder.regjeringen.no\/wpuploads01\/sites\/554\/2024\/11\/Opera-panel-2048x1536.jpg 2048w\" sizes=\"auto, (max-width: 300px) 100vw, 300px\" \/><\/div><\/div><div class=\"wp-block-dss-simple-post__content\"><h2>M\u00f8te med OperaNorge 8.11.2024<\/h2><p class=\"wp-block-dss-simple-post__excerpt\">NOU Musikkutvalget v\/sekretariatet deltok p\u00e5 OperaNorges medlemsm\u00f8te p\u00e5 Grand Hotel Terminus i Bergen 8.11.2024. Musikkutvalget var invitert for \u00e5 orientere om utredningsarbeidet, hva vi \u00f8nsker innspill p\u00e5 fra feltet, og lytte til en panelsamtale om operafeltet i Norge.<\/p><\/div><\/a><\/li>\n\n<li class=\"wp-block-dss-simple-post\"><a href=\"https:\/\/teststeder.regjeringen.no\/musikkutvalget\/2024\/12\/18\/musikkutvalget-pa-vill-vill-vest\/\" class=\"wp-block-dss-simple-post__link\"><div class=\"wp-block-dss-simple-post__image-wrapper\"><div class=\"wp-block-dss-simple-post__image\"><img loading=\"lazy\" decoding=\"async\" width=\"300\" height=\"225\" src=\"https:\/\/files.teststeder.regjeringen.no\/wpuploads01\/sites\/554\/2024\/11\/462543436_9036164856471041_267878314634929983_n-300x225.jpg\" class=\"attachment-medium size-medium wp-post-image\" alt=\"\" srcset=\"https:\/\/files.teststeder.regjeringen.no\/wpuploads01\/sites\/554\/2024\/11\/462543436_9036164856471041_267878314634929983_n-300x225.jpg 300w, https:\/\/files.teststeder.regjeringen.no\/wpuploads01\/sites\/554\/2024\/11\/462543436_9036164856471041_267878314634929983_n-1024x767.jpg 1024w, https:\/\/files.teststeder.regjeringen.no\/wpuploads01\/sites\/554\/2024\/11\/462543436_9036164856471041_267878314634929983_n-768x575.jpg 768w, https:\/\/files.teststeder.regjeringen.no\/wpuploads01\/sites\/554\/2024\/11\/462543436_9036164856471041_267878314634929983_n.jpg 1170w\" sizes=\"auto, (max-width: 300px) 100vw, 300px\" \/><\/div><\/div><div class=\"wp-block-dss-simple-post__content\"><h2>Musikkutvalget p\u00e5 Vill Vill Vest<\/h2><p class=\"wp-block-dss-simple-post__excerpt\">Vill Vill Vest er Bergens \u00e5rlige musikkfestival som samler publikum, musikere og den norske musikkbransjen. Konferanseprogrammet belyser og utfordrer dagens musikk- og kulturn\u00e6ring. I 2024 ble konferansen arrangert p\u00e5 Kulturhuset i Bergen, torsdag 7. og fredag 8. november.<\/p><\/div><\/a><\/li>\n\n<li class=\"wp-block-dss-simple-post\"><a href=\"https:\/\/teststeder.regjeringen.no\/musikkutvalget\/2024\/12\/18\/mote-med-nrk\/\" class=\"wp-block-dss-simple-post__link\"><div class=\"wp-block-dss-simple-post__image-wrapper\"><div class=\"wp-block-dss-simple-post__image\"><img loading=\"lazy\" decoding=\"async\" width=\"225\" height=\"300\" src=\"https:\/\/files.teststeder.regjeringen.no\/wpuploads01\/sites\/554\/2024\/10\/IMG_2172-225x300.jpeg\" class=\"attachment-medium size-medium wp-post-image\" alt=\"\" srcset=\"https:\/\/files.teststeder.regjeringen.no\/wpuploads01\/sites\/554\/2024\/10\/IMG_2172-225x300.jpeg 225w, https:\/\/files.teststeder.regjeringen.no\/wpuploads01\/sites\/554\/2024\/10\/IMG_2172-768x1024.jpeg 768w, https:\/\/files.teststeder.regjeringen.no\/wpuploads01\/sites\/554\/2024\/10\/IMG_2172-1152x1536.jpeg 1152w, https:\/\/files.teststeder.regjeringen.no\/wpuploads01\/sites\/554\/2024\/10\/IMG_2172.jpeg 1536w\" sizes=\"auto, (max-width: 225px) 100vw, 225px\" \/><\/div><\/div><div class=\"wp-block-dss-simple-post__content\"><h2>M\u00f8te med NRK<\/h2><p class=\"wp-block-dss-simple-post__excerpt\">Den 20. september var Musikkutvalget i m\u00f8te med NRK p\u00e5 Marienlyst. Sentralt sto sp\u00f8rsm\u00e5l om hvordan NRK arbeider med musikk i sitt samfunnsoppdrag, og bidrar til utvikling av musikkfeltet gjennom sitt arbeid.<\/p><\/div><\/a><\/li>\n\n<li class=\"wp-block-dss-simple-post\"><a href=\"https:\/\/teststeder.regjeringen.no\/musikkutvalget\/2024\/11\/21\/mote-med-fylkesdirektorkollegiet-for-kultur-18-10-2024\/\" class=\"wp-block-dss-simple-post__link\"><div class=\"wp-block-dss-simple-post__image-wrapper\"><div class=\"wp-block-dss-simple-post__image\"><img loading=\"lazy\" decoding=\"async\" width=\"300\" height=\"300\" src=\"https:\/\/files.teststeder.regjeringen.no\/wpuploads01\/sites\/554\/2024\/11\/FK-forside-300x300.png\" class=\"attachment-medium size-medium wp-post-image\" alt=\"\" srcset=\"https:\/\/files.teststeder.regjeringen.no\/wpuploads01\/sites\/554\/2024\/11\/FK-forside-300x300.png 300w, https:\/\/files.teststeder.regjeringen.no\/wpuploads01\/sites\/554\/2024\/11\/FK-forside-150x150.png 150w, https:\/\/files.teststeder.regjeringen.no\/wpuploads01\/sites\/554\/2024\/11\/FK-forside.png 532w\" sizes=\"auto, (max-width: 300px) 100vw, 300px\" \/><\/div><\/div><div class=\"wp-block-dss-simple-post__content\"><h2>M\u00f8te med fylkesdirekt\u00f8rkollegiet for kultur 18.10.2024<\/h2><\/div><\/a><\/li>\n\n<li class=\"wp-block-dss-simple-post\"><a href=\"https:\/\/teststeder.regjeringen.no\/musikkutvalget\/2024\/11\/21\/bylarm-panelsamtale-og-innspillsmote\/\" class=\"wp-block-dss-simple-post__link\"><div class=\"wp-block-dss-simple-post__image-wrapper\"><div class=\"wp-block-dss-simple-post__image\"><img loading=\"lazy\" decoding=\"async\" width=\"300\" height=\"225\" src=\"https:\/\/files.teststeder.regjeringen.no\/wpuploads01\/sites\/554\/2024\/10\/IMG_2125-300x225.jpeg\" class=\"attachment-medium size-medium wp-post-image\" alt=\"\" srcset=\"https:\/\/files.teststeder.regjeringen.no\/wpuploads01\/sites\/554\/2024\/10\/IMG_2125-300x225.jpeg 300w, https:\/\/files.teststeder.regjeringen.no\/wpuploads01\/sites\/554\/2024\/10\/IMG_2125-1024x768.jpeg 1024w, https:\/\/files.teststeder.regjeringen.no\/wpuploads01\/sites\/554\/2024\/10\/IMG_2125-768x576.jpeg 768w, https:\/\/files.teststeder.regjeringen.no\/wpuploads01\/sites\/554\/2024\/10\/IMG_2125-1536x1152.jpeg 1536w, https:\/\/files.teststeder.regjeringen.no\/wpuploads01\/sites\/554\/2024\/10\/IMG_2125.jpeg 2048w\" sizes=\"auto, (max-width: 300px) 100vw, 300px\" \/><\/div><\/div><div class=\"wp-block-dss-simple-post__content\"><h2>By:Larm panelsamtale og innspillsm\u00f8te<\/h2><p class=\"wp-block-dss-simple-post__excerpt\">Under overskriften &laquo;Mer flerkulturelt mangfold? Vi har jo Karpe!&raquo; arrangerte Musikkutvalget i samarbeid med Balansekunst og Music Norway en panelsamtale om flerkulturelt mangfold i musikkbransjen, under \u00e5rets By:Larm i Oslo, 13.9.2024. Etter panelsamtalen var det et \u00e5pent innspillsm\u00f8te der musikkbransjen ble invitert til \u00e5 gi sine innspill til NOU-arbeidet.<\/p><\/div><\/a><\/li>\n\n<li class=\"wp-block-dss-simple-post\"><a href=\"https:\/\/teststeder.regjeringen.no\/musikkutvalget\/2024\/11\/11\/syvende-utvalgsmote-alta-og-kautokeino-03-05-september\/\" class=\"wp-block-dss-simple-post__link\"><div class=\"wp-block-dss-simple-post__image-wrapper\"><div class=\"wp-block-dss-simple-post__image\"><img loading=\"lazy\" decoding=\"async\" width=\"187\" height=\"300\" src=\"https:\/\/files.teststeder.regjeringen.no\/wpuploads01\/sites\/554\/2024\/11\/Forside-sami-187x300.jpeg\" class=\"attachment-medium size-medium wp-post-image\" alt=\"\" srcset=\"https:\/\/files.teststeder.regjeringen.no\/wpuploads01\/sites\/554\/2024\/11\/Forside-sami-187x300.jpeg 187w, https:\/\/files.teststeder.regjeringen.no\/wpuploads01\/sites\/554\/2024\/11\/Forside-sami-637x1024.jpeg 637w, https:\/\/files.teststeder.regjeringen.no\/wpuploads01\/sites\/554\/2024\/11\/Forside-sami-768x1235.jpeg 768w, https:\/\/files.teststeder.regjeringen.no\/wpuploads01\/sites\/554\/2024\/11\/Forside-sami.jpeg 955w\" sizes=\"auto, (max-width: 187px) 100vw, 187px\" \/><\/div><\/div><div class=\"wp-block-dss-simple-post__content\"><h2>Syvende utvalgsm\u00f8te, Alta og Kautokeino, 3.-5. september 2024<\/h2><p class=\"wp-block-dss-simple-post__excerpt\">Musikkutvalget hadde utvalgsm\u00f8te i Alta og Kautokeino for \u00e5 tematisere blant annet samisk og kvensk musikkliv, joik, musikkeksport og b\u00e6rekraft. Utvalget m\u00f8tte en rekke akt\u00f8rer fra kvensk teater- og musikkliv, joikere, musikere, forskere og bransjeakt\u00f8rer fra samisk musikkliv og fagpersoner med perspektiver p\u00e5 musikk og b\u00e6rekraft.<\/p><\/div><\/a><\/li>\n\n<li class=\"wp-block-dss-simple-post\"><a href=\"https:\/\/teststeder.regjeringen.no\/musikkutvalget\/2024\/11\/11\/fou-oppdrag-tildelt-telemarksforsking-og-menon-og-hoyskolen-kristiania-og-bi\/\" class=\"wp-block-dss-simple-post__link\"><div class=\"wp-block-dss-simple-post__image-wrapper\"><div class=\"wp-block-dss-simple-post__image\"><img loading=\"lazy\" decoding=\"async\" width=\"300\" height=\"225\" src=\"https:\/\/files.teststeder.regjeringen.no\/wpuploads01\/sites\/554\/2024\/10\/IMG_2147-300x225.jpeg\" class=\"attachment-medium size-medium wp-post-image\" alt=\"\" srcset=\"https:\/\/files.teststeder.regjeringen.no\/wpuploads01\/sites\/554\/2024\/10\/IMG_2147-300x225.jpeg 300w, https:\/\/files.teststeder.regjeringen.no\/wpuploads01\/sites\/554\/2024\/10\/IMG_2147-1024x768.jpeg 1024w, https:\/\/files.teststeder.regjeringen.no\/wpuploads01\/sites\/554\/2024\/10\/IMG_2147-768x576.jpeg 768w, https:\/\/files.teststeder.regjeringen.no\/wpuploads01\/sites\/554\/2024\/10\/IMG_2147-1536x1152.jpeg 1536w, https:\/\/files.teststeder.regjeringen.no\/wpuploads01\/sites\/554\/2024\/10\/IMG_2147.jpeg 2048w\" sizes=\"auto, (max-width: 300px) 100vw, 300px\" \/><\/div><\/div><div class=\"wp-block-dss-simple-post__content\"><h2>FoU-oppdrag tildelt to forskerteam<\/h2><p class=\"wp-block-dss-simple-post__excerpt\">Som en del av kunnskapsinnhentingen til utredningen, kunngjorde Musikkutvalget sommeren 2024 konkurransegrunnlag for anskaffelse av to forskningsoppdrag. Oppdragene ble i starten av september tildelt til to forskerteam, det ene fra Telemarksforsking og det andre fra Menon, H\u00f8yskolen Kristiania og BI.<\/p><\/div><\/a><\/li>\n\n<li class=\"wp-block-dss-simple-post\"><a href=\"https:\/\/teststeder.regjeringen.no\/musikkutvalget\/2024\/11\/11\/mote-med-nopa-og-npu\/\" class=\"wp-block-dss-simple-post__link\"><div class=\"wp-block-dss-simple-post__image-wrapper\"><div class=\"wp-block-dss-simple-post__image\"><img loading=\"lazy\" decoding=\"async\" width=\"200\" height=\"300\" src=\"https:\/\/files.teststeder.regjeringen.no\/wpuploads01\/sites\/554\/2024\/10\/IMG_7431-200x300.jpg\" class=\"attachment-medium size-medium wp-post-image\" alt=\"\" srcset=\"https:\/\/files.teststeder.regjeringen.no\/wpuploads01\/sites\/554\/2024\/10\/IMG_7431-200x300.jpg 200w, https:\/\/files.teststeder.regjeringen.no\/wpuploads01\/sites\/554\/2024\/10\/IMG_7431-683x1024.jpg 683w, https:\/\/files.teststeder.regjeringen.no\/wpuploads01\/sites\/554\/2024\/10\/IMG_7431-768x1152.jpg 768w, https:\/\/files.teststeder.regjeringen.no\/wpuploads01\/sites\/554\/2024\/10\/IMG_7431-1024x1536.jpg 1024w, https:\/\/files.teststeder.regjeringen.no\/wpuploads01\/sites\/554\/2024\/10\/IMG_7431-1365x2048.jpg 1365w, https:\/\/files.teststeder.regjeringen.no\/wpuploads01\/sites\/554\/2024\/10\/IMG_7431-scaled.jpg 1707w\" sizes=\"auto, (max-width: 200px) 100vw, 200px\" \/><\/div><\/div><div class=\"wp-block-dss-simple-post__content\"><h2>M\u00f8te med NOPA og NPU<\/h2><p class=\"wp-block-dss-simple-post__excerpt\">Den 29. august deltok Musikkutvalgets leder og sekretariat p\u00e5 det \u00e5rlige m\u00f8tet i Nordisk popul\u00e6rautorunion (NPU), som ble organisert av NOPA i Oslo. Utvalget fikk her innblikk i utfordringer og muligheter for musikkn\u00e6ringen i Norge og de nordiske landene.<\/p><\/div><\/a><\/li>\n\n<li class=\"wp-block-dss-simple-post\"><a href=\"https:\/\/teststeder.regjeringen.no\/musikkutvalget\/2024\/10\/23\/mote-med-musikkontorene\/\" class=\"wp-block-dss-simple-post__link\"><div class=\"wp-block-dss-simple-post__image-wrapper\"><div class=\"wp-block-dss-simple-post__image\"><img loading=\"lazy\" decoding=\"async\" width=\"300\" height=\"225\" src=\"https:\/\/files.teststeder.regjeringen.no\/wpuploads01\/sites\/554\/2024\/09\/IMG_1900-300x225.jpeg\" class=\"attachment-medium size-medium wp-post-image\" alt=\"\" srcset=\"https:\/\/files.teststeder.regjeringen.no\/wpuploads01\/sites\/554\/2024\/09\/IMG_1900-300x225.jpeg 300w, https:\/\/files.teststeder.regjeringen.no\/wpuploads01\/sites\/554\/2024\/09\/IMG_1900-1024x768.jpeg 1024w, https:\/\/files.teststeder.regjeringen.no\/wpuploads01\/sites\/554\/2024\/09\/IMG_1900-768x576.jpeg 768w, https:\/\/files.teststeder.regjeringen.no\/wpuploads01\/sites\/554\/2024\/09\/IMG_1900-1536x1152.jpeg 1536w, https:\/\/files.teststeder.regjeringen.no\/wpuploads01\/sites\/554\/2024\/09\/IMG_1900.jpeg 2048w\" sizes=\"auto, (max-width: 300px) 100vw, 300px\" \/><\/div><\/div><div class=\"wp-block-dss-simple-post__content\"><h2>M\u00f8te med Musikkontorene<\/h2><p class=\"wp-block-dss-simple-post__excerpt\">27. august var Musikkutvalgets leder og sekretariat i m\u00f8te med representanter fra alle Musikkontorene i Norge. I m\u00f8tet presenterte Musikkontorene arbeidet sitt i de ulike regionene og l\u00f8ftet fram behov, muligheter og utfordringer de ser i musikklivet- og musikkbransjen fra sine ulike regionale posisjoner.<\/p><\/div><\/a><\/li>\n\n<li class=\"wp-block-dss-simple-post\"><a href=\"https:\/\/teststeder.regjeringen.no\/musikkutvalget\/2024\/10\/23\/mote-med-forsvarets-musikk\/\" class=\"wp-block-dss-simple-post__link\"><div class=\"wp-block-dss-simple-post__image-wrapper\"><div class=\"wp-block-dss-simple-post__image\"><img loading=\"lazy\" decoding=\"async\" width=\"255\" height=\"222\" src=\"https:\/\/files.teststeder.regjeringen.no\/wpuploads01\/sites\/554\/2024\/10\/Forsvarets-musikk5.png\" class=\"attachment-medium size-medium wp-post-image\" alt=\"\" \/><\/div><\/div><div class=\"wp-block-dss-simple-post__content\"><h2>M\u00f8te med Forsvarets musikk<\/h2><p class=\"wp-block-dss-simple-post__excerpt\">27. august var Musikkutvalget i digitalt m\u00f8te med Forsvarets musikk. I m\u00f8tet fikk utvalget h\u00f8re om arbeidet med musikk i Forsvaret, og problemstillinger de m\u00f8ter i sin virksomhet.<\/p><\/div><\/a><\/li>\n\n<li class=\"wp-block-dss-simple-post\"><a href=\"https:\/\/teststeder.regjeringen.no\/musikkutvalget\/2024\/09\/17\/musikkutvalget-pa-arendalsuka-2\/\" class=\"wp-block-dss-simple-post__link\"><div class=\"wp-block-dss-simple-post__image-wrapper\"><div class=\"wp-block-dss-simple-post__image\"><img loading=\"lazy\" decoding=\"async\" width=\"300\" height=\"248\" src=\"https:\/\/files.teststeder.regjeringen.no\/wpuploads01\/sites\/554\/2024\/09\/Kim-Arendal-300x248.png\" class=\"attachment-medium size-medium wp-post-image\" alt=\"\" srcset=\"https:\/\/files.teststeder.regjeringen.no\/wpuploads01\/sites\/554\/2024\/09\/Kim-Arendal-300x248.png 300w, https:\/\/files.teststeder.regjeringen.no\/wpuploads01\/sites\/554\/2024\/09\/Kim-Arendal.png 734w\" sizes=\"auto, (max-width: 300px) 100vw, 300px\" \/><\/div><\/div><div class=\"wp-block-dss-simple-post__content\"><h2>Musikkutvalget p\u00e5 Arendalsuka<\/h2><p class=\"wp-block-dss-simple-post__excerpt\">15. august 2024 deltok Musikkutvalget p\u00e5 Arendalsuka med debatten \u00abMusikkpolitikk p\u00e5 bortebane\u00bb. Form\u00e5let med debatten var \u00e5 vise mulighetene musikk har som ressurs p\u00e5 flere samfunnsomr\u00e5der. Fokuset for debatten var musikkens betydning i m\u00f8te med helse- og utdanningssektoren.<\/p><\/div><\/a><\/li>\n\n<li class=\"wp-block-dss-simple-post\"><a href=\"https:\/\/teststeder.regjeringen.no\/musikkutvalget\/2024\/08\/08\/kronikk-musikk-som-motstandskraft-i-krig-og-kriser\/\" class=\"wp-block-dss-simple-post__link\"><div class=\"wp-block-dss-simple-post__image-wrapper\"><div class=\"wp-block-dss-simple-post__image\"><img loading=\"lazy\" decoding=\"async\" width=\"210\" height=\"300\" src=\"https:\/\/files.teststeder.regjeringen.no\/wpuploads01\/sites\/554\/2024\/08\/Musikk-skaper-motstandskraft-210x300.jpg\" class=\"attachment-medium size-medium wp-post-image\" alt=\"\" srcset=\"https:\/\/files.teststeder.regjeringen.no\/wpuploads01\/sites\/554\/2024\/08\/Musikk-skaper-motstandskraft-210x300.jpg 210w, https:\/\/files.teststeder.regjeringen.no\/wpuploads01\/sites\/554\/2024\/08\/Musikk-skaper-motstandskraft.jpg 280w\" sizes=\"auto, (max-width: 210px) 100vw, 210px\" \/><\/div><\/div><div class=\"wp-block-dss-simple-post__content\"><h2>Kronikk: Musikk skaper motstandskraft<\/h2><p class=\"wp-block-dss-simple-post__excerpt\">Kronikk av utvalgsleder Sigrid R\u00f8yseng publisert i Klassekampen 18. juni 2024.<\/p><\/div><\/a><\/li>\n<\/ul>","protected":false},"excerpt":{"rendered":"<p>Musikkutvalget ble oppnevnt ved kongelig resolusjon, 9. juni 2023. Utvalget best\u00e5r av en utvalgsleder og 15 utvalgsmedlemmer. V\u00e5ren 2025 skal utvalget levere en sluttrapport i form av en norsk offentlig utredning (NOU) til Kultur- og likestillingsdepartementet. I sluttrapporten skal utvalget gi en helhetlig gjennomgang av musikkfeltet som ser b\u00e5de institusjoner, organisasjoner, frivillighet, skapere, ut\u00f8vere og\u2026<\/p>\n","protected":false},"author":2877,"featured_media":0,"parent":0,"menu_order":0,"comment_status":"closed","ping_status":"closed","template":"","meta":{"dss_simple_post_excerpt":"","dss_show_featured_image":false,"footnotes":""},"class_list":["post-6","page","type-page","status-publish","hentry"],"language":"nb-NO","_links":{"self":[{"href":"https:\/\/teststeder.regjeringen.no\/musikkutvalget\/wp-json\/wp\/v2\/pages\/6","targetHints":{"allow":["GET"]}}],"collection":[{"href":"https:\/\/teststeder.regjeringen.no\/musikkutvalget\/wp-json\/wp\/v2\/pages"}],"about":[{"href":"https:\/\/teststeder.regjeringen.no\/musikkutvalget\/wp-json\/wp\/v2\/types\/page"}],"author":[{"embeddable":true,"href":"https:\/\/teststeder.regjeringen.no\/musikkutvalget\/wp-json\/wp\/v2\/users\/2877"}],"replies":[{"embeddable":true,"href":"https:\/\/teststeder.regjeringen.no\/musikkutvalget\/wp-json\/wp\/v2\/comments?post=6"}],"version-history":[{"count":3,"href":"https:\/\/teststeder.regjeringen.no\/musikkutvalget\/wp-json\/wp\/v2\/pages\/6\/revisions"}],"predecessor-version":[{"id":2050,"href":"https:\/\/teststeder.regjeringen.no\/musikkutvalget\/wp-json\/wp\/v2\/pages\/6\/revisions\/2050"}],"wp:attachment":[{"href":"https:\/\/teststeder.regjeringen.no\/musikkutvalget\/wp-json\/wp\/v2\/media?parent=6"}],"curies":[{"name":"wp","href":"https:\/\/api.w.org\/{rel}","templated":true}]}}