{"id":9,"date":"2023-10-10T08:09:30","date_gmt":"2023-10-10T06:09:30","guid":{"rendered":"https:\/\/nettsteder.regjeringen.no\/musikkutvalget\/?page_id=9"},"modified":"2024-03-18T12:27:03","modified_gmt":"2024-03-18T11:27:03","slug":"mandat","status":"publish","type":"page","link":"https:\/\/teststeder.regjeringen.no\/musikkutvalget\/mandat\/","title":{"rendered":"Mandat"},"content":{"rendered":"\n<p><strong>NOU om helhetlig gjennomgang av musikkfeltet<\/strong>. <br><a href=\"https:\/\/teststeder.regjeringen.no\/musikkutvalget\/2024\/03\/15\/mandahtta\/\" data-type=\"link\" data-id=\"https:\/\/teststeder.regjeringen.no\/musikkutvalget\/2024\/03\/15\/mandahtta\/\">\u010c\u00e1jet d\u00e1n siiddu s\u00e1megillii  <\/a><\/p>\n\n\n\n<h2 class=\"wp-block-heading has-medium-font-size\"><strong>1. Bakgrunn<\/strong><\/h2>\n\n\n\n<p>Norge har et rikt og mangfoldig musikkliv som spenner fra profesjonelle symfoniorkestre til musikkaktiviteter i barnehage og skole, kulturskole og h\u00f8yere utdanning, til en omfattende musikkfrivillighet med kor, korps, orkestre, spelemannslag og band. Det omfatter et mangfold av klubber og festivaler, en infrastruktur av \u00f8vingslokaler, scener og institusjoner, profesjonelle ut\u00f8vere, orkestre, kor- og vokalensembler og band, organisasjoner, kompetansesentre, samt profesjonelle milj\u00f8er for produksjon, distribusjon, salg og forvaltning av levende og innspilt musikk og musikkrettigheter. Musikk bidrar til \u00e5 skape levende lokalsamfunn og et godt liv for den enkelte.<\/p>\n\n\n\n<p>De ulike delene av musikkfeltet eksisterer parallelt, i relasjon til hverandre og fungerer i sammenheng. Det \u00f8konomiske grunnlaget for akt\u00f8rene varierer etter bl.a. musikkens sjanger, kommersielle potensiale, popularitet, kvalitet, tilgang til profesjonelle bransjeakt\u00f8rer og markedsadgang. Det er ogs\u00e5 tett knyttet til internasjonal utvikling innen teknologi, \u00f8konomi og samhandling. Offentlige myndigheter b\u00e5de p\u00e5 nasjonalt, regionalt og lokalt niv\u00e5 bidrar gjennom ulike virkemidler og tiltak til \u00e5 st\u00f8tte opp under musikklivet i Norge. Staten har et s\u00e6rskilt ansvar for \u00e5 ivareta enkelte kulturuttrykk, for eksempel samisk musikk og folkemusikk.<\/p>\n\n\n\n<p>Musikkfeltets organisering og det offentliges \u00f8konomiske, juridiske og organisatoriske virkemidler er et resultat av historisk etablerte praksiser og politiske prosesser. I dag er det derfor vanskelig \u00e5 se helheten i musikkpolitikken og hvordan de ulike virkemidlene virker sammen. En helhetlig gjennomgang av musikkfeltet vil bidra til oppdatert og ny kunnskap og gi nye analyser som kan ligge til grunn for framtidig politikkutvikling.<\/p>\n\n\n\n<p>I Hurdalsplattformen har Regjeringen uttalt m\u00e5l for kulturpolitikken. Folk skal ha tilgang til kunst og kultur, uavhengig av hvem de er og hvor de bor. Folk skal ha mulighet til \u00e5 oppleve musikk b\u00e5de som deltakere og publikum, gjennom frivilligheten, skolen og i det profesjonelle musikkfeltet. Regjeringen vil legge til rette for flere kulturarbeidsplasser, sikre kulturinstitusjonene og satse p\u00e5 det frie feltet.<\/p>\n\n\n\n<p>Regjeringens m\u00e5l med utredningen er \u00e5 bedre vilk\u00e5rene for musikkvirksomhet, effektiv bruk av ressurser og et fortsatt levende musikkliv i hele landet.<\/p>\n\n\n\n<h3 class=\"wp-block-heading has-medium-font-size\"><strong>2. Oppdrag<\/strong><\/h3>\n\n\n\n<p>Form\u00e5let med utredningen er en helhetlig gjennomgang av musikkfeltet som ser b\u00e5de institusjoner, organisasjoner, frivillighet, skapere, ut\u00f8vere og virkemiddelapparatet i sammenheng.<\/p>\n\n\n\n<p>Utvalget skal kartlegge roller og aktiviteter, samt sammenhenger mellom akt\u00f8rer, virksomheter, institusjoner og det frie feltet. Oversikten skal b\u00e5de dekke de delene av musikksektoren som finansieres av offentlige driftstilskudd og tilskuddsordninger, og de delene som f\u00e5r lite eller ingen offentlig st\u00f8tte.<\/p>\n\n\n\n<p>Gjennomgangen skal ta utgangspunkt i hvordan musikkfeltet fungerer i dag, se p\u00e5 utviklingen over tid, og vurdere utviklingsbehov og -muligheter i et langsiktig perspektiv. Den har hele landet som nedslagsfelt og skal ogs\u00e5 se det norske musikkfeltet i en internasjonal kontekst. Utredningen skal se virkemiddelbruk og lovverk i sammenheng p\u00e5 tvers av departementer og politikkomr\u00e5der.<\/p>\n\n\n\n<p>F\u00f8lgende aspekter og problemomr\u00e5der utredes spesielt:<\/p>\n\n\n\n<ul class=\"wp-block-list is-layout-flow wp-block-list-is-layout-flow\">\n<li>Utvalget skal skaffe kunnskap og oversikt over musikklivet i Norge, inkludert internasjonal aktivitet. Gjennomgangen skal vurdere volum, innretning, samordning og arbeidsdeling p\u00e5 ulike niv\u00e5 og gjennom hele musikklivets verdikjede, samt identifisere sjangerforskjeller og ulike behov innenfor disse.<\/li>\n\n\n\n<li>Utvalget skal gjennomg\u00e5 statlig virkemiddelbruk innenfor musikk og hvordan den bidrar til \u00e5 sikre aktivitet i det frie feltet, frivilligheten og institusjonene. Virkemidler under alle aktuelle departementer skal inng\u00e5.<\/li>\n\n\n\n<li>Utvalget skal se p\u00e5 forholdet mellom statlig, regional og lokal finansiering. Dette inneb\u00e6rer en kartlegging og vurdering av den direkte statlige finansieringen til virksomheter med regionalt nedslagsfelt. Utvalget skal ogs\u00e5 se p\u00e5 regionale og lokale virkemidler innenfor musikk \u2013 b\u00e5de til det profesjonelle og frivillige musikklivet. Det vil ogs\u00e5 kunne v\u00e6re relevant \u00e5 vurdere ansvars- og oppgavefordelingen mellom kommuner, fylkeskommuner og staten.<\/li>\n\n\n\n<li>Utvalget skal kartlegge musikkn\u00e6ringene i Norge, og utrede hvordan dagens ordninger for \u00f8kt musikkeksport fungerer. Det skal se p\u00e5 hvordan de \u00f8konomiske rettighetene til norsk musikk forvaltes, identifisere eventuelle svakheter i n\u00e6ringskjeden, kompetansebehov, potensiale for utvikling av eksisterende n\u00e6ringsvirksomhet og hva som trengs for \u00e5 \u00f8ke eksportinntektene til norske ut\u00f8vere og opphavere. Utvalget skal synliggj\u00f8re muligheter for \u00e5 styrke konkurransekraft, verdiskaping og sysselsetting innenfor musikkfeltet.<\/li>\n\n\n\n<li>Utvalget skal utarbeide en oversikt over pengestr\u00f8mmer i musikkfeltet tilknyttet \u00f8konomien i konsert- og turn\u00e9virksomhet, oppdragsvirksomhet, opphavsrettslige vederlag og \u00f8konomi for innspilt musikk.<\/li>\n\n\n\n<li>Utvalget skal se p\u00e5 utviklingen i publikums konsum av musikk som f\u00f8lge av den digitale utviklingen p\u00e5 feltet. Utvalget skal vurdere hvordan det kan etableres virkemidler for \u00f8kt norskandel i str\u00f8mming, radio og tv.<\/li>\n\n\n\n<li>Utvalget skal vurdere myndighetenes samlede digitaliseringspolitikk med betydning for musikkfeltet. Vurderingen skal l\u00f8fte utfordringer i forholdet mellom nasjonal politikkutvikling og globale utviklingstrender, og myndighetenes mulighet for \u00e5 regulere, justere, kompensere og\/eller utvikle norske virkemidler i m\u00f8te med plattformisering og markedsutvikling.<\/li>\n\n\n\n<li>Utvalget skal unders\u00f8ke hva som fremmer og hva som hemmer likestilling, deltagelse, inkludering og rekruttering i musikklivet, s\u00e6rlig blant barn og unge. Det skal identifisere hva som for\u00e5rsaker skjevheter og barrierer for deltakelse.<\/li>\n\n\n\n<li>Utvalget skal kartlegge samspillet og den gjensidige avhengigheten mellom det profesjonelle og det frivillige musikklivet.<\/li>\n\n\n\n<li>Utvalget skal identifisere ulike typer verdier som musikk bidrar til \u00e5 skape for individer, grupper og samfunnet som helhet. Dette inkluderer blant annet direkte verdiskaping, \u00f8konomiske ringvirkninger, kunstnerisk verdi, verdi for kunnskap og ferdigheter, helse, kulturelle rettigheter, demokratisk ytringsrom, felleskapsverdier og inkludering av ulike grupper i samfunnet.<\/li>\n<\/ul>\n\n\n\n<p>P\u00e5 grunnlag av gjennomgangen skal utvalget vurdere om det offentliges virkemidler og tiltak er godt nok tilpasset musikkfeltets behov, muligheter og utfordringer. Utvalget skal foresl\u00e5 tiltak rettet mot b\u00e5de myndighetene og sektoren selv. Utvalget skal utrede minst ett alternativ for offentlige virkemidler og tiltak som kan gjennomf\u00f8res innenfor dagens ressursbruk p\u00e5 omr\u00e5det.<\/p>\n\n\n\n<h3 class=\"wp-block-heading has-medium-font-size\"><strong>3. Avgrensning og forhold til annet p\u00e5g\u00e5ende arbeid<\/strong><\/h3>\n\n\n\n<p>Utredningen skal gjennomg\u00e5 musikkfeltet, og skal avgrenses fra \u00f8vrige kunstomr\u00e5der og andre deler av kulturfeltet som ikke h\u00f8rer naturlig inn under musikkfeltet.<\/p>\n\n\n\n<p>Det p\u00e5g\u00e5r flere tilgrensede arbeider iverksatt av regjeringen som ogs\u00e5 omfatter musikkfeltet. Kunstnermeldingen, som legges frem i 2023, tar utgangspunkt i at kunstnere skal ha gode muligheter til \u00e5 virke som kunstner b\u00e5de nasjonalt og internasjonalt. Kunstnere skal og ha rimelig betaling for kunstnerisk arbeid, og v\u00e6re tydelig inkludert i kunstnerrelevante politikkomr\u00e5der. Kunstnere skal ogs\u00e5 kunne virke som kunstner over hele landet. Meldingen vil kunne v\u00e6re et bakgrunnsdokument for utredningsarbeidet om musikkfeltet. Kulturfrivillighetsstrategien legges fram v\u00e5ren 2023. Den vil bidra til \u00e5 se kulturfrivillighetens rolle i oppn\u00e5else av kulturpolitiske m\u00e5l om bred deltakelse og tilgang p\u00e5 kunst og kultur lokalt og regionalt. Det er et m\u00e5l \u00e5 sikre kulturfrivilligheten gode rammebetingelser for kulturut\u00f8velse, som tilgang p\u00e5 lokaler og tilskudd. Regjeringen har satt i gang en utredning av regionale kulturfond som skal stimulere til \u00f8kt kunst- og kulturaktivitet lokalt. M\u00e5let er \u00e5 styrke samspillet mellom profesjonelt og frivillig kulturliv, i tillegg til \u00e5 forsterke lokal og regional kulturfrivillighet.<\/p>\n\n\n\n<h3 class=\"wp-block-heading has-medium-font-size\"><strong>4. Administrativt<\/strong><\/h3>\n\n\n\n<p>Utvalget vil f\u00e5 et eget sekretariat, administrativt tilknyttet Kultur- og likestillingsdepartementet. Utvalget kan ved behov innhente faglig bistand og innspill underveis, blant annet fra ressurs- og kompetansemilj\u00f8er og ber\u00f8rte myndigheter. Utvalget skal legge utredningsinstruksen til grunn. Utvalget skal redegj\u00f8re for \u00f8konomiske, administrative og andre vesentlige konsekvenser av forslagene.<\/p>\n\n\n\n<p>Utvalgets rapport i form av en NOU skal legges fram for Kultur- og likestillingsdepartementet v\u00e5ren 2025. Rapporten skal skrives p\u00e5 et klart spr\u00e5k som kan forst\u00e5s av alle aktuelle m\u00e5lgrupper. Utvalgets budsjett vil bli fastsatt av departementet. Om godtgj\u00f8ring gjelder de til enhver tid gjeldende bestemmelsene i Statens personalh\u00e5ndbok om godtgj\u00f8ring mv. til leder, medlemmer og sekret\u00e6rer i utvalg.<\/p>\n\n\n\n<p><\/p>\n\n\n\n<p><a href=\"https:\/\/www.regjeringen.no\/no\/aktuelt\/mandatet-for-nou-om-helhetlig-gjennomgang-av-musikkfeltet-er-klart\/id2977203\/\">Mandatet for NOU om helhetlig gjennomgang av musikkfeltet er klart &#8211; regjeringen.noMandatet for NOU om helhetlig gjennomgang av musikkfeltet er klart &#8211; regjeringen.no<\/a><\/p>\n","protected":false},"excerpt":{"rendered":"<p>NOU om helhetlig gjennomgang av musikkfeltet. \u010c\u00e1jet d\u00e1n siiddu s\u00e1megillii 1. Bakgrunn Norge har et rikt og mangfoldig musikkliv som spenner fra profesjonelle symfoniorkestre til musikkaktiviteter i barnehage og skole, kulturskole og h\u00f8yere utdanning, til en omfattende musikkfrivillighet med kor, korps, orkestre, spelemannslag og band. Det omfatter et mangfold av klubber og festivaler, en infrastruktur\u2026<\/p>\n","protected":false},"author":2877,"featured_media":0,"parent":0,"menu_order":0,"comment_status":"closed","ping_status":"closed","template":"","meta":{"dss_simple_post_excerpt":"","dss_show_featured_image":true,"footnotes":""},"class_list":["post-9","page","type-page","status-publish","hentry"],"language":"nb-NO","_links":{"self":[{"href":"https:\/\/teststeder.regjeringen.no\/musikkutvalget\/wp-json\/wp\/v2\/pages\/9","targetHints":{"allow":["GET"]}}],"collection":[{"href":"https:\/\/teststeder.regjeringen.no\/musikkutvalget\/wp-json\/wp\/v2\/pages"}],"about":[{"href":"https:\/\/teststeder.regjeringen.no\/musikkutvalget\/wp-json\/wp\/v2\/types\/page"}],"author":[{"embeddable":true,"href":"https:\/\/teststeder.regjeringen.no\/musikkutvalget\/wp-json\/wp\/v2\/users\/2877"}],"replies":[{"embeddable":true,"href":"https:\/\/teststeder.regjeringen.no\/musikkutvalget\/wp-json\/wp\/v2\/comments?post=9"}],"version-history":[{"count":3,"href":"https:\/\/teststeder.regjeringen.no\/musikkutvalget\/wp-json\/wp\/v2\/pages\/9\/revisions"}],"predecessor-version":[{"id":766,"href":"https:\/\/teststeder.regjeringen.no\/musikkutvalget\/wp-json\/wp\/v2\/pages\/9\/revisions\/766"}],"wp:attachment":[{"href":"https:\/\/teststeder.regjeringen.no\/musikkutvalget\/wp-json\/wp\/v2\/media?parent=9"}],"curies":[{"name":"wp","href":"https:\/\/api.w.org\/{rel}","templated":true}]}}