{"id":6,"date":"2024-10-24T10:16:31","date_gmt":"2024-10-24T08:16:31","guid":{"rendered":"https:\/\/nettsteder.regjeringen.no\/nmlam\/?page_id=6"},"modified":"2025-03-24T14:43:40","modified_gmt":"2025-03-24T13:43:40","slug":"practical-information","status":"publish","type":"page","link":"https:\/\/teststeder.regjeringen.no\/nmlam\/practical-information\/","title":{"rendered":"Practical information"},"content":{"rendered":"\n<p>The conference will be hosted at Hotel Scandic Havet, located at Tollbugata 5.<\/p>\n\n\n\n<p><a href=\"https:\/\/www.reisnordland.no\/\">Airport buses<\/a> and taxis are available just outside the airport main entrance. Bus line number 1 and 2 have departures between every 5 and 10 minutes depending on the time of day, with the closest bus stop to the hotel being &#8220;Bod\u00f8 Sentrum B&#8221;. The travel time is approximately 5 minutes with bus from Bod\u00f8 Airport to Bod\u00f8 Sentrum, and the walk from Bod\u00f8 Sentrum to the hotel is 5 minutes.<\/p>\n\n\n\n<p>Representatives from the Norwegian MOD will be outside the airport when you arrive and will assist you should you have any questions regarding transportation.<\/p>\n\n\n\n<p>For those wishing to use their legs, the walk from the airport to the hotel is approximately 20 minutes. The hotel is located just next to the markers for &#8220;Hurtigb\u00e5t&#8221; and &#8220;Koch Kj\u00f8pesenter\/Glasshuset&#8221; indicated on the map below. The dotted line represents the quickest way of getting to the city center and the hotel by foot.<\/p>\n\n\n\n<p><\/p>\n\n\n\n<figure class=\"wp-block-image size-large\"><img loading=\"lazy\" decoding=\"async\" width=\"1024\" height=\"558\" src=\"https:\/\/files.teststeder.regjeringen.no\/wpuploads01\/sites\/580\/2025\/01\/image-1024x558.png\" alt=\"\" class=\"wp-image-53\" srcset=\"https:\/\/files.teststeder.regjeringen.no\/wpuploads01\/sites\/580\/2025\/01\/image-1024x558.png 1024w, https:\/\/files.teststeder.regjeringen.no\/wpuploads01\/sites\/580\/2025\/01\/image-300x164.png 300w, https:\/\/files.teststeder.regjeringen.no\/wpuploads01\/sites\/580\/2025\/01\/image-768x419.png 768w, https:\/\/files.teststeder.regjeringen.no\/wpuploads01\/sites\/580\/2025\/01\/image.png 1420w\" sizes=\"auto, (max-width: 1024px) 100vw, 1024px\" \/><\/figure>\n\n\n\n<p>Dinners will be hosted at the Norwegian Jekt Trade Museum on the 2<sup>nd<\/sup> and at the Norwegian Aviation Museum on the 3<sup>rd<\/sup>. Transportation will be provided to and from the dinners.<\/p>\n\n\n\n<p><\/p>\n\n\n\n<div class=\"wp-block-group is-layout-constrained wp-block-group-is-layout-constrained\">\n<p class=\"has-medium-font-size\"><strong>Hotel reservation<\/strong><\/p>\n\n\n\n<p>We have reserved 120 rooms at Hotel Scandic Havet for the 2<sup>nd<\/sup> and 3<sup>rd<\/sup> of June.<\/p>\n\n\n\n<p>Information about the hotel and its amenities, as well as pictures of the rooms and surroundings can be found using the following link:<\/p>\n\n\n\n<p><a href=\"https:\/\/www.scandichotels.com\/hotels\/norway\/bodo\/scandic-havet\">Hotel Havet in Bod\u00f8 | Scandic Hotels<\/a><\/p>\n\n\n\n<p>Attendees can book their rooms using the following link:<\/p>\n\n\n\n<p><a href=\"https:\/\/www.scandichotels.com\/hotelreservation\/select-rate?hotel=314&amp;fromDate=2025-06-2&amp;toDate=2025-06-4&amp;room%5b0%5d.adults=1&amp;bookingCode=BFOR020625\">Booking | Scandic Hotels<\/a><\/p>\n\n\n\n<p>The booking code for the agreement we have with the hotel is: BFOR020625<\/p>\n\n\n\n<p>The price for each room is 1490 NOK\/night, breakfast is included. Upgrading the rooms is also possible, for an additional fee of 200 NOK\/night.<\/p>\n\n\n\n<p>The reservation we have with the hotel is valid until the 11<sup>th<\/sup> of April. After this date, the hotel cannot guarantee capacity or the prices listed above.<\/p>\n\n\n\n<p>Check out on the 4<sup>th<\/sup> is 12:00 at the latest. Luggage storage is available until departure.<\/p>\n<\/div>\n\n\n\n<div class=\"wp-block-group is-layout-constrained wp-block-group-is-layout-constrained\">\n<div class=\"wp-block-group is-layout-constrained wp-block-group-is-layout-constrained\">\n<div class=\"wp-block-group is-layout-constrained wp-block-group-is-layout-constrained\">\n<div class=\"wp-block-group is-layout-constrained wp-block-group-is-layout-constrained\">\n<div class=\"wp-block-group is-layout-constrained wp-block-group-is-layout-constrained\">\n<p class=\"has-medium-font-size\"><strong>Flight information<\/strong><\/p>\n\n\n\n<p>Below are a few listed options for possible departures. Arriving on the 1<sup>st<\/sup> is naturally a possibility, but we have made no arrangements with Hotel Scandic Havet for the 1<sup>st<\/sup>. Hotel bookings for the night will therefore have to be made separately.<\/p>\n<\/div>\n<\/div>\n<\/div>\n\n\n\n<div class=\"wp-block-group is-layout-constrained wp-block-group-is-layout-constrained\">\n<div class=\"wp-block-group is-layout-constrained wp-block-group-is-layout-constrained\">\n<h3 class=\"wp-block-heading\">Copenhagen 2<sup>nd<\/sup> of June<\/h3>\n\n\n\n<p>SAS: Direct CPH-BOO (13:00-15:05)<\/p>\n\n\n\n<p>SAS: With transfer CPH-OSL-BOO (08:35-12:25)<\/p>\n\n\n\n<p>Norwegian: With transfer CPH-OSL-BOO (10:50-14:40)<\/p>\n<\/div>\n<\/div>\n\n\n\n<div class=\"wp-block-group is-layout-constrained wp-block-group-is-layout-constrained\">\n<div class=\"wp-block-group is-layout-constrained wp-block-group-is-layout-constrained\">\n<h3 class=\"wp-block-heading\">Stockholm 2<sup>nd<\/sup> of June<\/h3>\n\n\n\n<p>SAS: With transfer ARN-OSL-BOO (08:45-12:25)<\/p>\n<\/div>\n<\/div>\n\n\n\n<div class=\"wp-block-group is-layout-constrained wp-block-group-is-layout-constrained\">\n<div class=\"wp-block-group is-layout-constrained wp-block-group-is-layout-constrained\">\n<h3 class=\"wp-block-heading\">Gothenburg 2<sup>nd<\/sup> of June<\/h3>\n\n\n\n<p>SAS: With 2 transfers, several possibilities (06:15-12:25)<\/p>\n\n\n\n<p>SAS: With transfer GOT-CPH-BOO (09:50-15:05)<\/p>\n<\/div>\n<\/div>\n\n\n\n<div class=\"wp-block-group is-layout-constrained wp-block-group-is-layout-constrained\">\n<div class=\"wp-block-group is-layout-constrained wp-block-group-is-layout-constrained\">\n<h3 class=\"wp-block-heading\">Helsinki 2<sup>nd<\/sup> of June<\/h3>\n\n\n\n<p>SAS: With 2 transfers HEL-ARN-OSL-BOO (07:15-12:25)<\/p>\n\n\n\n<p>SAS: With transfer HEL-CPH-BOO (11:15-15:05)<\/p>\n<\/div>\n<\/div>\n\n\n\n<div class=\"wp-block-group is-layout-constrained wp-block-group-is-layout-constrained\">\n<div class=\"wp-block-group is-layout-constrained wp-block-group-is-layout-constrained\">\n<h3 class=\"wp-block-heading\">Reykjavik 1<sup>st<\/sup> of June<\/h3>\n\n\n\n<p>SAS: With transfer KEF-OSL-BOO (16:10-23:50)<\/p>\n<\/div>\n<\/div>\n\n\n\n<div class=\"wp-block-group is-layout-constrained wp-block-group-is-layout-constrained\">\n<div class=\"wp-block-group is-layout-constrained wp-block-group-is-layout-constrained\">\n<h3 class=\"wp-block-heading\">Reykjavik 2<sup>nd<\/sup> of June<\/h3>\n\n\n\n<p>PLAY\/SAS: With transfer KEF-CPH-BOO (06:25-15:05)<\/p>\n<\/div>\n<\/div>\n<\/div>\n<\/div>\n","protected":false},"excerpt":{"rendered":"<p>The conference will be hosted at Hotel Scandic Havet, located at Tollbugata 5. Airport buses and taxis are available just outside the airport main entrance. Bus line number 1 and 2 have departures between every 5 and 10 minutes depending on the time of day, with the closest bus stop to the hotel being &#8220;Bod\u00f8\u2026<\/p>\n","protected":false},"author":2877,"featured_media":0,"parent":0,"menu_order":0,"comment_status":"closed","ping_status":"closed","template":"","meta":{"dss_simple_post_excerpt":"","dss_show_featured_image":true,"dss_show_title":false,"footnotes":""},"class_list":["post-6","page","type-page","status-publish","hentry"],"language":"en-US","_links":{"self":[{"href":"https:\/\/teststeder.regjeringen.no\/nmlam\/wp-json\/wp\/v2\/pages\/6","targetHints":{"allow":["GET"]}}],"collection":[{"href":"https:\/\/teststeder.regjeringen.no\/nmlam\/wp-json\/wp\/v2\/pages"}],"about":[{"href":"https:\/\/teststeder.regjeringen.no\/nmlam\/wp-json\/wp\/v2\/types\/page"}],"author":[{"embeddable":true,"href":"https:\/\/teststeder.regjeringen.no\/nmlam\/wp-json\/wp\/v2\/users\/2877"}],"replies":[{"embeddable":true,"href":"https:\/\/teststeder.regjeringen.no\/nmlam\/wp-json\/wp\/v2\/comments?post=6"}],"version-history":[{"count":3,"href":"https:\/\/teststeder.regjeringen.no\/nmlam\/wp-json\/wp\/v2\/pages\/6\/revisions"}],"predecessor-version":[{"id":230,"href":"https:\/\/teststeder.regjeringen.no\/nmlam\/wp-json\/wp\/v2\/pages\/6\/revisions\/230"}],"wp:attachment":[{"href":"https:\/\/teststeder.regjeringen.no\/nmlam\/wp-json\/wp\/v2\/media?parent=6"}],"curies":[{"name":"wp","href":"https:\/\/api.w.org\/{rel}","templated":true}]}}