{"id":3,"date":"2018-06-18T10:09:30","date_gmt":"2018-06-18T08:09:30","guid":{"rendered":"https:\/\/nettsteder.regjeringen.no\/personvern\/?page_id=2"},"modified":"2025-01-24T15:27:21","modified_gmt":"2025-01-24T14:27:21","slug":"personvernerklaering","status":"publish","type":"page","link":"https:\/\/teststeder.regjeringen.no\/personvern\/","title":{"rendered":"Personvernerkl\u00e6ring"},"content":{"rendered":"<div id=\"module-0\" class=\"hogan-module hogan-module-text hogan-module-0 text-wrap\"><div class=\"hogan-module-inner clearfix\"><p>Personvernerkl\u00e6ringen handler om hvordan teststeder.regjeringen.no samler inn og bruker informasjon om bes\u00f8kende p\u00e5 <a href=\"\/personvern\/oversikt-over-nettsteder\/\">v\u00e5re nettsteder<\/a>.<\/p>\n<p>Erkl\u00e6ringen inneholder informasjon du har krav p\u00e5 n\u00e5r det samles inn opplysninger fra nettstedene v\u00e5re, og generell informasjon om hvordan vi behandler personopplysninger.<\/p>\n<p>DIO, ved direkt\u00f8ren, er behandlingsansvarlig for opplysninger som samles inn maskinelt og som er n\u00f8dvendige for at du skal oppleve at nettstedet er enkelt \u00e5 benytte og som ivaretar sikkerhet og stabilitet for nettstedet. Dette kan omfatte s\u00e5kalte informasjonskapsler, logging av hvilke datamaskiner som er i kontakt med nettstedet og trafikk til og fra nettstedet.<\/p>\n<p>Behandlingen gjennomf\u00f8res i tr\u00e5d med personopplysningsloven, herunder EUs personvernforordning og tilh\u00f8rende forskrifter. Dette omfatter tekniske og administrative tiltak, regelverk og kompetanse hos medarbeidere.<\/p>\n<p>Denne erkl\u00e6ringen inneholder opplysninger du har krav p\u00e5 n\u00e5r det samles inn opplysninger fra nettstedet v\u00e5rt (personopplysningsloven \u00a7 19) og generell informasjon om hvordan vi behandler personopplysninger (personopplysningsloven \u00a7 18 1.ledd).<\/p>\n<h2>Personopplysninger<\/h2>\n<p>Personopplysninger vil finnes p\u00e5 nettsteder i form av omtale og beskrivelser i form av redaksjonelt innhold og i ulike formater:<\/p>\n<ul>\n<li>Tekst i HTML-filer som er visningformater p\u00e5 nettsteder<\/li>\n<li>Tekst i nedlastbare dokumenter i ulike formater<\/li>\n<li>Som tekst, lyd eller bilder i videofiler<\/li>\n<li>Som lyd i nedlastbare lydfiler\/podcasts<\/li>\n<\/ul>\n<p>Relevante personopplysninger som er en del av det redaksjonelle innholdet p\u00e5 nettsteder kan inneholde navn, rolle, yrke osv. Opplysningene er samlet inn fra offisielle kilder og publisert i forbindelse med informasjonsplikten det offentlige har til \u00e5 belyse ansvar i forvaltingen. Samtykke er ikke n\u00f8dvendig for \u00e5 behandle personopplysninger som del av journalistisk innhold, eller som kan henvises til forordningens artikkel 6e behandlingen er n\u00f8dvendig for \u00e5 utf\u00f8re en oppgave i allmenhetens interesse eller ut\u00f8ve offentlig myndighet som den behandlingsansvarlige er p\u00e5lagt.<\/p>\n<p>SMK og alle departementene har egne redaksjoner med et selvstendig behandlingsansvar for personopplysninger p\u00e5 nettsteder.<\/p><\/div><\/div><div id=\"module-1\" class=\"hogan-module hogan-module-expandable_list hogan-module-1\"><div class=\"hogan-module-inner text-wrap list-items\">\t<div class=\"hogan-expandable-list-item list-item\">\n\t\t<div class=\"anchor\" id=\"panel-1-0\">&nbsp;<\/div>\n\t\t<a href=\"#panel-1-0\">\n\t\t\t<div class=\"hogan-expandable-list-item-title\">Kommentarer<\/div>\t\t\t<span><\/span>\n\t\t<\/a>\n\t\t<div aria-expanded=\"false\">\n\t\t\t<p>N\u00e5r bes\u00f8kende legger inn kommentarer p\u00e5 siden, lagres informasjonen gitt inn i kommentarskjemaet i tillegg til IP-adressen til den bes\u00f8kende og den bes\u00f8kendes nettleserversjon.<\/p>\n<p>Dette gj\u00f8res for \u00e5 bidra til \u00e5 unng\u00e5 useri\u00f8se kommentarerer.<\/p>\n<p>En anonym tekststreng generert p\u00e5 grunnlag av e-postadressen din (ogs\u00e5 kalt en \u00abhash\u00bb) kan bli sendt til tjenesten Gravatar for \u00e5 unders\u00f8ke om du har en konto der.\u00a0<a href=\"https:\/\/automattic.com\/privacy\/\">Personvernerkl\u00e6ring til Gravatar<\/a>.<\/p>\n<p>Etter at kommentaren din er blitt godkjent, vil profilbildet ditt v\u00e6re synlig for hvem som helst i forbindelse med kommentaren din.<\/p>\n\t\t<\/div>\n\t<\/div>\n\t<div class=\"hogan-expandable-list-item list-item\">\n\t\t<div class=\"anchor\" id=\"panel-1-1\">&nbsp;<\/div>\n\t\t<a href=\"#panel-1-1\">\n\t\t\t<div class=\"hogan-expandable-list-item-title\">Metadata\/innhold<\/div>\t\t\t<span><\/span>\n\t\t<\/a>\n\t\t<div aria-expanded=\"false\">\n\t\t\t<p>Nettstedet kan inneholde personinformasjon som ligger innebakt i dokumenter og filer i form av navn, tittel eller arbeidssted.<\/p>\n<p>Dette kan i tilfeller ogs\u00e5 vise hvem som har v\u00e6rt delaktige i produksjonen av dokumentet.<\/p>\n<p>Slik informasjon skal i prinsippet ikke publiseres. Hvis den er synlig, er det den behandlingsansvarlige for den aktuelle delen av nettstedet som skal kontaktes.<\/p>\n<p>Hvis du laster opp bilder til nettstedet, b\u00f8r du unng\u00e5 \u00e5 laste opp bilder som inneholder informasjon om stedet det er tatt (EXIF GPS). Bes\u00f8kende p\u00e5 siden kan laste ned og hente ut slik informasjon fra bilder p\u00e5 siden.<\/p>\n\t\t<\/div>\n\t<\/div>\n\t<div class=\"hogan-expandable-list-item list-item\">\n\t\t<div class=\"anchor\" id=\"panel-1-2\">&nbsp;<\/div>\n\t\t<a href=\"#panel-1-2\">\n\t\t\t<div class=\"hogan-expandable-list-item-title\">Nyhetsbrev<\/div>\t\t\t<span><\/span>\n\t\t<\/a>\n\t\t<div aria-expanded=\"false\">\n\t\t\t<p>Det er mulig \u00e5 abonnere p\u00e5 nyhetsbrev fra nettsidene for alle som \u00f8nsker \u00e5 motta slik informasjon.<\/p>\n<p>For at vi skal kunne sende e-post m\u00e5 du registrere en e-postadresse. Disse opplysningene deles ikke med andre virksomheter, og slettes n\u00e5r vi f\u00e5r beskjed om at du ikke lenger \u00f8nsker \u00e5 motta informasjon fra oss.<\/p>\n<p>Opplysningene slettes ogs\u00e5 om vi f\u00e5r tilbakemelding om at e-postadressen ikke lenger er aktiv.<\/p>\n<p>DSS benytter 3. partstjenesten\u00a0<a href=\"https:\/\/www.mailgun.com\/privacy-policy\">Mailgun<\/a> fra Mailgun Technlogies, Inc. som er basert i USA til utsendel av epost med lenker til nyhetene og <a href=\"https:\/\/www.thenewsletterplugin.com\/documentation\/subscription\/gdpr-compliancy\/\">Newsletter<\/a>.<\/p>\n<h2>MailGun<\/h2>\n<p>Data som blir registrert er:<\/p>\n<ul>\n<li>Hvilke e-poster som ikke n\u00e5r frem<\/li>\n<li>Avslutning av e-postabonnement<\/li>\n<li>Om du klager p\u00e5 s\u00f8ppelpost<\/li>\n<\/ul>\n<p>DSS har databehandleravtale med MailGun. Vi sender via Mailgun sin server i EU.<\/p>\n<h2>Newsletter<\/h2>\n<p>Data er lagret lokalt i WordPress.<\/p>\n\t\t<\/div>\n\t<\/div>\n\t<div class=\"hogan-expandable-list-item list-item\">\n\t\t<div class=\"anchor\" id=\"panel-1-3\">&nbsp;<\/div>\n\t\t<a href=\"#panel-1-3\">\n\t\t\t<div class=\"hogan-expandable-list-item-title\">Rettigheter<\/div>\t\t\t<span><\/span>\n\t\t<\/a>\n\t\t<div aria-expanded=\"false\">\n\t\t\t<p>Personopplysningsloven gir alle registrerte rett til \u00e5 kreve opplyst hvilke personopplysninger som er registrert om deg.<\/p>\n<p>Du har ogs\u00e5 krav p\u00e5 at uriktige, ufullstendige eller opplysninger som det ikke er adgang til \u00e5 behandle blir rettet, slettet eller supplert.<\/p>\n<p>For sp\u00f8rsm\u00e5l du m\u00e5tte ha om v\u00e5r behandling av dine personopplysninger kan du kontakte personvernombud Cecilie Ramse via postmottak@dss.dep.no.<\/p>\n\t\t<\/div>\n\t<\/div>\n\t<div class=\"hogan-expandable-list-item list-item\">\n\t\t<div class=\"anchor\" id=\"panel-1-4\">&nbsp;<\/div>\n\t\t<a href=\"#panel-1-4\">\n\t\t\t<div class=\"hogan-expandable-list-item-title\">Skjema<\/div>\t\t\t<span><\/span>\n\t\t<\/a>\n\t\t<div aria-expanded=\"false\">\n\t\t\t<p>P\u00e5 nettstedene kan det v\u00e6re ulike skjema for \u00e5 sende innspill, melding eller \u00e5 ta kontakt.<\/p>\n<p>DSS Nettsteder bruker NinjaForms. DSS lagrer informasjon fylt ut i skjema.<\/p>\n<p>Eier av nettstedet er behandlingsansvarlig for personopplysninger du som bruker legger inn i skjemaer og skal fjerne slike personopplysninger n\u00e5r form\u00e5let for innsamlingen har opph\u00f8rt. Ta kontakt med eier av nettstedet dersom du \u00f8nsker \u00e5 slette data om deg.<\/p>\n<p>Personopplysninger vil ikke benyttes til andre form\u00e5l.<\/p>\n\t\t<\/div>\n\t<\/div>\n\t<div class=\"hogan-expandable-list-item list-item\">\n\t\t<div class=\"anchor\" id=\"panel-1-5\">&nbsp;<\/div>\n\t\t<a href=\"#panel-1-5\">\n\t\t\t<div class=\"hogan-expandable-list-item-title\">S\u00f8k<\/div>\t\t\t<span><\/span>\n\t\t<\/a>\n\t\t<div aria-expanded=\"false\">\n\t\t\t<p>DSS lagrer informasjon om hvilke s\u00f8keord brukerne benytter p\u00e5 v\u00e5re nettsteder via Plausible og SearchWP.<\/p>\n<p>Form\u00e5let med lagringen er \u00e5 gj\u00f8re informasjonstilbudet v\u00e5rt bedre. Bruksm\u00f8nsteret for s\u00f8k lagres i aggregert form. Det er bare s\u00f8keordet som lagres, og de kan ikke kobles til andre opplysninger om brukerne, slik som til IP-adresser.<\/p>\n<p>Nettstedene bruker utvidelsen SearchWP som s\u00f8keverkt\u00f8y.<\/p>\n\t\t<\/div>\n\t<\/div>\n\t<div class=\"hogan-expandable-list-item list-item\">\n\t\t<div class=\"anchor\" id=\"panel-1-6\">&nbsp;<\/div>\n\t\t<a href=\"#panel-1-6\">\n\t\t\t<div class=\"hogan-expandable-list-item-title\">Videostr\u00f8mming<\/div>\t\t\t<span><\/span>\n\t\t<\/a>\n\t\t<div aria-expanded=\"false\">\n\t\t\t<p>Til \u00e5 lagre og overf\u00f8re videoer som vises p\u00e5 Nettsteder, benyttes en underleverand\u00f8r, <a href=\"https:\/\/quickchannel.com\/en\/gdpr\/\">Quickchannel<\/a>. DSS har databehandleravtale med Quickchannel.<\/p>\n<p>Du kan ogs\u00e5 se videoer. Til dette benyttes en underleverand\u00f8r, Quickchannel. DSS har databehandleravtale med Quickchannel.<\/p>\n\t\t<\/div>\n\t<\/div>\n\t<div class=\"hogan-expandable-list-item list-item\">\n\t\t<div class=\"anchor\" id=\"panel-1-7\">&nbsp;<\/div>\n\t\t<a href=\"#panel-1-7\">\n\t\t\t<div class=\"hogan-expandable-list-item-title\">Statistikk og analyse<\/div>\t\t\t<span><\/span>\n\t\t<\/a>\n\t\t<div aria-expanded=\"false\">\n\t\t\t<p>DSS samler inn opplysninger om bes\u00f8kende p\u00e5 nettsteder. Form\u00e5let med bruk av statistikk er \u00e5 forbedre og videreutvikle v\u00e5re nettsider. For \u00e5 analysere informasjonen bruker vi analyseverkt\u00f8yet\u00a0<a href=\"https:\/\/plausible.io\/data-policy\">Plausible<\/a>.<br \/>\nPlausibles servere er lokalisert i EU. En bruker blir ikke f\u00f8lgt av Plausible p\u00e5 tvers av enheter.<\/p>\n<p>Eksempler p\u00e5 hva statistikken gir oss svar p\u00e5 er:<\/p>\n<ul>\n<li>Hvor mange som bes\u00f8ker ulike sider<\/li>\n<li>Hvor lenge bes\u00f8ket varer<\/li>\n<li>Hvilke nettsteder brukerne kommer fra<\/li>\n<li>Hvilke nettlesere som benyttes<\/li>\n<li>Hvilke ord brukeren har s\u00f8kt p\u00e5 i s\u00f8kefeltet<\/li>\n<\/ul>\n<p>Plausible bruker ikke informasjonskapsler for \u00e5 samle informasjon om bruken av nettstedet og for \u00e5 skille brukerne fra hverandre. Rapportene brukes for \u00e5 forst\u00e5 hvilket behov for informasjon brukerne av v\u00e5re nettsteder har, og for \u00e5 forbedre nettstedet.<\/p>\n\t\t<\/div>\n\t<\/div>\n\t<div class=\"hogan-expandable-list-item list-item\">\n\t\t<div class=\"anchor\" id=\"panel-1-8\">&nbsp;<\/div>\n\t\t<a href=\"#panel-1-8\">\n\t\t\t<div class=\"hogan-expandable-list-item-title\">Informasjonskapsler<\/div>\t\t\t<span><\/span>\n\t\t<\/a>\n\t\t<div aria-expanded=\"false\">\n\t\t\t<p>Hvilke informasjonskapsler som er i bruk er avhengig av hvilke plugins som er aktivert p\u00e5 det spesifikke nettstedet hos DSS Nettsteder. Informasjonskapsler, ofte kalt cookies, er sm\u00e5 tekstfiler som en nettside kan foresp\u00f8rre din nettleser om \u00e5 lagre p\u00e5 din datamaskin. N\u00e5r du bes\u00f8ker samme nettside igjen, vil nettleseren sende inn informasjonskapslene sammen med foresp\u00f8rselen om sideinnholdet. P\u00e5 denne m\u00e5ten vil nettsiden vite at det er samme bruker som bes\u00f8kte siden tidligere.<\/p>\n<p>Det er helt opp til deg om det skal lagres informasjonskapsler, og om disse skal sendes tilbake til nettsiden. Informasjonskapsler slettes automatisk etter en viss tid, angitt av nettsiden.<\/p>\n<p>Du kan selv <a href=\"https:\/\/nettvett.no\/slik-administrer-du-informasjonskapsler\/\">administrere bruken av informasjonskapsler<\/a>.<\/p>\n\t\t<\/div>\n\t<\/div>\n\t<div class=\"hogan-expandable-list-item list-item\">\n\t\t<div class=\"anchor\" id=\"panel-1-9\">&nbsp;<\/div>\n\t\t<a href=\"#panel-1-9\">\n\t\t\t<div class=\"hogan-expandable-list-item-title\">Personvernombud<\/div>\t\t\t<span><\/span>\n\t\t<\/a>\n\t\t<div aria-expanded=\"false\">\n\t\t\t<p>Personvernombudet i DSS skal p\u00e5se at kravene til behandling av personopplysninger blir fulgt, og v\u00e6re en ressursperson som styrker virksomhetens kunnskap om personvern.<br \/>\nPersonvernombudets hovedoppgaver omfatter blant annet \u00e5:<\/p>\n<ul>\n<li>V\u00e6re kontaktpunkt for de registrerte, og mellom Datatilsynet og virksomheten<\/li>\n<li>Informere og gi r\u00e5d til Virksomheten og de ansatte om de forpliktelser som f\u00f8lger av regelverket<\/li>\n<li>Kontrollere etterlevelse av personopplysningsloven og virksomhetens retningslinjer for personvern<\/li>\n<li>Gi r\u00e5d om og delta i arbeidet med konsekvensanalyser i medhold av forordningen art. 39 1 c)<\/li>\n<li>Samarbeide med Datatilsynet<\/li>\n<\/ul>\n<p>Kontaktinformasjon:\u00a0<a href=\"mailto:Kontaktinformasjon:%20personvernombud@dss.dep.no\">personvernombud@dss.dep.no<\/a><\/p>\n\t\t<\/div>\n\t<\/div>\n<\/div><\/div>","protected":false},"excerpt":{"rendered":"<p>DIO Nettsteders personvernerkl\u00e6ring gir deg overordnet informasjon om v\u00e5r behandling av personopplysninger i v\u00e5r WordPress-multisite.<\/p>\n","protected":false},"author":533,"featured_media":0,"parent":0,"menu_order":0,"comment_status":"closed","ping_status":"open","template":"","meta":{"_acf_changed":false,"footnotes":""},"class_list":["post-3","page","type-page","status-publish","hentry"],"language":"nb-NO","acf":[],"_links":{"self":[{"href":"https:\/\/teststeder.regjeringen.no\/personvern\/wp-json\/wp\/v2\/pages\/3","targetHints":{"allow":["GET"]}}],"collection":[{"href":"https:\/\/teststeder.regjeringen.no\/personvern\/wp-json\/wp\/v2\/pages"}],"about":[{"href":"https:\/\/teststeder.regjeringen.no\/personvern\/wp-json\/wp\/v2\/types\/page"}],"author":[{"embeddable":true,"href":"https:\/\/teststeder.regjeringen.no\/personvern\/wp-json\/wp\/v2\/users\/533"}],"replies":[{"embeddable":true,"href":"https:\/\/teststeder.regjeringen.no\/personvern\/wp-json\/wp\/v2\/comments?post=3"}],"version-history":[{"count":3,"href":"https:\/\/teststeder.regjeringen.no\/personvern\/wp-json\/wp\/v2\/pages\/3\/revisions"}],"predecessor-version":[{"id":600,"href":"https:\/\/teststeder.regjeringen.no\/personvern\/wp-json\/wp\/v2\/pages\/3\/revisions\/600"}],"wp:attachment":[{"href":"https:\/\/teststeder.regjeringen.no\/personvern\/wp-json\/wp\/v2\/media?parent=3"}],"curies":[{"name":"wp","href":"https:\/\/api.w.org\/{rel}","templated":true}]}}