{"id":115,"date":"2023-06-16T14:41:18","date_gmt":"2023-06-16T12:41:18","guid":{"rendered":"https:\/\/nettsteder.regjeringen.no\/rnik\/?page_id=115"},"modified":"2025-04-23T09:22:00","modified_gmt":"2025-04-23T07:22:00","slug":"talere","status":"publish","type":"page","link":"https:\/\/teststeder.regjeringen.no\/rnik\/talere\/","title":{"rendered":"Talere"},"content":{"rendered":"\n<h2 class=\"wp-block-heading\">Arbeids- og inkluderingsminister Tonje Brenna<\/h2>\n\n\n\n<p>Tonje Brenna er arbeids- og inkluderingsminister med ansvar for politikken knyttet til arbeidsmarked, arbeidsmilj\u00f8, pensjoner, velferd og inkludering. Fra oktober 2021 til oktober 2023 var hun kunnskapsminister. Brenna har ogs\u00e5 tidligere v\u00e6rt politisk r\u00e5dgiver i justis- og beredskapsdepartementet og ved statsministerens kontor under Stoltenbergs andre regjering. Hun har jobbet i juristforbundet og LO, v\u00e6rt fylkesr\u00e5dsleder i Viken og siden 2023 v\u00e6rt nestleder i Arbeiderpartiet.<\/p>\n\n\n\n<figure class=\"wp-block-image size-large\"><div class=\"t2-image-credit-wrapper\"><img loading=\"lazy\" decoding=\"async\" width=\"1024\" height=\"683\" src=\"https:\/\/files.teststeder.regjeringen.no\/wpuploads01\/sites\/513\/2023\/06\/brenna-1024x683.jpg\" alt=\"\" class=\"wp-image-204\" srcset=\"https:\/\/files.teststeder.regjeringen.no\/wpuploads01\/sites\/513\/2023\/06\/brenna-1024x683.jpg 1024w, https:\/\/files.teststeder.regjeringen.no\/wpuploads01\/sites\/513\/2023\/06\/brenna-300x200.jpg 300w, https:\/\/files.teststeder.regjeringen.no\/wpuploads01\/sites\/513\/2023\/06\/brenna-768x512.jpg 768w, https:\/\/files.teststeder.regjeringen.no\/wpuploads01\/sites\/513\/2023\/06\/brenna-1536x1024.jpg 1536w, https:\/\/files.teststeder.regjeringen.no\/wpuploads01\/sites\/513\/2023\/06\/brenna-2048x1366.jpg 2048w\" sizes=\"auto, (max-width: 1024px) 100vw, 1024px\" \/><span class=\"t2-image-credit\">\n\t\t\t\t<button type=\"button\" class=\"t2-image-credit-toggle\" aria-expanded=\"false\" aria-controls=\"image-credit\" aria-label=\"Toggle image credit\"><svg xmlns=\"http:\/\/www.w3.org\/2000\/svg\" viewBox=\"0 0 24 24\" height=\"24\" width=\"24\" class=\"t2-icon t2-icon-info\" aria-hidden=\"true\" focusable=\"false\"><path d=\"M12 17c.3 0 .5-.1.7-.3s.3-.4.3-.7v-4c0-.3-.1-.5-.3-.7-.2-.2-.4-.3-.7-.3s-.5.1-.7.3c-.2.2-.3.4-.3.7v4c0 .3.1.5.3.7s.4.3.7.3zm0-8c.3 0 .5-.1.7-.3.2-.2.3-.4.3-.7 0-.3-.1-.5-.3-.7-.2-.2-.4-.3-.7-.3s-.5.1-.7.3c-.2.2-.3.4-.3.7 0 .3.1.5.3.7.2.2.4.3.7.3zm0 13c-1.4 0-2.7-.3-3.9-.8-1.2-.5-2.3-1.2-3.2-2.1s-1.6-2-2.1-3.2S2 13.4 2 12s.3-2.7.8-3.9S4 5.8 4.9 4.9s2-1.6 3.2-2.1S10.6 2 12 2s2.7.3 3.9.8 2.3 1.2 3.2 2.1 1.6 2 2.1 3.2c.5 1.2.8 2.5.8 3.9s-.3 2.7-.8 3.9c-.5 1.2-1.2 2.3-2.1 3.2s-2 1.6-3.2 2.1c-1.2.5-2.5.8-3.9.8z\" fill=\"currentColor\" \/><\/svg><\/button>\n\t\t\t\t<span class=\"t2-image-credit-text wp-element-caption\" id=\"image-credit\" hidden>Foto: \u00a9 Ilja C. Hendel<\/span>\n\t\t\t<\/span><\/div><figcaption class=\"wp-element-caption\">Kunnskapsminister Tonje Brenna (AP). Foto: Ilja C. Hendel<\/figcaption><\/figure>\n\n\n\n<h2 class=\"wp-block-heading\">Kultur- og likestillingsminister Lubna Jaffery<\/h2>\n\n\n\n<p>Lubna Jaffery er kultur- og likestillingsminister med ansvar for politikken knyttet til kultur,<br>likestilling- og diskriminering, medier, idrett, spill- og lotterisaker, og koordinerer statlig politikk i forbindelse med frivillig sektor. Jaffery har tidligere v\u00e6rt politisk r\u00e5dgiver og statssekret\u00e6r i Stoltenberg II-regjeringen, r\u00e5dgiver i SINTEF, spesialr\u00e5dgiver i Spekter, r\u00e5dgiver i Geelmuyden Kiese, kommunikasjonssjef i Tide og seniorr\u00e5dgiver i Integrerings- og mangfoldsdirektoratet. Jaffery har v\u00e6rt byr\u00e5d i Bergen og har i flere perioder v\u00e6rt medlem i Bergen bystyre i tillegg til flere styreverv innen kulturfeltet.<\/p>\n\n\n\n<figure class=\"wp-block-image size-large\"><div class=\"t2-image-credit-wrapper\"><img loading=\"lazy\" decoding=\"async\" width=\"1024\" height=\"683\" src=\"https:\/\/files.teststeder.regjeringen.no\/wpuploads01\/sites\/513\/2025\/04\/Jaffery-1024x683.jpg\" alt=\"\" class=\"wp-image-347\" srcset=\"https:\/\/files.teststeder.regjeringen.no\/wpuploads01\/sites\/513\/2025\/04\/Jaffery-1024x683.jpg 1024w, https:\/\/files.teststeder.regjeringen.no\/wpuploads01\/sites\/513\/2025\/04\/Jaffery-300x200.jpg 300w, https:\/\/files.teststeder.regjeringen.no\/wpuploads01\/sites\/513\/2025\/04\/Jaffery-768x512.jpg 768w, https:\/\/files.teststeder.regjeringen.no\/wpuploads01\/sites\/513\/2025\/04\/Jaffery-1536x1024.jpg 1536w, https:\/\/files.teststeder.regjeringen.no\/wpuploads01\/sites\/513\/2025\/04\/Jaffery-2048x1365.jpg 2048w\" sizes=\"auto, (max-width: 1024px) 100vw, 1024px\" \/><span class=\"t2-image-credit\">\n\t\t\t\t<button type=\"button\" class=\"t2-image-credit-toggle\" aria-expanded=\"false\" aria-controls=\"image-credit-1\" aria-label=\"Toggle image credit\"><svg xmlns=\"http:\/\/www.w3.org\/2000\/svg\" viewBox=\"0 0 24 24\" height=\"24\" width=\"24\" class=\"t2-icon t2-icon-info\" aria-hidden=\"true\" focusable=\"false\"><path d=\"M12 17c.3 0 .5-.1.7-.3s.3-.4.3-.7v-4c0-.3-.1-.5-.3-.7-.2-.2-.4-.3-.7-.3s-.5.1-.7.3c-.2.2-.3.4-.3.7v4c0 .3.1.5.3.7s.4.3.7.3zm0-8c.3 0 .5-.1.7-.3.2-.2.3-.4.3-.7 0-.3-.1-.5-.3-.7-.2-.2-.4-.3-.7-.3s-.5.1-.7.3c-.2.2-.3.4-.3.7 0 .3.1.5.3.7.2.2.4.3.7.3zm0 13c-1.4 0-2.7-.3-3.9-.8-1.2-.5-2.3-1.2-3.2-2.1s-1.6-2-2.1-3.2S2 13.4 2 12s.3-2.7.8-3.9S4 5.8 4.9 4.9s2-1.6 3.2-2.1S10.6 2 12 2s2.7.3 3.9.8 2.3 1.2 3.2 2.1 1.6 2 2.1 3.2c.5 1.2.8 2.5.8 3.9s-.3 2.7-.8 3.9c-.5 1.2-1.2 2.3-2.1 3.2s-2 1.6-3.2 2.1c-1.2.5-2.5.8-3.9.8z\" fill=\"currentColor\" \/><\/svg><\/button>\n\t\t\t\t<span class=\"t2-image-credit-text wp-element-caption\" id=\"image-credit-1\" hidden>Foto: \u00a9 Ilja C. Hendel<\/span>\n\t\t\t<\/span><\/div><figcaption class=\"wp-element-caption\">Kultur- og likestillingsminister Lubna Jaffery (AP), Foto: Ilja C. Hendel\/Kultur- og<br>likestillingsdepartementet<\/figcaption><\/figure>\n\n\n\n<h2 class=\"wp-block-heading\">Statssekret\u00e6r Kjetil Vevle, Arbeids- og inkluderingsdepartementet<\/h2>\n\n\n\n<p>Kjetil Vevle er f\u00f8dt i 1987, oppvokst i Odda og bosatt i Oslo. Vevle har tidligere jobbet i Norsk Hydro, Kommunal- og moderniseringsdepartementet, Public Services International,<br>Fagforbundet og ZERO. Av politisk erfaring har han bl.a. v\u00e6rt sentralstyremedlem i AUF og<br>leder av AUF i Hordaland, og bystyremedlem i Bergen for Arbeiderpartiet. Vevle har studert administrasjon- og organisasjonsvitenskap ved Universitetet i Bergen, og PR- og<br>kommunikasjonsledelse ved Handelsh\u00f8yskolen BI. Kjetil Vevle ble utnevnt som<br>statssekret\u00e6r i Arbeids- og inkluderingsdepartementet 16. oktober 2023. Han har tidligere v\u00e6rt statssekret\u00e6r i Kunnskapsdepartementet, Finansdepartementet, Olje- og<br>energidepartementet og p\u00e5 Statsministerens kontor i perioden fra regjeringen tiltr\u00e5dte 14. oktober 2021.<\/p>\n\n\n\n<figure class=\"wp-block-image size-large\"><img loading=\"lazy\" decoding=\"async\" width=\"1024\" height=\"683\" src=\"https:\/\/files.teststeder.regjeringen.no\/wpuploads01\/sites\/513\/2025\/04\/kjetil_vevle-1024x683.png\" alt=\"\" class=\"wp-image-348\" srcset=\"https:\/\/files.teststeder.regjeringen.no\/wpuploads01\/sites\/513\/2025\/04\/kjetil_vevle-1024x683.png 1024w, https:\/\/files.teststeder.regjeringen.no\/wpuploads01\/sites\/513\/2025\/04\/kjetil_vevle-300x200.png 300w, https:\/\/files.teststeder.regjeringen.no\/wpuploads01\/sites\/513\/2025\/04\/kjetil_vevle-768x512.png 768w, https:\/\/files.teststeder.regjeringen.no\/wpuploads01\/sites\/513\/2025\/04\/kjetil_vevle-1536x1024.png 1536w, https:\/\/files.teststeder.regjeringen.no\/wpuploads01\/sites\/513\/2025\/04\/kjetil_vevle.png 1620w\" sizes=\"auto, (max-width: 1024px) 100vw, 1024px\" \/><figcaption class=\"wp-element-caption\">Statssekret\u00e6r Kjetil Vevle (AP), Foto: Simen Gald\/ Arbeids- og inkluderingsdepartementet<\/figcaption><\/figure>\n\n\n\n<h2 class=\"wp-block-heading\">Statssekret\u00e6r Anette Kristine Davidsen, Digitaliserings- og forvaltningsdepartementet<\/h2>\n\n\n\n<p>Anette Kristine Davidsen er statssekret\u00e6r i Digitaliserings- og forvaltningsdepartementet<br>(DFD). Hun har tidligere v\u00e6rt politisk r\u00e5dgiver i samme departement og i N\u00e6rings- og<br>fiskeridepartementet. Davidsen er fra Hadsel i Vester\u00e5len, og har tidligere jobbet som blant annet kommunikasjonssjef i industribedriften Nova Sea, som myndighet- og<br>samfunnskontakt i LetSea, og i Agenda Nord-Norge. Hun har v\u00e6rt vararepresentant for<br>Arbeiderpartiet p\u00e5 Stortinget siden 2013.<\/p>\n\n\n\n<figure class=\"wp-block-image size-large\"><div class=\"t2-image-credit-wrapper\"><img loading=\"lazy\" decoding=\"async\" width=\"1024\" height=\"683\" src=\"https:\/\/files.teststeder.regjeringen.no\/wpuploads01\/sites\/513\/2025\/04\/Davidsen-1024x683.jpg\" alt=\"\" class=\"wp-image-349\" srcset=\"https:\/\/files.teststeder.regjeringen.no\/wpuploads01\/sites\/513\/2025\/04\/Davidsen-1024x683.jpg 1024w, https:\/\/files.teststeder.regjeringen.no\/wpuploads01\/sites\/513\/2025\/04\/Davidsen-300x200.jpg 300w, https:\/\/files.teststeder.regjeringen.no\/wpuploads01\/sites\/513\/2025\/04\/Davidsen-768x512.jpg 768w, https:\/\/files.teststeder.regjeringen.no\/wpuploads01\/sites\/513\/2025\/04\/Davidsen-1536x1024.jpg 1536w, https:\/\/files.teststeder.regjeringen.no\/wpuploads01\/sites\/513\/2025\/04\/Davidsen-2048x1365.jpg 2048w\" sizes=\"auto, (max-width: 1024px) 100vw, 1024px\" \/><span class=\"t2-image-credit\">\n\t\t\t\t<button type=\"button\" class=\"t2-image-credit-toggle\" aria-expanded=\"false\" aria-controls=\"image-credit-2\" aria-label=\"Toggle image credit\"><svg xmlns=\"http:\/\/www.w3.org\/2000\/svg\" viewBox=\"0 0 24 24\" height=\"24\" width=\"24\" class=\"t2-icon t2-icon-info\" aria-hidden=\"true\" focusable=\"false\"><path d=\"M12 17c.3 0 .5-.1.7-.3s.3-.4.3-.7v-4c0-.3-.1-.5-.3-.7-.2-.2-.4-.3-.7-.3s-.5.1-.7.3c-.2.2-.3.4-.3.7v4c0 .3.1.5.3.7s.4.3.7.3zm0-8c.3 0 .5-.1.7-.3.2-.2.3-.4.3-.7 0-.3-.1-.5-.3-.7-.2-.2-.4-.3-.7-.3s-.5.1-.7.3c-.2.2-.3.4-.3.7 0 .3.1.5.3.7.2.2.4.3.7.3zm0 13c-1.4 0-2.7-.3-3.9-.8-1.2-.5-2.3-1.2-3.2-2.1s-1.6-2-2.1-3.2S2 13.4 2 12s.3-2.7.8-3.9S4 5.8 4.9 4.9s2-1.6 3.2-2.1S10.6 2 12 2s2.7.3 3.9.8 2.3 1.2 3.2 2.1 1.6 2 2.1 3.2c.5 1.2.8 2.5.8 3.9s-.3 2.7-.8 3.9c-.5 1.2-1.2 2.3-2.1 3.2s-2 1.6-3.2 2.1c-1.2.5-2.5.8-3.9.8z\" fill=\"currentColor\" \/><\/svg><\/button>\n\t\t\t\t<span class=\"t2-image-credit-text wp-element-caption\" id=\"image-credit-2\" hidden>Foto: Thomas Brun NTB<\/span>\n\t\t\t<\/span><\/div><figcaption class=\"wp-element-caption\">Statssekret\u00e6r Anette Kristine Davidsen (AP), Foto: Trond. A Isaksen<\/figcaption><\/figure>\n\n\n\n<h2 class=\"wp-block-heading\">Statssekret\u00e6r Synn\u00f8ve Mjeldheim Skaar, Kunnskapsdepartementet<\/h2>\n\n\n\n<p>Skaar (f. 1986) er fra Rennes\u00f8y i Rogaland. Hun tok f\u00f8rst en bachelorgrad i<br>sammenliknende politikk ved Universitetet i Bergen og deretter en mastergrad i politisk teori fra University College London. Som student var hun leder av Studentparlamentet ved Universitetet i Bergen. I 2014 ble hun politisk r\u00e5dgiver p\u00e5 Stortinget for Arbeiderpartiet innen kirke, utdanning og forskning. Hun har v\u00e6rt sekretariatsnestleder for Ap p\u00e5 Stortinget og konstituert statssekret\u00e6r p\u00e5 Statsministerens kontor. Hun er n\u00e5 statssekret\u00e6r for kunnskapsminister Kari Nessa Nordtun.<\/p>\n\n\n\n<figure class=\"wp-block-image size-large\"><img loading=\"lazy\" decoding=\"async\" width=\"1024\" height=\"683\" src=\"https:\/\/files.teststeder.regjeringen.no\/wpuploads01\/sites\/513\/2025\/04\/skaar_3-1024x683.jpg\" alt=\"\" class=\"wp-image-350\" srcset=\"https:\/\/files.teststeder.regjeringen.no\/wpuploads01\/sites\/513\/2025\/04\/skaar_3-1024x683.jpg 1024w, https:\/\/files.teststeder.regjeringen.no\/wpuploads01\/sites\/513\/2025\/04\/skaar_3-300x200.jpg 300w, https:\/\/files.teststeder.regjeringen.no\/wpuploads01\/sites\/513\/2025\/04\/skaar_3-768x512.jpg 768w, https:\/\/files.teststeder.regjeringen.no\/wpuploads01\/sites\/513\/2025\/04\/skaar_3-1536x1024.jpg 1536w, https:\/\/files.teststeder.regjeringen.no\/wpuploads01\/sites\/513\/2025\/04\/skaar_3-2048x1365.jpg 2048w\" sizes=\"auto, (max-width: 1024px) 100vw, 1024px\" \/><figcaption class=\"wp-element-caption\">Statssekret\u00e6r Synn\u00f8ve Mjeldheim Skaar (AP)<\/figcaption><\/figure>\n\n\n\n<h2 class=\"wp-block-heading\">Statssekret\u00e6r Emil Raaen, Kommunal- og distriktsdepartementet<\/h2>\n\n\n\n<p>Emil Raaen (f. 1975) er statssekret\u00e6r i Kommunal- og distriktsdepartementet. Raaen<br>kommer fra Trondheim, og var Arbeiderpartiets ordf\u00f8rerkandidat der i 2023. Han har<br>sittet to perioder i Trondheim kommunestyre, og har ogs\u00e5 v\u00e6rt kommunedirekt\u00f8r i<br>tidligere Bjugn kommune og ledet sammensl\u00e5ingsprosessen og var kommunedirekt\u00f8r<br>i nye \u00d8rland kommune. Han har ogs\u00e5 jobbet som l\u00e6rer og konsulent.<\/p>\n\n\n\n<figure class=\"wp-block-image size-full is-resized\"><img loading=\"lazy\" decoding=\"async\" width=\"624\" height=\"478\" src=\"https:\/\/files.teststeder.regjeringen.no\/wpuploads01\/sites\/513\/2025\/04\/emil4_web1.png\" alt=\"\" class=\"wp-image-352\" style=\"width:670px;height:auto\" srcset=\"https:\/\/files.teststeder.regjeringen.no\/wpuploads01\/sites\/513\/2025\/04\/emil4_web1.png 624w, https:\/\/files.teststeder.regjeringen.no\/wpuploads01\/sites\/513\/2025\/04\/emil4_web1-300x230.png 300w\" sizes=\"auto, (max-width: 624px) 100vw, 624px\" \/><figcaption class=\"wp-element-caption\">Statssekret\u00e6r Emil Raaen (Ap)<\/figcaption><\/figure>\n","protected":false},"excerpt":{"rendered":"<p>Arbeids- og inkluderingsminister Tonje Brenna Tonje Brenna er arbeids- og inkluderingsminister med ansvar for politikken knyttet til arbeidsmarked, arbeidsmilj\u00f8, pensjoner, velferd og inkludering. Fra oktober 2021 til oktober 2023 var hun kunnskapsminister. Brenna har ogs\u00e5 tidligere v\u00e6rt politisk r\u00e5dgiver i justis- og beredskapsdepartementet og ved statsministerens kontor under Stoltenbergs andre regjering. Hun har jobbet i\u2026<\/p>\n","protected":false},"author":3084,"featured_media":0,"parent":0,"menu_order":0,"comment_status":"closed","ping_status":"closed","template":"","meta":{"dss_simple_post_excerpt":"","dss_show_featured_image":true,"dss_show_title":false,"footnotes":""},"class_list":["post-115","page","type-page","status-publish","hentry"],"language":"nb-NO","_links":{"self":[{"href":"https:\/\/teststeder.regjeringen.no\/rnik\/wp-json\/wp\/v2\/pages\/115","targetHints":{"allow":["GET"]}}],"collection":[{"href":"https:\/\/teststeder.regjeringen.no\/rnik\/wp-json\/wp\/v2\/pages"}],"about":[{"href":"https:\/\/teststeder.regjeringen.no\/rnik\/wp-json\/wp\/v2\/types\/page"}],"author":[{"embeddable":true,"href":"https:\/\/teststeder.regjeringen.no\/rnik\/wp-json\/wp\/v2\/users\/3084"}],"replies":[{"embeddable":true,"href":"https:\/\/teststeder.regjeringen.no\/rnik\/wp-json\/wp\/v2\/comments?post=115"}],"version-history":[{"count":3,"href":"https:\/\/teststeder.regjeringen.no\/rnik\/wp-json\/wp\/v2\/pages\/115\/revisions"}],"predecessor-version":[{"id":357,"href":"https:\/\/teststeder.regjeringen.no\/rnik\/wp-json\/wp\/v2\/pages\/115\/revisions\/357"}],"wp:attachment":[{"href":"https:\/\/teststeder.regjeringen.no\/rnik\/wp-json\/wp\/v2\/media?parent=115"}],"curies":[{"name":"wp","href":"https:\/\/api.w.org\/{rel}","templated":true}]}}