{"id":6,"date":"2023-06-16T14:40:58","date_gmt":"2023-06-16T12:40:58","guid":{"rendered":"https:\/\/nettsteder.regjeringen.no\/rnik\/?page_id=6"},"modified":"2025-01-30T10:24:49","modified_gmt":"2025-01-30T09:24:49","slug":"forside","status":"publish","type":"page","link":"https:\/\/teststeder.regjeringen.no\/rnik\/","title":{"rendered":"Forside"},"content":{"rendered":"\n<div class=\"wp-block-cover alignfull is-light\" style=\"min-height:461px;aspect-ratio:unset;\"><span aria-hidden=\"true\" class=\"wp-block-cover__background has-background-dim-0 has-background-dim\"><\/span><img loading=\"lazy\" decoding=\"async\" width=\"1920\" height=\"1080\" class=\"wp-block-cover__image-background wp-image-74\" alt=\"\" src=\"https:\/\/files.teststeder.regjeringen.no\/wpuploads01\/sites\/513\/2022\/08\/AID_webbanner_1920x1080.png\" style=\"object-position:45% 58%\" data-object-fit=\"cover\" data-object-position=\"45% 58%\" srcset=\"https:\/\/files.teststeder.regjeringen.no\/wpuploads01\/sites\/513\/2022\/08\/AID_webbanner_1920x1080.png 1920w, https:\/\/files.teststeder.regjeringen.no\/wpuploads01\/sites\/513\/2022\/08\/AID_webbanner_1920x1080-300x169.png 300w, https:\/\/files.teststeder.regjeringen.no\/wpuploads01\/sites\/513\/2022\/08\/AID_webbanner_1920x1080-1024x576.png 1024w, https:\/\/files.teststeder.regjeringen.no\/wpuploads01\/sites\/513\/2022\/08\/AID_webbanner_1920x1080-768x432.png 768w, https:\/\/files.teststeder.regjeringen.no\/wpuploads01\/sites\/513\/2022\/08\/AID_webbanner_1920x1080-1536x864.png 1536w, https:\/\/files.teststeder.regjeringen.no\/wpuploads01\/sites\/513\/2022\/08\/AID_webbanner_1920x1080-1200x675.png 1200w\" sizes=\"auto, (max-width: 1920px) 100vw, 1920px\" \/><div class=\"wp-block-cover__inner-container is-layout-flow wp-block-cover-is-layout-flow\">\n<p class=\"has-text-align-center has-black-color has-text-color\" style=\"font-size:clamp(29.303px, 1.831rem + ((1vw - 3.2px) * 2.679), 51px);\"><strong>Regjeringens nasjonale integreringskonferanse 2025<\/strong><\/p>\n\n\n\n<h2 class=\"wp-block-heading has-text-align-center has-medium-font-size\">Inkluderende arbeidsliv og inkluderende samfunn<\/h2>\n\n\n\n<h2 class=\"wp-block-heading has-text-align-center has-medium-font-size\">Tirsdag 13. mai 2025, Oslo <\/h2>\n<\/div><\/div>\n\n\n\n<div class=\"wp-block-group alignwide is-layout-constrained wp-block-group-is-layout-constrained\">\n<figure class=\"wp-block-embed aligncenter is-type-video is-provider-screen-9 wp-block-embed-screen-9 wp-embed-aspect-16-9 wp-has-aspect-ratio\"><div class=\"wp-block-embed__wrapper\">\n<iframe loading=\"lazy\" title=\"Integreringskonferanse 2024\" allow=\"autoplay; fullscreen\" allowfullscreen height=\"281\" referrerpolicy=\"no-referrer-when-downgrade\" src=\"https:\/\/qcnl.tv\/e\/JNH-1m0hMAjinuJ-2ei96A?ratio=0.5619999999999999\" style=\"border:0;\" width=\"500\"><\/iframe><script type=\"application\/ld+json\">{\"@context\": \"https:\/\/schema.org\", \"@type\": \"VideoObject\", \"description\": \"Integreringskonferanse 2024\", \"name\": \"Integreringskonferanse 2024\", \"thumbnailUrl\": [\"https:\/\/tv24.regjeringen.no\/img\/P\/i\/PimGBSGvhq_2n2eeTwpH0A_image\/thumb.jpg?v=2\", \"https:\/\/tv24.regjeringen.no\/img\/P\/i\/PimGBSGvhq_2n2eeTwpH0A_image\/144p.jpg?v=2\", \"https:\/\/tv24.regjeringen.no\/img\/P\/i\/PimGBSGvhq_2n2eeTwpH0A_image\/240p.jpg?v=2\", \"https:\/\/tv24.regjeringen.no\/img\/P\/i\/PimGBSGvhq_2n2eeTwpH0A_image\/360p.jpg?v=2\", \"https:\/\/tv24.regjeringen.no\/img\/P\/i\/PimGBSGvhq_2n2eeTwpH0A_image\/480p.jpg?v=2\", \"https:\/\/tv24.regjeringen.no\/img\/P\/i\/PimGBSGvhq_2n2eeTwpH0A_image\/720p.jpg?v=2\", \"https:\/\/tv24.regjeringen.no\/img\/P\/i\/PimGBSGvhq_2n2eeTwpH0A_image\/image.jpg?v=2\"], \"uploadDate\": \"2024-05-29T12:16:50Z\", \"duration\": \"PT2H47M50S\", \"interactionStatistic\": {\"@type\": \"InteractionCounter\", \"interactionType\": \"https:\/\/schema.org\/WatchAction\", \"userInteractionCount\": 254}, \"embedUrl\": \"https:\/\/qcnl.tv\/e\/JNH-1m0hMAjinuJ-2ei96A?ratio=0.5619999999999999\"}<\/script>\n<\/div><figcaption class=\"wp-element-caption\">Dette er opptaket fra konferansen i 2024<\/figcaption><\/figure>\n\n\n\n<p class=\"has-text-align-center\"><\/p>\n\n\n\n<p class=\"has-text-align-center\">Regjeringens hovedm\u00e5l for integreringsarbeidet, er \u00e5 f\u00e5 flere i arbeid, bygge sterke felleskap og gode fellesarenaer, fremme likestilling og bekjempe negativ sosial kontroll. <\/p>\n\n\n\n<p><\/p>\n\n\n\n<p class=\"has-text-align-center\">Konferansen har som m\u00e5l \u00e5 gi lokale innvandrerorganisasjoner, innvandrerr\u00e5d og andre akt\u00f8rer anledning til \u00e5 dele sine erfaringer og synspunkter direkte med sentrale politikere og forvaltningen.<\/p>\n\n\n\n<p class=\"has-text-align-center\">Hovedtema for \u00e5rets konferanse vil v\u00e6re <strong><em>Inkluderende arbeidsliv og inkluderende samfunn. &nbsp;<\/em><\/strong><\/p>\n\n\n\n<p class=\"has-text-align-center\">Konferansen vil sette s\u00f8kelys p\u00e5 mangfold i arbeidslivet, deltakelse i valg og trygge nabolag.<\/p>\n\n\n\n<p class=\"has-text-align-center\"><strong>Ytterligere informasjon om konferansen vil bli publisert p\u00e5 nettsiden <\/strong><strong><\/strong><\/p>\n\n\n\n<p><\/p>\n\n\n\n<figure class=\"wp-block-image size-full\"><img loading=\"lazy\" decoding=\"async\" width=\"1000\" height=\"667\" src=\"https:\/\/files.teststeder.regjeringen.no\/wpuploads01\/sites\/513\/2024\/05\/Regjeringas-nasjonale-integreringskonferanse-2024-12.png\" alt=\"\" class=\"wp-image-317\" srcset=\"https:\/\/files.teststeder.regjeringen.no\/wpuploads01\/sites\/513\/2024\/05\/Regjeringas-nasjonale-integreringskonferanse-2024-12.png 1000w, https:\/\/files.teststeder.regjeringen.no\/wpuploads01\/sites\/513\/2024\/05\/Regjeringas-nasjonale-integreringskonferanse-2024-12-300x200.png 300w, https:\/\/files.teststeder.regjeringen.no\/wpuploads01\/sites\/513\/2024\/05\/Regjeringas-nasjonale-integreringskonferanse-2024-12-768x512.png 768w\" sizes=\"auto, (max-width: 1000px) 100vw, 1000px\" \/><figcaption class=\"wp-element-caption\">Foto fra 2024: Simen Gald<\/figcaption><\/figure>\n<\/div>\n","protected":false},"excerpt":{"rendered":"<p>Regjeringens hovedm\u00e5l for integreringsarbeidet, er \u00e5 f\u00e5 flere i arbeid, bygge sterke felleskap og gode fellesarenaer, fremme likestilling og bekjempe negativ sosial kontroll. Konferansen har som m\u00e5l \u00e5 gi lokale innvandrerorganisasjoner, innvandrerr\u00e5d og andre akt\u00f8rer anledning til \u00e5 dele sine erfaringer og synspunkter direkte med sentrale politikere og forvaltningen. Hovedtema for \u00e5rets konferanse vil v\u00e6re\u2026<\/p>\n","protected":false},"author":2877,"featured_media":0,"parent":0,"menu_order":0,"comment_status":"closed","ping_status":"closed","template":"","meta":{"dss_simple_post_excerpt":"","dss_show_featured_image":true,"dss_show_title":true,"footnotes":""},"class_list":["post-6","page","type-page","status-publish","hentry"],"language":"nb-NO","_links":{"self":[{"href":"https:\/\/teststeder.regjeringen.no\/rnik\/wp-json\/wp\/v2\/pages\/6","targetHints":{"allow":["GET"]}}],"collection":[{"href":"https:\/\/teststeder.regjeringen.no\/rnik\/wp-json\/wp\/v2\/pages"}],"about":[{"href":"https:\/\/teststeder.regjeringen.no\/rnik\/wp-json\/wp\/v2\/types\/page"}],"author":[{"embeddable":true,"href":"https:\/\/teststeder.regjeringen.no\/rnik\/wp-json\/wp\/v2\/users\/2877"}],"replies":[{"embeddable":true,"href":"https:\/\/teststeder.regjeringen.no\/rnik\/wp-json\/wp\/v2\/comments?post=6"}],"version-history":[{"count":5,"href":"https:\/\/teststeder.regjeringen.no\/rnik\/wp-json\/wp\/v2\/pages\/6\/revisions"}],"predecessor-version":[{"id":341,"href":"https:\/\/teststeder.regjeringen.no\/rnik\/wp-json\/wp\/v2\/pages\/6\/revisions\/341"}],"wp:attachment":[{"href":"https:\/\/teststeder.regjeringen.no\/rnik\/wp-json\/wp\/v2\/media?parent=6"}],"curies":[{"name":"wp","href":"https:\/\/api.w.org\/{rel}","templated":true}]}}