{"id":71,"date":"2023-06-16T14:41:48","date_gmt":"2023-06-16T12:41:48","guid":{"rendered":"https:\/\/nettsteder.regjeringen.no\/rnik\/?page_id=71"},"modified":"2025-04-11T14:23:32","modified_gmt":"2025-04-11T12:23:32","slug":"paralelle-sesjoner","status":"publish","type":"page","link":"https:\/\/teststeder.regjeringen.no\/rnik\/paralelle-sesjoner\/","title":{"rendered":"Bolker"},"content":{"rendered":"\n<p><strong>Bolk 1: Inkluderende arbeidsliv<\/strong><\/p>\n\n\n\n<p>Det er viktig at kompetansen og ressursene til innvandrere blir benyttet p\u00e5 en god m\u00e5te i det norske arbeidslivet. Innvandrere er s\u00e6rlig underrepresentert i offentlig sektor. Selv om flere kommuner og statlige virksomheter er gode til \u00e5 rekruttere mangfoldig, er det likevel et potensial for \u00f8kt rekruttering av innvandrere i offentlig sektor. Forskning viser at uten korrigerende tiltak, vil majoritetsbefolkningen ha en tendens til \u00e5 fortsette \u00e5 rekruttere seg selv. Mange innvandrere har relevant kompetanse og mye \u00e5 bidra med hvis de f\u00e5r sjansen. Hvordan kan vi legge til rette for \u00f8kt rekrutering av innvandrere i offentlig sektor?<\/p>\n\n\n\n<p><strong>Bolk 2: Trygge nabolag<\/strong><\/p>\n\n\n\n<p>Alle barn og unge skal ha en trygg og god oppvekst og like muligheter. Barnehage, skole og fritidsaktiviteter skal bidra til inkludering, fellesskap og vennskap. Noen barn og unge er av ulike \u00e5rsaker i st\u00f8rre risiko enn andre for \u00e5 havne i utenforskap, og det er viktig \u00e5 forebygge dette. Et velkjent ordtak sier at det trengs en landsby for \u00e5 gi barn en god oppvekst. Offentlige tjenester og frivillige organisasjoner er sammen med foreldrene denne landsbyen. Hvordan kan vi skape trygge nabolag der barn og unge kan utvikle seg og trives i barnehagen, i skolen og p\u00e5 fritiden?<\/p>\n\n\n\n<p><strong>Bolk 3: Innvandreres deltakelse i valg og hvordan den kan \u00f8kes<\/strong><\/p>\n\n\n\n<p>\u00c5 kunne stemme i valg er en viktig demokratisk rettighet. For \u00e5 stemme i norske stortingsvalg m\u00e5 man v\u00e6re norsk statsborger, mens det i kommunestyre- og fylkestingsvalg er mulig \u00e5 stemme etter tre \u00e5rs botid i landet. Valgforskningen har vist at det er grupper i samfunnet som sjelden eller aldri stemmer i valg. Selv om det er variasjoner innad i gruppen, er innvandrere overrepresentert blant denne gruppen. Hvordan kan vi bidra til at flere av innvandrerne bruker stemmeretten?<\/p>\n","protected":false},"excerpt":{"rendered":"<p>Bolk 1: Inkluderende arbeidsliv Det er viktig at kompetansen og ressursene til innvandrere blir benyttet p\u00e5 en god m\u00e5te i det norske arbeidslivet. Innvandrere er s\u00e6rlig underrepresentert i offentlig sektor. Selv om flere kommuner og statlige virksomheter er gode til \u00e5 rekruttere mangfoldig, er det likevel et potensial for \u00f8kt rekruttering av innvandrere i offentlig\u2026<\/p>\n","protected":false},"author":2877,"featured_media":0,"parent":0,"menu_order":0,"comment_status":"closed","ping_status":"closed","template":"","meta":{"dss_simple_post_excerpt":"","dss_show_featured_image":true,"dss_show_title":false,"footnotes":""},"class_list":["post-71","page","type-page","status-publish","hentry"],"language":"nb-NO","_links":{"self":[{"href":"https:\/\/teststeder.regjeringen.no\/rnik\/wp-json\/wp\/v2\/pages\/71","targetHints":{"allow":["GET"]}}],"collection":[{"href":"https:\/\/teststeder.regjeringen.no\/rnik\/wp-json\/wp\/v2\/pages"}],"about":[{"href":"https:\/\/teststeder.regjeringen.no\/rnik\/wp-json\/wp\/v2\/types\/page"}],"author":[{"embeddable":true,"href":"https:\/\/teststeder.regjeringen.no\/rnik\/wp-json\/wp\/v2\/users\/2877"}],"replies":[{"embeddable":true,"href":"https:\/\/teststeder.regjeringen.no\/rnik\/wp-json\/wp\/v2\/comments?post=71"}],"version-history":[{"count":3,"href":"https:\/\/teststeder.regjeringen.no\/rnik\/wp-json\/wp\/v2\/pages\/71\/revisions"}],"predecessor-version":[{"id":354,"href":"https:\/\/teststeder.regjeringen.no\/rnik\/wp-json\/wp\/v2\/pages\/71\/revisions\/354"}],"wp:attachment":[{"href":"https:\/\/teststeder.regjeringen.no\/rnik\/wp-json\/wp\/v2\/media?parent=71"}],"curies":[{"name":"wp","href":"https:\/\/api.w.org\/{rel}","templated":true}]}}