{"id":12,"date":"2023-09-28T08:27:56","date_gmt":"2023-09-28T06:27:56","guid":{"rendered":"https:\/\/nettsteder.regjeringen.no\/rushandhevingsutvalget\/?page_id=12"},"modified":"2024-09-04T09:21:58","modified_gmt":"2024-09-04T07:21:58","slug":"medlemmer","status":"publish","type":"page","link":"https:\/\/teststeder.regjeringen.no\/rushandhevingsutvalget\/medlemmer\/","title":{"rendered":"Medlemmer"},"content":{"rendered":"\n<h2 class=\"wp-block-heading\">Utvalgsleder<\/h2>\n\n\n<ul class=\"wp-block-dss-people\">\n<li class=\"wp-block-dss-person\">\t<div class=\"dss-person-image\">\n\t\t<figure>\n\t\t\t<img loading=\"lazy\" decoding=\"async\" width=\"250\" height=\"167\" src=\"https:\/\/files.teststeder.regjeringen.no\/wpuploads01\/sites\/551\/2023\/10\/Hans-Petter-Jahre-foto-scaled.jpg\" class=\"attachment-250x250 size-250x250\" alt=\"\" srcset=\"https:\/\/files.teststeder.regjeringen.no\/wpuploads01\/sites\/551\/2023\/10\/Hans-Petter-Jahre-foto-scaled.jpg 2560w, https:\/\/files.teststeder.regjeringen.no\/wpuploads01\/sites\/551\/2023\/10\/Hans-Petter-Jahre-foto-300x200.jpg 300w, https:\/\/files.teststeder.regjeringen.no\/wpuploads01\/sites\/551\/2023\/10\/Hans-Petter-Jahre-foto-1024x683.jpg 1024w, https:\/\/files.teststeder.regjeringen.no\/wpuploads01\/sites\/551\/2023\/10\/Hans-Petter-Jahre-foto-768x512.jpg 768w, https:\/\/files.teststeder.regjeringen.no\/wpuploads01\/sites\/551\/2023\/10\/Hans-Petter-Jahre-foto-1536x1024.jpg 1536w, https:\/\/files.teststeder.regjeringen.no\/wpuploads01\/sites\/551\/2023\/10\/Hans-Petter-Jahre-foto-2048x1365.jpg 2048w\" sizes=\"auto, (max-width: 250px) 100vw, 250px\" \/>\t\t<\/figure>\n\t<\/div>\n\t<div class=\"dss-person-content\">\n\t\t<h3 class=\"dss-person-name\">Hans-Petter Jahre<\/h3><p class=\"dss-person-position\">Pensjonert lagdommer<\/p><p class=\"dss-person-content\">Hans-Petter Jahre var lagmann i Borgarting lagmannsrett frem til han ble pensjonert i 2022. Han har tidligere arbeidet i Justisdepartements lovavdeling og v\u00e6rt dommerfullmektig og advokat. Han var deretter f\u00f8rstestatsadvokat og nestleder ved \u00d8kokrim og assisterende riksadvokat. Han var dommer i Borgarting lagmannsrett fra 2009. Han har ogs\u00e5 v\u00e6rt leder og medlem av flere utredningsutvalg, bl.a Sanksjonsutvalget og Straffeprosessutvalget.<\/p>\t<\/div>\n\t<\/li>\n<\/ul>\n\n\n<h2 class=\"wp-block-heading\">Medlemmer<\/h2>\n\n\n<ul class=\"wp-block-dss-people\">\n<li class=\"wp-block-dss-person\">\t<div class=\"dss-person-image\">\n\t\t<figure>\n\t\t\t<img loading=\"lazy\" decoding=\"async\" width=\"250\" height=\"167\" src=\"https:\/\/files.teststeder.regjeringen.no\/wpuploads01\/sites\/551\/2023\/10\/Tonje-Vang-foto-scaled.jpg\" class=\"attachment-250x250 size-250x250\" alt=\"\" srcset=\"https:\/\/files.teststeder.regjeringen.no\/wpuploads01\/sites\/551\/2023\/10\/Tonje-Vang-foto-scaled.jpg 2560w, https:\/\/files.teststeder.regjeringen.no\/wpuploads01\/sites\/551\/2023\/10\/Tonje-Vang-foto-300x200.jpg 300w, https:\/\/files.teststeder.regjeringen.no\/wpuploads01\/sites\/551\/2023\/10\/Tonje-Vang-foto-1024x683.jpg 1024w, https:\/\/files.teststeder.regjeringen.no\/wpuploads01\/sites\/551\/2023\/10\/Tonje-Vang-foto-768x512.jpg 768w, https:\/\/files.teststeder.regjeringen.no\/wpuploads01\/sites\/551\/2023\/10\/Tonje-Vang-foto-1536x1024.jpg 1536w, https:\/\/files.teststeder.regjeringen.no\/wpuploads01\/sites\/551\/2023\/10\/Tonje-Vang-foto-2048x1365.jpg 2048w\" sizes=\"auto, (max-width: 250px) 100vw, 250px\" \/>\t\t<\/figure>\n\t<\/div>\n\t<div class=\"dss-person-content\">\n\t\t<h3 class=\"dss-person-name\">Tonje Vang<\/h3><p class=\"dss-person-position\">lagmann<\/p><p class=\"dss-person-content\">Tonje Vang er lagmann i Borgarting lagmannsrett. Hun har v\u00e6rt dommer i Borgarting lagmannsrett fra 2011 og har tidligere jobbet som utreder i H\u00f8yesterett, som advokat og som dommerfullmektig.<\/p>\t<\/div>\n\t<\/li>\n\n<li class=\"wp-block-dss-person\">\t<div class=\"dss-person-image\">\n\t\t<figure>\n\t\t\t<img loading=\"lazy\" decoding=\"async\" width=\"200\" height=\"250\" src=\"https:\/\/files.teststeder.regjeringen.no\/wpuploads01\/sites\/551\/2023\/10\/Foto-Oyen.jpg\" class=\"attachment-250x250 size-250x250\" alt=\"\" srcset=\"https:\/\/files.teststeder.regjeringen.no\/wpuploads01\/sites\/551\/2023\/10\/Foto-Oyen.jpg 400w, https:\/\/files.teststeder.regjeringen.no\/wpuploads01\/sites\/551\/2023\/10\/Foto-Oyen-240x300.jpg 240w\" sizes=\"auto, (max-width: 200px) 100vw, 200px\" \/>\t\t<\/figure>\n\t<\/div>\n\t<div class=\"dss-person-content\">\n\t\t<h3 class=\"dss-person-name\">\u00d8rnulf \u00d8yen<\/h3><p class=\"dss-person-position\">professor<\/p><p class=\"dss-person-content\">\u00d8rnulf \u00d8yen har arbeidet ved Universitetet i Bergen siden 2005, fra 2014 som professor. F\u00f8r 2005 arbeidet han i Justisdepartementets lovavdeling og var dommerfullmektig, politiadvokat, advokatfullmektig og konstituert tingrettsdommer. Etter 2005 har han i perioder v\u00e6rt konstituert som dommer i tingrett og lagmannsrett.<\/p>\t<\/div>\n\t<\/li>\n<\/ul>\n\n\n<p>Utvalgets sekret\u00e6r har v\u00e6rt Jens Johannes Anden\u00e6s.<\/p>\n\n\n\n<p><\/p>\n","protected":false},"excerpt":{"rendered":"<p>Utvalgsleder Medlemmer Utvalgets sekret\u00e6r har v\u00e6rt Jens Johannes Anden\u00e6s.<\/p>\n","protected":false},"author":2877,"featured_media":0,"parent":0,"menu_order":0,"comment_status":"closed","ping_status":"closed","template":"","meta":{"dss_simple_post_excerpt":"","dss_show_featured_image":true,"footnotes":""},"class_list":["post-12","page","type-page","status-publish","hentry"],"language":"nb-NO","_links":{"self":[{"href":"https:\/\/teststeder.regjeringen.no\/rushandhevingsutvalget\/wp-json\/wp\/v2\/pages\/12","targetHints":{"allow":["GET"]}}],"collection":[{"href":"https:\/\/teststeder.regjeringen.no\/rushandhevingsutvalget\/wp-json\/wp\/v2\/pages"}],"about":[{"href":"https:\/\/teststeder.regjeringen.no\/rushandhevingsutvalget\/wp-json\/wp\/v2\/types\/page"}],"author":[{"embeddable":true,"href":"https:\/\/teststeder.regjeringen.no\/rushandhevingsutvalget\/wp-json\/wp\/v2\/users\/2877"}],"replies":[{"embeddable":true,"href":"https:\/\/teststeder.regjeringen.no\/rushandhevingsutvalget\/wp-json\/wp\/v2\/comments?post=12"}],"version-history":[{"count":3,"href":"https:\/\/teststeder.regjeringen.no\/rushandhevingsutvalget\/wp-json\/wp\/v2\/pages\/12\/revisions"}],"predecessor-version":[{"id":899,"href":"https:\/\/teststeder.regjeringen.no\/rushandhevingsutvalget\/wp-json\/wp\/v2\/pages\/12\/revisions\/899"}],"wp:attachment":[{"href":"https:\/\/teststeder.regjeringen.no\/rushandhevingsutvalget\/wp-json\/wp\/v2\/media?parent=12"}],"curies":[{"name":"wp","href":"https:\/\/api.w.org\/{rel}","templated":true}]}}