{"id":52,"date":"2023-11-17T10:08:00","date_gmt":"2023-11-17T09:08:00","guid":{"rendered":"https:\/\/nettsteder.regjeringen.no\/samboerlovutvalget\/?page_id=52"},"modified":"2025-01-28T15:13:06","modified_gmt":"2025-01-28T14:13:06","slug":"utvalgets-arbeid","status":"publish","type":"page","link":"https:\/\/teststeder.regjeringen.no\/samboerlovutvalget\/utvalgets-arbeid\/","title":{"rendered":"Utvalgets arbeid"},"content":{"rendered":"\n<h2 class=\"wp-block-heading\"><strong>Utvalgsm\u00f8te 24. april 2023<\/strong><\/h2>\n\n\n\n<p>Samboerlovutvalget gjennomf\u00f8rte f\u00f8rste utvalgsm\u00f8te 24. april 2023 i Oslo. Utvalget dr\u00f8ftet blant annet mandatet og de sentrale problemstillingene som mandatet reiser.<\/p>\n\n\n\n<h2 class=\"wp-block-heading\"><strong>Utvalgsm\u00f8te 19. juni 2023. Innspillsm\u00f8te<\/strong><\/h2>\n\n\n\n<p>Samboerlovutvalget avholdt sitt andre m\u00f8te 19. juni 2023 p\u00e5 et konferansehotell ved Gardermoen. Margareta Brattstr\u00f6m, dommer i H\u00f6gsta domstolen i Sverige (H\u00f8yesterett) og tidligere professor ved Uppsala universitet var invitert til \u00e5 redegj\u00f8re for den svenske samboerlovgivningen. Ogs\u00e5 Juridisk r\u00e5dgivning for kvinner (JURK) ved fagr\u00e5dgiver Thea Austgulen og saksbehandlerne Nora Bergstr\u00f8m og Silje Maria S\u00f8rum var inviterte for \u00e5 redegj\u00f8re for JURKs erfaringer med r\u00e5dgivning om samboersp\u00f8rsm\u00e5l. <\/p>\n\n\n\n<h2 class=\"wp-block-heading\"><strong>Utvalgsm\u00f8te 1. september 2023. Innspillsm\u00f8te<\/strong><\/h2>\n\n\n\n<p>Samboerlovutvalget gjennomf\u00f8rte tredje utvalgsm\u00f8te 1. september 2023 i departementenes m\u00f8telokaler i Oslo. Utvalget arrangerte samme dag et innspillsm\u00f8te hvor representanter fra f\u00f8lgende inviterte interesseorganisasjoner- og foreninger deltok:<\/p>\n\n\n\n<ul class=\"wp-block-list is-layout-flow wp-block-list-is-layout-flow\">\n<li>Foreningen 2 Foreldre v\/leder Rune Harald R\u00e6kken<\/li>\n\n\n\n<li>Huseiernes landsforbund v\/advokat Marianne Aarbakke<\/li>\n\n\n\n<li>Kirker\u00e5det v\/teologisk r\u00e5dgiver Thomas Berbom (Bispem\u00f8tet)<\/li>\n\n\n\n<li>LIM v\/daglig leder Sarah Gaulin<\/li>\n\n\n\n<li>MiRA-senteret v\/nestleder Khansa Ali<\/li>\n\n\n\n<li>Norges Bondelag v\/advokat Elise Midling-Hansen<\/li>\n\n\n\n<li>Norske Kvinners Sanitetsforening v\/advokat Laila Thomassen<\/li>\n\n\n\n<li>Senior Norge v\/tidl. advokat\/pensjonist Audhild Freberg Iversen<\/li>\n\n\n\n<li>Pensjonistforbundet v\/tidl. advokat\/pensjonist Ragnhild Marie Hagen (via videolink)<\/li>\n<\/ul>\n\n\n\n<p>Alle representantene holdt et kort muntlig innlegg om organisasjonens synspunkter, s\u00e6rlig knyttet til behovet for en regulering av de \u00f8konomiske forholdene mellom samboere og hvilke hensyn som b\u00f8r ivaretas ved en eventuell regulering.<\/p>\n\n\n\n<p>I tillegg var f\u00f8lgende organisasjoner invitert, men deltok ikke p\u00e5 m\u00f8tet:<\/p>\n\n\n\n<ul class=\"wp-block-list is-layout-flow wp-block-list-is-layout-flow\">\n<li>Aleneforeldreforeningen<\/li>\n\n\n\n<li>Finans Norge<\/li>\n\n\n\n<li>FRI<\/li>\n\n\n\n<li>Islamsk R\u00e5d Norge<\/li>\n\n\n\n<li>LO (har formidlet skriftlige synspunkter)<\/li>\n\n\n\n<li>NHO<\/li>\n\n\n\n<li>Norges Bygdekvinnelag<\/li>\n\n\n\n<li>Norsk Bonde- og Sm\u00e5brukarlag<\/li>\n\n\n\n<li>Norsk studentorganisasjon<\/li>\n\n\n\n<li>Norske Reindriftsamers Landsforbund<\/li>\n\n\n\n<li>Redd Barna<\/li>\n\n\n\n<li>S\u00e1mi NissonForum<\/li>\n<\/ul>\n\n\n\n<h2 class=\"wp-block-heading\"><strong>Utvalgsm\u00f8te 29. september 2023. Innspillsm\u00f8te<\/strong><\/h2>\n\n\n\n<p>Fjerde utvalgsm\u00f8te i Samboerlovutvalget ble holdt 29. september 2023 i departementenes m\u00f8telokaler i Oslo. Utvalgsm\u00f8tet ble kombinert med seminar med forskere og statistikere, med form\u00e5l om \u00e5 kartlegge kunnskapen om samboeres \u00f8konomiske forhold. F\u00f8lgende forskere var inviterte til m\u00f8tet:<\/p>\n\n\n\n<ul class=\"wp-block-list is-layout-flow wp-block-list-is-layout-flow\">\n<li>Kenneth Wiik (forsker p\u00e5 familiedemografi, Statistisk sentralbyr\u00e5)<\/li>\n\n\n\n<li>Professor i markedsf\u00f8ring Ellen Katrine Nyhus (Handelsh\u00f8yskolen ved Universitetet i Agder)<\/li>\n\n\n\n<li>Postdoktorstipendiat Helene Onshuus (Institutt for samfunns\u00f8konomi, BI)<\/li>\n\n\n\n<li>Professor i sosiologi Liv Syltevik (Sosiologisk institutt, Universitetet i Bergen)<\/li>\n\n\n\n<li>Dr. philos og sosiolog Turid Noack (pensjonist\/tidligere forsker ved Statistisk sentralbyr\u00e5<\/li>\n\n\n\n<li>Professor i sosiologi Torkild Hovde Lyngstad (Institutt for sosiologi og samfunnsgeografi, Universitetet i Oslo) (deltok ikke).<\/li>\n<\/ul>\n\n\n\n<h2 class=\"wp-block-heading\"><strong>Utvalgsm\u00f8te 30. oktober 2023. Innspillsm\u00f8te<\/strong><\/h2>\n\n\n\n<p>Femte utvalgsm\u00f8te ble avholdt 30. oktober 2023 i departementenes m\u00f8telokaler i Oslo. Utvalget arrangerte samtidig et innspillsm\u00f8te hvor representanter fra f\u00f8lgende inviterte offentlige etater deltok og formidlet sine innspill til mandatet:<\/p>\n\n\n\n<ul class=\"wp-block-list is-layout-flow wp-block-list-is-layout-flow\">\n<li><strong>Barne-, ungdoms- og familiedirektoratet (Bufdir):&nbsp;<\/strong><\/li>\n\n\n\n<li>Marija Nissen Rosenqvist (avdelingsdirekt\u00f8r, Ekteskapsrett og rettferdsvederlag)<\/li>\n\n\n\n<li>Ragnhild Matre (seniorr\u00e5dgiver ekteskapsrett)<\/li>\n\n\n\n<li>\u00c5shild Marie Gr\u00f8nnings\u00e6ter Vige (seniorr\u00e5dgiver likestilling)<\/li>\n\n\n\n<li>May Helen Schanche (leder, Nasjonalt samisk kompetansesenter \/ Indre Finnmark Familievernkontor, Bufetat region Nord. Deltok via videolink)<\/li>\n\n\n\n<li><strong>Skatteetaten:<\/strong><\/li>\n\n\n\n<li>Marianne Holmen (seniorskattejurist, Skattedirektoratet, Juridisk avdeling, S\u00e6ravgift)<\/li>\n\n\n\n<li>Dag Bj\u00f8rke Bremer (seniorskattejurist, Skattedirektoratet, Juridisk avdeling, S\u00e6ravgift)<\/li>\n\n\n\n<li>Folkeregister: Bente Bj\u00f8rke (seniorskattejurist, Divisjon Informasjonsforvaltning, Juridisk stab)<\/li>\n\n\n\n<li>Innkreving: Philip H\u00f8stmark L\u00f8ve (Divisjon innkreving, Juridisk stab).<\/li>\n\n\n\n<li><strong>Datatilsynet<\/strong>:<\/li>\n\n\n\n<li>Susanne Lie (juridisk fagdirekt\u00f8r)<\/li>\n\n\n\n<li><strong>Likestillings- og diskrimineringsombudet<\/strong>:<\/li>\n\n\n\n<li>Camilla Winterst\u00f8 (r\u00e5dgiver)<\/li>\n\n\n\n<li><strong>Oslo tingrett avdeling 8 \u2013 byfogdsaker<\/strong>:<\/li>\n\n\n\n<li>Hanne Tenden (avdelingsleder\/dommer)<\/li>\n\n\n\n<li><strong>Namsfogden i Oslo, Asker og B\u00e6rum (m\u00f8tte i samr\u00e5d med Politidirektoratet)<\/strong><\/li>\n\n\n\n<li>Cecilie Tho (seniorr\u00e5dgiver)<\/li>\n\n\n\n<li>Petter Sveen (seniorr\u00e5dgiver)<\/li>\n<\/ul>\n\n\n\n<p>I tillegg var f\u00f8lgende organisasjoner invitert, men deltok ikke:<\/p>\n\n\n\n<ul class=\"wp-block-list is-layout-flow wp-block-list-is-layout-flow\">\n<li>Barneombudet<\/li>\n\n\n\n<li>Br\u00f8nn\u00f8ysundregistrene<\/li>\n\n\n\n<li>Digitaliseringsdirektoratet<\/li>\n\n\n\n<li>Finansklagenemnda<\/li>\n\n\n\n<li>Forbrukerr\u00e5det<\/li>\n\n\n\n<li>Husbanken<\/li>\n\n\n\n<li>Husleietvistutvalget<\/li>\n\n\n\n<li>Kartverket<\/li>\n\n\n\n<li>Landbruksdirektoratet<\/li>\n\n\n\n<li>L\u00e5nekassen<\/li>\n\n\n\n<li>NAV<\/li>\n\n\n\n<li>Norges institusjon for menneskerettigheter<\/li>\n\n\n\n<li>Sametinget<\/li>\n\n\n\n<li>Sivilrettsforvaltningen<\/li>\n\n\n\n<li>Utlendingsdirektoratet<\/li>\n<\/ul>\n\n\n\n<h2 class=\"wp-block-heading\"><strong>Nordisk arbeidsseminar 28. &#8211; 29. november 2023<\/strong><\/h2>\n\n\n\n<p>Over to dager arrangerte Samboerlovutvalget et arbeidsseminar med deltakelse av spesialister innen familierett fra hele Norden. Deltakerne holdt innledninger om nordisk samboerrett og komparativ rett, det ble gjennomf\u00f8rt rundebordssamtale og paneldebatt.<\/p>\n\n\n\n<p>I tillegg til utvalgets medlemmer deltok f\u00f8lgende personer:<\/p>\n\n\n\n<ul class=\"wp-block-list is-layout-flow wp-block-list-is-layout-flow\">\n<li>Professor (emerita) Ingrid Lund-Andersen (DA)<\/li>\n\n\n\n<li>Professor Jens Scherpe (DA\/TY)<\/li>\n\n\n\n<li>Universitetslektor Katja Karjalainen (FI)<\/li>\n\n\n\n<li>Professor Hrefna Fri\u00f0riksd\u00f3ttir (IS)<\/li>\n\n\n\n<li>Professor John Asland (NO)<\/li>\n\n\n\n<li>Professor G\u00f6ran Lind (SE)<\/li>\n\n\n\n<li>Dr. juris Kajsa Walleng (SE)<\/li>\n<\/ul>\n\n\n\n<p>Universitetslektor Ph.d. Gitte Meldgaard Abrahamsen (DA) meldte avbud til m\u00f8tet. <\/p>\n\n\n\n<h2 class=\"wp-block-heading\"><strong>Utvalgsm\u00f8te 30. november 2023<\/strong><\/h2>\n\n\n\n<p>Utvalget avholdt ordin\u00e6rt utvalgsm\u00f8te 30. november 2023 i Oslo. <\/p>\n\n\n\n<h2 class=\"wp-block-heading\"><strong>Utvalgsm\u00f8te 8. januar 2024<\/strong><\/h2>\n\n\n\n<p>Utvalget avholdt ordin\u00e6rt utvalgsm\u00f8te  mandag 8. januar 2024  i Oslo.<\/p>\n\n\n\n<h2 class=\"wp-block-heading\"><strong>Utvalgsm\u00f8te 6. februar 2024<\/strong><\/h2>\n\n\n\n<p>Utvalget avholdt ordin\u00e6rt utvalgsm\u00f8te tirsdag 6. februar 2024  i Oslo. <\/p>\n\n\n\n<h2 class=\"wp-block-heading\"><strong>Utvalgsm\u00f8te 15. mars 2024<\/strong><\/h2>\n\n\n\n<p>Utvalget avholdt ordin\u00e6rt utvalgsm\u00f8te fredag 15. mars 2024  i Oslo.<\/p>\n\n\n\n<h2 class=\"wp-block-heading\"><strong>Utvalgsm\u00f8te 7. mai 2024. Innspillsm\u00f8te og dialogm\u00f8te<\/strong><\/h2>\n\n\n\n<p>Utvalget avholdt utvalgsm\u00f8te nr. 9 tirsdag 7. mai 2024  i Oslo. <\/p>\n\n\n\n<p>Utvalgsm\u00f8te ble kombinert med to digitale m\u00f8ter med eksterne deltakere. <\/p>\n\n\n\n<p>F\u00f8rste m\u00f8te gjaldt samboerforhold og urfolksinteresser. Deltakerne holdt en innledning hvor de formidlet sine innspill, og det ble deretter avholdt rundebordssamtale. F\u00f8lgende personer deltok (digitalt): <\/p>\n\n\n\n<ul class=\"wp-block-list is-layout-flow wp-block-list-is-layout-flow\">\n<li>Finn-Arne Selfors, tidligere sorenskriver, Indre og \u00d8stre Finnmark tingrett (Tana)&nbsp;<\/li>\n\n\n\n<li>May-Helen Schanche, Nasjonalt samisk kompetansesenter\/Familievernkontoret Indre Finnmark (Karasjok)&nbsp;<\/li>\n\n\n\n<li>Ingar Nikolaisen Kuoljok, advokat (Drag, Hamar\u00f8y)&nbsp;<\/li>\n<\/ul>\n\n\n\n<p>N\u00e5v\u00e6rende sorenskriver i Indre og \u00d8stre Finnmark tingrett, Inger Eline Eriksen Fjellgren, var invitert til m\u00f8tet, men var forhindret i \u00e5 delta. Til m\u00f8tet var ogs\u00e5 Sametinget og Norske Reindriftssamers Landsforbund&nbsp;inviterte, men deltok ikke. <\/p>\n\n\n\n<p>Samme dag ble det ogs\u00e5 avholdt et digitalt dialogm\u00f8te med Barneombudet, hvor seniorr\u00e5dgivere Liv Marie Melby og Silje Steinardotter Hasle deltok. Melby og Hasle redegjorde for Barneombudets syn p\u00e5 barnets rett til medvirkning p\u00e5 systemniv\u00e5 og ga innspill til en eventuell gjennomf\u00f8ring av en medvirkningsprosess. <\/p>\n\n\n\n<h2 class=\"wp-block-heading\"><strong>Utvalgsm\u00f8te 15. mai 2024<\/strong><\/h2>\n\n\n\n<p>Utvalget avholdt ordin\u00e6rt utvalgsm\u00f8te onsdag 15. mai 2024. M\u00f8tet ble gjennomf\u00f8rt digitalt. <\/p>\n\n\n\n<h2 class=\"wp-block-heading\"><strong>Utvalgsm\u00f8te 13. juni 2024<\/strong><\/h2>\n\n\n\n<p>Utvalget avholdt ordin\u00e6rt utvalgsm\u00f8te torsdag 13. juni 2024 i Oslo. <\/p>\n\n\n\n<h2 class=\"wp-block-heading\"><strong>Utvalgsm\u00f8te 28. august 2024<\/strong><\/h2>\n\n\n\n<p>Utvalget avholdt ordin\u00e6rt utvalgsm\u00f8te 28. august 2024 i Oslo. <\/p>\n\n\n\n<h2 class=\"wp-block-heading\"><strong>Utvalgsm\u00f8te 26. september 2024<\/strong><\/h2>\n\n\n\n<p>Utvalget avholdt ordin\u00e6rt utvalgsm\u00f8te 26. september 2024 i Oslo. <\/p>\n\n\n\n<h2 class=\"wp-block-heading\"><strong>Utvalgsm\u00f8te 20.-21. november 2024<\/strong><\/h2>\n\n\n\n<p>Utvalget avholdt ordin\u00e6rt utvalgsm\u00f8te 20.-21. november 2024 i Oslo. <\/p>\n\n\n\n<h2 class=\"wp-block-heading\"><strong>Utvalgsm\u00f8te 16. desember 2024<\/strong><\/h2>\n\n\n\n<p>Utvalget avholdt ordin\u00e6rt utvalgsm\u00f8te 16. desember 2024 i Oslo. <\/p>\n\n\n\n<h2 class=\"wp-block-heading\">Samboerlovutvalget planlegger tre utvalgsm\u00f8ter i 2025. <\/h2>\n","protected":false},"excerpt":{"rendered":"<p>Utvalgsm\u00f8te 24. april 2023 Samboerlovutvalget gjennomf\u00f8rte f\u00f8rste utvalgsm\u00f8te 24. april 2023 i Oslo. Utvalget dr\u00f8ftet blant annet mandatet og de sentrale problemstillingene som mandatet reiser. Utvalgsm\u00f8te 19. juni 2023. Innspillsm\u00f8te Samboerlovutvalget avholdt sitt andre m\u00f8te 19. juni 2023 p\u00e5 et konferansehotell ved Gardermoen. Margareta Brattstr\u00f6m, dommer i H\u00f6gsta domstolen i Sverige (H\u00f8yesterett) og tidligere professor\u2026<\/p>\n","protected":false},"author":3269,"featured_media":0,"parent":0,"menu_order":4,"comment_status":"closed","ping_status":"closed","template":"","meta":{"dss_simple_post_excerpt":"","dss_show_featured_image":true,"footnotes":""},"class_list":["post-52","page","type-page","status-publish","hentry"],"language":"nb-NO","_links":{"self":[{"href":"https:\/\/teststeder.regjeringen.no\/samboerlovutvalget\/wp-json\/wp\/v2\/pages\/52","targetHints":{"allow":["GET"]}}],"collection":[{"href":"https:\/\/teststeder.regjeringen.no\/samboerlovutvalget\/wp-json\/wp\/v2\/pages"}],"about":[{"href":"https:\/\/teststeder.regjeringen.no\/samboerlovutvalget\/wp-json\/wp\/v2\/types\/page"}],"author":[{"embeddable":true,"href":"https:\/\/teststeder.regjeringen.no\/samboerlovutvalget\/wp-json\/wp\/v2\/users\/3269"}],"replies":[{"embeddable":true,"href":"https:\/\/teststeder.regjeringen.no\/samboerlovutvalget\/wp-json\/wp\/v2\/comments?post=52"}],"version-history":[{"count":3,"href":"https:\/\/teststeder.regjeringen.no\/samboerlovutvalget\/wp-json\/wp\/v2\/pages\/52\/revisions"}],"predecessor-version":[{"id":77,"href":"https:\/\/teststeder.regjeringen.no\/samboerlovutvalget\/wp-json\/wp\/v2\/pages\/52\/revisions\/77"}],"wp:attachment":[{"href":"https:\/\/teststeder.regjeringen.no\/samboerlovutvalget\/wp-json\/wp\/v2\/media?parent=52"}],"curies":[{"name":"wp","href":"https:\/\/api.w.org\/{rel}","templated":true}]}}