{"id":6,"date":"2023-07-19T10:32:05","date_gmt":"2023-07-19T08:32:05","guid":{"rendered":"https:\/\/nettsteder.regjeringen.no\/samboerlovutvalget\/?page_id=6"},"modified":"2025-02-18T12:36:34","modified_gmt":"2025-02-18T11:36:34","slug":"om-utvalget","status":"publish","type":"page","link":"https:\/\/teststeder.regjeringen.no\/samboerlovutvalget\/","title":{"rendered":"Om utvalget"},"content":{"rendered":"\n<p>Regjeringen oppnevnte 3. mars 2023 et offentlig utvalg som skal utrede behovet for regulering av de \u00f8konomiske forholdene mellom samboere. Utredningen skal leveres innen 1. mai 2025. <\/p>\n\n\n\n<p>Bakgrunnen for oppnevnelsen er anmodningsvedtak nr. 372 fra Stortinget, enstemmig vedtatt 3. februar 2022. Vedtaket var i samsvar med innstilling fra familie- og kulturkomiteen (Innst. 121 S (2021-2022)) og lyder slik: \u00abStortinget ber regjeringen utrede en fravikelig samboerlov.\u00bb<\/p>\n\n\n\n<p>Utvalget skal utrede behovet for regulering av de \u00f8konomiske forholdene mellom samboere og foresl\u00e5 mulige nye regler. Selv om det finnes enkelte regler har vi i Norge per i dag ingen generell regulering av de \u00f8konomiske forholdene mellom samboere underveis i samlivet eller ved brudd.<\/p>\n\n\n\n<p><\/p>\n\n\n\n<p><\/p>\n\n\n\n<p>Utvalget kan kontaktes p\u00e5 samboerlovutvalget@jd.dep.no eller via skjema <a href=\"https:\/\/teststeder.regjeringen.no\/samboerlovutvalget\/gi-innspill\/\">her<\/a>. <\/p>\n\n\n\n<p><\/p>\n","protected":false},"excerpt":{"rendered":"<p>Regjeringen oppnevnte 3. mars 2023 et offentlig utvalg som skal utrede behovet for regulering av de \u00f8konomiske forholdene mellom samboere. Utredningen skal leveres innen 1. mai 2025. Bakgrunnen for oppnevnelsen er anmodningsvedtak nr. 372 fra Stortinget, enstemmig vedtatt 3. februar 2022. Vedtaket var i samsvar med innstilling fra familie- og kulturkomiteen (Innst. 121 S (2021-2022))\u2026<\/p>\n","protected":false},"author":2877,"featured_media":0,"parent":0,"menu_order":1,"comment_status":"closed","ping_status":"closed","template":"","meta":{"dss_simple_post_excerpt":"","dss_show_featured_image":true,"footnotes":""},"class_list":["post-6","page","type-page","status-publish","hentry"],"language":"nb-NO","_links":{"self":[{"href":"https:\/\/teststeder.regjeringen.no\/samboerlovutvalget\/wp-json\/wp\/v2\/pages\/6","targetHints":{"allow":["GET"]}}],"collection":[{"href":"https:\/\/teststeder.regjeringen.no\/samboerlovutvalget\/wp-json\/wp\/v2\/pages"}],"about":[{"href":"https:\/\/teststeder.regjeringen.no\/samboerlovutvalget\/wp-json\/wp\/v2\/types\/page"}],"author":[{"embeddable":true,"href":"https:\/\/teststeder.regjeringen.no\/samboerlovutvalget\/wp-json\/wp\/v2\/users\/2877"}],"replies":[{"embeddable":true,"href":"https:\/\/teststeder.regjeringen.no\/samboerlovutvalget\/wp-json\/wp\/v2\/comments?post=6"}],"version-history":[{"count":3,"href":"https:\/\/teststeder.regjeringen.no\/samboerlovutvalget\/wp-json\/wp\/v2\/pages\/6\/revisions"}],"predecessor-version":[{"id":81,"href":"https:\/\/teststeder.regjeringen.no\/samboerlovutvalget\/wp-json\/wp\/v2\/pages\/6\/revisions\/81"}],"wp:attachment":[{"href":"https:\/\/teststeder.regjeringen.no\/samboerlovutvalget\/wp-json\/wp\/v2\/media?parent=6"}],"curies":[{"name":"wp","href":"https:\/\/api.w.org\/{rel}","templated":true}]}}