{"id":10341,"date":"2019-08-06T08:39:23","date_gmt":"2019-08-06T06:39:23","guid":{"rendered":"https:\/\/nettsteder.regjeringen.no\/standarddesign\/?page_id=10341"},"modified":"2025-04-22T13:54:00","modified_gmt":"2025-04-22T11:54:00","slug":"kun-for-designer-brukerveiledning-for-konvertering-til-ulike-formater-via-indesign","status":"publish","type":"page","link":"https:\/\/teststeder.regjeringen.no\/standarddesign\/kun-for-designer-brukerveiledning-for-konvertering-til-ulike-formater-via-indesign\/","title":{"rendered":"Kun for designer: Brukerveiledning for konvertering til ulike formater via InDesign"},"content":{"rendered":"<div id=\"module-0\" class=\"hogan-module hogan-module-text hogan-module-0 text-wrap\"><div class=\"hogan-module-inner clearfix\"><h2>Produksjonsprosessen<\/h2>\n<p>Utgangspunktet er et Word-manus (skrevet med Fellespubliseringsmalen). Etter ombrekking og godkjent korrektur i InDesign, skal innholdet eksporteres tilbake til Word-format og tilknyttes Fellespubliseringsmalen (med korrekte stiler). DSS bruker s\u00e5 denne Word-filen for \u00e5 generere HTML og EPUB-versjoner. PDF (for skjerm\/nett) legges ogs\u00e5 ved.<\/p>\n<p><a href=\"https:\/\/files.teststeder.regjeringen.no\/wpuploads01\/blogs.dir\/337\/files\/2021\/01\/Arbeidsflyt_fellespublisering.png\" target=\"_blank\" rel=\"noopener\"><img loading=\"lazy\" decoding=\"async\" class=\"noOutline no-image-border alignnone wp-image-23173 size-medium-full\" title=\"Forenklet diagram over produksjonsprosessen\" src=\"https:\/\/files.teststeder.regjeringen.no\/wpuploads01\/blogs.dir\/337\/files\/2021\/01\/Arbeidsflyt_fellespublisering-800x353.png\" alt=\"Illustrasjon av overordnet arbeidsflyt for Fellespublisering\" width=\"800\" height=\"353\" srcset=\"https:\/\/files.teststeder.regjeringen.no\/wpuploads01\/blogs.dir\/337\/files\/2021\/01\/Arbeidsflyt_fellespublisering-800x353.png 800w, https:\/\/files.teststeder.regjeringen.no\/wpuploads01\/blogs.dir\/337\/files\/2021\/01\/Arbeidsflyt_fellespublisering-300x133.png 300w, https:\/\/files.teststeder.regjeringen.no\/wpuploads01\/blogs.dir\/337\/files\/2021\/01\/Arbeidsflyt_fellespublisering-1024x452.png 1024w, https:\/\/files.teststeder.regjeringen.no\/wpuploads01\/blogs.dir\/337\/files\/2021\/01\/Arbeidsflyt_fellespublisering-768x339.png 768w, https:\/\/files.teststeder.regjeringen.no\/wpuploads01\/blogs.dir\/337\/files\/2021\/01\/Arbeidsflyt_fellespublisering-1130x499.png 1130w, https:\/\/files.teststeder.regjeringen.no\/wpuploads01\/blogs.dir\/337\/files\/2021\/01\/Arbeidsflyt_fellespublisering-400x177.png 400w, https:\/\/files.teststeder.regjeringen.no\/wpuploads01\/blogs.dir\/337\/files\/2021\/01\/Arbeidsflyt_fellespublisering-1320x583.png 1320w, https:\/\/files.teststeder.regjeringen.no\/wpuploads01\/blogs.dir\/337\/files\/2021\/01\/Arbeidsflyt_fellespublisering.png 1340w\" sizes=\"auto, (max-width: 800px) 100vw, 800px\" \/><\/a><\/p>\n<p>Ombrekking i InDesign b\u00f8r derfor foreg\u00e5 p\u00e5 en slik m\u00e5te at konvertering tilbake til Word blir s\u00e5 rask og enkel som mulig, uten behov for \u00e5 stile om all teksten p\u00e5 nytt. <strong>Det er veldig viktig \u00e5 ha lest gjennom hele denne siden f\u00f8r dere starter arbeidet, og lag gjerne et bokmerke for \u00e5 sl\u00e5 opp stegene underveis.<\/strong><\/p><\/div><\/div><div id=\"module-1\" class=\"hogan-module hogan-module-expandable_list hogan-module-1\"><div class=\"hogan-module-inner text-wrap list-items\"><h2 class=\"hogan-heading\"><\/br>Arbeidsflyt<\/h2><div class=\"hogan-lead\"><p>Last ned InDesign-mal med stiler: <a href=\"https:\/\/files.teststeder.regjeringen.no\/wpuploads01\/sites\/337\/2023\/01\/Fellespublisering_stiler_1-spalte.indt\">1 spalte<\/a> | <a href=\"https:\/\/files.teststeder.regjeringen.no\/wpuploads01\/sites\/337\/2023\/01\/Fellespublisering_stiler_2-spalte.indt\">2 spalter<\/a> (sist oppdatert 23\/01-2023)<\/p>\n<p><a href=\"https:\/\/files.teststeder.regjeringen.no\/wpuploads01\/sites\/337\/2025\/04\/DSS-fellespublisering-v17.zip\">Last ned Word-makroer for klargj\u00f8ring\/opprydding av manus<\/a> (sist oppdatert 22\/04-2025)<\/p>\n<p><a href=\"https:\/\/teststeder.regjeringen.no\/standarddesign\/maler\/omslag\/\" target=\"_blank\">Omslagsmaler<\/a><\/p>\n<\/div>\t<div class=\"hogan-expandable-list-item list-item\">\n\t\t<div class=\"anchor\" id=\"import\">&nbsp;<\/div>\n\t\t<a href=\"#import\">\n\t\t\t<div class=\"hogan-expandable-list-item-title\">Word til InDesign (import)<\/div>\t\t\t<span><\/span>\n\t\t<\/a>\n\t\t<div aria-expanded=\"false\">\n\t\t\t<p>For \u00e5 bruke Fellespubliseringsmalen i Word er det n\u00f8dvendig med en plug-in. Denne krever Windows. Har du kun Mac er det mulig \u00e5 benytte en virtuell maskin (f.eks. <a href=\"https:\/\/www.parallels.com\/eu\/\" target=\"_blank\" rel=\"noopener\">Parallels<\/a>).<\/p>\n<p>Se video-oppl\u00e6ringen for <a href=\"https:\/\/teststeder.regjeringen.no\/standarddesign\/maler\/publiseringsmal\/opplaeringsvideoer-for-fellespublisering\/\">Fellespubliseringsmalen<\/a> for installasjonsveiledning.<\/p>\n<ol>\n<li>Se over manus i Word og utf\u00f8r rydding og stilsetting av avsnitt. Fjern ugyldige stiler.<\/li>\n<li>Kj\u00f8r Word-makro for opprydding. Den retter med ett klikk mange vanlige feil, legger p\u00e5 tegnstiler, og gj\u00f8r prosessen generelt mye raskere.<\/li>\n<li style=\"line-height: 1.5\">Word-dokumentet lagres som .doc, slik at stilnavnene skal komme inn riktig i InDesign. <em><strong>Det er lurt at filen lagres som .doc og ikke .docx, ellers kommer stilene inn i InDesign med engelske navn og da blir det litt ekstra jobb med \u00e5 bytte de etter import.<\/strong><\/em><\/li>\n<li>\u00c5pne InDesign-maldokumentet, <em>eller<\/em> importer Paragraph Styles og Character Styles fra InDesign-maldokumentet. <strong>Utseende og layout kan endres fritt<\/strong>, men behold navnet p\u00e5 stilene da de skal stemme med stilene i Word-malen.<\/li>\n<li>Importer Word-dokumentet ved \u00e5 bruke <em>File &gt; Place&#8230;<\/em><\/li>\n<\/ol>\n<div class=\"highlight\">\n<h3>Tips og r\u00e5d<\/h3>\n<ul>\n<li>\n<h4>Gj\u00f8r det \u00abgodt nok\u00bb<\/h4>\n<p>Siden denne f\u00f8rste Word-filen skal videre inn i InDesign og bearbeides beh\u00f8ver det p\u00e5 dette tidspunktet ikke \u00e5 v\u00e6re <em>perfekt<\/em> stilet; det kan justeres underveis i InDesign.<\/li>\n<li>\n<h4>Bruk makro for opprydding av manus<\/h4>\n<p>Word-makroen for opprydding av manus fikser en lang rekke vanlige problemer med ett klikk. Kj\u00f8r den p\u00e5 manuset tidlig (f\u00f8r import); det sparer tid!<\/p>\n<p>(For eksempel fjerner den doble ordmellomrom, tomme avsnitt, oppdaterer anf\u00f8rselstegn, legger inn harde ordmellomrom som tusenskille i tall, legger p\u00e5 tegnstil for kursiv p\u00e5 kursivert tekst, legger tegnstiler p\u00e5 hevet\/senket tekst, osv.)<\/li>\n<li>\n<h4>Husk tegnstiler<\/h4>\n<p>Husk \u00e5 bruke tegnstiler for kursiv, fet, hevet\/senket, osv. i InDesign (makroen fikser <em>de fleste<\/em> forekomster automatisk).<\/li>\n<li>\n<h4>Unng\u00e5 sluttnoter<\/h4>\n<p>Sluttnoter er ikke st\u00f8ttet i fellespubliseringsmal og p\u00e5 regjeringen.no. Bruk heller fotnoter hvis mulig. B\u00e5de Word og InDesign har en funksjon for \u00e5 enkelt konvertere sluttnoter til fotnoter. Er det helt n\u00f8dvendig med sluttnoter m\u00e5 disse bli liggende som statisk tekst uten linker i nettversjonen. Sluttnoter kommer ikke med ved eksport til Word\/RTF fra InDesign, s\u00e5 for \u00e5 unng\u00e5 ekstraarbeid kan dere velge \u00e5 importere sluttnoter som statisk tekst n\u00e5r dere setter inn Word-filen (Obs: InDesign har ingen funksjon for \u00e5 konvertere sluttnoter til statisk tekst <em>etter<\/em> import!).<\/li>\n<li>\n<h4>\u00abKladdevisning\u00bb<\/h4>\n<p>Bruk Words kladdevisning for \u00e5 sjekke stilsettingen. Vi har lagt en knapp merket \u00abStilfelt p\u00e5\/av\u00bb i Fellespubliserings-fanen for dette.<br \/>\n<em>Obs: Bilder vises ikke i dette visningsmoduset.<\/em><\/li>\n<\/ul>\n<\/div>\n\t\t<\/div>\n\t<\/div>\n\t<div class=\"hogan-expandable-list-item list-item\">\n\t\t<div class=\"anchor\" id=\"indesign\">&nbsp;<\/div>\n\t\t<a href=\"#indesign\">\n\t\t\t<div class=\"hogan-expandable-list-item-title\">Redigering i InDesign<\/div>\t\t\t<span><\/span>\n\t\t<\/a>\n\t\t<div aria-expanded=\"false\">\n\t\t\t<ul>\n<li>Marker all den importerte teksten og velg \u00abClear All Overrides\u00bb for \u00e5 bli kvitt lokal formattering fra Word. Dette m\u00e5 ogs\u00e5 gj\u00f8res inne i alle tabeller.\n<ul>\n<li>Tips: For \u00e5 fjerne overrides i fotnoter, bruk Find\/Change: S\u00f8k etter stilen \u00abFotnotetekst\u00bb og erstatt den med stilen \u00abFotnotetekst\u00bb.<\/li>\n<\/ul>\n<\/li>\n<li>Behold navnene p\u00e5 stilene da stilene blir med tilbake til Word i slutten av prosessen. <strong>Utseendet kan endres fritt<\/strong>.\n<ul>\n<li>Hvis du vil lage en variant av en stil, lag en kopi av stilen og legg til eventuell beskrivelse til slutt i stilnavnet. For eksempel \u00abOverskrift 1 <strong>&#8211; stor<\/strong>\u00bb eller \u00abNormal <strong>&#8211; f\u00f8rstelinje<\/strong>\u00bb. Det gj\u00f8r det enkelt \u00e5 vite hva de skal endres tilbake til senere i Word (det kan gj\u00f8res via en s\u00f8k-og-erstatt-funksjon).<\/li>\n<\/ul>\n<\/li>\n<li>Fors\u00f8k s\u00e5 langt det lar seg praktisk gj\u00f8re \u00e5 <strong>jobbe i \u00e9n sammenhengende tekstflyt<\/strong> i InDesign. Det gj\u00f8r eksport til Word raskere, da dette bare fungerer med \u00e9n og \u00e9n tekstflyt. Objekter som ikke ligger i tekstflyten (f.eks. en l\u00f8s tekstboks), m\u00e5 manuelt kopieres tilbake i flyten n\u00e5r det skal tilbake til Word. Dere m\u00e5 individuelt vurdere hva som er lettest\/raskest per jobb.<\/li>\n<\/ul>\n<div class=\"highlight\">\n<h3>Nyttige tips<\/h3>\n<ul>\n<li>\n<h4>Ikke bruk myke linjeskift!<\/h4>\n<p>Unng\u00e5 bruk av myke linjeskift for \u00e5 styre tekstflyten. Det kan gi problemer med eksport (de forsvinner!) eller ved endringer i korrekturrunder som forskyver teksten. Det kan ogs\u00e5 ogs\u00e5 gi utfordringer med universell utforming. Bruk heller myke bindestreker, harde mellomrom, keep options, o.l. for \u00e5 styre tekstbrytingen.<\/li>\n<\/ul>\n<p><a href=\"https:\/\/video.regjeringen.no\/player24\/index.html?watch=94d972f7-5205-4c3b-a402-fb80350c7b2e\"><strong>Se video for veiledning og flere relevante tips<\/strong><\/a><\/p>\n<\/div>\n\t\t<\/div>\n\t<\/div>\n\t<div class=\"hogan-expandable-list-item list-item\">\n\t\t<div class=\"anchor\" id=\"eksport\">&nbsp;<\/div>\n\t\t<a href=\"#eksport\">\n\t\t\t<div class=\"hogan-expandable-list-item-title\">InDesign til Word (eksport)<\/div>\t\t\t<span><\/span>\n\t\t<\/a>\n\t\t<div aria-expanded=\"false\">\n\t\t\t<ol>\n<li>Klikk i en <strong>Text Frame<\/strong> og marker alt innhold (Cmd\/Ctrl-A).<\/li>\n<li>Trykk <strong>File + Export <\/strong>og velg <strong>Rich Text Format (.rtf)<\/strong><\/li>\n<li>N\u00e5 lagres det en .rtf-fil av alt innhold i den markerte tekstflyten. Har du flere tekstflyter i dokumentet (f.eks. l\u00f8se tekstbokser) m\u00e5 du manuelt eksportere disse separat eller samkopiere det f\u00f8r eksport.<br \/>\n<em>Tips: Har du flere tekstflyter (f.eks. en per kapittel), er det mulig \u00e5 ta en kopi av InDesign-dokumentet ditt hvor du raskt knytter de sammen f\u00f8r eksport.<\/em><\/li>\n<li>\u00c5pne .rtf-filen i Word og lagre den som .docx.<\/li>\n<li>Tilknytt <a href=\"https:\/\/teststeder.regjeringen.no\/standarddesign\/maler\/publiseringsmal\/opplaeringsvideoer-for-fellespublisering\/\"><strong>Fellespubliseringmalen<\/strong><\/a><\/li>\n<li><em>Kj\u00f8r Word-makro for opprydding (denne fjerner bl.a. alle overrides og myke bindestreker).<\/em><\/li>\n<li>Kj\u00f8r <em>Stilopprydding<\/em>. Bytt ugyldige stiler med gyldige stiler, for eksempel <em>Overskrift 1_stor<\/em> til <em>Overskrift 1<\/em>.<\/li>\n<li>Sjekk alle auto-nummererte lister. Du m\u00e5 velge f\u00f8rste oppf\u00f8ring i listen og velge at den skal starte p\u00e5 nytt p\u00e5 1.<\/li>\n<li>Sett inn nye raster-bilder av alle figurer.<\/li>\n<li>Legg inn Alt-tekster p\u00e5 alle bildene.<\/li>\n<li>Kontroller at bokser og tabeller ligger korrekt, og sett celle-alignment i tabeller.<\/li>\n<\/ol>\n<div class=\"highlight\">\n<h3>Tips og r\u00e5d<\/h3>\n<ul>\n<li>\n<h4>Figurer i Word<\/h4>\n<p>Kun jpg\/gif\/png st\u00f8ttes (optimal bredde er 1200 px). Alle figurer m\u00e5 derfor konverteres hvis de er i et annet format, og settes inn i Wordfilen der de h\u00f8rer hjemme. Det er mulig \u00e5 gj\u00f8re tilpasninger av utsnitt o.l. for \u00e5 gj\u00f8re de bedre egnet for nett, men avklar st\u00f8rre endringer med dokumenteier.<br \/>\n<strong>Et veldig godt tips er \u00e5 bruke InDesigns HTML-eksport (velg 300 PPI) for \u00e5 f\u00e5 InDesign til \u00e5 eksportere ferdig besk\u00e5rede rasterversjoner av alle linkede figurer til en mappe!<\/strong><\/li>\n<li>\n<h4>Bokser<\/h4>\n<p>Boks-funksjon fra stil-listen skal brukes for bokser i Wordfilen. (En \u00abboks\u00bb er her en tabell med kun \u00e9n celle, og tabellstilen StandardBoks.)<\/li>\n<li>\n<h4>Tabeller<\/h4>\n<p>Du kan manuelt venstre-\/h\u00f8yre-\/midtstille tekst i tabeller, og det blir med videre i eksporten for nett. Det er ikke egne stiler for dette.<\/li>\n<li>\n<h4>Lenker<\/h4>\n<p>Hyperlenker i Word konverteres til klikkbare lenker p\u00e5 regjeringen.no, men det er dessverre ikke mulig \u00e5 kombinere en lenke med andre tegnstiler som f.eks. kursiv.<\/li>\n<li>\n<h4>Universell utforming (UU) i Word<\/h4>\n<p>Det er viktig at UU ivaretas. Dette gj\u00f8res bl.a. med \u00abalt\u00bb-tekster p\u00e5 figurer i Word, og korrekt bruk av stilene. <a href=\"https:\/\/teststeder.regjeringen.no\/standarddesign\/universell-utforming\/\">Les mer om UU.<\/a><\/li>\n<li>\n<h4>Kontroll f\u00f8r opplasting til regjeringen.no<\/h4>\n<p>Konverteringsverkt\u00f8yet som konverterer fra Word til kjerneformat har en forh\u00e5ndsvisning der man kan kontrollere konverteringen etter at Wordfilen er laget. <a href=\"https:\/\/teststeder.regjeringen.no\/designdepno\/wp-content\/blogs.dir\/83\/files\/2015\/09\/18-konvertering-til-kjerneformat.mp4\">Se videoveiledning om Word til Kjerneformat.<\/a> I dag er det DepMedia som tar seg av selve konverteringen.<\/li>\n<\/ul>\n<\/div>\n\t\t<\/div>\n\t<\/div>\n<\/div><\/div><div id=\"module-2\" class=\"hogan-module hogan-module-text hogan-module-2 text-wrap\"><div class=\"hogan-module-inner clearfix\"><p>&nbsp;<\/p><\/div><\/div><div id=\"module-3\" class=\"hogan-module hogan-module-expandable_list hogan-module-3\"><div class=\"hogan-module-inner text-wrap list-items\"><h2 class=\"hogan-heading\">PDF-filer<\/h2><div class=\"hogan-lead\"><p>Vi \u00f8nsker \u00e5 motta ferdige PDF-filer for b\u00e5de skjerm og trykk for alle jobber. Under f\u00f8lger v\u00e5re retningslinjer for disse filene.<\/p>\n<p><a href=\"https:\/\/files.teststeder.regjeringen.no\/wpuploads01\/sites\/337\/2023\/10\/PDF_settings.zip\">Last ned v\u00e5re PDF-innstillinger<\/a> (Oppdatert 19.10.2023)<\/p>\n<\/div>\t<div class=\"hogan-expandable-list-item list-item\">\n\t\t<div class=\"anchor\" id=\"pdf-trykk\">&nbsp;<\/div>\n\t\t<a href=\"#pdf-trykk\">\n\t\t\t<div class=\"hogan-expandable-list-item-title\">PDF for trykk<\/div>\t\t\t<span><\/span>\n\t\t<\/a>\n\t\t<div aria-expanded=\"false\">\n\t\t\t<ul>\n<li>Dokumenter med utfallende trykk skal ha 3 mm bleed.<\/li>\n<li>Sort tekst i sm\u00e5 tekstst\u00f8rrelser b\u00f8r v\u00e6re definert med fargen [Black] i InDesign.<\/li>\n<\/ul>\n<h3>Omslag og rygg<\/h3>\n<p>Omslaget leveres som en separat fil eksportert som oppslag (spreads) og med rygg.<\/p>\n<p>Ryggbredde avhenger av antall sider og papirtype. Vi trykker de fleste dokumenter med Olin Nordic White 120 g, og da \u00f8nsker vi at ryggen er ca. <code>(0,08*<em>Sideantall<\/em>) + 1 mm<\/code>. Skal det trykkes p\u00e5 80g papir \u00f8nsker vi en ryggbredde som er <code>(<em>Sideantall<\/em> \/ 20) + 1 mm<\/code>. Det er ogs\u00e5 mulig \u00e5 bruke en ryggkalkulator.<\/p>\n<p>For ryggstiftede hefter m\u00e5 totalt sideantall v\u00e6re delelig med 4. Er det mer enn 48 sider (ca. 5 mm rygg) anbefaler vi limfres fremfor heftestift.<\/p>\n<p>Innsiden av ryggen + 2,5 mm p\u00e5 hver side, skal v\u00e6re hvit (ingen farge) p\u00e5 dokumenter som skal limfreses. Dette for \u00e5 sikre at limet sitter godt. Dette skal ikke gj\u00f8res p\u00e5 ryggstiftede hefter.<\/p>\n<figure id=\"attachment_25840\" style=\"max-width: 1700px;\" class=\"wp-caption alignnone size-full\"><a href=\"https:\/\/files.teststeder.regjeringen.no\/wpuploads01\/sites\/337\/2022\/02\/omslag.png\" target=\"_blank\" rel=\"noopener\"><img loading=\"lazy\" decoding=\"async\" class=\"wp-image-25840 \" src=\"https:\/\/files.teststeder.regjeringen.no\/wpuploads01\/sites\/337\/2022\/02\/omslag.png\" alt=\"Illustrasjon av et omslag med rygg\" width=\"1700\" height=\"574\" srcset=\"https:\/\/files.teststeder.regjeringen.no\/wpuploads01\/sites\/337\/2022\/02\/omslag.png 1700w, https:\/\/files.teststeder.regjeringen.no\/wpuploads01\/sites\/337\/2022\/02\/omslag-300x101.png 300w, https:\/\/files.teststeder.regjeringen.no\/wpuploads01\/sites\/337\/2022\/02\/omslag-1024x346.png 1024w, https:\/\/files.teststeder.regjeringen.no\/wpuploads01\/sites\/337\/2022\/02\/omslag-768x259.png 768w, https:\/\/files.teststeder.regjeringen.no\/wpuploads01\/sites\/337\/2022\/02\/omslag-1536x519.png 1536w, https:\/\/files.teststeder.regjeringen.no\/wpuploads01\/sites\/337\/2022\/02\/omslag-1130x382.png 1130w, https:\/\/files.teststeder.regjeringen.no\/wpuploads01\/sites\/337\/2022\/02\/omslag-400x135.png 400w, https:\/\/files.teststeder.regjeringen.no\/wpuploads01\/sites\/337\/2022\/02\/omslag-800x270.png 800w, https:\/\/files.teststeder.regjeringen.no\/wpuploads01\/sites\/337\/2022\/02\/omslag-1320x446.png 1320w\" sizes=\"auto, (max-width: 1700px) 100vw, 1700px\" \/><\/a><\/figure>\n<h4>Svanemerket<\/h4>\n<p>Hvis DepMedia skal trykke dokumentet, skal Svanemerket settes p\u00e5 baksiden. Dette ligger innebygget i omslagsmalen, men <a href=\"https:\/\/files.teststeder.regjeringen.no\/wpuploads01\/sites\/337\/2024\/03\/Svanemerket.zip\">kan ogs\u00e5 lastes ned her<\/a>.<\/p>\n\t\t<\/div>\n\t<\/div>\n\t<div class=\"hogan-expandable-list-item list-item\">\n\t\t<div class=\"anchor\" id=\"pdf-skjerm\">&nbsp;<\/div>\n\t\t<a href=\"#pdf-skjerm\">\n\t\t\t<div class=\"hogan-expandable-list-item-title\">PDF for skjerm<\/div>\t\t\t<span><\/span>\n\t\t<\/a>\n\t\t<div aria-expanded=\"false\">\n\t\t\t<p>PDF for skjerm skal leveres sammen med den ferdige Word-filen for publisering p\u00e5 regjeringen.no.<\/p>\n<ul>\n<li>PDF-filen skal v\u00e6re versjon 1,6 eller nyere og tagget<\/li>\n<li>Bildeoppl\u00f8sning\/kvalitet kan vurderes per dokument for \u00e5 holde filst\u00f8rrelsen fornuftig.<\/li>\n<li>Dokumentet skal v\u00e6re eksportert som enkeltsider (ikke oppslag)<\/li>\n<li>Dokumentet skal ha bokmerker. <em>Husk \u00e5 slette bokmerker som kom fra Word!<\/em><\/li>\n<li>Metadata skal legges inn. Minimum tittel og utgiver\/forfatter.<\/li>\n<li>Standard visningsvalg kan vurderes per jobb, men i utgangspunktet anbefaler vi \u00abFit Page\u00bb.<\/li>\n<\/ul>\n<ul>\n<li>Innholdsfortegnelser skal v\u00e6re klikkbare.<\/li>\n<li>Linker skal v\u00e6re klikkbare (bruk Hyperlinks-panelet i InDesign for en rask sjekk p\u00e5 om de fungerer).<\/li>\n<li>Pass p\u00e5 at liggende sider er rotert korrekt.<\/li>\n<li>Sidetall i PDF-filen skal stemme med sidetall skrevet p\u00e5 sidene.<\/li>\n<\/ul>\n<p>Det er ikke n\u00f8dvendig \u00e5 bruke ekstra tid p\u00e5 \u00e5 optimalisere PDF-filene for skjermlesere siden fellespubliserings-dokumentene publiseres som HTML (og EPUB). For dokumenter som <em>kun<\/em> skal publiseres som PDF m\u00e5 dette likevel gj\u00f8res.<\/p>\n\t\t<\/div>\n\t<\/div>\n<\/div><\/div><div id=\"module-4\" class=\"hogan-module hogan-module-text hogan-module-4 text-wrap\"><div class=\"hogan-module-inner clearfix\"><p>&nbsp;<\/p>\n<h4>Kontakt oss hvis du trenger hjelp:<\/h4>\n<p><a class=\"button\" href=\"mailto:Designogpublisering@dss.dep.no\">Oppstart og veiledning<\/a> <a class=\"button\" href=\"mailto:Jonas-Madsen.Rogne@dss.dep.no?cc=depmedia@dss.dep.no\"> Teknisk support<\/a><\/p><\/div><\/div>\n<div class=\"module module-was-this-helpful\">\n\t<div class=\"text-wrap\">\n\t\t<h2>Var dette nyttig?<\/h2>\n\t\t<form id=\"dekode-wth-form\">\n\t\t\t<button id=\"dekode-wth-yes\" class=\"button\" name=\"dekode-wth-feedback\" type=\"submit\"\n\t\t\t\t\tvalue=\"1\">Ja<\/button>\n\t\t\t<button id=\"dekode-wth-no\" class=\"button\" name=\"dekode-wth-feedback\" type=\"submit\"\n\t\t\t\t\tvalue=\"0\">Nei<\/button>\n\t\t\t<input type=\"hidden\" name=\"post_id\" value=\"10341\"\/>\n\t\t<\/form>\n\t<\/div>\n<\/div>\n","protected":false},"excerpt":{"rendered":"<p>Her kan designer f\u00f8lge en produksjonsprosess via InDesign som resulterer i en stilet Word-fil for generering av sluttformater til regjeringen.no.<\/p>\n","protected":false},"author":357,"featured_media":0,"parent":0,"menu_order":0,"comment_status":"closed","ping_status":"closed","template":"","meta":{"_acf_changed":false,"footnotes":""},"class_list":["post-10341","page","type-page","status-publish","hentry"],"language":"nb-NO","acf":[],"_links":{"self":[{"href":"https:\/\/teststeder.regjeringen.no\/standarddesign\/wp-json\/wp\/v2\/pages\/10341","targetHints":{"allow":["GET"]}}],"collection":[{"href":"https:\/\/teststeder.regjeringen.no\/standarddesign\/wp-json\/wp\/v2\/pages"}],"about":[{"href":"https:\/\/teststeder.regjeringen.no\/standarddesign\/wp-json\/wp\/v2\/types\/page"}],"author":[{"embeddable":true,"href":"https:\/\/teststeder.regjeringen.no\/standarddesign\/wp-json\/wp\/v2\/users\/357"}],"replies":[{"embeddable":true,"href":"https:\/\/teststeder.regjeringen.no\/standarddesign\/wp-json\/wp\/v2\/comments?post=10341"}],"version-history":[{"count":6,"href":"https:\/\/teststeder.regjeringen.no\/standarddesign\/wp-json\/wp\/v2\/pages\/10341\/revisions"}],"predecessor-version":[{"id":27997,"href":"https:\/\/teststeder.regjeringen.no\/standarddesign\/wp-json\/wp\/v2\/pages\/10341\/revisions\/27997"}],"wp:attachment":[{"href":"https:\/\/teststeder.regjeringen.no\/standarddesign\/wp-json\/wp\/v2\/media?parent=10341"}],"curies":[{"name":"wp","href":"https:\/\/api.w.org\/{rel}","templated":true}]}}